{"id":64153,"date":"2024-05-01T12:18:01","date_gmt":"2024-05-01T17:18:01","guid":{"rendered":"https:\/\/mayantop.com\/products\/%eb%b6%80%ed%8f%ac-%eb%91%90%ea%ba%bc%eb%b9%84-%eb%8f%85-1gr%ec%97%90%ec%84%9c-5gr-%eb%b6%80%ed%8f%ac-%ec%95%8c%eb%b0%94%eb%a6%ac%ec%9a%b0%ec%8a%a4-%eb%91%90%ea%ba%bc%eb%b9%84-100-%ec%88%9c"},"modified":"2025-11-25T12:30:53","modified_gmt":"2025-11-25T17:30:53","slug":"%eb%b6%80%ed%8f%ac-%eb%91%90%ea%ba%bc%eb%b9%84-%eb%8f%85-bufo-alvarius","status":"publish","type":"product","link":"https:\/\/mayantop.com\/ko\/\uc81c\ud488\/%eb%b6%80%ed%8f%ac-%eb%91%90%ea%ba%bc%eb%b9%84-%eb%8f%85-bufo-alvarius\/","title":{"rendered":"\ubd80\ud3ec \ub450\uaebc\ube44 \ub3c5 \/ 1gr\uc5d0\uc11c 5gr - (\ubd80\ud3ec \uc54c\ubc14\ub9ac\uc6b0\uc2a4 \ub450\uaebc\ube44) 100% \uc21c\uc218 5-MeO-DMT \ucc9c\uc5f0"},"content":{"rendered":"<h2><strong>\ubd80\ud3ec \ub450\uaebc\ube44 \ub3c5 (\ubd80\ud3ec \uc54c\ubc14\ub9ac\uc6b0\uc2a4 \ub450\uaebc\ube44) 100% \uc21c\uc218 5-MeO-DMT \ub0b4\ucd94\ub7f4<\/strong><\/h2>\n<h2><strong>\ubd80\ud3ec \ub450\uaebc\ube44 \ub3c5 \uc5b4\ub5a4 \uc6a9\ub3c4\ub85c \uc0ac\uc6a9\ub418\ub098\uc694?<\/strong><\/h2>\n<ul>\n<li>\ubd80\ud3ec\uc54c\ubc14\ub9ac\uc6b0\uc2a4 \ub450\uaebc\ube44\ub294 \ud5a5\uc815\uc2e0\uc131 \ubb3c\uc9c8\uc744 \ubd84\ube44\ud569\ub2c8\ub2e4.<\/li>\n<li>\uc804\ud1b5\uc801\uc778 \uc6d0\uc8fc\ubbfc \uc758\uc2dd\uc5d0 \uc0ac\uc6a9\ub429\ub2c8\ub2e4.<\/li>\n<li>\uc77c\ubd80 \uac1c\uc778\uc5d0\uac8c \uc5d4\ud14c\ub85c\uc81c\ub2c9 \uacbd\ud5d8\uc744 \uc81c\uacf5\ud569\ub2c8\ub2e4.<\/li>\n<li>\ub3c5\uc5d0\ub294 \uac15\ub825\ud55c \ud658\uac01\uc81c\uc778 5-MeO-DMT\uac00 \ud3ec\ud568\ub418\uc5b4 \uc788\uc2b5\ub2c8\ub2e4.<\/li>\n<li>\ub300\uccb4 \uc0ac\uc774\ud0a4\ub378\ub9ad \uc694\ubc95\uc5d0 \uad00\uc2ec\uc744 \uac16\uac8c \ub418\uc5c8\uc2b5\ub2c8\ub2e4.<\/li>\n<\/ul>\n<h2><strong>\uc0ac\uc6a9 \ubc29\ubc95, \ubcf5\uc6a9\ub7c9 \ubc0f \uc720\ud2f8\ub9ac\ud2f0:<\/strong><\/h2>\n<ul>\n<li>\ubd80\ud3ec \ub450\uaebc\ube44 \ub3c5 \ub450\uaebc\ube44\ub97c \uc0ac\uc6a9\ud558\ub824\uba74 \uc77c\ubc18\uc801\uc73c\ub85c \uc758\uc2dd \ud658\uacbd\uc5d0\uc11c \ub3c5\uc744 \ucd94\ucd9c\ud558\uc5ec \uae30\ud654\uc2dc\ucf1c \ud761\uc785\ud569\ub2c8\ub2e4.<\/li>\n<li>\ubcf5\uc6a9\ub7c9\uc740 \ub2e4\uc591\ud558\uc9c0\ub9cc, \ud6a8\ub2a5\uc774 \uac15\ud558\uae30 \ub54c\ubb38\uc5d0 \uc18c\ub7c9\uc73c\ub85c \uc2dc\uc791\ud558\ub294 \uac83\uc774 \uc911\uc694\ud569\ub2c8\ub2e4.<\/li>\n<li>\ub450\uaebc\ube44\uc758 \ub3c5\uc5d0\ub294 5-MeO-DMT\uac00 \ud568\uc720\ub418\uc5b4 \uc788\uc5b4 \uc9e7\uac8c \uc9c0\uc18d\ub418\ub294 \uac15\ub82c\ud55c \ud658\uac01 \uacbd\ud5d8\uc744 \uc720\ub3c4\ud569\ub2c8\ub2e4.<\/li>\n<li>\uc5b4\ub5a4 \uc0ac\ub78c\ub4e4\uc740 \uc815\uc2e0 \uac74\uac15\uacfc \uc601\uc801 \ud0d0\uad6c\ub97c \uc704\ud55c \uce58\ub8cc\uc801 \uc7a0\uc7ac\ub825\uc744 \uc81c\uacf5\ud55c\ub2e4\uace0 \ubbff\uc2b5\ub2c8\ub2e4.<\/li>\n<li>\uc219\ub828\ub41c \uc2e4\ubb34\uc790\uc758 \uc870\uc5b8\uc744 \uad6c\ud558\uace0 \ubc95\uc801 \uc81c\ud55c \uc0ac\ud56d\uc744 \uc900\uc218\ud558\uc5ec \uc548\uc804\uc744 \uc6b0\uc120\uc2dc\ud558\uc138\uc694.<\/li>\n<\/ul>\n<h2><strong>\ub2e4\ub978 \uc774\ub984\uc73c\ub85c\ub3c4 \uc54c\ub824\uc838 \uc788\uc2b5\ub2c8\ub2e4:<\/strong><\/h2>\n<ul>\n<li>\uc18c\ub178\ub780 \uc0ac\ub9c9 \ub450\uaebc\ube44.<\/li>\n<li>\ucf5c\ub85c\ub77c\ub3c4 \uac15 \ub450\uaebc\ube44.<\/li>\n<li>\uc778\uc2e4\ub9ac\uc6b0\uc2a4 \uc54c\ubc14\ub9ac\uc6b0\uc2a4.<\/li>\n<li>\ubd80\ud3ec \uc54c\ubc14\ub9ac\uc6b0\uc2a4.<\/li>\n<\/ul>\n<h2><strong>\uc7a5\uc810(\ud61c\ud0dd):<\/strong><\/h2>\n<ul>\n<li>\uac15\ub82c\ud558\uace0 \uc9e7\uc740 \uc2e0\ube44\ub85c\uc6b4 \uacbd\ud5d8\uc744 \uc81c\uacf5\ud558\uba70 \uac1c\uc778\uc801 \uc131\uc7a5\uc758 \uc7a0\uc7ac\ub825\uc744 \uc81c\uacf5\ud569\ub2c8\ub2e4.<\/li>\n<li>\uc77c\ubd80 \uc0ac\uc6a9\uc790\ub294 \ubd88\uc548, \uc6b0\uc6b8\uc99d, \uc911\ub3c5 \uc131\ud5a5\uc774 \uac10\uc18c\ud588\ub2e4\uace0 \ubcf4\uace0\ud569\ub2c8\ub2e4.<\/li>\n<li>\uc758\uc2dd\uacfc \uc601\uc801 \ud1b5\ucc30\uc5d0 \ub300\ud55c \ud0d0\uad6c.<\/li>\n<li>\ud1b5\uc81c\ub41c \ud658\uacbd\uc5d0\uc11c \uac00\ub2a5\ud55c \uce58\ub8cc \uc751\uc6a9 \ud504\ub85c\uadf8\ub7a8.<\/li>\n<li>5-MeO-DMT\uc758 \ucc9c\uc5f0, \ube44\ud569\uc131 \uacf5\uae09\uc6d0.<\/li>\n<li>\uc758\uc2dd\uc758 \ubb38\ud654\uc801, \uc6d0\uc8fc\ubbfc\uc801 \uc911\uc694\uc131.<\/li>\n<li>\uc2ec\ub9ac\uc801, \uc758\ud559\uc801 \ud6a8\ub2a5\uc5d0 \ub300\ud55c \uc5f0\uad6c\ub97c \ud655\ub300\ud558\uace0 \uc788\uc2b5\ub2c8\ub2e4.<\/li>\n<\/ul>\n<h2><strong>\ub2e8\uc810(\uacbd\uace0 \ubc0f \uc548\uc804):<\/strong><\/h2>\n<ul>\n<li>\ud6a8\ub2a5\uc73c\ub85c \uc778\ud55c \ubd80\uc791\uc6a9 \uc704\ud5d8\uc774 \ub192\uc2b5\ub2c8\ub2e4.<\/li>\n<li>\uc77c\ubd80 \uc9c0\uc5ed\uc758 \ubc95\uc801 \uc81c\ud55c, \uc7a0\uc7ac\uc801\uc778 \ubc95\uc801 \uacb0\uacfc.<\/li>\n<li>\ud45c\uc900\ud654\ub41c \ubcf5\uc6a9\ub7c9 \ubd80\uc871 \ubc0f \uacfc\ub2e4 \ubcf5\uc6a9 \uac00\ub2a5\uc131.<\/li>\n<\/ul>\n<h2>\uc548\uc804\ud558\uace0 \ucc45\uc784\uac10 \uc788\ub294 \uc0ac\uc6a9\uc744 \uc704\ud574 \uc219\ub828\ub41c \uc9c4\ud589\uc790\uac00 \ud544\uc694\ud569\ub2c8\ub2e4.<\/h2>\n<p><strong>\ucc38\uace0:<\/strong><\/p>\n<p>\ub9c8\uc580\ud0d1 \uc81c\ud488\uc740 100% \uc790\uc5f0\uc5d0\uc11c \uc5bb\uc740 \uc21c\uc218\ud55c \uc0c1\ud0dc\ub85c \uc6d0\uc8fc\ubbfc \ucee4\ubba4\ub2c8\ud2f0\uc5d0 \ud310\ub9e4\ub429\ub2c8\ub2e4. \uc5b4\ub5a4 \uc885\ub958\uc758 \uc0b4\ucda9\uc81c, \ud654\ud559\ubb3c\uc9c8, \uc81c\ucd08\uc81c \ub610\ub294 \uae30\ud0c0 \uc778\uacf5 \ubb3c\uc9c8\ub3c4 \ud3ec\ud568\ud558\uc9c0 \uc54a\uc2b5\ub2c8\ub2e4.<\/p>\n<p><strong>\uba74\ucc45 \uc870\ud56d:<\/strong><\/p>\n<ul>\n<li>\ubaa8\ub4e0 \uc81c\ud488\uc740 \uc6d0\uc0b0\uc9c0\uc5d0\uc11c \ud569\ubc95\uc801\uc774\uba70, \ubaa9\uc801\uc9c0 \uad6d\uac00\uc5d0\uc11c\uc758 \ud569\ubc95\uc131\uc744 \uc870\uc0ac\ud558\ub294 \uac83\uc740 \uace0\uac1d\uc758 \ucc45\uc784\uc785\ub2c8\ub2e4.<\/li>\n<li>\uc774\ub7ec\ud55c \ucc9c\uc5f0 \uc81c\ud488\uc758 \uc0ac\uc6a9\uc740 \uc758\ub8cc \uc0c1\ub2f4\uc744 \ub300\uccb4\ud560 \uc218 \uc5c6\uc2b5\ub2c8\ub2e4.<\/li>\n<li>\uc774\ub294 \uc9c8\ubcd1\uc774\ub098 \uc9c8\ud658\uc744 \uce58\ub8cc, \uc608\ubc29 \ub610\ub294 \uc644\ud654\ud558\ub294 \ub2f9\uc0ac \uc81c\ud488\uc758 \ub2a5\ub825\uc774\ub098 \ud6a8\uacfc\uc5d0 \ub300\ud55c \uc758\ud559\uc801 \uc8fc\uc7a5\uc744 \uc554\uc2dc\ud558\uc9c0 \uc54a\uc2b5\ub2c8\ub2e4.<\/li>\n<li>\ub2f9\uc0ac \uc81c\ud488\uc758 \uc0ac\uc6a9 \ubc0f \uc801\uc6a9\uc740 \uc804\uc801\uc73c\ub85c \uace0\uac1d\uc758 \ucc45\uc784\uc785\ub2c8\ub2e4.<\/li>\n<li>\uc774 \uc81c\ud488\uc758 \uc774\ub7ec\ud55c \ud6a8\uacfc\ub294 \uace0\ub300 \uc804\ud1b5 \uc758\ud559\uc758 \uc2e4\uc99d\uc801 \uacbd\ud5d8\uc5d0 \uc758\ud574 \uc6b0\uc218\ud55c \uacb0\uacfc\ub97c \ub4b7\ubc1b\uce68\ud569\ub2c8\ub2e4.<\/li>\n<li>\uc62c\ubc14\ub978 \uc6a9\ub7c9\uc73c\ub85c \ud22c\uc5ec\ud560 \uacbd\uc6b0 \uc720\ud574\ud55c \ubd80\uc791\uc6a9\uc774 \uc5c6\uc2b5\ub2c8\ub2e4. \uadf8\ub7ec\ub098 \uc5ec\uae30\uc5d0\uc11c \ud655\uc778\ub41c \uc815\ubcf4\ub294 \uacb0\ucf54 \ubc95\ub839\uc774\ub098 \ucc98\ubc29\uc804\uc774 \uc544\ub2d9\ub2c8\ub2e4.<\/li>\n<li>\uc774 \ubb38\uc11c\uc5d0 \ud3ec\ud568\ub41c \uc9c4\uc220 \ubc0f \uc6f9\uc0ac\uc774\ud2b8 \ub9c1\ud06c\ub294 FDA \ub610\ub294 \uad6d\uc81c \uc2dd\ud488 \ubc0f \uc758\uc57d\ud488 \ub2f9\uad6d\uc758 \ud3c9\uac00\ub97c \uac70\uce58\uc9c0 \uc54a\uc558\uc2b5\ub2c8\ub2e4.<\/li>\n<\/ul>\n","protected":false},"excerpt":{"rendered":"<p>\ubd80\ud3ec \ub450\uaebc\ube44 \ub3c5 (\ubd80\ud3ec \uc54c\ubc14\ub9ac\uc6b0\uc2a4 \ub450\uaebc\ube44) 100% \uc21c\uc218 5-MeO-DMT \ub0b4\ucd94\ub7f4 \ubd80\ud3ec \ub450\uaebc\ube44 \ub3c5 \uc5b4\ub5a4 \uc6a9\ub3c4\ub85c \uc0ac\uc6a9\ub418\ub098\uc694? \ubd80\ud3ec\uc54c\ubc14\ub9ac\uc6b0\uc2a4 \ub450\uaebc\ube44\ub294 \ud5a5\uc815\uc2e0\uc131 \ubb3c\uc9c8\uc744<\/p>\n","protected":false},"featured_media":64154,"comment_status":"open","ping_status":"closed","template":"","meta":{"_joinchat":[],"jetpack_publicize_message":"","jetpack_publicize_feature_enabled":true,"jetpack_social_post_already_shared":true,"jetpack_social_options":{"image_generator_settings":{"template":"highway","default_image_id":0,"font":"","enabled":false},"version":2}},"product_brand":[],"product_cat":[1178,1121],"product_tag":[],"giftcard-category":[],"class_list":{"0":"post-64153","1":"product","2":"type-product","3":"status-publish","4":"has-post-thumbnail","6":"product_cat-kambo-ko","7":"product_cat-1121","8":"product_shipping_class-1122","10":"first","11":"instock","12":"sale","13":"taxable","14":"shipping-taxable","15":"purchasable","16":"product-type-variable"},"jetpack_publicize_connections":[],"jetpack-related-posts":[{"id":51371,"url":"https:\/\/mayantop.com\/\uc81c\ud488\/bufo-toad-venom-bufo-alvarius-100-pure-5-natural\/","url_meta":{"origin":64153,"position":0},"title":"BUFO TOAD VENOM \/ 1gr at 5gr - (Bufo Alvarius Toad) 100% Pure 5-MeO-DMT Natural","author":"Nicolas Rios","date":"2024\ub144 05\uc6d4 01\uc77c","format":false,"excerpt":"BUFO TOAD VENOM (Bufo Alvarius Toad) 100% Pure 5-MeO-DMT Natural What is BUFO used for? Bufo Alvarius toad secretes psychoactive substances. It's used in traditional indigenous rituals. Provides entheogenic experiences for some individuals. Its venom contains 5-MeO-DMT, a powerful hallucinogen. Has gained interest in alternative psychedelic therapy. How to use\u2026","rel":"","context":"\uc720\uc0ac\ud55c \uac8c\uc2dc\ubb3c","block_context":{"text":"\uc720\uc0ac\ud55c \uac8c\uc2dc\ubb3c","link":""},"img":{"alt_text":"","src":"https:\/\/i0.wp.com\/mayantop.com\/wp-content\/uploads\/2024\/05\/BUFO-TOAD-3-1000-X-1000-px-600x600-1.png?resize=350%2C200&ssl=1","width":350,"height":200,"srcset":"https:\/\/i0.wp.com\/mayantop.com\/wp-content\/uploads\/2024\/05\/BUFO-TOAD-3-1000-X-1000-px-600x600-1.png?resize=350%2C200&ssl=1 1x, https:\/\/i0.wp.com\/mayantop.com\/wp-content\/uploads\/2024\/05\/BUFO-TOAD-3-1000-X-1000-px-600x600-1.png?resize=525%2C300&ssl=1 1.5x"},"classes":[]},{"id":58215,"url":"https:\/\/mayantop.com\/ko\/\uc81c\ud488\/%ec%95%84%ec%95%bc%ed%9b%84%ec%95%84%ec%8a%a4%ec%b9%b4-%eb%af%b9%ec%8a%a4-banisteriopsis-caapi\/","url_meta":{"origin":64153,"position":1},"title":"\uc544\uc57c\ud6c4\uc544\uc2a4\uce74 \ubbf9\uc2a4 \/ 1kg\uc5d0 10gr - (Banisteriopsis caapi) \/ \uc544\uc57c\ud6c4\uc544\uc2a4\uce74 \ub369\uad74 - \uc57c\uac8c - 100% \uc21c\uc218","author":"Nicolas Rios","date":"2021\ub144 12\uc6d4 07\uc77c","format":false,"excerpt":"\uc544\uc57c\ud6c4\uc544\uc2a4\uce74 \ubbf9\uc2a4 \ud310\ub9e4: \uc544\uc57c\uc640\uc2a4\uce74, \ucc28\ud06c\ub8e8\ub098, \ucc30\ub9ac\ud401\uac00\uc758 \uac15\ub825\ud55c \ud4e8\uc804 \uc81c\ud488 \uc81c\ud488\uc5d0 \ub300\ud55c \uc124\uba85: \uc544\uc57c\ud6c4\uc544\uc2a4\uce74 \ubbf9\uc2a4 \ud398\uc774\uc2a4\ud2b8\ub294 \uc2e0\uc131\ud55c \uc2dd\ubb3c\uc778 \uc544\uc57c\ud6c4\uc544\uc2a4\uce74(Banisteriopsis caapi), \ucc28\ud06c\ub8e8\ub098(Psychotria viridis), \ucc30\ub9ac\ud401\uac00(Diplopterys cabrerana)\ub97c \uacb0\ud569\ud55c \ub3c5\ud2b9\ud558\uace0 \uac15\ub825\ud55c \uc2dd\ubb3c\uc131 \uc81c\uc81c\uc785\ub2c8\ub2e4. \uc774 \ud398\uc774\uc2a4\ud2b8\ub294 \uc774\ub7ec\ud55c \uc2dd\ubb3c\uc758 \ub2e4\uc591\ud55c \uc5d0\ub108\uc9c0\uc640 \uce58\uc720\ub825\uc744 \ud3b8\ub9ac\ud558\uace0 \uac15\ub825\ud55c \ud615\ud0dc\ub85c \uacb0\ud569\ud558\uae30 \uc704\ud574 \uc138\uc2ec\ud558\uac8c \ub9cc\ub4e4\uc5b4\uc84c\uc2b5\ub2c8\ub2e4. \ud30c\uc6b0\ub354 \ubbf9\uc2a4 30g\ub2f9 \uc774 \ud6cc\ub96d\ud55c \ucd94\ucd9c\ubb3c\uc774 1g\uc529 \ub4e4\uc5b4\u2026","rel":"","context":"\uc720\uc0ac\ud55c \uac8c\uc2dc\ubb3c","block_context":{"text":"\uc720\uc0ac\ud55c \uac8c\uc2dc\ubb3c","link":""},"img":{"alt_text":"Mezcla de pasta de ayahuasca \uc544\uc57c\ud6c4\uc544\uc2a4\uce74 \ubbf9\uc2a4","src":"https:\/\/i0.wp.com\/mayantop.com\/wp-content\/uploads\/2021\/12\/Ayahuasca-mix-30gr-1.jpg?resize=350%2C200&ssl=1","width":350,"height":200,"srcset":"https:\/\/i0.wp.com\/mayantop.com\/wp-content\/uploads\/2021\/12\/Ayahuasca-mix-30gr-1.jpg?resize=350%2C200&ssl=1 1x, https:\/\/i0.wp.com\/mayantop.com\/wp-content\/uploads\/2021\/12\/Ayahuasca-mix-30gr-1.jpg?resize=525%2C300&ssl=1 1.5x, https:\/\/i0.wp.com\/mayantop.com\/wp-content\/uploads\/2021\/12\/Ayahuasca-mix-30gr-1.jpg?resize=700%2C400&ssl=1 2x"},"classes":[]},{"id":51397,"url":"https:\/\/mayantop.com\/de\/\uc81c\ud488\/bufo-kroete-gift-bufo-alvarius-100-rein-5-natuerlich\/","url_meta":{"origin":64153,"position":2},"title":"BUFO TOAD VENOM \/ 1gr bei 5gr - (Bufo Alvarius Toad) 100% reines 5-MeO-DMT nat\u00fcrlich","author":"Nicolas Rios","date":"2024\ub144 05\uc6d4 01\uc77c","format":false,"excerpt":"BUFO TOAD VENOM (Bufo Alvarius Kr\u00f6te) 100% reines 5-MeO-DMT Nat\u00fcrlich Wof\u00fcr wird BUFO verwendet? Bufo Alvarius Kr\u00f6te sondert psychoaktive Substanzen ab. Es wird in traditionellen indigenen Ritualen verwendet. Bietet entheogene Erfahrungen f\u00fcr einige Personen. Ihr Gift enth\u00e4lt 5-MeO-DMT, ein starkes Halluzinogen. Hat Interesse an alternativen psychedelischen Therapien gewonnen. Wie Sie\u2026","rel":"","context":"\uc720\uc0ac\ud55c \uac8c\uc2dc\ubb3c","block_context":{"text":"\uc720\uc0ac\ud55c \uac8c\uc2dc\ubb3c","link":""},"img":{"alt_text":"Veneno de Sapo Bufo a la venta - 100% Puro y Natural - Bufo-Kr\u00f6tengift zu verkaufen \u2013 100 % rein und nat\u00fcrlich","src":"https:\/\/i0.wp.com\/mayantop.com\/wp-content\/uploads\/2024\/05\/BUFO-TOAD-3-1000-X-1000-px-600x600-1.png?resize=350%2C200&ssl=1","width":350,"height":200,"srcset":"https:\/\/i0.wp.com\/mayantop.com\/wp-content\/uploads\/2024\/05\/BUFO-TOAD-3-1000-X-1000-px-600x600-1.png?resize=350%2C200&ssl=1 1x, https:\/\/i0.wp.com\/mayantop.com\/wp-content\/uploads\/2024\/05\/BUFO-TOAD-3-1000-X-1000-px-600x600-1.png?resize=525%2C300&ssl=1 1.5x"},"classes":[]},{"id":51399,"url":"https:\/\/mayantop.com\/es\/\uc81c\ud488\/bufo-veneno-de-sapo-bufo-alvarius-100-puro-5-natural\/","url_meta":{"origin":64153,"position":3},"title":"VENENO DE SAPO BUFO \/ 1gr a 5gr - (Sapo Bufo Alvarius) 100% Puro 5-MeO-DMT Natural","author":"Nicolas Rios","date":"2024\ub144 05\uc6d4 01\uc77c","format":false,"excerpt":"VENENO DE SAPO BUFO (Sapo Bufo Alvarius) 100% Puro 5-MeO-DMT Natural \u00bfPara qu\u00e9 se utiliza el BUFO? El sapo Bufo Alvarius segrega sustancias psicoactivas. Se utiliza en rituales ind\u00edgenas tradicionales. Proporciona experiencias enteog\u00e9nicas a algunos individuos. Su veneno contiene 5-MeO-DMT, un potente alucin\u00f3geno. Se ha interesado por la terapia psicod\u00e9lica\u2026","rel":"","context":"\uc720\uc0ac\ud55c \uac8c\uc2dc\ubb3c","block_context":{"text":"\uc720\uc0ac\ud55c \uac8c\uc2dc\ubb3c","link":""},"img":{"alt_text":"Veneno de Sapo Bufo a la venta - 100% Puro y Natural","src":"https:\/\/i0.wp.com\/mayantop.com\/wp-content\/uploads\/2024\/05\/BUFO-TOAD-3-1000-X-1000-px-600x600-1.png?resize=350%2C200&ssl=1","width":350,"height":200,"srcset":"https:\/\/i0.wp.com\/mayantop.com\/wp-content\/uploads\/2024\/05\/BUFO-TOAD-3-1000-X-1000-px-600x600-1.png?resize=350%2C200&ssl=1 1x, https:\/\/i0.wp.com\/mayantop.com\/wp-content\/uploads\/2024\/05\/BUFO-TOAD-3-1000-X-1000-px-600x600-1.png?resize=525%2C300&ssl=1 1.5x"},"classes":[]},{"id":51394,"url":"https:\/\/mayantop.com\/fr\/\uc81c\ud488\/bufo-crapaud-venin-bufo-alvarius-100-pure-5-naturel\/","url_meta":{"origin":64153,"position":4},"title":"BUFO TOAD VENOM \/ 1gr \u00e0 5gr - (Bufo Alvarius Toad) 100% pur 5-MeO-DMT Naturel","author":"Nicolas Rios","date":"2024\ub144 05\uc6d4 01\uc77c","format":false,"excerpt":"BUFO TOAD VENOM (Bufo Alvarius Toad) 100% pur 5-MeO-DMT Naturel \u00c0 quoi sert BUFO ? Le crapaud Bufo Alvarius s\u00e9cr\u00e8te des substances psychoactives. Il est utilis\u00e9 dans les rituels indig\u00e8nes traditionnels. Permet \u00e0 certains individus de vivre des exp\u00e9riences enth\u00e9og\u00e9niques. Son venin contient du 5-MeO-DMT, un puissant hallucinog\u00e8ne. S'int\u00e9resse aux\u2026","rel":"","context":"\uc720\uc0ac\ud55c \uac8c\uc2dc\ubb3c","block_context":{"text":"\uc720\uc0ac\ud55c \uac8c\uc2dc\ubb3c","link":""},"img":{"alt_text":"Veneno de Sapo Bufo a la venta - 100% Puro y Natural","src":"https:\/\/i0.wp.com\/mayantop.com\/wp-content\/uploads\/2024\/05\/BUFO-TOAD-3-1000-X-1000-px-600x600-1.png?resize=350%2C200&ssl=1","width":350,"height":200,"srcset":"https:\/\/i0.wp.com\/mayantop.com\/wp-content\/uploads\/2024\/05\/BUFO-TOAD-3-1000-X-1000-px-600x600-1.png?resize=350%2C200&ssl=1 1x, https:\/\/i0.wp.com\/mayantop.com\/wp-content\/uploads\/2024\/05\/BUFO-TOAD-3-1000-X-1000-px-600x600-1.png?resize=525%2C300&ssl=1 1.5x"},"classes":[]},{"id":63265,"url":"https:\/\/mayantop.com\/ko\/\uc81c\ud488\/%eb%a1%9c%eb%b3%b4-%ec%82%ac%eb%82%ad%ea%b3%a0-%ed%8e%98%ec%9d%b4%ec%8a%a4%ed%8a%b8-%ed%83%80%eb%b2%a0%eb%a5%b4%eb%84%a4%eb%aa%ac%ed%83%80%eb%82%98\/","url_meta":{"origin":64153,"position":5},"title":"\ub85c\ubcf4 \uc0ac\ub0ad\uace0 \ud398\uc774\uc2a4\ud2b8 \/ 1kg\uc5d0 10gr \/ - (\ud0c0\ubca0\ub974\ub124\ubaac\ud0c0\ub098 \uc0ac\ub09c\ud638) 100% \uc21c\uc218 \ud398\uc774\uc2a4\ud2b8 \ucd94\ucd9c\ubb3c","author":"Nicolas Rios","date":"2021\ub144 12\uc6d4 07\uc77c","format":false,"excerpt":"\ub85c\ubcf4 \uc0ac\ub0ad\uace0 \ud398\uc774\uc2a4\ud2b8: \ubbf8\ubb18\ud55c \uacbd\ud5d8\uc744 \uc704\ud55c \uad00\ubb38 \u00a0 \uc81c\ud488 \uc124\uba85 \uc2e0\uc131\ud55c \ud0c0\ubca0\ub974\ub124\ubaac\ud0c0\ub098 \uc0ac\ub09c\ud638 \uc2dd\ubb3c\uc5d0\uc11c \ucd94\ucd9c\ud55c \ub85c\ubcf4 \uc0ac\ub0ad\uace0 \ud398\uc774\uc2a4\ud2b8\ub294 \uc218\uc138\uae30 \ub3d9\uc548 \uc544\ub9c8\uc874 \uc6d0\uc8fc\ubbfc \ucee4\ubba4\ub2c8\ud2f0\uc5d0\uc11c \uc0ac\uc6a9\ud574\uc628 \uac15\ub825\ud55c \uc2dd\ubb3c\uc131 \uc81c\uc81c\uc785\ub2c8\ub2e4. \uc774 \uc2e0\ube44\ub85c\uc6b4 \ud398\uc774\uc2a4\ud2b8\ub294 \uace0\ub300 \uc804\ud1b5\uc758 \uc9c0\ud61c\ub97c \ud65c\uc6a9\ud558\uc5ec \uc138\uc2ec\ud55c \uacfc\uc815\uc744 \uac70\uccd0 \ub9cc\ub4e4\uc5b4\uc9d1\ub2c8\ub2e4. \uc774 \ud398\uc774\uc2a4\ud2b8\ub294 \uc758\uc2dd\uc758 \ubcc0\ud654\ub97c \uc720\ub3c4\ud558\uace0 \uc2ec\uc624\ud55c \uc601\uc801 \uacbd\ud5d8\uc744 \ucd09\uc9c4\ud558\ub294 \uc7a0\uc7ac\ub825\uc73c\ub85c \uc874\uacbd\ubc1b\uace0 \uc788\uc2b5\ub2c8\ub2e4.\u2026","rel":"","context":"\uc720\uc0ac\ud55c \uac8c\uc2dc\ubb3c","block_context":{"text":"\uc720\uc0ac\ud55c \uac8c\uc2dc\ubb3c","link":""},"img":{"alt_text":"Lobo Sanango Paste","src":"https:\/\/i0.wp.com\/mayantop.com\/wp-content\/uploads\/2021\/12\/Pastita-1000-X-1000-px-1.jpg?resize=350%2C200&ssl=1","width":350,"height":200,"srcset":"https:\/\/i0.wp.com\/mayantop.com\/wp-content\/uploads\/2021\/12\/Pastita-1000-X-1000-px-1.jpg?resize=350%2C200&ssl=1 1x, https:\/\/i0.wp.com\/mayantop.com\/wp-content\/uploads\/2021\/12\/Pastita-1000-X-1000-px-1.jpg?resize=525%2C300&ssl=1 1.5x, https:\/\/i0.wp.com\/mayantop.com\/wp-content\/uploads\/2021\/12\/Pastita-1000-X-1000-px-1.jpg?resize=700%2C400&ssl=1 2x"},"classes":[]}],"jetpack_sharing_enabled":true,"_links":{"self":[{"href":"https:\/\/mayantop.com\/ko\/wp-json\/wp\/v2\/product\/64153","targetHints":{"allow":["GET"]}}],"collection":[{"href":"https:\/\/mayantop.com\/ko\/wp-json\/wp\/v2\/product"}],"about":[{"href":"https:\/\/mayantop.com\/ko\/wp-json\/wp\/v2\/types\/product"}],"replies":[{"embeddable":true,"href":"https:\/\/mayantop.com\/ko\/wp-json\/wp\/v2\/comments?post=64153"}],"version-history":[{"count":2,"href":"https:\/\/mayantop.com\/ko\/wp-json\/wp\/v2\/product\/64153\/revisions"}],"predecessor-version":[{"id":69427,"href":"https:\/\/mayantop.com\/ko\/wp-json\/wp\/v2\/product\/64153\/revisions\/69427"}],"wp:featuredmedia":[{"embeddable":true,"href":"https:\/\/mayantop.com\/ko\/wp-json\/wp\/v2\/media\/64154"}],"wp:attachment":[{"href":"https:\/\/mayantop.com\/ko\/wp-json\/wp\/v2\/media?parent=64153"}],"wp:term":[{"taxonomy":"product_brand","embeddable":true,"href":"https:\/\/mayantop.com\/ko\/wp-json\/wp\/v2\/product_brand?post=64153"},{"taxonomy":"product_cat","embeddable":true,"href":"https:\/\/mayantop.com\/ko\/wp-json\/wp\/v2\/product_cat?post=64153"},{"taxonomy":"product_tag","embeddable":true,"href":"https:\/\/mayantop.com\/ko\/wp-json\/wp\/v2\/product_tag?post=64153"},{"taxonomy":"giftcard-category","embeddable":true,"href":"https:\/\/mayantop.com\/ko\/wp-json\/wp\/v2\/giftcard-category?post=64153"}],"curies":[{"name":"wp","href":"https:\/\/api.w.org\/{rel}","templated":true}]}}