{"id":63867,"date":"2024-05-08T09:01:20","date_gmt":"2024-05-08T14:01:20","guid":{"rendered":"https:\/\/mayantop.com\/products\/%ec%bd%94%ec%b9%b4-%ec%9e%8e-%ed%8e%98%ec%9d%b4%ec%8a%a4%ed%8a%b8-10kg-%ec%97%90%eb%a6%ac%ec%8a%a4%eb%a1%9d%ec%8b%a4%eb%a3%b8-%ec%bd%94%ec%b9%b4-100-%ec%88%9c%ec%88%98-%ed%8e%98%ec%9d%b4"},"modified":"2025-12-03T17:28:13","modified_gmt":"2025-12-03T22:28:13","slug":"%ec%bd%94%ec%b9%b4-%ec%9e%8e-%ed%8e%98%ec%9d%b4%ec%8a%a4%ed%8a%b8-%ec%88%9c%ec%88%98-%ed%8e%98%ec%9d%b4","status":"publish","type":"product","link":"https:\/\/mayantop.com\/ko\/\uc81c\ud488\/%ec%bd%94%ec%b9%b4-%ec%9e%8e-%ed%8e%98%ec%9d%b4%ec%8a%a4%ed%8a%b8-%ec%88%9c%ec%88%98-%ed%8e%98%ec%9d%b4\/","title":{"rendered":"\ucf54\uce74 \uc78e \ud398\uc774\uc2a4\ud2b8 \/ 10kg \/ - (\uc5d0\ub9ac\uc2a4\ub85d\uc2e4\ub8f8 \ucf54\uce74) 100% \uc21c\uc218 \ud398\uc774\uc2a4\ud2b8 \ucd94\ucd9c\ubb3c"},"content":{"rendered":"<h2>\ucf54\uce74 \uc78e \ud398\uc774\uc2a4\ud2b8: \uc790\uc5f0\uc758 \uafc0\ub85c \uac00\ub294 \uad00\ubb38<\/h2>\n<p><strong>\ucf54\uce74 \uc78e \ud398\uc774\uc2a4\ud2b8: \uc548\ub370\uc2a4 \uc0b0\ub9e5\uc758 \uc120\ubb3c<\/strong><\/p>\n<p>\uc874\uacbd\ubc1b\ub294 \ucf54\uce74 \uc78e\uc758 \uc815\uc218\ub97c \uad6c\ud604\ud55c \uc81c\ud488\uc778 <em>\ucf54\uce74 \ub9ac\ud504 \ud398\uc774\uc2a4\ud2b8\uc758<\/em> \uc138\uacc4\uc5d0 \uc624\uc2e0 \uac83\uc744 \ud658\uc601\ud569\ub2c8\ub2e4. \uc774 \ud3ec\uad04\uc801\uc778 \uac00\uc774\ub4dc\uc5d0\uc11c\ub294 \uc774 \ud2b9\ubcc4\ud55c \uc81c\ud488\uc758 \ub180\ub77c\uc6b4 \ud488\uc9c8, \uc6a9\ub3c4, \uc774\uc810 \ubc0f \uace0\ub824 \uc0ac\ud56d\uc5d0 \ub300\ud574 \uc790\uc138\ud788 \uc124\uba85\ud569\ub2c8\ub2e4. \uc800\ud76c\uc758 \ubaa9\ud45c\ub294 \ucf54\uce74 \uc78e\uc758 \ub2e4\uc591\ud55c \uce21\uba74\uc744 \uc798 \uc54c\uace0 \ud0d0\uad6c\ud560 \uc218 \uc788\ub294 \uc900\ube44\ub97c \uac16\ucd94\ub3c4\ub85d \ud558\ub294 \uac83\uc785\ub2c8\ub2e4.<\/p>\n<h2><em>COCA \uc78e \ud398\uc774\uc2a4\ud2b8<\/em> \uc0b4\ud3b4\ubcf4\uae30<\/h2>\n<p><strong><em>\ucf54\uce74 \uc78e\uc758<\/em> \uc815\uc218: \uc790\uc5f0\uc758 \uafc0<\/strong><\/p>\n<p><em>\ucf54\uce74 \uc78e \ud398\uc774\uc2a4\ud2b8\ub294<\/em> \ub2e8\uc21c\ud55c \uc81c\ud488\uc774 \uc544\ub2c8\ub77c \uc790\uc5f0 \uc138\uacc4\uc640 \uace0\ub300 \ubb38\uba85\uc758 \uc9c0\ud61c\uac00 \ub2f4\uae34 \uad00\ubb38\uc785\ub2c8\ub2e4. \uc548\ub370\uc2a4 \uc9c0\uc5ed\uc5d0\uc11c \ubb38\ud654\uc801, \uc5ed\uc0ac\uc801\uc73c\ub85c \uae4a\uc740 \uc758\ubbf8\ub97c \uc9c0\ub2cc \uc2dd\ubb3c\uc778 \ucf54\uce74 \uc78e\uc5d0\uc11c \ucd94\ucd9c\ud55c \uc81c\ud488\uc785\ub2c8\ub2e4. \uc774 \uc81c\ud488\uc774 \ud2b9\ubcc4\ud55c \uc774\uc720\uc640 \uc0b6\uc744 \ud48d\uc694\ub86d\uac8c \ud558\ub294 \ubc29\ubc95\uc744 \uc54c\uc544\ubcf4\uc138\uc694.<\/p>\n<h2>\uc804\ud1b5\uc801\uc774\uace0 \uc798 \uc54c\ub824\uc9c0\uc9c0 \uc54a\uc740 \uc6a9\ub3c4<\/h2>\n<p>\ucf54\uce74 \uc78e\uc740 \uc804\ud1b5\uc801\uc73c\ub85c \uc624\ub7ab\ub3d9\uc548 \uc0ac\uc6a9\ub418\uc5b4 \uc654\uc9c0\ub9cc, \uc798 \uc54c\ub824\uc9c0\uc9c0 \uc54a\uc740 \uc6a9\ub3c4\uac00 \uc788\uc5b4 \ud765\ubbf8\ub97c \ub04c \uc218 \uc788\uc2b5\ub2c8\ub2e4:<\/p>\n<p><strong>1.<\/strong> \uc804\ud1b5\uc801 <strong>\uce58\ub8cc\ubc95:<\/strong> \ucf54\uce74 \uc78e\uc740 \uc804\ud1b5\uc801\uc73c\ub85c \uc6d0\uc8fc\ubbfc\ub4e4\uc774 \uace0\uc0b0\ubcd1\uc744 \uc644\ud654\ud558\uace0 \uc5d0\ub108\uc9c0\ub97c \uc99d\uc9c4\ud558\ub294 \ub370 \uc0ac\uc6a9\ub418\uc5b4 \uc654\uc2b5\ub2c8\ub2e4.<\/p>\n<p><strong>2. \uc778\uc9c0 \uac15\ud654\uc81c:<\/strong> \uc77c\ubd80 \uc0ac\uc6a9\uc790\ub4e4\uc740 <em>\ucf54\uce74\uc78e \ud398\uc774\uc2a4\ud2b8\uc640<\/em> \uac19\uc740 \ucf54\uce74\uc78e \uc81c\ud488\uc744 \uc0ac\uc6a9\ud55c \ud6c4 \uc9d1\uc911\ub825\uc774 \ud5a5\uc0c1\ub418\uace0 \uc815\uc2e0\uc774 \ub9d1\uc544\uc9c0\uba70 \uc778\uc9c0 \ub2a5\ub825\uc774 \ud5a5\uc0c1\ub418\uc5c8\ub2e4\uace0 \ubcf4\uace0\ud569\ub2c8\ub2e4.<\/p>\n<p><strong>3. \uc758\uc2dd \ubc0f \uc601\uc801 \uc218\ud589:<\/strong> \uc77c\ubd80 \uc548\ub370\uc2a4 \ubb38\ud654\uad8c\uc5d0\uc11c\ub294 \ucf54\uce74 \uc78e\uc744 \uc2e0\uacfc \uc5f0\uacb0\ud558\uace0 \uc548\ub0b4\ub97c \uad6c\ud558\ub294 \uc601\uc801 \uc758\uc2dd\uc5d0 \uc0ac\uc6a9\ud569\ub2c8\ub2e4.<\/p>\n<h2><em>COCA \uc78e \ud398\uc774\uc2a4\ud2b8\uc758<\/em> \uc7a5\ub2e8\uc810<\/h2>\n<p><strong>\uc7a5\uc810(\ud61c\ud0dd):<\/strong><\/p>\n<ul>\n<li><strong>\uc5d0\ub108\uc9c0 \uc0c1\uc2b9:<\/strong> \ub9ce\uc740 \uc0ac\uc6a9\uc790\uac00 <em>\ucf54\uce74 \uc78e \ud398\uc774\uc2a4\ud2b8\ub97c<\/em> \uc0ac\uc6a9\ud55c \ud6c4 \uc5d0\ub108\uc9c0 \uc218\uc900\uacfc \uc8fc\uc758\ub825\uc774 \ub192\uc544\uc838 \ud53c\ub85c \ud68c\ubcf5\uc5d0 \uc774\uc0c1\uc801\uc778 \uc81c\ud488\uc774\ub77c\uace0 \ub9d0\ud569\ub2c8\ub2e4.<\/li>\n<li><strong>\uc815\uc2e0 \uba85\ub8cc\uc131:<\/strong> \uc774 \uc81c\ud488\uc740 \uc815\uc2e0 \uc120\uba85\ub3c4, \uc9d1\uc911\ub825 \ubc0f \uc778\uc9c0 \uae30\ub2a5\uc744 \ud5a5\uc0c1\uc2dc\ucf1c \uae4c\ub2e4\ub85c\uc6b4 \uc791\uc5c5\uc5d0 \uc720\ub9ac\ud560 \uc218 \uc788\ub294 \uac83\uc73c\ub85c \uc54c\ub824\uc838 \uc788\uc2b5\ub2c8\ub2e4.<\/li>\n<li><strong>\uace0\uc0b0\ubcd1 \uc644\ud654:<\/strong> \ucf54\uce74 \uc78e\uc740 \uba54\uc2a4\uaebc\uc6c0\uacfc \ud604\uae30\uc99d \ub4f1 \uace0\uc0b0\ubcd1\uc758 \uc99d\uc0c1\uc744 \uc644\ud654\ud558\ub294 \ub370 \uc624\ub79c \uc5ed\uc0ac\ub97c \uac00\uc9c0\uace0 \uc788\uc2b5\ub2c8\ub2e4.<\/li>\n<\/ul>\n<p><strong>\ub2e8\uc810(\uacbd\uace0 \ubc0f \uc548\uc804):<\/strong><\/p>\n<ul>\n<li><strong>\uc54c\uce7c\ub85c\uc774\ub4dc \ud568\ub7c9:<\/strong> <em>\ucf54\uce74 \uc78e \ud398\uc774\uc2a4\ud2b8\uc5d0\ub294<\/em> \uac01\uc131 \ud6a8\uacfc\uac00 \uc788\uc744 \uc218 \uc788\ub294 \uc54c\uce7c\ub85c\uc774\ub4dc \uc131\ubd84\uc774 \ud568\uc720\ub418\uc5b4 \uc788\uc2b5\ub2c8\ub2e4. \uc0ac\uc6a9\uc790\ub294 \uc7a0\uc7ac\uc801\uc778 \uacfc\uc790\uadf9\uc5d0 \uc720\uc758\ud574\uc57c \ud569\ub2c8\ub2e4.<\/li>\n<li><strong>\ubcf5\uc6a9\ub7c9 \uc778\uc2dd:<\/strong> \uacfc\ub3c4\ud55c \uc12d\ucde8\ub294 \ubc14\ub78c\uc9c1\ud558\uc9c0 \uc54a\uc740 \ubd80\uc791\uc6a9\uc744 \ucd08\ub798\ud560 \uc218 \uc788\uc73c\ubbc0\ub85c \uc81c\ud488\uc744 \uc801\ub2f9\ud788 \uc0ac\uc6a9\ud558\ub294 \uac83\uc774 \uc911\uc694\ud569\ub2c8\ub2e4.<\/li>\n<li><strong>\ud569\ubc95\uc131:<\/strong> \ucf54\uce74\uc78e \uc81c\ud488\uc758 \ubc95\uc801 \uc9c0\uc704\ub294 \uad6d\uac00\ub9c8\ub2e4 \ub2e4\ub974\ubbc0\ub85c \ud604\uc9c0 \uaddc\uc815\uc744 \uc219\uc9c0\ud558\ub294 \uac83\uc774 \uc911\uc694\ud569\ub2c8\ub2e4.<\/li>\n<\/ul>\n<h2><em>\ucf54\uce74 \uc78e \ud398\uc774\uc2a4\ud2b8<\/em> \ucd5c\ub300\ud55c \ud65c\uc6a9\ud558\uae30<\/h2>\n<p><em>COCA \uc78e \ud398\uc774\uc2a4\ud2b8<\/em> \uc0ac\uc6a9 \uacbd\ud5d8\uc744 \uadf9\ub300\ud654\ud558\ub824\uba74 \ub2e4\uc74c \uad8c\uc7a5 \uc0ac\ud56d\uc744 \uace0\ub824\ud558\uc138\uc694:<\/p>\n<ol>\n<li><strong>\ucc9c\ucc9c\ud788 \uc2dc\uc791\ud558\uae30:<\/strong> \ucf54\uce74\uc78e \uc81c\ud488\uc744 \ucc98\uc74c \uc0ac\uc6a9\ud558\ub294 \uacbd\uc6b0 \ub0b4\uc131\uacfc \ubc18\uc751\uc744 \ud3c9\uac00\ud558\uae30 \uc704\ud574 \uc18c\ub7c9\ubd80\ud130 \uc2dc\uc791\ud558\uc138\uc694.<\/li>\n<li><strong>\uc218\ubd84\uc744 \ucda9\ubd84\ud788 \uc12d\ucde8\ud558\uc138\uc694:<\/strong> \ucf54\uce74\uc78e \uc81c\ud488\uc744 \uc0ac\uc6a9\ud560 \ub54c\ub294 \uc7a0\uc7ac\uc801\uc778 \ubd80\uc791\uc6a9\uc744 \ucd5c\uc18c\ud654\ud558\uae30 \uc704\ud574 \uc801\uc808\ud55c \uc218\ubd84 \uc12d\ucde8\uac00 \ud544\uc218\uc801\uc785\ub2c8\ub2e4.<\/li>\n<li><strong>\ud604\uc9c0 \uad00\uc2b5\uc744 \uc874\uc911\ud558\uc138\uc694:<\/strong> \uc548\ub370\uc2a4 \uc9c0\uc5ed\uc744 \uc5ec\ud589\ud558\ub294 \uacbd\uc6b0 \ud604\uc9c0 \uad00\uc2b5\uc744 \uc874\uc911\ud558\uace0 \ucf54\uce74 \uc78e\uc744 \ucc45\uc784\uac10 \uc788\uac8c \uc0ac\uc6a9\ud558\uc138\uc694.<\/li>\n<\/ol>\n<p><strong>\uc54c\uace0 \uacc4\uc168\ub098\uc694?<\/strong> <em>\ucf54\uce74 \uc78e \ud398\uc774\uc2a4\ud2b8\ub294<\/em> \u201c\ucf54\uce74 \ud398\uc774\uc2a4\ud2b8\u201d, \u201c\uc5d0\ub9ac\uc2a4\ub85d\uc2e4\ub8f8 \ucf54\uce74 \ucd94\ucd9c\ubb3c\u201d \ub4f1 \ub2e4\uc591\ud55c \uc774\ub984\uc73c\ub85c \ubd88\ub9bd\ub2c8\ub2e4.<\/p>\n<h2><em>\ucf54\uce74 \uc78e \ud398\uc774\uc2a4\ud2b8\ub85c<\/em> \uc790\uc5f0\uc758 \uafc0\uc744 \ub290\uaef4\ubcf4\uc138\uc694.<\/h2>\n<p>\ubcf8\uc9c8\uc801\uc73c\ub85c <em>\ucf54\uce74 \ub9ac\ud504 \ud398\uc774\uc2a4\ud2b8\ub294<\/em> \uc790\uc5f0\uc758 \uc9c0\ud61c\uc640 \uc5f0\uacb0\ud558\uace0 \uc548\ub370\uc2a4 \uc0b0\ub9e5\uc758 \uc5d0\ub108\uc9c0\ub97c \ud65c\uc6a9\ud560 \uc218 \uc788\ub294 \uc5f4\uc1e0\uc785\ub2c8\ub2e4. \uc77c\uc0c1 \uc0dd\ud65c\uc744 \ud5a5\uc0c1\uc2dc\ud0ac \uc218 \uc788\ub294 \ub2e4\uc591\ud55c \ud6a8\ub2a5\uc744 \uc81c\uacf5\ud569\ub2c8\ub2e4. \uc790\uc2e0\uac10\uc744 \uac00\uc9c0\uace0 \ucf54\uce74 \uc78e\uc758 \ud798\uc744 \ubc1b\uc544\ub4e4\uc774\uace0 \ucf54\uce74 \uc78e\uc774 \uc9c0\ub2cc \ubb34\ud55c\ud55c \uc7a0\uc7ac\ub825\uc744 \ud0d0\ud5d8\ud558\uc138\uc694.<br \/>\n<strong>\ucc38\uace0:<\/strong><\/p>\n<p>\ub9c8\uc580\ud0d1 \uc81c\ud488\uc740 100% \uc790\uc5f0\uc5d0\uc11c \uc5bb\uc740 \uc21c\uc218\ud55c \uc0c1\ud0dc\ub85c \uc6d0\uc8fc\ubbfc \ucee4\ubba4\ub2c8\ud2f0\uc5d0 \ud310\ub9e4\ub429\ub2c8\ub2e4. \uc5b4\ub5a4 \uc885\ub958\uc758 \uc0b4\ucda9\uc81c, \ud654\ud559\ubb3c\uc9c8, \uc81c\ucd08\uc81c \ub610\ub294 \uae30\ud0c0 \uc778\uacf5 \ubb3c\uc9c8\ub3c4 \ud3ec\ud568\ud558\uc9c0 \uc54a\uc2b5\ub2c8\ub2e4.<\/p>\n<p><strong>\uba74\ucc45 \uc870\ud56d:<\/strong><\/p>\n<ul>\n<li>\ubaa8\ub4e0 \uc81c\ud488\uc740 \uc6d0\uc0b0\uc9c0\uc5d0\uc11c \ud569\ubc95\uc801\uc774\uba70, \ubaa9\uc801\uc9c0 \uad6d\uac00\uc5d0\uc11c\uc758 \ud569\ubc95\uc131\uc744 \uc870\uc0ac\ud558\ub294 \uac83\uc740 \uace0\uac1d\uc758 \ucc45\uc784\uc785\ub2c8\ub2e4.<\/li>\n<li>\uc774\ub7ec\ud55c \ucc9c\uc5f0 \uc81c\ud488\uc758 \uc0ac\uc6a9\uc740 \uc758\ub8cc \uc0c1\ub2f4\uc744 \ub300\uccb4\ud560 \uc218 \uc5c6\uc2b5\ub2c8\ub2e4.<\/li>\n<li>\uc774\ub294 \uc9c8\ubcd1\uc774\ub098 \uc9c8\ud658\uc744 \uce58\ub8cc, \uc608\ubc29 \ub610\ub294 \uc644\ud654\ud558\ub294 \ub2f9\uc0ac \uc81c\ud488\uc758 \ub2a5\ub825\uc774\ub098 \ud6a8\uacfc\uc5d0 \ub300\ud55c \uc758\ud559\uc801 \uc8fc\uc7a5\uc744 \uc554\uc2dc\ud558\uc9c0 \uc54a\uc2b5\ub2c8\ub2e4.<\/li>\n<li>\ub2f9\uc0ac \uc81c\ud488\uc758 \uc0ac\uc6a9 \ubc0f \uc801\uc6a9\uc740 \uc804\uc801\uc73c\ub85c \uace0\uac1d\uc758 \ucc45\uc784\uc785\ub2c8\ub2e4.<\/li>\n<li>\uc774 \uc81c\ud488\uc758 \uc774\ub7ec\ud55c \ud6a8\uacfc\ub294 \uace0\ub300 \uc804\ud1b5 \uc758\ud559\uc758 \uc2e4\uc99d\uc801 \uacbd\ud5d8\uc5d0 \uc758\ud574 \uc6b0\uc218\ud55c \uacb0\uacfc\ub97c \ub4b7\ubc1b\uce68\ud569\ub2c8\ub2e4.<\/li>\n<li>\uc62c\ubc14\ub978 \uc6a9\ub7c9\uc73c\ub85c \ud22c\uc5ec\ud560 \uacbd\uc6b0 \uc720\ud574\ud55c \ubd80\uc791\uc6a9\uc774 \uc5c6\uc2b5\ub2c8\ub2e4. \uadf8\ub7ec\ub098 \uc5ec\uae30\uc5d0\uc11c \ud655\uc778\ub41c \uc815\ubcf4\ub294 \uacb0\ucf54 \ubc95\ub839\uc774\ub098 \ucc98\ubc29\uc804\uc774 \uc544\ub2d9\ub2c8\ub2e4.<\/li>\n<li>\uc774 \ubb38\uc11c\uc5d0 \ud3ec\ud568\ub41c \uc9c4\uc220 \ubc0f \uc6f9\uc0ac\uc774\ud2b8 \ub9c1\ud06c\ub294 FDA \ub610\ub294 \uad6d\uc81c \uc2dd\ud488 \ubc0f \uc758\uc57d\ud488 \ub2f9\uad6d\uc758 \ud3c9\uac00\ub97c \uac70\uce58\uc9c0 \uc54a\uc558\uc2b5\ub2c8\ub2e4.<\/li>\n<\/ul>\n","protected":false},"excerpt":{"rendered":"<p>\ucf54\uce74 \uc78e \ud398\uc774\uc2a4\ud2b8: \uc790\uc5f0\uc758 \uafc0\ub85c \uac00\ub294 \uad00\ubb38 \ucf54\uce74 \uc78e \ud398\uc774\uc2a4\ud2b8: \uc548\ub370\uc2a4 \uc0b0\ub9e5\uc758 \uc120\ubb3c \uc874\uacbd\ubc1b\ub294 \ucf54\uce74 \uc78e\uc758 \uc815\uc218\ub97c \uad6c\ud604\ud55c \uc81c\ud488\uc778 \ucf54\uce74<\/p>\n","protected":false},"featured_media":63794,"comment_status":"open","ping_status":"closed","template":"","meta":{"_joinchat":[],"jetpack_publicize_message":"","jetpack_publicize_feature_enabled":true,"jetpack_social_post_already_shared":true,"jetpack_social_options":{"image_generator_settings":{"template":"highway","default_image_id":0,"font":"","enabled":false},"version":2}},"product_brand":[],"product_cat":[1182,1049],"product_tag":[],"giftcard-category":[],"class_list":{"0":"post-63867","1":"product","2":"type-product","3":"status-publish","4":"has-post-thumbnail","6":"product_cat-1182","7":"product_cat-1049","8":"product_shipping_class-1122","10":"first","11":"instock","12":"sale","13":"taxable","14":"shipping-taxable","15":"purchasable","16":"product-type-variable"},"jetpack_publicize_connections":[],"jetpack-related-posts":[{"id":51794,"url":"https:\/\/mayantop.com\/es\/productos\/pasta-de-hoja-de-coca-erythroxylum-venta-100-pura\/","url_meta":{"origin":63867,"position":0},"title":"PASTA DE HOJA DE COCA \/ 10gr a 10kg \/ - (Erythroxylum Coca) 100% Extracto Puro de Pasta","author":"Nicolas Rios","date":"2024\ub144 05\uc6d4 08\uc77c","format":false,"excerpt":"PASTA DE HOJA DE COCA: La puerta al n\u00e9ctar de la naturaleza PASTA DE HOJA DE COCA: Un regalo de los Andes Bienvenido al mundo de la PASTA DE HOJA DE COCA, un producto que encarna la esencia de la venerada hoja de coca. En esta completa gu\u00eda, profundizaremos en\u2026","rel":"","context":"\uc720\uc0ac\ud55c \uac8c\uc2dc\ubb3c","block_context":{"text":"\uc720\uc0ac\ud55c \uac8c\uc2dc\ubb3c","link":""},"img":{"alt_text":"Ayahuasca Mix - PASTA DE HOJA DE COCA","src":"https:\/\/i0.wp.com\/mayantop.com\/wp-content\/uploads\/2024\/05\/products-pasteextract-600x600-1.jpg?resize=350%2C200&ssl=1","width":350,"height":200,"srcset":"https:\/\/i0.wp.com\/mayantop.com\/wp-content\/uploads\/2024\/05\/products-pasteextract-600x600-1.jpg?resize=350%2C200&ssl=1 1x, https:\/\/i0.wp.com\/mayantop.com\/wp-content\/uploads\/2024\/05\/products-pasteextract-600x600-1.jpg?resize=525%2C300&ssl=1 1.5x"},"classes":[]},{"id":40169,"url":"https:\/\/mayantop.com\/es\/productos\/comprar-te-de-hoja-de-coca-erythroxylum-en-polvo\/","url_meta":{"origin":63867,"position":1},"title":"HOJA DE COCA \/ 30gr a 2kg \/ - (Erythroxylum coca) Polvo - T\u00e9 de Coca","author":"Nicolas Rios","date":"2021\ub144 12\uc6d4 07\uc77c","format":false,"excerpt":"Hoja de Coca (Erythroxylum Coca) - Polvo - T\u00e9 de Coca La coca en polvo contiene hasta 2 g de calcio por cada 100 g, lo que constituye una excelente fuente de mineral, y ayuda en casos de descalcificaci\u00f3n. Tambi\u00e9n facilita la oxigenaci\u00f3n en zonas muy carentes de ox\u00edgeno, por\u2026","rel":"","context":"\uc720\uc0ac\ud55c \uac8c\uc2dc\ubb3c","block_context":{"text":"\uc720\uc0ac\ud55c \uac8c\uc2dc\ubb3c","link":""},"img":{"alt_text":"coca en polvo","src":"https:\/\/i0.wp.com\/mayantop.com\/wp-content\/uploads\/2021\/12\/Coca-polvo-1000-X-1000-px.jpg?resize=350%2C200&ssl=1","width":350,"height":200,"srcset":"https:\/\/i0.wp.com\/mayantop.com\/wp-content\/uploads\/2021\/12\/Coca-polvo-1000-X-1000-px.jpg?resize=350%2C200&ssl=1 1x, https:\/\/i0.wp.com\/mayantop.com\/wp-content\/uploads\/2021\/12\/Coca-polvo-1000-X-1000-px.jpg?resize=525%2C300&ssl=1 1.5x, https:\/\/i0.wp.com\/mayantop.com\/wp-content\/uploads\/2021\/12\/Coca-polvo-1000-X-1000-px.jpg?resize=700%2C400&ssl=1 2x"},"classes":[]},{"id":37696,"url":"https:\/\/mayantop.com\/es\/productos\/te-energetico-para-venta-coca-guarana-guayusa\/","url_meta":{"origin":63867,"position":2},"title":"T\u00c9 ENERGETICO - Mix (Coca + Guaran\u00e1 + Guayusa) - Polvo Fuerte","author":"Nicolas Rios","date":"2021\ub144 12\uc6d4 07\uc77c","format":false,"excerpt":"T\u00c9 ENERGETICO EN VENTA (Coca + Guaran\u00e1 + Guayusa): Tu Energ\u00eda Natural \u00a0 Descripci\u00f3n del Producto: Presentamos nuestro T\u00c9 ENERG\u00c9TICO (Coca + Guaran\u00e1 + Guayusa), una armoniosa mezcla de ingredientes naturales dise\u00f1ada para vigorizar su cuerpo y su mente. Este din\u00e1mico t\u00e9 combina hojas de coca, semillas de guaran\u00e1 y\u2026","rel":"","context":"\uc720\uc0ac\ud55c \uac8c\uc2dc\ubb3c","block_context":{"text":"\uc720\uc0ac\ud55c \uac8c\uc2dc\ubb3c","link":""},"img":{"alt_text":"T\u00c9 ENERG\u00c9TICO","src":"https:\/\/i0.wp.com\/mayantop.com\/wp-content\/uploads\/2021\/12\/te-energetico.jpg?resize=350%2C200&ssl=1","width":350,"height":200,"srcset":"https:\/\/i0.wp.com\/mayantop.com\/wp-content\/uploads\/2021\/12\/te-energetico.jpg?resize=350%2C200&ssl=1 1x, https:\/\/i0.wp.com\/mayantop.com\/wp-content\/uploads\/2021\/12\/te-energetico.jpg?resize=525%2C300&ssl=1 1.5x, https:\/\/i0.wp.com\/mayantop.com\/wp-content\/uploads\/2021\/12\/te-energetico.jpg?resize=700%2C400&ssl=1 2x"},"classes":[]},{"id":37396,"url":"https:\/\/mayantop.com\/es\/productos\/mambe-hoja-de-coca-cetico-fresno-amazonia-natural\/","url_meta":{"origin":63867,"position":3},"title":"MAMBE \/ 30gr a 2kg \/ - Hoja de Coca + Ceniza de Cetico","author":"Nicolas Rios","date":"2021\ub144 12\uc6d4 07\uc77c","format":false,"excerpt":"MAMBE (Hoja de Coca y Ceniza de Cetico): El Regalo de la Naturaleza Para la Claridad y la Conexi\u00f3n \u00a0 Descripci\u00f3n del producto MAMBE, una mezcla de hoja de coca y ceniza de cetico, es un producto natural extraordinario profundamente arraigado en las tradiciones ind\u00edgenas sudamericanas. Esta combinaci\u00f3n \u00fanica encarna\u2026","rel":"","context":"\uc720\uc0ac\ud55c \uac8c\uc2dc\ubb3c","block_context":{"text":"\uc720\uc0ac\ud55c \uac8c\uc2dc\ubb3c","link":""},"img":{"alt_text":"mambe","src":"https:\/\/i0.wp.com\/mayantop.com\/wp-content\/uploads\/2021\/12\/mambe-1000-X-1000-px.jpg?resize=350%2C200&ssl=1","width":350,"height":200,"srcset":"https:\/\/i0.wp.com\/mayantop.com\/wp-content\/uploads\/2021\/12\/mambe-1000-X-1000-px.jpg?resize=350%2C200&ssl=1 1x, https:\/\/i0.wp.com\/mayantop.com\/wp-content\/uploads\/2021\/12\/mambe-1000-X-1000-px.jpg?resize=525%2C300&ssl=1 1.5x, https:\/\/i0.wp.com\/mayantop.com\/wp-content\/uploads\/2021\/12\/mambe-1000-X-1000-px.jpg?resize=700%2C400&ssl=1 2x"},"classes":[]},{"id":51508,"url":"https:\/\/mayantop.com\/es\/productos\/mambe-premium-gran-venta-tribu-bora-hoja-de-coca-cetico-ash-edicion-limitada\/","url_meta":{"origin":63867,"position":4},"title":"MAMBE PREMIUM - Tribu Bora \/ 30gr a 10kg \/ - Hoja de Coca + Ceniza de Cetico - EDICION LIMITADA","author":"Nicolas Rios","date":"2024\ub144 05\uc6d4 02\uc77c","format":false,"excerpt":"MAMBE PREMIUM - Tribu Bora - EDICI\u00d3N LIMITADA Eleva tus sentidos con Mambe Premium - Tribu Bora - EDICI\u00d3N LIMITADA Disfruta de las ricas tradiciones de la Tribu Bora con Mambe Premium - Tribu Bora - EDICI\u00d3N LIMITADA. Cuidadosamente elaborada y de disponibilidad limitada, esta edici\u00f3n especial de Mambe ofrece\u2026","rel":"","context":"\uc720\uc0ac\ud55c \uac8c\uc2dc\ubb3c","block_context":{"text":"\uc720\uc0ac\ud55c \uac8c\uc2dc\ubb3c","link":""},"img":{"alt_text":"MAMBE-PREMIUM-BORA6","src":"https:\/\/i0.wp.com\/mayantop.com\/wp-content\/uploads\/2024\/05\/MAMBE-PREMIUM-BORA-BORA-1.jpg?resize=350%2C200&ssl=1","width":350,"height":200,"srcset":"https:\/\/i0.wp.com\/mayantop.com\/wp-content\/uploads\/2024\/05\/MAMBE-PREMIUM-BORA-BORA-1.jpg?resize=350%2C200&ssl=1 1x, https:\/\/i0.wp.com\/mayantop.com\/wp-content\/uploads\/2024\/05\/MAMBE-PREMIUM-BORA-BORA-1.jpg?resize=525%2C300&ssl=1 1.5x, https:\/\/i0.wp.com\/mayantop.com\/wp-content\/uploads\/2024\/05\/MAMBE-PREMIUM-BORA-BORA-1.jpg?resize=700%2C400&ssl=1 2x"},"classes":[]},{"id":51459,"url":"https:\/\/mayantop.com\/es\/productos\/mambe-premium-tribu-huitoto-hoja-de-coca-cenizo-cetico-edicion-especial\/","url_meta":{"origin":63867,"position":5},"title":"MAMBE PREMIUM - Tribu Huitoto \/ 30gr a 10kg \/ - Hoja de Coca + Ceniza de Cetico - EDICION ESPECIAL","author":"Nicolas Rios","date":"2024\ub144 05\uc6d4 01\uc77c","format":false,"excerpt":"MAMBE PREMIUM - Tribu Huitoto - EDICI\u00d3N ESPECIAL Energiza tu esp\u00edritu con Mambe Premium - Tribu Huitoto - EDICI\u00d3N ESPECIAL Mambe Premium - Tribu Huitoto - EDICI\u00d3N ESPECIAL no es s\u00f3lo un producto; es una experiencia. Elaborada con esmero y respeto por la tradici\u00f3n, esta edici\u00f3n especial de Mambe ofrece\u2026","rel":"","context":"\uc720\uc0ac\ud55c \uac8c\uc2dc\ubb3c","block_context":{"text":"\uc720\uc0ac\ud55c \uac8c\uc2dc\ubb3c","link":""},"img":{"alt_text":"MAMBE-PREMIUM-HUITOTO2","src":"https:\/\/i0.wp.com\/mayantop.com\/wp-content\/uploads\/2024\/05\/MAMBE-PREMIUM-1000X1000-HUITOTO-3.jpg?resize=350%2C200&ssl=1","width":350,"height":200,"srcset":"https:\/\/i0.wp.com\/mayantop.com\/wp-content\/uploads\/2024\/05\/MAMBE-PREMIUM-1000X1000-HUITOTO-3.jpg?resize=350%2C200&ssl=1 1x, https:\/\/i0.wp.com\/mayantop.com\/wp-content\/uploads\/2024\/05\/MAMBE-PREMIUM-1000X1000-HUITOTO-3.jpg?resize=525%2C300&ssl=1 1.5x, https:\/\/i0.wp.com\/mayantop.com\/wp-content\/uploads\/2024\/05\/MAMBE-PREMIUM-1000X1000-HUITOTO-3.jpg?resize=700%2C400&ssl=1 2x"},"classes":[]}],"jetpack_sharing_enabled":true,"_links":{"self":[{"href":"https:\/\/mayantop.com\/ko\/wp-json\/wp\/v2\/product\/63867","targetHints":{"allow":["GET"]}}],"collection":[{"href":"https:\/\/mayantop.com\/ko\/wp-json\/wp\/v2\/product"}],"about":[{"href":"https:\/\/mayantop.com\/ko\/wp-json\/wp\/v2\/types\/product"}],"replies":[{"embeddable":true,"href":"https:\/\/mayantop.com\/ko\/wp-json\/wp\/v2\/comments?post=63867"}],"version-history":[{"count":2,"href":"https:\/\/mayantop.com\/ko\/wp-json\/wp\/v2\/product\/63867\/revisions"}],"predecessor-version":[{"id":70142,"href":"https:\/\/mayantop.com\/ko\/wp-json\/wp\/v2\/product\/63867\/revisions\/70142"}],"wp:featuredmedia":[{"embeddable":true,"href":"https:\/\/mayantop.com\/ko\/wp-json\/wp\/v2\/media\/63794"}],"wp:attachment":[{"href":"https:\/\/mayantop.com\/ko\/wp-json\/wp\/v2\/media?parent=63867"}],"wp:term":[{"taxonomy":"product_brand","embeddable":true,"href":"https:\/\/mayantop.com\/ko\/wp-json\/wp\/v2\/product_brand?post=63867"},{"taxonomy":"product_cat","embeddable":true,"href":"https:\/\/mayantop.com\/ko\/wp-json\/wp\/v2\/product_cat?post=63867"},{"taxonomy":"product_tag","embeddable":true,"href":"https:\/\/mayantop.com\/ko\/wp-json\/wp\/v2\/product_tag?post=63867"},{"taxonomy":"giftcard-category","embeddable":true,"href":"https:\/\/mayantop.com\/ko\/wp-json\/wp\/v2\/giftcard-category?post=63867"}],"curies":[{"name":"wp","href":"https:\/\/api.w.org\/{rel}","templated":true}]}}