{"id":62362,"date":"2021-12-07T17:05:43","date_gmt":"2021-12-07T22:05:43","guid":{"rendered":"https:\/\/mayantop.com\/products\/%eb%9d%bc%ed%8e%98-%ec%8a%a4%eb%84%88%ed%94%84-%ec%9c%a0%ec%b9%bc%eb%a6%bd%ed%86%a0-5gr-%ec%9c%a0%ec%b9%bc%eb%a6%bd%ed%88%ac%ec%8a%a4-100-%ec%b2%9c%ec%97%b0-%ec%8b%9d%eb%ac%bc-%eb%b6%84"},"modified":"2025-11-18T10:39:42","modified_gmt":"2025-11-18T15:39:42","slug":"%ea%b0%95%ea%b0%84-%ec%8a%a4%eb%84%88%ed%94%84-%ec%9c%a0%ec%b9%bc%eb%a6%bd%ed%86%a0-%ec%9c%a0%ec%b9%bc%eb%a6%bd%ed%88%ac%ec%8a%a4-%ec%b2%9c%ec%97%b0-%ec%8b%9d%eb%ac%bc-%eb%b6%84","status":"publish","type":"product","link":"https:\/\/mayantop.com\/ko\/\uc81c\ud488\/%ea%b0%95%ea%b0%84-%ec%8a%a4%eb%84%88%ed%94%84-%ec%9c%a0%ec%b9%bc%eb%a6%bd%ed%86%a0-%ec%9c%a0%ec%b9%bc%eb%a6%bd%ed%88%ac%ec%8a%a4-%ec%b2%9c%ec%97%b0-%ec%8b%9d%eb%ac%bc-%eb%b6%84\/","title":{"rendered":"\ub77c\ud398 \uc2a4\ub108\ud504 - \uc720\uce7c\ub9bd\ud1a0 \/ 5gr \/ - (\uc720\uce7c\ub9bd\ud22c\uc2a4) - 100 % \ucc9c\uc5f0 \uc2dd\ubb3c \ubd84\ub9d0"},"content":{"rendered":"<h2><strong>\uac15\uac04 \uc2a4\ub108\ud504 \uc720\uce7c\ub9bd\ud1a0 (\uc720\uce7c\ub9bd\ud22c\uc2a4)<\/strong><\/h2>\n<p>&nbsp;<\/p>\n<h3><strong>\uc81c\ud488\uc5d0 \ub300\ud55c \uc124\uba85:<\/strong><\/h3>\n<p>\uac15\uac04 \uc2a4\ub108\ud504 \uc720\uce7c\ub9bd\ud1a0 \uce7c\ub9bd\ud22c\uc2a4 \ub098\ubb34\uc758 \uc78e\uc73c\ub85c \ub9cc\ub4e0 \ub3c5\ud2b9\ud558\uace0 \ud5a5\uae30\ub85c\uc6b4 \uc2a4\ub108\ud504\uc785\ub2c8\ub2e4. \ubbf8\uc138\ud558\uac8c \uac00\ub8e8\ub85c \ub9cc\ub4e0 \uc774 \uc2a4\ub108\ud504\ub294 \uc0c1\ucf8c\ud558\uace0 \uc0c1\ucf8c\ud55c \ud5a5\uc73c\ub85c \uc720\uba85\ud569\ub2c8\ub2e4. \uc720\uce7c\ub9bd\ud22c\uc2a4\uc758 \ud759 \ub0b4\uc74c\uacfc \ud5c8\ube0c \ud5a5\uc774 \uc2a4\ub108\ud504 \uc18c\ube44\uc758 \uc2e0\uc131\ud55c \uc804\ud1b5\uacfc \uacb0\ud569\ub41c \uac10\uac01\uc801\uc778 \uacbd\ud5d8\uc744 \uc120\uc0ac\ud569\ub2c8\ub2e4. \ub7a9 \uc2a4\ub108\ud504 \uc720\uce7c\ub9bd\ud1a0\ub294 \ud488\uc9c8\uacfc \uc21c\ub3c4\ub97c \ubcf4\uc7a5\ud558\uae30 \uc704\ud574 \uc815\ubc00\ud558\uace0 \uc138\uc2ec\ud558\uac8c \uc81c\uc870\ub429\ub2c8\ub2e4.<\/p>\n<h3><strong>\uc81c\ud488\uc758 \uc7a5\ub2e8\uc810:<\/strong><\/h3>\n<p><em>\uc7a5\uc810:<\/em><\/p>\n<ol>\n<li><strong>\ud65c\ub825\uc744 \uc8fc\ub294 \uc544\ub85c\ub9c8:<\/strong> \uac15\uac04 \uc2a4\ub108\ud504 \uc720\uce7c\ub9bd\ud1a0 \uc0c1\ucf8c\ud55c \uacbd\ud5d8\uc744 \uc120\uc0ac\ud558\uc5ec \uc815\uc2e0\uc758 \uac01\uc131\uacfc \uba85\ub8cc\uc131\uc744 \ucd09\uc9c4\ud569\ub2c8\ub2e4.<\/li>\n<li><strong>\ucc9c\uc5f0 \uc131\ubd84:<\/strong> \uc720\uce7c\ub9bd\ud22c\uc2a4 \uc78e\uc73c\ub85c \ub9cc\ub4e0 \uc774 \uc2a4\ub108\ud504\uc5d0\ub294 \ud569\uc131 \ucca8\uac00\ubb3c\uacfc \ud654\ud559 \ubb3c\uc9c8\uc774 \ub4e4\uc5b4 \uc788\uc9c0 \uc54a\uc2b5\ub2c8\ub2e4.<\/li>\n<li><strong>\uc804\ud1b5\uc801\uc778 \uc0ac\uc6a9\ubc95:<\/strong> \uc6d0\uc8fc\ubbfc \uc804\ud1b5\uc5d0 \ubfcc\ub9ac\ub97c \ub450\uace0 \uc788\uc73c\uba70, \uace0\ub300 \uad00\uc2b5\uacfc \uc758\uc2dd\uc5d0 \ub300\ud55c \uc5f0\uacb0\uace0\ub9ac\ub97c \uc81c\uacf5\ud569\ub2c8\ub2e4.<\/li>\n<\/ol>\n<p><em>\ub2e8\uc810:<\/em><\/p>\n<ol>\n<li><strong>\ud6a8\ub2a5:<\/strong> \ubaa8\ub4e0 \uc2a4\ub108\ud504\uc640 \ub9c8\ucc2c\uac00\uc9c0\ub85c \uac1c\uc778\ub9c8\ub2e4 \ubbfc\uac10\ub3c4\uac00 \ub2e4\ub974\uba70 \uc77c\ubd80 \uc0ac\uc6a9\uc790\ub294 \ud5a5\uc774 \uac15\ud558\ub2e4\uace0 \ub290\ub084 \uc218 \uc788\uc2b5\ub2c8\ub2e4.<\/li>\n<li><strong>\ube44\uac15 \uc801\uc6a9:<\/strong> \uc2a4\ub108\ud504 \ud22c\uc5ec\ub294 \ube44\uac15\uc744 \ud1b5\ud574 \uc774\ub8e8\uc5b4\uc9c0\ubbc0\ub85c \ubaa8\ub4e0 \uc0ac\ub78c\uc5d0\uac8c \uc801\ud569\ud558\uc9c0 \uc54a\uc744 \uc218 \uc788\uc2b5\ub2c8\ub2e4.<\/li>\n<\/ol>\n<h3><strong>\uc81c\ud488\uc5d0 \uc8fc\uc5b4\uc9c4 \uc6a9\ub3c4:<\/strong><\/h3>\n<p><em>\uac10\uac01 \uac01\uc131 \ubc0f \uc815\uc2e0 \uba85\ub8cc\ud654<\/em><\/p>\n<ol>\n<li><strong>\uc815\uc2e0 \uc9d1\uc911\ub825:<\/strong> \uac15\uac04 \uc2a4\ub108\ud504 \uc720\uce7c\ub9bd\ud1a0 \uc9d1\uc911\ub825\uc744 \ub192\uc774\uace0 \uc8fc\uc758\ub825\uc744 \ud5a5\uc0c1\uc2dc\ud0a4\ub294 \ub370 \uc790\uc8fc \uc0ac\uc6a9\ub429\ub2c8\ub2e4.<\/li>\n<li><strong>\uac10\uac01\uc801 \uacbd\ud5d8:<\/strong> \uc720\uce7c\ub9bd\ud22c\uc2a4\uc758 \ud5a5\uae30\ub85c\uc6b4 \ud2b9\uc131\uc740 \ub9c8\uc74c\uc744 \uace0\uc591\uc2dc\ud0a4\uace0 \ud65c\ub825\uc744 \ubd88\uc5b4\ub123\ub294 \ub3c5\ud2b9\ud55c \uac10\uac01 \uacbd\ud5d8\uc744 \uc120\uc0ac\ud569\ub2c8\ub2e4.<\/li>\n<li><strong>\uc601\uc801 \uc5f0\uacb0:<\/strong> \uc77c\ubd80 \uc0ac\uc6a9\uc790\ub294 \uba85\uc0c1\uc774\ub098 \uc601\uc801 \uc218\ud589\uc5d0 \uc774\ub97c \ud1b5\ud569\ud558\uc5ec \uc815\uc2e0\uc801 \uba85\ub8cc\ud568\uacfc \ub192\uc740 \uc790\uac01\ub825\uc744 \uc5bb\uc2b5\ub2c8\ub2e4.<\/li>\n<\/ol>\n<h3><strong>\uc0ac\uc6a9 \ubc29\ubc95\uc5d0 \ub300\ud55c \uc9c0\uce68:<\/strong><\/h3>\n<p><em>\uc2e0\uc131\ud55c \uad00\ub9ac<\/em><\/p>\n<ol>\n<li><strong>\uc900\ube44:<\/strong> \uc2a4\ub108\ud504\ub97c \uc798\uac8c \uac00\ub8e8\ub85c \ub9cc\ub4e4\uc5b4 \ubc14\ub85c \uc0ac\uc6a9\ud560 \uc218 \uc788\uc2b5\ub2c8\ub2e4.<\/li>\n<li><strong>\uad00\ub9ac:<\/strong> \uc804\ud1b5\uc801\uc73c\ub85c \ud30c\uc774\ud504\ub098 \uc5b4\ud50c\ub9ac\ucf00\uc774\ud130\ub97c \ud1b5\ud574 \uac01 \ucf67\uad6c\uba4d\uc5d0 \ubd80\ub4dc\ub7fd\uac8c \uc8fc\uc785\ud558\ub294 \ubc29\uc2dd\uc73c\ub85c \ud22c\uc5ec\ud569\ub2c8\ub2e4.<\/li>\n<li><strong>\uc2e0\uc911\ud55c \uc811\uadfc:<\/strong> \uacbd\ud5d8\uc5d0 \ub300\ud55c \uba85\ud655\ud55c \uc758\ub3c4\ub97c \uac00\uc9c0\uace0 \uc2e0\uc911\ud558\uac8c RAPE SNUFF \uc720\uce7c\ub9bd\ud22c\ub97c \uc0ac\uc6a9\ud558\ub294 \uac83\uc774 \uc88b\uc2b5\ub2c8\ub2e4.<\/li>\n<li><strong>\ubcf5\uc6a9\ub7c9:<\/strong> \ubcf5\uc6a9\ub7c9: \ubcf5\uc6a9\ub7c9\uc740 \uac1c\uc778\ub9c8\ub2e4 \ub2e4\ub974\ubbc0\ub85c \uc18c\ub7c9\uc73c\ub85c \uc2dc\uc791\ud558\uc5ec \ud3b8\uc548\ud568\uc5d0 \ub530\ub77c \uc870\uc808\ud558\uc138\uc694.<\/li>\n<\/ol>\n<h3><strong>\ub2e4\ub978 \uc774\ub984\uc73c\ub85c\ub3c4 \uc54c\ub824\uc838 \uc788\uc2b5\ub2c8\ub2e4:<\/strong><\/h3>\n<p><em>\uc6d0\uc8fc\ubbfc \ubc0f \uc601\uc801 \uc11c\ud074\uc758 \ub300\uccb4 \uc774\ub984<\/em><\/p>\n<ol>\n<li><strong>\uc720\uce7c\ub9bd\ud22c\uc2a4 \uc2a4\ub108\ud504:<\/strong> \uc8fc\uc694 \uc2dd\ubb3c\uc131 \uc6d0\ub8cc\ub97c \ubc18\uc601\ud569\ub2c8\ub2e4.<\/li>\n<li><strong>\uc720\uce7c\ub9bd\ud22c\uc2a4 \uc78e \uc2a4\ub108\ud504:<\/strong> \ud5c8\ube0c\uc758 \uae30\uc6d0\uc744 \uc778\uc815\ud569\ub2c8\ub2e4.<\/li>\n<\/ol>\n<h6><strong>\ucc38\uace0:<\/strong><\/h6>\n<p>\ub9c8\uc580\ud0d1 \uc81c\ud488\uc740 100% \uc790\uc5f0\uc5d0\uc11c \uc5bb\uc740 \uc21c\uc218\ud55c \uc0c1\ud0dc\ub85c \uc6d0\uc8fc\ubbfc \ucee4\ubba4\ub2c8\ud2f0\uc5d0 \ud310\ub9e4\ub429\ub2c8\ub2e4. \uc5b4\ub5a4 \uc885\ub958\uc758 \uc0b4\ucda9\uc81c, \ud654\ud559\ubb3c\uc9c8, \uc81c\ucd08\uc81c \ub610\ub294 \uae30\ud0c0 \uc778\uacf5\uc801\uc778 \ubb3c\uc9c8\ub3c4 \ud3ec\ud568\ud558\uc9c0 \uc54a\uc2b5\ub2c8\ub2e4.<\/p>\n<h6><strong>\uba74\ucc45 \uc870\ud56d:<\/strong><\/h6>\n<ul>\n<li>\uc774 \uc81c\ud488\uc758 \uc774\ub7ec\ud55c \ud6a8\uacfc\ub294 \uace0\ub300 \uc804\ud1b5 \uc758\ud559\uc758 \uacbd\ud5d8\uc801 \uacbd\ud5d8\uc5d0 \uc758\ud574 \uc6b0\uc218\ud55c \uacb0\uacfc\ub85c \ub4b7\ubc1b\uce68\ub429\ub2c8\ub2e4. \uc815\ud655\ud55c \uc6a9\ub7c9 \ub0b4\uc5d0\uc11c \ud22c\uc5ec\ud560 \uacbd\uc6b0 \uc720\ud574\ud55c \ubd80\uc791\uc6a9\uc774 \uc5c6\uc2b5\ub2c8\ub2e4. \uadf8\ub7ec\ub098 \uc5ec\uae30\uc11c \ud655\uc778\ub41c \uc815\ubcf4\ub294 \uacb0\ucf54 \uc758\ud559\uc801 \ud310\ub2e8\uc774\ub098 \ucc98\ubc29\uc774 \uc544\ub2d9\ub2c8\ub2e4.<\/li>\n<li>\uc774\ub7ec\ud55c \ucc9c\uc5f0 \uc81c\ud488\uc758 \uc0ac\uc6a9\uc740 \uc758\ub8cc \uc0c1\ub2f4\uc744 \ub300\uccb4\ud560 \uc218 \uc5c6\uc2b5\ub2c8\ub2e4.<\/li>\n<li>\ubaa8\ub4e0 \uc81c\ud488\uc740 \uc6d0\uc0b0\uc9c0 \uad6d\uac00\uc5d0\uc11c \ud569\ubc95\uc801\uc774\uba70, \ubaa9\uc801\uc9c0 \uad6d\uac00\uc5d0\uc11c\uc758 \uc801\ubc95\uc131\uc744 \uc870\uc0ac\ud558\ub294 \uac83\uc740 \uace0\uac1d\uc758 \ucc45\uc784\uc785\ub2c8\ub2e4.<\/li>\n<li>\uc774 \ubb38\uc11c\uc5d0 \ud3ec\ud568\ub41c \uc9c4\uc220 \ubc0f \uc6f9\uc0ac\uc774\ud2b8 \ub9c1\ud06c\ub294 FDA \ubc0f \uad6d\uc81c \uc2dd\ud488\uc758\uc57d \ub2f9\uad6d\uc758 \ud3c9\uac00\ub97c \uac70\uce58\uc9c0 \uc54a\uc558\uc2b5\ub2c8\ub2e4.<\/li>\n<li>\ub2f9\uc0ac \uc81c\ud488\uc758 \uc9c8\ubcd1\uc774\ub098 \uc9c8\ud658\uc758 \uce58\ub8cc, \uc608\ubc29 \ub610\ub294 \uc644\ud654\uc5d0 \ub300\ud55c \ub2a5\ub825\uc774\ub098 \ud6a8\ub2a5\uc5d0 \ub300\ud55c \uc758\ud559\uc801 \uc8fc\uc7a5\uc744 \uc554\uc2dc\ud558\uc9c0 \uc54a\uc2b5\ub2c8\ub2e4.<\/li>\n<li>\ub2f9\uc0ac \uc81c\ud488\uc758 \uc0ac\uc6a9 \ubc0f \uc801\uc6a9\uc740 \uc804\uc801\uc73c\ub85c \uace0\uac1d\uc758 \ucc45\uc784\uc785\ub2c8\ub2e4.<\/li>\n<\/ul>\n","protected":false},"excerpt":{"rendered":"<p>\uac15\uac04 \uc2a4\ub108\ud504 \uc720\uce7c\ub9bd\ud1a0 (\uc720\uce7c\ub9bd\ud22c\uc2a4) &nbsp; \uc81c\ud488\uc5d0 \ub300\ud55c \uc124\uba85: \uac15\uac04 \uc2a4\ub108\ud504 \uc720\uce7c\ub9bd\ud1a0 \uce7c\ub9bd\ud22c\uc2a4 \ub098\ubb34\uc758 \uc78e\uc73c\ub85c \ub9cc\ub4e0 \ub3c5\ud2b9\ud558\uace0 \ud5a5\uae30\ub85c\uc6b4 \uc2a4\ub108\ud504\uc785\ub2c8\ub2e4. \ubbf8\uc138\ud558\uac8c \uac00\ub8e8\ub85c<\/p>\n","protected":false},"featured_media":19393,"comment_status":"open","ping_status":"closed","template":"","meta":{"_joinchat":[],"jetpack_publicize_message":"","jetpack_publicize_feature_enabled":true,"jetpack_social_post_already_shared":true,"jetpack_social_options":{"image_generator_settings":{"template":"highway","default_image_id":0,"font":"","enabled":false},"version":2}},"product_brand":[],"product_cat":[1054,1181],"product_tag":[],"giftcard-category":[],"class_list":{"0":"post-62362","1":"product","2":"type-product","3":"status-publish","4":"has-post-thumbnail","6":"product_cat-dhl--fedex","7":"product_cat-1181","8":"product_shipping_class-1055","10":"first","11":"instock","12":"sale","13":"taxable","14":"shipping-taxable","15":"purchasable","16":"product-type-variable"},"jetpack_publicize_connections":[],"jetpack-related-posts":[{"id":62227,"url":"https:\/\/mayantop.com\/ko\/\uc81c\ud488\/%eb%9e%a9-%ec%8a%a4%eb%84%88%ed%94%84-%eb%af%bc%ed%8a%b8-%eb%a9%98%ed%83%80-%ec%b2%9c%ec%97%b0-%ec%8b%9d%eb%ac%bc-%eb%b6%84%eb%a7%90\/","url_meta":{"origin":62362,"position":0},"title":"\ub7a9 \uc2a4\ub108\ud504 \ubbfc\ud2b8 \/ 5gr \/ - (\uba58\ud0c0) - 100 % \ucc9c\uc5f0 \uc2dd\ubb3c \ubd84\ub9d0","author":"Nicolas Rios","date":"2021\ub144 12\uc6d4 07\uc77c","format":false,"excerpt":"\uac15\uac04 \uc2a4\ub108\ud504 \ubbfc\ud2b8 \ud310\ub9e4 (\uba58\ud0c0) \u00a0 \uc81c\ud488\uc5d0 \ub300\ud55c \uc124\uba85: \ub7a9 \uc2a4\ub108\ud504 \ubbfc\ud2b8 \uba58\ud0c0 \uc2dd\ubb3c(\uacfc\ud559\uba85: \uba58\ud0c0)\uc758 \uc78e\uc73c\ub85c \ub9cc\ub4e0 \ub3c5\ud2b9\ud558\uace0 \uc0c1\ucf8c\ud55c \uc2a4\ub108\ud504\uc785\ub2c8\ub2e4. \ubbfc\ud2b8\uc758 \uc0c1\ucf8c\ud55c \uc5d0\uc13c\uc2a4\uc640 \uc2e0\uc131\ud55c \uc2a4\ub108\ud504\uc758 \uae4a\uc740 \ud6a8\uacfc\ub97c \uacb0\ud569\ud558\uc5ec \ub3c5\ud2b9\ud55c \uac10\uac01\uc801 \uacbd\ud5d8\uc744 \uc120\uc0ac\ud569\ub2c8\ub2e4. \uc774 \uc81c\ud488\uc740 \uac10\uac01\uc744 \uc77c\uae68\uc6b0\uace0 \uc815\uc2e0\uc744 \ub9d1\uac8c \ud558\ub294 \ud6a8\ub2a5\uc73c\ub85c \ub192\uc774 \ud3c9\uac00\ubc1b\uace0 \uc788\uc2b5\ub2c8\ub2e4. \uc81c\ud488\uc758 \uc7a5\ub2e8\uc810: \uc7a5\uc810: \ud65c\ub825\uc744 \uc90d\ub2c8\ub2e4: \ubbfc\ud2b8 \ud5a5\uacfc\u2026","rel":"","context":"\uc720\uc0ac\ud55c \uac8c\uc2dc\ubb3c","block_context":{"text":"\uc720\uc0ac\ud55c \uac8c\uc2dc\ubb3c","link":""},"img":{"alt_text":"Tabac \u00e0 tabac \u00e0 la menthe -RAP\u00c9 TABAC MENTHE \ub7a9 \uc2a4\ub108\ud504 \ubbfc\ud2b8","src":"https:\/\/i0.wp.com\/mayantop.com\/wp-content\/uploads\/2021\/12\/Rape-04-2.jpg?resize=350%2C200&ssl=1","width":350,"height":200,"srcset":"https:\/\/i0.wp.com\/mayantop.com\/wp-content\/uploads\/2021\/12\/Rape-04-2.jpg?resize=350%2C200&ssl=1 1x, https:\/\/i0.wp.com\/mayantop.com\/wp-content\/uploads\/2021\/12\/Rape-04-2.jpg?resize=525%2C300&ssl=1 1.5x, https:\/\/i0.wp.com\/mayantop.com\/wp-content\/uploads\/2021\/12\/Rape-04-2.jpg?resize=700%2C400&ssl=1 2x"},"classes":[]},{"id":62259,"url":"https:\/\/mayantop.com\/ko\/\uc81c\ud488\/%ea%b0%95%ea%b0%84-%ec%8a%a4%eb%84%88%ed%94%84-%ed%9b%84%ec%95%94%eb%b9%84%ec%82%ac-%ea%b0%95%ed%95%98%ea%b3%a0-%ec%8b%a0%eb%b9%84%eb%a1%9c\/","url_meta":{"origin":62362,"position":1},"title":"\uac15\uac04 \uc2a4\ub108\ud504 \ud6c4\uc554\ube44\uc0ac \/ 5gr\uc5d0\uc11c 100gr \/ - (Diplopterys Cabrerana)-\uac15\ud558\uace0 \uc2e0\ube44\ub85c\uc6b4 \ubb3c\ud478\ub808 \ub098\ubb34 \uc78e","author":"Nicolas Rios","date":"2021\ub144 12\uc6d4 07\uc77c","format":false,"excerpt":"\uac15\uac04 \uc2a4\ub108\ud504 \ud6c4\uc554\ube44\uc0ac \ud310\ub9e4 (\ub514\ud50c\ub85c\ud504\ud14c\ub9ac\uc2a4 \uce74\ube0c\ub808\ub77c\ub098) \u00a0 \uc81c\ud488\uc5d0 \ub300\ud55c \uc124\uba85: \uac15\uac04 \uc2a4\ub108\ud504 \ud6c4\uc554\ube44\uc0ac \uc815\ub825 \uc131\ubd84\uc73c\ub85c \uc720\uba85\ud55c \uc2dd\ubb3c\uc778 \ub514\ud50c\ub85c\ud504\ud14c\ub9ac\uc2a4 \uce74\ube0c\ub808\ub77c\ub098\uc758 \uc78e\uc73c\ub85c \ub9cc\ub4e0 \uc874\uacbd\ubc1b\ub294 \uc2e0\uc131\ud55c \uc2a4\ub108\ud504\uc785\ub2c8\ub2e4. \uc774 \uc2e0\uc131\ud55c \uc2a4\ub108\ud504\ub294 \uc218\uc138\uae30 \ub3d9\uc548 \uc544\ub9c8\uc874\uc758 \uc804\ud1b5 \uc758\uc2dd\uacfc \uc0e4\uba38\ub2c8\uc998 \uad00\uc2b5\uc5d0 \uc0ac\uc6a9\ub418\uc5b4 \uc654\uc2b5\ub2c8\ub2e4. \uc21c\ub3c4\uc640 \ud6a8\uacfc\ub97c \ubcf4\uc7a5\ud558\uae30 \uc704\ud574 \uc138\uc2ec\ud55c \uc8fc\uc758\ub97c \uae30\uc6b8\uc5ec \uc81c\uc870\ub418\uc5b4 \uc601\uc801 \ud0d0\ud5d8\uc744 \uc704\ud55c \uac15\ub825\ud55c \ub3c4\uad6c\ub85c \uc0ac\uc6a9\ub429\ub2c8\ub2e4.\u2026","rel":"","context":"\uc720\uc0ac\ud55c \uac8c\uc2dc\ubb3c","block_context":{"text":"\uc720\uc0ac\ud55c \uac8c\uc2dc\ubb3c","link":""},"img":{"alt_text":"\uac15\uac04 \uc2a4\ub108\ud504 \ud6c4\uc554\ube44\uc0ac","src":"https:\/\/i0.wp.com\/mayantop.com\/wp-content\/uploads\/2021\/12\/rape-yopo.jpg?resize=350%2C200&ssl=1","width":350,"height":200,"srcset":"https:\/\/i0.wp.com\/mayantop.com\/wp-content\/uploads\/2021\/12\/rape-yopo.jpg?resize=350%2C200&ssl=1 1x, https:\/\/i0.wp.com\/mayantop.com\/wp-content\/uploads\/2021\/12\/rape-yopo.jpg?resize=525%2C300&ssl=1 1.5x, https:\/\/i0.wp.com\/mayantop.com\/wp-content\/uploads\/2021\/12\/rape-yopo.jpg?resize=700%2C400&ssl=1 2x"},"classes":[]},{"id":63129,"url":"https:\/\/mayantop.com\/ko\/\uc81c\ud488\/%ea%b0%95%ea%b0%84-%ec%8a%a4%eb%84%88%ed%94%84-%ec%b9%b4%eb%84%ac%eb%9d%bc-%ec%8b%9c%eb%82%98%eb%aa%a8%eb%ad%84-%eb%b2%a0%eb%a3%b8-100-%ec%b2%9c%ec%97%b0\/","url_meta":{"origin":62362,"position":2},"title":"\uac15\uac04 \uc2a4\ub108\ud504 \uce74\ub12c\ub77c \/ 5gr\uc5d0\uc11c 100gr \/ - (\uc2dc\ub098\ubaa8\ubb44 \ubca0\ub8f8) - 100 % \ucc9c\uc5f0 \uc2dd\ubb3c \ubd84\ub9d0","author":"Nicolas Rios","date":"2021\ub144 12\uc6d4 07\uc77c","format":false,"excerpt":"\uac15\uac04 \uc2a4\ub108\ud504 \uce74\ub12c\ub77c (\uc2dc\ub098\ubaa8\ubb44 \ubca0\ub8f8) \u00a0 \uc81c\ud488\uc5d0 \ub300\ud55c \uc124\uba85: \uac15\uac04 \uc2a4\ub108\ud504 \uce74\ub12c\ub77c \uc9c4\uc9dc \uacc4\ud53c\ub77c\uace0\ub3c4 \uc54c\ub824\uc9c4 \uc2dc\ub098\ubaa8\ubb44 \ubca0\ub8f8\uc744 \ubbf8\uc138\ud558\uac8c \uac00\ub8e8\ub85c \ub9cc\ub4e0 \ub3c5\ud2b9\ud558\uace0 \ud5a5\uae30\ub85c\uc6b4 \uc544\ub9c8\uc874 \uc2a4\ub108\ud504\uc785\ub2c8\ub2e4. \uc774 \uc2a4\ub108\ud504\ub294 \uc544\ub9c8\uc874 \uc5f4\ub300\uc6b0\ub9bc\uc758 \uc6d0\uc8fc\ubbfc \ubb38\ud654\uc758 \ud48d\ubd80\ud55c \uc804\ud1b5\uacfc \uae4a\uc774 \uc5bd\ud600 \uc788\uc2b5\ub2c8\ub2e4. \uc544\ub9c8\uc874\uc758 \ud759 \ub0b4\uc74c\uacfc \uc9c4\uc815\ud55c \uc2dc\ub098\ubaac\uc758 \ub2ec\ucf64\ud558\uace0 \ub9e4\ucf64\ud55c \ud5a5\uc774 \uc5b4\uc6b0\ub7ec\uc838 \ub2e4\ub978 \uc5b4\ub5a4 \ud5a5\uacfc\ub3c4 \ube44\uad50\ud560 \uc218 \uc5c6\ub294\u2026","rel":"","context":"\uc720\uc0ac\ud55c \uac8c\uc2dc\ubb3c","block_context":{"text":"\uc720\uc0ac\ud55c \uac8c\uc2dc\ubb3c","link":""},"img":{"alt_text":"Tabac \u00e0 priser Canela - RAP\u00c9 TABAC CANELA \uac15\uac04 \uc2a4\ub108\ud504 \uce74\ub12c\ub77c","src":"https:\/\/i0.wp.com\/mayantop.com\/wp-content\/uploads\/2021\/12\/Rape-06-3.jpg?resize=350%2C200&ssl=1","width":350,"height":200,"srcset":"https:\/\/i0.wp.com\/mayantop.com\/wp-content\/uploads\/2021\/12\/Rape-06-3.jpg?resize=350%2C200&ssl=1 1x, https:\/\/i0.wp.com\/mayantop.com\/wp-content\/uploads\/2021\/12\/Rape-06-3.jpg?resize=525%2C300&ssl=1 1.5x, https:\/\/i0.wp.com\/mayantop.com\/wp-content\/uploads\/2021\/12\/Rape-06-3.jpg?resize=700%2C400&ssl=1 2x"},"classes":[]},{"id":62376,"url":"https:\/\/mayantop.com\/ko\/\uc81c\ud488\/%ea%b0%95%ea%b0%84-%ec%8a%a4%eb%84%88%ed%94%84-%ea%b5%ac%ec%95%84%eb%b0%94-%ec%9e%89%ea%b0%80-%ec%97%90%eb%91%98%eb%a6%ac%ec%8a%a4-%ec%9e%90%ec%97%b0%ec%8a%a4\/","url_meta":{"origin":62362,"position":3},"title":"\uac15\uac04 \uc2a4\ub2c8\ud504-\uad6c\uc544\ubc14 \/ 5gr\uc5d0\uc11c 100gr \/ - (\uc789\uac00 \uc5d0\ub458\ub9ac\uc2a4) - \uc790\uc5f0\uc2a4\ub7fd\uace0 \uac15\ud55c \ubb3c\ud478\ub808 \ub098\ubb34 \uaecd\uc9c8","author":"Nicolas Rios","date":"2021\ub144 12\uc6d4 07\uc77c","format":false,"excerpt":"\uac15\uac04 \uc2a4\ub108\ud504 \uad6c\uc544\ubc14 \ud310\ub9e4 (\uc789\uac00 \uc5d0\ub458\ub9ac\uc2a4) \u00a0 \uc81c\ud488\uc5d0 \ub300\ud55c \uc124\uba85: \uac15\uac04 \uc2a4\ub108\ud504 \uad6c\uc544\ubc14\ub294 \uc544\ub9c8\uc874 \uc6d0\uc8fc\ubbfc \ubb38\ud654\uc5d0\uc11c \uc804\ud1b5\uc801\uc73c\ub85c \uc0ac\uc6a9\ub418\uc5b4 \uc628 \uc2e0\uc131\ud55c \uc2a4\ub108\ud504\uc785\ub2c8\ub2e4. \uc789\uac00 \uc5d0\ub458\ub9ac\uc2a4 \uc2dd\ubb3c\uc758 \uc528\uc557\uc73c\ub85c \ub9cc\ub4e0 \uc774 \ubbf8\uc138\ud55c \uac00\ub8e8 \uc2a4\ub108\ud504\ub294 \uc0e4\uba38\ub2c8\uc998 \uc758\uc2dd\uacfc \uc601\uc801 \uc218\ud589\uc5d0 \uc624\ub7ab\ub3d9\uc548 \uc0ac\uc6a9\ub418\uc5b4 \uc654\uc2b5\ub2c8\ub2e4. \uc21c\ub3c4\uc640 \ud6a8\ub2a5\uc744 \uc720\uc9c0\ud558\uae30 \uc704\ud574 \uc138\uc2ec\ud55c \uc8fc\uc758\ub97c \uae30\uc6b8\uc5ec \uc81c\uc870\ub418\ubbc0\ub85c \uc601\uc801 \ud1b5\ucc30\ub825\uacfc \uce58\uc720\ub97c \uc6d0\ud558\ub294 \ubd84\ub4e4\uc5d0\uac8c\u2026","rel":"","context":"\uc720\uc0ac\ud55c \uac8c\uc2dc\ubb3c","block_context":{"text":"\uc720\uc0ac\ud55c \uac8c\uc2dc\ubb3c","link":""},"img":{"alt_text":"Racine de tabac \u00e0 priser Guaba - RAP\u00c9 TABAC GUABA \uac15\uac04 \uc2a4\ub108\ud504 \uad6c\uc544\ubc14","src":"https:\/\/i0.wp.com\/mayantop.com\/wp-content\/uploads\/2021\/12\/Rape-06-1.jpg?resize=350%2C200&ssl=1","width":350,"height":200,"srcset":"https:\/\/i0.wp.com\/mayantop.com\/wp-content\/uploads\/2021\/12\/Rape-06-1.jpg?resize=350%2C200&ssl=1 1x, https:\/\/i0.wp.com\/mayantop.com\/wp-content\/uploads\/2021\/12\/Rape-06-1.jpg?resize=525%2C300&ssl=1 1.5x, https:\/\/i0.wp.com\/mayantop.com\/wp-content\/uploads\/2021\/12\/Rape-06-1.jpg?resize=700%2C400&ssl=1 2x"},"classes":[]},{"id":63118,"url":"https:\/\/mayantop.com\/ko\/\uc81c\ud488\/%ea%b0%95%ea%b0%84-%ec%8a%a4%eb%84%88%ed%94%84-%ec%b9%b4%ec%b9%b4%ec%98%a4-%ed%85%8c%ec%98%a4%eb%b8%8c%eb%a1%9c%eb%a7%88-%ec%b9%b4%ec%b9%b4%ec%98%a4-%ec%9e%90\/","url_meta":{"origin":62362,"position":4},"title":"\uac15\uac04 \uc2a4\ub2c8\ud504-\uce74\uce74\uc624 \/ 5gr\uc5d0\uc11c 100gr \/-(\ud14c\uc624\ube0c\ub85c\ub9c8 \uce74\uce74\uc624)-\uc790\uc5f0\uc2a4\ub7fd\uace0 \uac15\ud55c \uc7ac\ub098\ubb34 \uaecd\uc9c8","author":"Nicolas Rios","date":"2021\ub144 12\uc6d4 07\uc77c","format":false,"excerpt":"\uac15\uac04 \uc2a4\ub108\ud504 \uce74\uce74\uc624 (\ud14c\uc624\ube0c\ub85c\ub9c8 \uce74\uce74\uc624) \u00a0 \uc81c\ud488\uc5d0 \ub300\ud55c \uc124\uba85: \uce74\uce74\uc624\ub098\ubb34\ub77c\uace0\ub3c4 \uc54c\ub824\uc9c4 \ud14c\uc624\ube0c\ub85c\ub9c8 \uce74\uce74\uc624\ub97c \ubbf8\uc138\ud558\uac8c \uac00\ub8e8\ub85c \ub9cc\ub4e4\uc5b4 \ub3c5\ud2b9\ud558\uace0 \ud5a5\uae30\ub85c\uc6b4 \uc544\ub9c8\uc874 \uc2a4\uac15\uac04 \uc2a4\ub108\ud504 \uce74\uce74\uc624. \uc774 \uc2a4\ub108\ud504\ub294 \uc544\ub9c8\uc874 \uc5f4\ub300\uc6b0\ub9bc\uc758 \uc6d0\uc8fc\ubbfc \ubb38\ud654 \uc804\ud1b5\uc5d0 \uae4a\uc774 \ubfcc\ub9ac\ub97c \ub450\uace0 \uc788\uc2b5\ub2c8\ub2e4. \uc544\ub9c8\uc874\uc758 \ud759 \ub0b4\uc74c\uacfc \uce74\uce74\uc624\uc758 \ud48d\ubd80\ud558\uace0 \ud1f4\ud3d0\uc801\uc778 \ud5a5\uc774 \uc5b4\uc6b0\ub7ec\uc838 \ub2e4\ub978 \uc5b4\ub5a4 \uac83\uacfc\ub3c4 \ube44\uad50\ud560 \uc218 \uc5c6\ub294 \uac10\uac01\uc801\uc778 \uacbd\ud5d8\uc744 \uc120\uc0ac\ud569\ub2c8\ub2e4.\u2026","rel":"","context":"\uc720\uc0ac\ud55c \uac8c\uc2dc\ubb3c","block_context":{"text":"\uc720\uc0ac\ud55c \uac8c\uc2dc\ubb3c","link":""},"img":{"alt_text":"Tabac de colza Cacao -RAP\u00c9 TABAC CACAO \uac15\uac04 \uc2a4\ub108\ud504 \uce74\uce74\uc624","src":"https:\/\/i0.wp.com\/mayantop.com\/wp-content\/uploads\/2021\/12\/Rape-07-4.jpg?resize=350%2C200&ssl=1","width":350,"height":200,"srcset":"https:\/\/i0.wp.com\/mayantop.com\/wp-content\/uploads\/2021\/12\/Rape-07-4.jpg?resize=350%2C200&ssl=1 1x, https:\/\/i0.wp.com\/mayantop.com\/wp-content\/uploads\/2021\/12\/Rape-07-4.jpg?resize=525%2C300&ssl=1 1.5x, https:\/\/i0.wp.com\/mayantop.com\/wp-content\/uploads\/2021\/12\/Rape-07-4.jpg?resize=700%2C400&ssl=1 2x"},"classes":[]},{"id":62421,"url":"https:\/\/mayantop.com\/ko\/\uc81c\ud488\/%ea%b0%95%ea%b0%84-%ec%8a%a4%eb%84%88%ed%94%84-%eb%94%94%ec%98%a4%eb%a1%9d%ec%82%ac%ec%98%a4-%ec%bf%a0%eb%a7%90%eb%9d%bc-%ed%8c%8c%ec%83%a4-%ec%b9%b4-%ea%b0%95\/","url_meta":{"origin":62362,"position":5},"title":"\uac15\uac04 \uc2a4\ub108\ud504 \ub514\uc624\ub85d\uc0ac\uc624 \/ 5gr\uc5d0\uc11c 100gr \/ - (\ucfe0\ub9d0\ub77c + \ud30c\uc0e4 \uce74) - \uac15\ud558\uace0 \uc2e0\ube44\ub85c\uc6b4 \uc7ac \ucd94\ucd9c\ubb3c","author":"Nicolas Rios","date":"2021\ub144 12\uc6d4 07\uc77c","format":false,"excerpt":"\uac15\uac04 \uc2a4\ub108\ud504 \ub514\uc624\ub85d\uc0ac\uc624 (\ucfe0\ub9d0\ub77c + \ud30c\uc0e4\uce74) \u00a0 \uc81c\ud488\uc5d0 \ub300\ud55c \uc124\uba85: \uac15\uac04 \uc2a4\ub108\ud504 \ub514\uc624\ub85d\uc0ac\uc624 \uac00\uc9c0 \uac15\ub825\ud55c \uc2dd\ubb3c \uc131\ubd84\uc778 \ucfe0\ub9d0\ub77c\uc640 \ud30c\uc0e4\uce74\uc758 \uc870\ud569\uc73c\ub85c \ub9cc\ub4e0 \ub3c5\ud2b9\ud558\uace0 \uc2e0\uc131\ud55c \uc2a4\ub108\ud504 \ube14\ub80c\ub4dc\uc785\ub2c8\ub2e4. \uc774 \ubbf8\uc138\ud55c \ud30c\uc6b0\ub354 \uc2a4\ub108\ud504\ub294 \uc601\uc801\uc774\uace0 \ub0b4\uc131\uc801\uc778 \ud2b9\uc131\uc73c\ub85c \uc720\uba85\ud569\ub2c8\ub2e4. \ud1a0\ucc29 \uc2a4\ub108\ud504 \uc0ac\uc6a9\uc758 \ud48d\ubd80\ud55c \uc804\ud1b5\uc5d0 \ub530\ub77c \uc0ac\uc6a9\uc790\uc5d0\uac8c \uc2ec\uc624\ud558\uace0 \uae4a\uc774 \uc5f0\uacb0\ub41c \uacbd\ud5d8\uc744 \uc120\uc0ac\ud569\ub2c8\ub2e4. \ub7a9 \uc2a4\ub108\ud504 \ub514\uc694\ub85d\uc0ac\uc624\ub294 \uc21c\ub3c4\uc640 \uc815\ud1b5\uc131\uc744\u2026","rel":"","context":"\uc720\uc0ac\ud55c \uac8c\uc2dc\ubb3c","block_context":{"text":"\uc720\uc0ac\ud55c \uac8c\uc2dc\ubb3c","link":""},"img":{"alt_text":"Tabac \u00e0 base de colza Dyooroxao - RAP\u00c9 TABAC DYOOROXAO \uac15\uac04 \uc2a4\ub108\ud504 \ub514\uc624\ub85d\uc0ac\uc624","src":"https:\/\/i0.wp.com\/mayantop.com\/wp-content\/uploads\/2021\/12\/Rape-04-3.jpg?resize=350%2C200&ssl=1","width":350,"height":200,"srcset":"https:\/\/i0.wp.com\/mayantop.com\/wp-content\/uploads\/2021\/12\/Rape-04-3.jpg?resize=350%2C200&ssl=1 1x, https:\/\/i0.wp.com\/mayantop.com\/wp-content\/uploads\/2021\/12\/Rape-04-3.jpg?resize=525%2C300&ssl=1 1.5x, https:\/\/i0.wp.com\/mayantop.com\/wp-content\/uploads\/2021\/12\/Rape-04-3.jpg?resize=700%2C400&ssl=1 2x"},"classes":[]}],"jetpack_sharing_enabled":true,"_links":{"self":[{"href":"https:\/\/mayantop.com\/ko\/wp-json\/wp\/v2\/product\/62362","targetHints":{"allow":["GET"]}}],"collection":[{"href":"https:\/\/mayantop.com\/ko\/wp-json\/wp\/v2\/product"}],"about":[{"href":"https:\/\/mayantop.com\/ko\/wp-json\/wp\/v2\/types\/product"}],"replies":[{"embeddable":true,"href":"https:\/\/mayantop.com\/ko\/wp-json\/wp\/v2\/comments?post=62362"}],"version-history":[{"count":3,"href":"https:\/\/mayantop.com\/ko\/wp-json\/wp\/v2\/product\/62362\/revisions"}],"predecessor-version":[{"id":69648,"href":"https:\/\/mayantop.com\/ko\/wp-json\/wp\/v2\/product\/62362\/revisions\/69648"}],"wp:featuredmedia":[{"embeddable":true,"href":"https:\/\/mayantop.com\/ko\/wp-json\/wp\/v2\/media\/19393"}],"wp:attachment":[{"href":"https:\/\/mayantop.com\/ko\/wp-json\/wp\/v2\/media?parent=62362"}],"wp:term":[{"taxonomy":"product_brand","embeddable":true,"href":"https:\/\/mayantop.com\/ko\/wp-json\/wp\/v2\/product_brand?post=62362"},{"taxonomy":"product_cat","embeddable":true,"href":"https:\/\/mayantop.com\/ko\/wp-json\/wp\/v2\/product_cat?post=62362"},{"taxonomy":"product_tag","embeddable":true,"href":"https:\/\/mayantop.com\/ko\/wp-json\/wp\/v2\/product_tag?post=62362"},{"taxonomy":"giftcard-category","embeddable":true,"href":"https:\/\/mayantop.com\/ko\/wp-json\/wp\/v2\/giftcard-category?post=62362"}],"curies":[{"name":"wp","href":"https:\/\/api.w.org\/{rel}","templated":true}]}}