{"id":61895,"date":"2021-12-07T17:05:56","date_gmt":"2021-12-07T22:05:56","guid":{"rendered":"https:\/\/mayantop.com\/products\/%ea%b0%95%ea%b0%84-%ec%8a%a4%eb%8b%88%ed%94%84-%ed%8c%8c%ec%83%a4%ec%b9%b4-5gr%ec%97%90%ec%84%9c-100gr-%ec%8a%88%ec%a1%b8%eb%a1%ad%eb%b9%84%ec%9b%80-%ed%8c%8c%eb%9d%bc%ed%95%98%ec%9d%b4%eb%b2%94"},"modified":"2025-11-17T14:39:49","modified_gmt":"2025-11-17T19:39:49","slug":"%ea%b0%95%ea%b0%84-%ec%8a%a4%eb%84%88%ed%94%84-%ed%8c%8c%ec%83%a4%ec%b9%b4-%ec%8a%88%ec%a1%b8%eb%a1%ad%eb%b9%84%ec%9b%80-%ed%8c%8c%eb%9d%bc%ed%95%98%ec%9d%b4%eb%b2%94","status":"publish","type":"product","link":"https:\/\/mayantop.com\/ko\/\uc81c\ud488\/%ea%b0%95%ea%b0%84-%ec%8a%a4%eb%84%88%ed%94%84-%ed%8c%8c%ec%83%a4%ec%b9%b4-%ec%8a%88%ec%a1%b8%eb%a1%ad%eb%b9%84%ec%9b%80-%ed%8c%8c%eb%9d%bc%ed%95%98%ec%9d%b4%eb%b2%94\/","title":{"rendered":"\uac15\uac04 \uc2a4\ub2c8\ud504-\ud30c\uc0e4\uce74 \/ 5gr\uc5d0\uc11c 100gr \/ -(\uc288\uc878\ub86d\ube44\uc6c0 \ud30c\ub77c\ud558\uc774\ubc94)-\uc790\uc5f0\uc2a4\ub7fd\uace0 \uac15\ud55c \ubb3c\ud478\ub808 \ub098\ubb34 \uaecd\uc9c8"},"content":{"rendered":"<h2><strong>\uac15\uac04 \uc2a4\ub108\ud504 \ud30c\uc0e4\uce74 \ud310\ub9e4 (\uc2a4\ud0a4\uc878\ub85c\ube00 \ud30c\ub77c\ud558\uc774\ubc94)<\/strong><\/h2>\n<p>&nbsp;<\/p>\n<h3><strong>\uc81c\ud488\uc5d0 \ub300\ud55c \uc124\uba85:<\/strong><\/h3>\n<p>\uac15\uac04 \uc2a4\ub108\ud504 \ud30c\uc0e4\uce74 \uc26c\uc878\ub85c\ube44\uc6c0 \ud30c\ub77c\ud558\uc774\ubc94 \ub098\ubb34\uc758 \uc78e\uacfc \uc528\uc557\uc73c\ub85c \ub9cc\ub4e0 \uc2e0\uc131\ud55c \uac00\ub8e8\ub85c \ub9cc\ub4e0 \uc2a4\ub108\ud504\uc785\ub2c8\ub2e4. \uc774 \uc804\ud1b5\uc801\uc778 \uc544\ub9c8\uc874 \uc81c\uc81c\ub294 \uc6d0\uc8fc\ubbfc \uacf5\ub3d9\uccb4 \uc0ac\uc774\uc5d0\uc11c \uae4a\uc740 \ubb38\ud654\uc801, \uc601\uc801 \uc758\ubbf8\ub97c \uc9c0\ub2c8\uace0 \uc788\uc2b5\ub2c8\ub2e4. \uac15\ub825\ud558\uace0 \ub3c5\ud2b9\ud55c \ud2b9\uc131\uc73c\ub85c \uc778\ud574 \uc758\uc2dd\uacfc \uc758\uc2dd\uc758 \uc911\uc694\ud55c \ubd80\ubd84\uc73c\ub85c \uc54c\ub824\uc838 \uc788\uc2b5\ub2c8\ub2e4.<\/p>\n<h3><strong>\uc81c\ud488\uc758 \uc7a5\ub2e8\uc810:<\/strong><\/h3>\n<p><em>\uc7a5\uc810:<\/em><\/p>\n<ol>\n<li><strong>\uc601\uc801 \uc5f0\uacb0:<\/strong> \uac15\uac04 \uc2a4\ub108\ud504 \ud30c\uc0e4\uce74 \uc758\uc2dd\uc758 \ubcc0\ud654\ub41c \uc0c1\ud0dc\ub97c \uc720\ub3c4\ud558\uc5ec \uc2ec\uc624\ud55c \uc601\uc801 \uacbd\ud5d8\uacfc \uae4a\uc740 \uc131\ucc30\uc744 \ucd09\uc9c4\ud558\ub294 \ub2a5\ub825\uc73c\ub85c \ub192\uc774 \ud3c9\uac00\ubc1b\uace0 \uc788\uc2b5\ub2c8\ub2e4.<\/li>\n<li><strong>\uce58\ub8cc\uc801 \uc0ac\uc6a9:<\/strong> \uc815\uc11c\uc801 \ud574\ubc29, \uc5d0\ub108\uc9c0 \uc815\ud654, \uc815\uc2e0\uc801 \uba85\ub8cc\uc131\uc744 \ub3d5\ub294 \uce58\ub8cc \ud6a8\uacfc\uac00 \uc788\ub294 \uac83\uc73c\ub85c \uc54c\ub824\uc838 \uc788\uc2b5\ub2c8\ub2e4.<\/li>\n<li><strong>\ubb38\ud654\uc801 \uc911\uc694\uc131:<\/strong> \ud30c\uc0e4\uce74\ub294 \uc544\ub9c8\uc874 \uc804\ud1b5\uc5d0\uc11c \ud544\uc218\uc801\uc778 \uc5ed\ud560\uc744 \ud558\uba70 \uc870\uc0c1\uc758 \uc601\ud63c \ubc0f \uc790\uc5f0 \uc138\uacc4\uc640 \uc5f0\uacb0\ub418\ub294 \uc218\ub2e8\uc73c\ub85c \uc791\uc6a9\ud569\ub2c8\ub2e4.<\/li>\n<\/ol>\n<p><em>\ub2e8\uc810:<\/em><\/p>\n<ol>\n<li><strong>\ud6a8\ub2a5:<\/strong> \uac15\uac04 \uc2a4\ub108\ud504 \ud30c\uc0e4\uce74\uc758 \ud6a8\ub2a5\uc740 \uacbd\ud5d8\uc774 \uc5c6\ub294 \uc0ac\uc6a9\uc790\uc5d0\uac8c\ub294 \uc555\ub3c4\uc801\uc77c \uc218 \uc788\uc73c\uba70, \uc7a0\uc7ac\uc801\uc73c\ub85c \ubd88\ud3b8\ud568\uc774\ub098 \uba54\uc2a4\uaebc\uc6c0\uc744 \uc720\ubc1c\ud560 \uc218 \uc788\uc2b5\ub2c8\ub2e4.<\/li>\n<li><strong>\uc548\uc804 \ubb38\uc81c:<\/strong> \uc815\uc911\ud558\uace0 \uc548\uc804\ud55c \uacbd\ud5d8\uc744 \ubcf4\uc7a5\ud558\uae30 \uc704\ud574 \uc219\ub828\ub41c \uc0ac\ub78c\uc774 \uc758\uc2dd\uc801\uc778 \ub9e5\ub77d\uc5d0\uc11c \uc9c4\ud589\ud574\uc57c \ud569\ub2c8\ub2e4.<\/li>\n<li><strong>\ubc95\uc801 \uace0\ub824 \uc0ac\ud56d:<\/strong> \uc131\uc2a4\ub7ec\uc6b4 \uc2a4\ub108\ud504 \uc81c\ud488\uc758 \ud310\ub9e4 \ubc0f \uc0ac\uc6a9\uc740 \ud2b9\uc815 \uc9c0\uc5ed\uc5d0\uc11c \ubc95\uc801 \uc81c\ud55c\uc774 \uc801\uc6a9\ub420 \uc218 \uc788\uc2b5\ub2c8\ub2e4.<\/li>\n<\/ol>\n<h3><strong>\uc81c\ud488\uc5d0 \uc8fc\uc5b4\uc9c4 \uc6a9\ub3c4:<\/strong><\/h3>\n<p><em>\uc601\uc801 \ubc0f \uce58\ub8cc\uc801 \uc751\uc6a9<\/em><\/p>\n<ol>\n<li><strong>\uc601\uc801 \ud0d0\ud5d8:<\/strong> \ub77c\ud398 \uc2a4\ub204\ud504 \ud30c\uc0e4\uce74\ub294 \uc8fc\uc220\uc0ac\uc640 \uc601\uc801 \uad6c\ub3c4\uc790\ub4e4\uc774 \ub354 \ub192\uc740 \uc758\uc2dd \uc0c1\ud0dc\ub85c\uc758 \uc5ec\ud589\uc744 \ucd09\uc9c4\ud558\uace0 \uc2e0\uacfc \uc5f0\uacb0\ud558\uae30 \uc704\ud574 \uc0ac\uc6a9\ud569\ub2c8\ub2e4.<\/li>\n<li><strong>\uce58\uc720 \uc758\uc2dd:<\/strong> \uc6d0\uc8fc\ubbfc \ubb38\ud654\uc5d0\uc11c\ub294 \uc815\uc11c\uc801, \uc5d0\ub108\uc9c0\uc801 \ub9c9\ud798\uc744 \ud480\uace0, \uc815\uc2e0\uc801 \uba85\ub8cc\uc131\uc744 \uc99d\uc9c4\ud558\uba70, \uc815\uc11c\uc801 \uc6f0\ube59\uc744 \uc99d\uc9c4\ud558\uae30 \uc704\ud574 \uce58\uc720 \uc758\uc2dd\uc5d0 \uc774\ub97c \uc0ac\uc6a9\ud569\ub2c8\ub2e4.<\/li>\n<li>\uc815\uc2e0 \uc9d1\uc911\ub825<strong>:<\/strong> \uc815\uc2e0 \uc9d1\uc911\ub825\uacfc \uc778\uc2dd\ub825\uc744 \ud5a5\uc0c1\uc2dc\ucf1c \uc131\ucc30, \uba85\uc0c1, \uc790\uae30 \ubc1c\uacac\uc5d0 \ub3c4\uc6c0\uc774 \ub418\ub294 \uac83\uc73c\ub85c \uc54c\ub824\uc838 \uc788\uc2b5\ub2c8\ub2e4.<\/li>\n<\/ol>\n<h3><strong>\uc0ac\uc6a9 \ubc29\ubc95\uc5d0 \ub300\ud55c \uc9c0\uce68:<\/strong><\/h3>\n<p><em>\uc548\uc804\ud558\uace0 \uc2e0\uc131\ud55c \uc0ac\uc6a9<\/em><\/p>\n<ol>\n<li><strong>\uc900\ube44:<\/strong> \ub77c\ud398 \uc2a4\ub204\ud504 \ud30c\uc0e4\uce74\ub294 \uc219\ub828\ub41c \uc804\ubb38\uac00\uac00 \uc78e\uacfc \uc528\uc557\uc744 \uaf3c\uaf3c\ud558\uac8c \uac08\uace0, \uc6d0\ud558\ub294 \uacbd\uc6b0 \ub2e4\ub978 \uc2e0\uc131\ud55c \uc7ac\ub8cc\ub97c \ucd94\uac00\ud558\uc5ec \ub9cc\ub4ed\ub2c8\ub2e4.<\/li>\n<li><strong>\uad00\ub9ac:<\/strong> \uc77c\ubc18\uc801\uc73c\ub85c \uc8fc\uc220\uc0ac\ub098 \uac00\uc774\ub4dc\uac00 \ube14\ub85c\uc6b0 \ud30c\uc774\ud504 \ub610\ub294 \uc774\uc640 \uc720\uc0ac\ud55c \uc7a5\uce58\ub97c \uc0ac\uc6a9\ud558\uc5ec \uc2a4\ub108\ud504\ub97c \ud22c\uc5ec\ud558\uba70, \ubc1b\ub294 \uc0ac\ub78c\uc758 \ucf67\uad6c\uba4d\uc5d0 \ubd80\ub4dc\ub7fd\uac8c \ubd88\uc5b4\ub123\uc2b5\ub2c8\ub2e4.<\/li>\n<li><strong>\uc124\uc815:<\/strong> \uc758\uc2dd\uc774\ub098 \uc758\ub840\uc801\uc778 \ud658\uacbd\uc5d0\uc11c\ub9cc \uac15\uac04 \uc2a4\ub108\ud504 \ud30c\uc0e4\uce74\ub97c \uc0ac\uc6a9\ud558\uc5ec \uc2e0\uc131\ud558\uace0 \uc548\uc804\ud55c \ud658\uacbd\uc744 \uc870\uc131\ud558\ub294 \uac83\uc774 \uc911\uc694\ud569\ub2c8\ub2e4.<\/li>\n<li><strong>\uc758\ub3c4:<\/strong> \uc0ac\uc6a9 \uc804 \uc601\uc801 \uc131\uc7a5, \uc815\uc11c\uc801 \uce58\uc720, \uc790\uae30 \ud0d0\uc0c9 \ub4f1 \uacbd\ud5d8\uc5d0 \ub300\ud55c \uba85\ud655\ud55c \ubaa9\uc801\uc744 \uc124\uc815\ud558\uc138\uc694.<\/li>\n<\/ol>\n<h3><strong>\ub2e4\ub978 \uc774\ub984\uc73c\ub85c\ub3c4 \uc54c\ub824\uc838 \uc788\uc2b5\ub2c8\ub2e4:<\/strong><\/h3>\n<p><em>\uc804 \uc138\uacc4 \ub300\uccb4 \uc774\ub984<\/em><\/p>\n<ol>\n<li><strong>\uc2a4\ud0a4\uc878\ub85c\ube00 \ud30c\ub77c\ud558\uc774\ubc94 \uc2a4\ub108\ud504:<\/strong> \uc2dd\ubb3c\uc131 \uc6d0\ub8cc\uc778 \uc26c\uc878\ub86d\ube44\uc6c0 \ud30c\ub77c\ud558\uc774\ubc94 \ub098\ubb34\uc758 \uc774\ub984\uc744 \ub530\uc11c \uba85\uba85\ub418\uc5c8\uc2b5\ub2c8\ub2e4.<\/li>\n<li><strong>\uc544\ub9c8\uc874 \uc528\uc557 \uc2a4\ub108\ud504:<\/strong> \uc544\ub9c8\uc874 \ubb38\ud654\uc5d0\uc11c \uadf8 \uae30\uc6d0\uacfc \uc911\uc694\uc131\uc744 \ubc18\uc601\ud569\ub2c8\ub2e4.<\/li>\n<\/ol>\n<h6><strong>\ucc38\uace0:<\/strong><\/h6>\n<p>\ub9c8\uc580\ud0d1 \uc81c\ud488\uc740 100% \uc790\uc5f0\uc5d0\uc11c \uc5bb\uc740 \uc21c\uc218\ud55c \uc0c1\ud0dc\ub85c \uc6d0\uc8fc\ubbfc \ucee4\ubba4\ub2c8\ud2f0\uc5d0 \ud310\ub9e4\ub429\ub2c8\ub2e4. \uc5b4\ub5a4 \uc885\ub958\uc758 \uc0b4\ucda9\uc81c, \ud654\ud559\ubb3c\uc9c8, \uc81c\ucd08\uc81c \ub610\ub294 \uae30\ud0c0 \uc778\uacf5\uc801\uc778 \ubb3c\uc9c8\ub3c4 \ud3ec\ud568\ud558\uc9c0 \uc54a\uc2b5\ub2c8\ub2e4.<\/p>\n<h6><strong>\uba74\ucc45 \uc870\ud56d:<\/strong><\/h6>\n<ul>\n<li>\uc774 \uc81c\ud488\uc758 \uc774\ub7ec\ud55c \ud6a8\uacfc\ub294 \uace0\ub300 \uc804\ud1b5 \uc758\ud559\uc758 \uacbd\ud5d8\uc801 \uacbd\ud5d8\uc5d0 \uc758\ud574 \uc6b0\uc218\ud55c \uacb0\uacfc\ub85c \ub4b7\ubc1b\uce68\ub429\ub2c8\ub2e4. \uc815\ud655\ud55c \uc6a9\ub7c9 \ub0b4\uc5d0\uc11c \ud22c\uc5ec\ud558\uba74 \uc720\ud574\ud55c \ubd80\uc791\uc6a9\uc774 \uc5c6\uc2b5\ub2c8\ub2e4. \uadf8\ub7ec\ub098 \uc5ec\uae30\uc11c \ud655\uc778\ub41c \uc815\ubcf4\ub294 \uacb0\ucf54 \ubc95\ub839\uc774\ub098 \ucc98\ubc29\uc804\uc774 \uc544\ub2d9\ub2c8\ub2e4.<\/li>\n<li>\uc774\ub7ec\ud55c \ucc9c\uc5f0 \uc81c\ud488\uc758 \uc0ac\uc6a9\uc740 \uc758\ub8cc \uc0c1\ub2f4\uc744 \ub300\uccb4\ud560 \uc218 \uc5c6\uc2b5\ub2c8\ub2e4.<\/li>\n<li>\ubaa8\ub4e0 \uc81c\ud488\uc740 \uc6d0\uc0b0\uc9c0 \uad6d\uac00\uc5d0\uc11c \ud569\ubc95\uc801\uc774\uba70, \ubaa9\uc801\uc9c0 \uad6d\uac00\uc5d0\uc11c\uc758 \uc801\ubc95\uc131\uc744 \uc870\uc0ac\ud558\ub294 \uac83\uc740 \uace0\uac1d\uc758 \ucc45\uc784\uc785\ub2c8\ub2e4.<\/li>\n<li>\uc774 \ubb38\uc11c\uc5d0 \ud3ec\ud568\ub41c \uc9c4\uc220 \ubc0f \uc6f9\uc0ac\uc774\ud2b8 \ub9c1\ud06c\ub294 FDA \ubc0f \uad6d\uc81c \uc2dd\ud488\uc758\uc57d \ub2f9\uad6d\uc758 \ud3c9\uac00\ub97c \uac70\uce58\uc9c0 \uc54a\uc558\uc2b5\ub2c8\ub2e4.<\/li>\n<li>\ub2f9\uc0ac \uc81c\ud488\uc758 \uc9c8\ubcd1\uc774\ub098 \uc9c8\ud658\uc758 \uce58\ub8cc, \uc608\ubc29 \ub610\ub294 \uc644\ud654\uc5d0 \ub300\ud55c \ub2a5\ub825\uc774\ub098 \ud6a8\ub2a5\uc5d0 \ub300\ud55c \uc758\ud559\uc801 \uc8fc\uc7a5\uc744 \uc554\uc2dc\ud558\uc9c0 \uc54a\uc2b5\ub2c8\ub2e4.<\/li>\n<li>\ub2f9\uc0ac \uc81c\ud488\uc758 \uc0ac\uc6a9 \ubc0f \uc801\uc6a9\uc740 \uc804\uc801\uc73c\ub85c \uace0\uac1d\uc758 \ucc45\uc784\uc785\ub2c8\ub2e4.<\/li>\n<\/ul>\n","protected":false},"excerpt":{"rendered":"<p>\uac15\uac04 \uc2a4\ub108\ud504 \ud30c\uc0e4\uce74 \ud310\ub9e4 (\uc2a4\ud0a4\uc878\ub85c\ube00 \ud30c\ub77c\ud558\uc774\ubc94) &nbsp; \uc81c\ud488\uc5d0 \ub300\ud55c \uc124\uba85: \uac15\uac04 \uc2a4\ub108\ud504 \ud30c\uc0e4\uce74 \uc26c\uc878\ub85c\ube44\uc6c0 \ud30c\ub77c\ud558\uc774\ubc94 \ub098\ubb34\uc758 \uc78e\uacfc \uc528\uc557\uc73c\ub85c \ub9cc\ub4e0 \uc2e0\uc131\ud55c<\/p>\n","protected":false},"featured_media":19239,"comment_status":"open","ping_status":"closed","template":"","meta":{"_joinchat":[],"jetpack_publicize_message":"","jetpack_publicize_feature_enabled":true,"jetpack_social_post_already_shared":true,"jetpack_social_options":{"image_generator_settings":{"template":"highway","default_image_id":0,"font":"","enabled":false},"version":2}},"product_brand":[],"product_cat":[1054,1181],"product_tag":[],"giftcard-category":[],"class_list":{"0":"post-61895","1":"product","2":"type-product","3":"status-publish","4":"has-post-thumbnail","6":"product_cat-dhl--fedex","7":"product_cat-1181","8":"product_shipping_class-1055","10":"first","11":"instock","12":"sale","13":"taxable","14":"shipping-taxable","15":"purchasable","16":"product-type-variable"},"jetpack_publicize_connections":[],"jetpack-related-posts":[{"id":51359,"url":"https:\/\/mayantop.com\/es\/\uc81c\ud488\/changa-xhanga-o-xanga-100-dmt-puro-natural\/","url_meta":{"origin":61895,"position":0},"title":"CHANGA \/ 1gr a 5gr \/ - (Xhanga o Xanga) - 100% Puro DMT Natural","author":"Nicolas Rios","date":"2024\ub144 05\uc6d4 01\uc77c","format":false,"excerpt":"Changa - Nutrir tu viaje espiritual En el coraz\u00f3n m\u00edstico de la selva amaz\u00f3nica yace un secreto, un antiguo regalo de la propia Madre Naturaleza: la Pasta Chacruna. Un extraordinario brebaje derivado de las hojas de la venerada planta Psychotria viridis. Prep\u00e1rate para abrir la puerta de tu exploraci\u00f3n espiritual,\u2026","rel":"","context":"\uc720\uc0ac\ud55c \uac8c\uc2dc\ubb3c","block_context":{"text":"\uc720\uc0ac\ud55c \uac8c\uc2dc\ubb3c","link":""},"img":{"alt_text":"CHANGA \/ 1gr a 5gr \/ - (Xhanga o Xanga) - 100% Puro DMT Natural","src":"https:\/\/i0.wp.com\/mayantop.com\/wp-content\/uploads\/2024\/04\/Changa-3-1000px-600x600-1.jpg?resize=350%2C200&ssl=1","width":350,"height":200,"srcset":"https:\/\/i0.wp.com\/mayantop.com\/wp-content\/uploads\/2024\/04\/Changa-3-1000px-600x600-1.jpg?resize=350%2C200&ssl=1 1x, https:\/\/i0.wp.com\/mayantop.com\/wp-content\/uploads\/2024\/04\/Changa-3-1000px-600x600-1.jpg?resize=525%2C300&ssl=1 1.5x"},"classes":[]}],"jetpack_sharing_enabled":true,"_links":{"self":[{"href":"https:\/\/mayantop.com\/ko\/wp-json\/wp\/v2\/product\/61895","targetHints":{"allow":["GET"]}}],"collection":[{"href":"https:\/\/mayantop.com\/ko\/wp-json\/wp\/v2\/product"}],"about":[{"href":"https:\/\/mayantop.com\/ko\/wp-json\/wp\/v2\/types\/product"}],"replies":[{"embeddable":true,"href":"https:\/\/mayantop.com\/ko\/wp-json\/wp\/v2\/comments?post=61895"}],"version-history":[{"count":3,"href":"https:\/\/mayantop.com\/ko\/wp-json\/wp\/v2\/product\/61895\/revisions"}],"predecessor-version":[{"id":69598,"href":"https:\/\/mayantop.com\/ko\/wp-json\/wp\/v2\/product\/61895\/revisions\/69598"}],"wp:featuredmedia":[{"embeddable":true,"href":"https:\/\/mayantop.com\/ko\/wp-json\/wp\/v2\/media\/19239"}],"wp:attachment":[{"href":"https:\/\/mayantop.com\/ko\/wp-json\/wp\/v2\/media?parent=61895"}],"wp:term":[{"taxonomy":"product_brand","embeddable":true,"href":"https:\/\/mayantop.com\/ko\/wp-json\/wp\/v2\/product_brand?post=61895"},{"taxonomy":"product_cat","embeddable":true,"href":"https:\/\/mayantop.com\/ko\/wp-json\/wp\/v2\/product_cat?post=61895"},{"taxonomy":"product_tag","embeddable":true,"href":"https:\/\/mayantop.com\/ko\/wp-json\/wp\/v2\/product_tag?post=61895"},{"taxonomy":"giftcard-category","embeddable":true,"href":"https:\/\/mayantop.com\/ko\/wp-json\/wp\/v2\/giftcard-category?post=61895"}],"curies":[{"name":"wp","href":"https:\/\/api.w.org\/{rel}","templated":true}]}}