{"id":59458,"date":"2021-12-07T17:05:30","date_gmt":"2021-12-07T22:05:30","guid":{"rendered":"https:\/\/mayantop.com\/products\/%ea%b0%95%ea%b0%84-%ec%8a%a4%eb%84%88%ed%94%84-%ec%95%84%ec%a1%b0-%ec%82%ac%ec%b0%a8-5gr%ec%97%90%ec%84%9c-100gr-%eb%a7%8c%ec%86%8c%ec%95%84-%ec%95%8c%eb%a6%ac%ec%95%84%ec%8b%9c%ec%95%84-1"},"modified":"2025-11-18T11:07:23","modified_gmt":"2025-11-18T16:07:23","slug":"%ea%b0%95%ea%b0%84-%ec%8a%a4%eb%84%88%ed%94%84-%ec%95%84%ec%a1%b0-%ec%82%ac%ec%b0%a8-%eb%a7%8c%ec%86%8c%ec%95%84-%ec%95%8c%eb%a6%ac%ec%95%84%ec%8b%9c%ec%95%84-1","status":"publish","type":"product","link":"https:\/\/mayantop.com\/ko\/\uc81c\ud488\/%ea%b0%95%ea%b0%84-%ec%8a%a4%eb%84%88%ed%94%84-%ec%95%84%ec%a1%b0-%ec%82%ac%ec%b0%a8-%eb%a7%8c%ec%86%8c%ec%95%84-%ec%95%8c%eb%a6%ac%ec%95%84%ec%8b%9c%ec%95%84-1\/","title":{"rendered":"\uac15\uac04 \uc2a4\ub108\ud504 - \uc544\uc870 \uc0ac\ucc28 \/ 5gr\uc5d0\uc11c 100gr \/ - (\ub9cc\uc18c\uc544 \uc54c\ub9ac\uc544\uc2dc\uc544) - 100 % \ucc9c\uc5f0 \uc2dd\ubb3c \ubd84\ub9d0"},"content":{"rendered":"<h2><strong>\uac15\uac04 \uc2a4\ub108\ud504 \uc544\uc870 \uc0ac\ucc28 (\ub9cc\uc18c\uc544 \uc54c\ub9ac\uc544\uc2dc\uc544)<\/strong><\/h2>\n<p>&nbsp;<\/p>\n<h3><strong>\uc81c\ud488\uc5d0 \ub300\ud55c \uc124\uba85:<\/strong><\/h3>\n<p>\uac15\uac04 \uc2a4\ub108\ud504 \uc544\uc870 \uc0ac\ucc28 \uc544\ub9c8\uc874 \uc5f4\ub300\uc6b0\ub9bc\uc5d0\uc11c \uc720\ub798\ud55c \uc2e0\uc131\ud558\uace0 \uc874\uacbd\ubc1b\ub294 \uc2a4\ub108\ud504\ub85c, \uc6d0\uc8fc\ubbfc \ubb38\ud654\uad8c\uc5d0\uc11c \uc218 \uc138\ub300\uc5d0 \uac78\uccd0 \uc0ac\uc6a9\ub418\uc5b4 \uc654\uc2b5\ub2c8\ub2e4. \uc774 \uac15\ub825\ud55c \uc2a4\ub108\ud504\ub294 \uc77c\ubc18\uc801\uc73c\ub85c \uc544\uc870 \uc0ac\ucc28\ub77c\uace0 \uc54c\ub824\uc9c4 \ub9cc\uc18c\uc544 \uc54c\ub9ac\uc544\uc2dc\uc544\uc758 \uc78e\uc744 \uacf1\uac8c \uac00\ub8e8\ub85c \ub9cc\ub4e4\uc5b4\uc9d1\ub2c8\ub2e4. \ub3c5\ud2b9\ud55c \ud5a5\uacfc \uc2ec\uc624\ud55c \uc601\uc801 \ud2b9\uc131\uc73c\ub85c \uc720\uba85\ud558\uc5ec \uc0e4\uba38\ub2c8\uc998 \uc758\uc2dd\uacfc \uce58\uc720 \uc758\uc2dd\uc5d0 \uc5c6\uc5b4\uc11c\ub294 \uc548 \ub420 \ud544\uc218\ud488\uc785\ub2c8\ub2e4.<\/p>\n<h3><strong>\uc81c\ud488\uc758 \uc7a5\ub2e8\uc810:<\/strong><\/h3>\n<p><em>\uc7a5\uc810:<\/em><\/p>\n<ol>\n<li><strong>\uc601\uc801 \ud1b5\ucc30\ub825:<\/strong> \uac15\uac04 \uc2a4\ub108\ud504 \uc544\uc870 \uc0ac\ucc28 \uc758\uc2dd \uc911\uc5d0 \uc601\uc801 \ud1b5\ucc30\ub825\uacfc \uba85\ub8cc\uc131\uc744 \ud5a5\uc0c1\uc2dc\ud0a4\ub294 \uac83\uc73c\ub85c \uc54c\ub824\uc838 \uc788\uc2b5\ub2c8\ub2e4.<\/li>\n<li><strong>\uc804\ud1b5\uc801\uc778 \uc9c0\ud61c:<\/strong> \uc5ec\ub7ec \uc138\ub300\uc5d0 \uac78\uccd0 \uc804\ud574 \ub0b4\ub824\uc628 \uc544\ub9c8\uc874 \uc6d0\uc8fc\ubbfc \ubb38\ud654\uc758 \uc9c0\ud61c\uac00 \ub2f4\uaca8 \uc788\uc2b5\ub2c8\ub2e4.<\/li>\n<li><strong>\uc758\uc2dd\uc6a9:<\/strong> \uc8fc\uc220\uc0ac\uc640 \uc601\uc801 \uad6c\ub3c4\uc790\uac00 \uae4a\uc740 \uba85\uc0c1\uacfc \uc601\uc801 \uc138\uacc4\uc640\uc758 \uc5f0\uacb0\uc744 \ucd09\uc9c4\ud558\uae30 \uc704\ud574 \uc885\uc885 \uc0ac\uc6a9\ud569\ub2c8\ub2e4.<\/li>\n<\/ol>\n<p><em>\ub2e8\uc810:<\/em><\/p>\n<ol>\n<li><strong>\ud6a8\ub2a5:<\/strong> \ud6a8\ub2a5: \ud6a8\ub2a5\uc774 \uac15\ud558\uae30 \ub54c\ubb38\uc5d0 \uc2e0\uc911\ud558\uace0 \uc801\ub2f9\ud788 \uc0ac\uc6a9\ud574\uc57c \ud569\ub2c8\ub2e4.<\/li>\n<li><strong>\ube44\uac15 \uc801\uc6a9:<\/strong> \ube44\uac15\uc744 \ud1b5\ud574 \ud22c\uc5ec\ud558\ubbc0\ub85c \ubaa8\ub4e0 \uc0ac\ub78c\uc5d0\uac8c \uc801\ud569\ud558\uc9c0 \uc54a\uc744 \uc218 \uc788\uc2b5\ub2c8\ub2e4.<\/li>\n<\/ol>\n<h3><strong>\uc81c\ud488\uc5d0 \uc8fc\uc5b4\uc9c4 \uc6a9\ub3c4:<\/strong><\/h3>\n<p><em>\uc601\uc801 \ubc0f \uc758\uc57d<\/em><\/p>\n<ol>\n<li><strong>\uc0e4\uba38\ub2c8\uc998 \uc758\uc2dd:<\/strong> \uac15\uac04 \uc2a4\ub108\ud504 \uc544\uc870 \uc0ac\ucc28 \uc544\ub9c8\uc874\uc758 \uc0e4\uba38\ub2c8\uc998 \uc758\uc2dd\uc5d0\uc11c \uc911\uc694\ud55c \uc5ed\ud560\uc744 \ud558\uba70 \ub9c8\uc74c\uacfc \uc601\ud63c\uc758 \uc815\ud654\ub97c \ub3d5\uc2b5\ub2c8\ub2e4.<\/li>\n<li><strong>\uba85\uc0c1\uacfc \ud1b5\ucc30\ub825:<\/strong> \uc0ac\uc6a9\uc790\ub4e4\uc740 \uc885\uc885 \uae4a\uc740 \uba85\uc0c1, \uc131\ucc30, \uc9c0\uac01\ub825 \ud5a5\uc0c1\uc744 \uc704\ud574 \uc774 \uc571\uc758 \uc548\ub0b4\ub97c \ubc1b\uc2b5\ub2c8\ub2e4.<\/li>\n<li><strong>\uc815\uc11c\uc801 \uce58\uc720:<\/strong> \uc5b4\ub5a4 \uc0ac\ub78c\ub4e4\uc740 \uc815\uc11c\uc801 \ub9c9\ud798\uacfc \ud2b8\ub77c\uc6b0\ub9c8\ub97c \ud574\uc18c\ud558\ub294 \ub370 \ub3c4\uc6c0\uc774 \ub420 \uc218 \uc788\ub2e4\uace0 \ubbff\uc2b5\ub2c8\ub2e4.<\/li>\n<\/ol>\n<h3><strong>\uc0ac\uc6a9 \ubc29\ubc95\uc5d0 \ub300\ud55c \uc9c0\uce68:<\/strong><\/h3>\n<p><em>\uc601\uc801 \ubc0f \uc758\uc2dd\uc801 \uc801\uc6a9<\/em><\/p>\n<ol>\n<li><strong>\uc900\ube44:<\/strong> \uc2a4\ub108\ud504\ub97c \uc798\uac8c \uac00\ub8e8\ub85c \ub9cc\ub4e4\uc5b4 \ubc14\ub85c \uc0ac\uc6a9\ud560 \uc218 \uc788\uc2b5\ub2c8\ub2e4.<\/li>\n<li><strong>\uad00\ub9ac:<\/strong> \ud30c\uc774\ud504\ub098 \uc5b4\ud50c\ub9ac\ucf00\uc774\ud130\ub97c \uc0ac\uc6a9\ud558\uc5ec \uac01 \ucf67\uad6c\uba4d\uc5d0 \ubd80\ub4dc\ub7fd\uac8c \uc8fc\uc785\ud569\ub2c8\ub2e4.<\/li>\n<li><strong>\ubcf5\uc6a9\ub7c9:<\/strong> \ubcf5\uc6a9\ub7c9: \ud6a8\ub2a5\uc774 \ub2e4\ub97c \uc218 \uc788\uc73c\ubbc0\ub85c \uc18c\ub7c9\uc73c\ub85c \uc2dc\uc791\ud558\uc5ec \ud544\uc694\uc5d0 \ub530\ub77c \uc870\uc808\ud558\uc138\uc694.<\/li>\n<li><strong>\uc124\uc815:<\/strong> \uac15\uac04 \uc2a4\ub204\ud504 \uc544\uc870 \uc0ac\ucc28\ub294 \uc758\uc2dd\uc774\ub098 \uc758\ub840\uc801\uc778 \ub9e5\ub77d\uc5d0\uc11c \uc0ac\uc6a9\ud558\ub294 \uac83\uc774 \uac00\uc7a5 \uc88b\uc73c\uba70, \uc885\uc885 \uc219\ub828\ub41c \uc0ac\ub78c\uc774 \uc548\ub0b4\ud569\ub2c8\ub2e4.<\/li>\n<\/ol>\n<h3><strong>\ub2e4\ub978 \uc774\ub984\uc73c\ub85c\ub3c4 \uc54c\ub824\uc838 \uc788\uc2b5\ub2c8\ub2e4:<\/strong><\/h3>\n<p><em>\uc6d0\uc8fc\ubbfc \ubc0f \uc601\uc801 \ub9e5\ub77d\uc5d0\uc11c\uc758 \ub300\uccb4 \uc774\ub984<\/em><\/p>\n<ol>\n<li><strong>\uc544\uc870 \uc0ac\ucc28 \uc2a4\ub108\ud504:<\/strong> \uc720\ub798 \uc2dd\ubb3c\uc758 \uc774\ub984\uc744 \ub530\uc11c \uba85\uba85\ub418\uc5c8\uc2b5\ub2c8\ub2e4.<\/li>\n<li><strong>\ub9cc\uc18c\uc544 \uc54c\ub9ac\uc544\uc2dc\uc544 \uc2a4\ub108\ud504:<\/strong> \uc2dd\ubb3c\uc131 \uc6d0\ub8cc\ub97c \ubc18\uc601\ud569\ub2c8\ub2e4.<\/li>\n<\/ol>\n<h6><strong>\ucc38\uace0:<\/strong><\/h6>\n<p>\ub9c8\uc580\ud0d1 \uc81c\ud488\uc740 100% \uc790\uc5f0\uc5d0\uc11c \uc5bb\uc740 \uc21c\uc218\ud55c \uc0c1\ud0dc\ub85c \uc6d0\uc8fc\ubbfc \ucee4\ubba4\ub2c8\ud2f0\uc5d0 \ud310\ub9e4\ub429\ub2c8\ub2e4. \uc5b4\ub5a4 \uc885\ub958\uc758 \uc0b4\ucda9\uc81c, \ud654\ud559\ubb3c\uc9c8, \uc81c\ucd08\uc81c \ub610\ub294 \uae30\ud0c0 \uc778\uacf5\uc801\uc778 \ubb3c\uc9c8\ub3c4 \ud3ec\ud568\ud558\uc9c0 \uc54a\uc2b5\ub2c8\ub2e4.<\/p>\n<h6><strong>\uba74\ucc45 \uc870\ud56d:<\/strong><\/h6>\n<ul>\n<li>\uc774 \uc81c\ud488\uc758 \uc774\ub7ec\ud55c \ud6a8\uacfc\ub294 \uace0\ub300 \uc804\ud1b5 \uc758\ud559\uc758 \uacbd\ud5d8\uc801 \uacbd\ud5d8\uc5d0 \uc758\ud574 \uc6b0\uc218\ud55c \uacb0\uacfc\ub85c \ub4b7\ubc1b\uce68\ub429\ub2c8\ub2e4. \uc815\ud655\ud55c \uc6a9\ub7c9 \ub0b4\uc5d0\uc11c \ud22c\uc5ec\ud560 \uacbd\uc6b0 \uc720\ud574\ud55c \ubd80\uc791\uc6a9\uc774 \uc5c6\uc2b5\ub2c8\ub2e4. \uadf8\ub7ec\ub098 \uc5ec\uae30\uc11c \ud655\uc778\ub41c \uc815\ubcf4\ub294 \uacb0\ucf54 \uc758\ud559\uc801 \ud310\ub2e8\uc774\ub098 \ucc98\ubc29\uc774 \uc544\ub2d9\ub2c8\ub2e4.<\/li>\n<li>\uc774\ub7ec\ud55c \ucc9c\uc5f0 \uc81c\ud488\uc758 \uc0ac\uc6a9\uc740 \uc758\ub8cc \uc0c1\ub2f4\uc744 \ub300\uccb4\ud560 \uc218 \uc5c6\uc2b5\ub2c8\ub2e4.<\/li>\n<li>\ubaa8\ub4e0 \uc81c\ud488\uc740 \uc6d0\uc0b0\uc9c0 \uad6d\uac00\uc5d0\uc11c \ud569\ubc95\uc801\uc774\uba70, \ubaa9\uc801\uc9c0 \uad6d\uac00\uc5d0\uc11c\uc758 \uc801\ubc95\uc131\uc744 \uc870\uc0ac\ud558\ub294 \uac83\uc740 \uace0\uac1d\uc758 \ucc45\uc784\uc785\ub2c8\ub2e4.<\/li>\n<li>\uc774 \ubb38\uc11c\uc5d0 \ud3ec\ud568\ub41c \uc9c4\uc220 \ubc0f \uc6f9\uc0ac\uc774\ud2b8 \ub9c1\ud06c\ub294 FDA \ubc0f \uad6d\uc81c \uc2dd\ud488\uc758\uc57d \ub2f9\uad6d\uc758 \ud3c9\uac00\ub97c \uac70\uce58\uc9c0 \uc54a\uc558\uc2b5\ub2c8\ub2e4.<\/li>\n<li>\ub2f9\uc0ac \uc81c\ud488\uc758 \uc9c8\ubcd1\uc774\ub098 \uc9c8\ud658\uc758 \uce58\ub8cc, \uc608\ubc29 \ub610\ub294 \uc644\ud654\uc5d0 \ub300\ud55c \ub2a5\ub825\uc774\ub098 \ud6a8\ub2a5\uc5d0 \ub300\ud55c \uc758\ud559\uc801 \uc8fc\uc7a5\uc744 \uc554\uc2dc\ud558\uc9c0 \uc54a\uc2b5\ub2c8\ub2e4.<\/li>\n<li>\ub2f9\uc0ac \uc81c\ud488\uc758 \uc0ac\uc6a9 \ubc0f \uc801\uc6a9\uc740 \uc804\uc801\uc73c\ub85c \uace0\uac1d\uc758 \ucc45\uc784\uc785\ub2c8\ub2e4.<\/li>\n<\/ul>\n","protected":false},"excerpt":{"rendered":"<p>\uac15\uac04 \uc2a4\ub108\ud504 \uc544\uc870 \uc0ac\ucc28 (\ub9cc\uc18c\uc544 \uc54c\ub9ac\uc544\uc2dc\uc544) &nbsp; \uc81c\ud488\uc5d0 \ub300\ud55c \uc124\uba85: \uac15\uac04 \uc2a4\ub108\ud504 \uc544\uc870 \uc0ac\ucc28 \uc544\ub9c8\uc874 \uc5f4\ub300\uc6b0\ub9bc\uc5d0\uc11c \uc720\ub798\ud55c \uc2e0\uc131\ud558\uace0 \uc874\uacbd\ubc1b\ub294 \uc2a4\ub108\ud504\ub85c,<\/p>\n","protected":false},"featured_media":19767,"comment_status":"open","ping_status":"closed","template":"","meta":{"_joinchat":[],"jetpack_publicize_message":"","jetpack_publicize_feature_enabled":true,"jetpack_social_post_already_shared":true,"jetpack_social_options":{"image_generator_settings":{"template":"highway","default_image_id":0,"font":"","enabled":false},"version":2}},"product_brand":[],"product_cat":[1054,1181],"product_tag":[],"giftcard-category":[],"class_list":{"0":"post-59458","1":"product","2":"type-product","3":"status-publish","4":"has-post-thumbnail","6":"product_cat-dhl--fedex","7":"product_cat-1181","8":"product_shipping_class-1055","10":"first","11":"instock","12":"sale","13":"taxable","14":"shipping-taxable","15":"purchasable","16":"product-type-variable"},"jetpack_publicize_connections":[],"jetpack-related-posts":[{"id":51359,"url":"https:\/\/mayantop.com\/es\/productos\/changa-xhanga-o-xanga-100-dmt-puro-natural\/","url_meta":{"origin":59458,"position":0},"title":"CHANGA \/ 1gr a 5gr \/ - (Xhanga o Xanga) - 100% Puro DMT Natural","author":"Nicolas Rios","date":"2024\ub144 05\uc6d4 01\uc77c","format":false,"excerpt":"Changa - Nutrir tu viaje espiritual En el coraz\u00f3n m\u00edstico de la selva amaz\u00f3nica yace un secreto, un antiguo regalo de la propia Madre Naturaleza: la Pasta Chacruna. Un extraordinario brebaje derivado de las hojas de la venerada planta Psychotria viridis. Prep\u00e1rate para abrir la puerta de tu exploraci\u00f3n espiritual,\u2026","rel":"","context":"\uc720\uc0ac\ud55c \uac8c\uc2dc\ubb3c","block_context":{"text":"\uc720\uc0ac\ud55c \uac8c\uc2dc\ubb3c","link":""},"img":{"alt_text":"CHANGA \/ 1gr a 5gr \/ - (Xhanga o Xanga) - 100% Puro DMT Natural","src":"https:\/\/i0.wp.com\/mayantop.com\/wp-content\/uploads\/2024\/04\/Changa-3-1000px-600x600-1.jpg?resize=350%2C200&ssl=1","width":350,"height":200,"srcset":"https:\/\/i0.wp.com\/mayantop.com\/wp-content\/uploads\/2024\/04\/Changa-3-1000px-600x600-1.jpg?resize=350%2C200&ssl=1 1x, https:\/\/i0.wp.com\/mayantop.com\/wp-content\/uploads\/2024\/04\/Changa-3-1000px-600x600-1.jpg?resize=525%2C300&ssl=1 1.5x"},"classes":[]},{"id":51399,"url":"https:\/\/mayantop.com\/es\/productos\/bufo-veneno-de-sapo-bufo-alvarius-100-puro-5-natural\/","url_meta":{"origin":59458,"position":1},"title":"VENENO DE SAPO BUFO \/ 1gr a 5gr - (Sapo Bufo Alvarius) 100% Puro 5-MeO-DMT Natural","author":"Nicolas Rios","date":"2024\ub144 05\uc6d4 01\uc77c","format":false,"excerpt":"VENENO DE SAPO BUFO (Sapo Bufo Alvarius) 100% Puro 5-MeO-DMT Natural \u00bfPara qu\u00e9 se utiliza el BUFO? El sapo Bufo Alvarius segrega sustancias psicoactivas. Se utiliza en rituales ind\u00edgenas tradicionales. Proporciona experiencias enteog\u00e9nicas a algunos individuos. Su veneno contiene 5-MeO-DMT, un potente alucin\u00f3geno. Se ha interesado por la terapia psicod\u00e9lica\u2026","rel":"","context":"\uc720\uc0ac\ud55c \uac8c\uc2dc\ubb3c","block_context":{"text":"\uc720\uc0ac\ud55c \uac8c\uc2dc\ubb3c","link":""},"img":{"alt_text":"Veneno de Sapo Bufo a la venta - 100% Puro y Natural","src":"https:\/\/i0.wp.com\/mayantop.com\/wp-content\/uploads\/2024\/05\/BUFO-TOAD-3-1000-X-1000-px-600x600-1.png?resize=350%2C200&ssl=1","width":350,"height":200,"srcset":"https:\/\/i0.wp.com\/mayantop.com\/wp-content\/uploads\/2024\/05\/BUFO-TOAD-3-1000-X-1000-px-600x600-1.png?resize=350%2C200&ssl=1 1x, https:\/\/i0.wp.com\/mayantop.com\/wp-content\/uploads\/2024\/05\/BUFO-TOAD-3-1000-X-1000-px-600x600-1.png?resize=525%2C300&ssl=1 1.5x"},"classes":[]},{"id":40815,"url":"https:\/\/mayantop.com\/es\/productos\/mucuna-en-polvo-en-venta-semillas-de-mucuna-pruriens\/","url_meta":{"origin":59458,"position":2},"title":"MUCUNA EN POLVO \/ 200gr a 2kg - (Mucuna Pruriens) - Hierbas en Polvo 100% Natural SEMILLAS","author":"Nicolas Rios","date":"2021\ub144 12\uc6d4 07\uc77c","format":false,"excerpt":"MUCUNA EN POLVO- (Mucuna Pruriens) - Hierbas en Polvo 100% Natural SEMILLAS La mucuna es una planta utilizada en diferentes enfermedades y se emplea habitualmente como agente carminativo, hipotensor e hipoglucemiante. Esta Mucuna es muy eficaz en el tratamiento de la enfermedad de Parkinson. Se ha demostrado que aumenta los\u2026","rel":"","context":"\uc720\uc0ac\ud55c \uac8c\uc2dc\ubb3c","block_context":{"text":"\uc720\uc0ac\ud55c \uac8c\uc2dc\ubb3c","link":""},"img":{"alt_text":"MUCUNA","src":"https:\/\/i0.wp.com\/mayantop.com\/wp-content\/uploads\/2021\/12\/POLVO-9-3.jpg?resize=350%2C200&ssl=1","width":350,"height":200,"srcset":"https:\/\/i0.wp.com\/mayantop.com\/wp-content\/uploads\/2021\/12\/POLVO-9-3.jpg?resize=350%2C200&ssl=1 1x, https:\/\/i0.wp.com\/mayantop.com\/wp-content\/uploads\/2021\/12\/POLVO-9-3.jpg?resize=525%2C300&ssl=1 1.5x, https:\/\/i0.wp.com\/mayantop.com\/wp-content\/uploads\/2021\/12\/POLVO-9-3.jpg?resize=700%2C400&ssl=1 2x"},"classes":[]},{"id":39320,"url":"https:\/\/mayantop.com\/es\/productos\/azucar-huayo-en-venta-hymenaea-courbaril\/","url_meta":{"origin":59458,"position":3},"title":"AZUCAR HUAYO EN POLVO \/ 200gr a 2kg - (Hymenaea Courbaril) - Hierbas en Polvo 100% CORTEZA Natural","author":"Nicolas Rios","date":"2021\ub144 12\uc6d4 07\uc77c","format":false,"excerpt":"AZUCAR HUAYO EN POLVO- (Hymenaea Courbaril) - Hierbas en Polvo 100% CORTEZA Natural El Az\u00facar Huayo es una planta del Amazonas, principalmente suele crecer en lugares donde no hay agua, puede estar sin agua durante mucho tiempo. Tiene una gran resistencia. Sus dos propiedades principales son antidiarreicas y antirreum\u00e1ticas. El\u2026","rel":"","context":"\uc720\uc0ac\ud55c \uac8c\uc2dc\ubb3c","block_context":{"text":"\uc720\uc0ac\ud55c \uac8c\uc2dc\ubb3c","link":""},"img":{"alt_text":"azucar huayo","src":"https:\/\/i0.wp.com\/mayantop.com\/wp-content\/uploads\/2021\/12\/POLVO-14.jpg?resize=350%2C200&ssl=1","width":350,"height":200,"srcset":"https:\/\/i0.wp.com\/mayantop.com\/wp-content\/uploads\/2021\/12\/POLVO-14.jpg?resize=350%2C200&ssl=1 1x, https:\/\/i0.wp.com\/mayantop.com\/wp-content\/uploads\/2021\/12\/POLVO-14.jpg?resize=525%2C300&ssl=1 1.5x, https:\/\/i0.wp.com\/mayantop.com\/wp-content\/uploads\/2021\/12\/POLVO-14.jpg?resize=700%2C400&ssl=1 2x"},"classes":[]},{"id":38682,"url":"https:\/\/mayantop.com\/es\/productos\/rape-snuff-eucalipto-eucalipto-polvo-vegetal-100-natural\/","url_meta":{"origin":59458,"position":4},"title":"RAP\u00c9 SNUFF - EUCALIPTO \/ 5gr a 100gr \/ - (Eucalipto) - Polvo Vegetal 100% Natural","author":"Nicolas Rios","date":"2021\ub144 12\uc6d4 07\uc77c","format":false,"excerpt":"RAP\u00c9 SNUFF EUCALIPTO EN VENTA (Eucalipto) \u00a0 Descripci\u00f3n del Producto: RAP\u00c9 SNUFF EUCALIPTO es un rap\u00e9 \u00fanico y arom\u00e1tico elaborado a partir de las hojas del eucalipto. Este rap\u00e9 finamente pulverizado es famoso por sus propiedades tonificantes y refrescantes. Ofrece a los usuarios una experiencia sensorial que combina las notas\u2026","rel":"","context":"\uc720\uc0ac\ud55c \uac8c\uc2dc\ubb3c","block_context":{"text":"\uc720\uc0ac\ud55c \uac8c\uc2dc\ubb3c","link":""},"img":{"alt_text":"RAP\u00c9 SNUFF EUCALIPTO","src":"https:\/\/i0.wp.com\/mayantop.com\/wp-content\/uploads\/2021\/12\/Rape-07-1.jpg?resize=350%2C200&ssl=1","width":350,"height":200,"srcset":"https:\/\/i0.wp.com\/mayantop.com\/wp-content\/uploads\/2021\/12\/Rape-07-1.jpg?resize=350%2C200&ssl=1 1x, https:\/\/i0.wp.com\/mayantop.com\/wp-content\/uploads\/2021\/12\/Rape-07-1.jpg?resize=525%2C300&ssl=1 1.5x, https:\/\/i0.wp.com\/mayantop.com\/wp-content\/uploads\/2021\/12\/Rape-07-1.jpg?resize=700%2C400&ssl=1 2x"},"classes":[]},{"id":36728,"url":"https:\/\/mayantop.com\/es\/productos\/guayaba-en-polvo-en-venta-100-natural-hojas\/","url_meta":{"origin":59458,"position":5},"title":"GUAYABA EN POLVO \/ 200gr a 2kg - (Psidium Guajava) - Hierbas en Polvo 100% Natural HOJAS","author":"Nicolas Rios","date":"2021\ub144 12\uc6d4 07\uc77c","format":false,"excerpt":"GUAYABA EN POLVO: La delicia tropical de la naturaleza para el bienestar \u00a0 Descripci\u00f3n del producto Guayaba en polvo, derivado de la fruta tropical Psidium Guajava, es un polvo delicioso y rico en nutrientes que captura la esencia de esta fruta ex\u00f3tica. La guayaba, com\u00fanmente conocida como guayabo, es famosa\u2026","rel":"","context":"\uc720\uc0ac\ud55c \uac8c\uc2dc\ubb3c","block_context":{"text":"\uc720\uc0ac\ud55c \uac8c\uc2dc\ubb3c","link":""},"img":{"alt_text":"GUAYABA en polvo","src":"https:\/\/i0.wp.com\/mayantop.com\/wp-content\/uploads\/2021\/12\/POLVO-11-1.jpg?resize=350%2C200&ssl=1","width":350,"height":200,"srcset":"https:\/\/i0.wp.com\/mayantop.com\/wp-content\/uploads\/2021\/12\/POLVO-11-1.jpg?resize=350%2C200&ssl=1 1x, https:\/\/i0.wp.com\/mayantop.com\/wp-content\/uploads\/2021\/12\/POLVO-11-1.jpg?resize=525%2C300&ssl=1 1.5x, https:\/\/i0.wp.com\/mayantop.com\/wp-content\/uploads\/2021\/12\/POLVO-11-1.jpg?resize=700%2C400&ssl=1 2x"},"classes":[]}],"jetpack_sharing_enabled":true,"_links":{"self":[{"href":"https:\/\/mayantop.com\/ko\/wp-json\/wp\/v2\/product\/59458","targetHints":{"allow":["GET"]}}],"collection":[{"href":"https:\/\/mayantop.com\/ko\/wp-json\/wp\/v2\/product"}],"about":[{"href":"https:\/\/mayantop.com\/ko\/wp-json\/wp\/v2\/types\/product"}],"replies":[{"embeddable":true,"href":"https:\/\/mayantop.com\/ko\/wp-json\/wp\/v2\/comments?post=59458"}],"version-history":[{"count":3,"href":"https:\/\/mayantop.com\/ko\/wp-json\/wp\/v2\/product\/59458\/revisions"}],"predecessor-version":[{"id":69673,"href":"https:\/\/mayantop.com\/ko\/wp-json\/wp\/v2\/product\/59458\/revisions\/69673"}],"wp:featuredmedia":[{"embeddable":true,"href":"https:\/\/mayantop.com\/ko\/wp-json\/wp\/v2\/media\/19767"}],"wp:attachment":[{"href":"https:\/\/mayantop.com\/ko\/wp-json\/wp\/v2\/media?parent=59458"}],"wp:term":[{"taxonomy":"product_brand","embeddable":true,"href":"https:\/\/mayantop.com\/ko\/wp-json\/wp\/v2\/product_brand?post=59458"},{"taxonomy":"product_cat","embeddable":true,"href":"https:\/\/mayantop.com\/ko\/wp-json\/wp\/v2\/product_cat?post=59458"},{"taxonomy":"product_tag","embeddable":true,"href":"https:\/\/mayantop.com\/ko\/wp-json\/wp\/v2\/product_tag?post=59458"},{"taxonomy":"giftcard-category","embeddable":true,"href":"https:\/\/mayantop.com\/ko\/wp-json\/wp\/v2\/giftcard-category?post=59458"}],"curies":[{"name":"wp","href":"https:\/\/api.w.org\/{rel}","templated":true}]}}