{"id":56733,"date":"2022-12-01T13:36:28","date_gmt":"2022-12-01T18:36:28","guid":{"rendered":"https:\/\/mayantop.com\/%ec%9c%84%ec%8b%9c%eb%a6%ac%ec%8a%a4%ed%8a%b8-%eb%a7%88%ec%96%80%ed%83%91-%ec%8a%a4%ed%86%a0%ec%96%b4"},"modified":"2025-06-14T10:07:21","modified_gmt":"2025-06-14T15:07:21","slug":"%ec%9c%84%ec%8b%9c%eb%a6%ac%ec%8a%a4%ed%8a%b8-%eb%a7%88%ec%96%80%ed%83%91-%ec%8a%a4%ed%86%a0%ec%96%b4","status":"publish","type":"page","link":"https:\/\/mayantop.com\/ko\/%ec%9c%84%ec%8b%9c%eb%a6%ac%ec%8a%a4%ed%8a%b8-%eb%a7%88%ec%96%80%ed%83%91-%ec%8a%a4%ed%86%a0%ec%96%b4\/","title":{"rendered":"\uc704\uc2dc\ub9ac\uc2a4\ud2b8 | \ub9c8\uc580\ud0d1 \uc2a4\ud1a0\uc5b4"},"content":{"rendered":"\t\t<div data-elementor-type=\"wp-page\" data-elementor-id=\"56733\" class=\"elementor elementor-56733 elementor-118\" data-elementor-post-type=\"page\">\n\t\t\t\t\t\t<section data-particle_enable=\"false\" data-particle-mobile-disabled=\"false\" class=\"wd-negative-gap elementor-section elementor-top-section elementor-element elementor-element-f8863df elementor-section-boxed elementor-section-height-default elementor-section-height-default\" data-id=\"f8863df\" data-element_type=\"section\" data-e-type=\"section\">\n\t\t\t\t\t\t<div class=\"elementor-container elementor-column-gap-default\">\n\t\t\t\t\t<div class=\"elementor-column elementor-col-100 elementor-top-column elementor-element elementor-element-521f086\" data-id=\"521f086\" data-element_type=\"column\" data-e-type=\"column\">\n\t\t\t<div class=\"elementor-widget-wrap elementor-element-populated\">\n\t\t\t\t\t\t<div class=\"elementor-element elementor-element-e2ed285 elementor-widget elementor-widget-wd_wishlist\" data-id=\"e2ed285\" data-element_type=\"widget\" data-e-type=\"widget\" data-widget_type=\"wd_wishlist.default\">\n\t\t\t\t<div class=\"elementor-widget-container\">\n\t\t\t\t\t\t\t\n\t\t\n\n\t\t\t\t<div class=\"\" >\n\t\t\t\t\t\t<div class=\"wd-wishlist-content\">\n\t\t\t\t\t\t\t\t\t\t\t\n\t\t<p class=\"wd-empty-wishlist wd-empty-page\">\n\t\t\tThis wishlist is empty.\t\t<\/p>\n\n\t\t\t\t\t<div class=\"wd-empty-page-text\">\n\t\t\t\tYou don't have any products in the wishlist yet. <br> You will find a lot of interesting products on our \"Shop\" page.\t\t\t<\/div>\n\t\t\n\t\t\n\t\t\t\t\t<p class=\"return-to-shop\">\n\t\t\t\t<a class=\"button\" href=\"https:\/\/mayantop.com\/ko\/%eb%aa%a8%eb%93%a0-%ec%a0%9c%ed%92%88-%eb%a7%88%ec%96%80%ed%83%91-%ec%8a%a4%ed%86%a0%ec%96%b4\/\">\n\t\t\t\t\t\uc0c1\uc810\uc73c\ub85c \ub3cc\uc544\uac00\uae30\t\t\t\t<\/a>\n\t\t\t<\/p>\n\t\t\t\t\t\t\t\t\t\t\t<\/div>\n\t\t\t\t<\/div>\n\t\t\t\t\t\t<\/div>\n\t\t\t\t<\/div>\n\t\t\t\t\t<\/div>\n\t\t<\/div>\n\t\t\t\t\t<\/div>\n\t\t<\/section>\n\t\t<div data-particle_enable=\"false\" data-particle-mobile-disabled=\"false\" class=\"wd-negative-gap elementor-element elementor-element-79dbd65 elementor-hidden-desktop elementor-hidden-tablet elementor-hidden-mobile e-flex e-con-boxed e-con e-parent\" data-id=\"79dbd65\" data-element_type=\"container\" data-e-type=\"container\">\n\t\t\t\t\t<div class=\"e-con-inner\">\n\t\t<div data-particle_enable=\"false\" data-particle-mobile-disabled=\"false\" class=\"elementor-element elementor-element-9332cd5 e-con-full e-flex e-con e-child\" data-id=\"9332cd5\" data-element_type=\"container\" data-e-type=\"container\">\n\t\t\t\t<div class=\"elementor-element elementor-element-854e423 wd-width-100 elementor-widget elementor-widget-wd_title\" data-id=\"854e423\" data-element_type=\"widget\" data-e-type=\"widget\" data-widget_type=\"wd_title.default\">\n\t\t\t\t<div class=\"elementor-widget-container\">\n\t\t\t\t\t\t\t<div class=\"title-wrapper wd-set-mb reset-last-child wd-title-color-default wd-title-style-default wd-title-size-default text-center\">\n\n\t\t\t\t\t\t\t\t\t\t\t<div class=\"title-subtitle subtitle-color-default subtitle-style-default wd-fontsize-xs\">\n\t\t\t\t\t\uc790\ub9c9 \ud14d\uc2a4\ud2b8 \uc608\uc81c\t\t\t\t<\/div>\n\t\t\t\n\t\t\t<div class=\"liner-continer\">\n\t\t\t\t<h4 class=\"woodmart-title-container title wd-fontsize-l\">\uc704\uc2dc\ub9ac\uc2a4\ud2b8<\/h4> \n\t\t\t\t\t\t\t<\/div>\n\n\t\t\t\t\t<\/div>\n\t\t\t\t\t\t<\/div>\n\t\t\t\t<\/div>\n\t\t\t\t<\/div>\n\t\t<div data-particle_enable=\"false\" data-particle-mobile-disabled=\"false\" class=\"elementor-element elementor-element-57a2b68 e-con-full e-flex e-con e-child\" data-id=\"57a2b68\" data-element_type=\"container\" data-e-type=\"container\">\n\t\t\t\t<div class=\"elementor-element elementor-element-a373efc elementor-widget elementor-widget-wd_image_or_svg\" data-id=\"a373efc\" data-element_type=\"widget\" data-e-type=\"widget\" data-widget_type=\"wd_image_or_svg.default\">\n\t\t\t\t<div class=\"elementor-widget-container\">\n\t\t\t\t\t\n\t\t<div class=\"wd-image text-left\">\n\t\t\t\t\t\t\t\t<img loading=\"lazy\" decoding=\"async\" width=\"700\" height=\"400\" src=\"https:\/\/mayantop.com\/wp-content\/uploads\/2024\/01\/salud-mental.jpg\" class=\"attachment-full size-full\" alt=\"wishlist - Wunschzettel - Lista de deseos\" srcset=\"https:\/\/mayantop.com\/wp-content\/uploads\/2024\/01\/salud-mental.jpg 700w, https:\/\/mayantop.com\/wp-content\/uploads\/2024\/01\/salud-mental-150x86.jpg 150w, https:\/\/mayantop.com\/wp-content\/uploads\/2024\/01\/salud-mental-300x171.jpg 300w\" sizes=\"auto, (max-width: 700px) 100vw, 700px\" title=\"\">\t\t\t\t\t<\/div>\n\n\t\t\t\t\t\t<\/div>\n\t\t\t\t<\/div>\n\t\t\t\t<\/div>\n\t\t\t\t\t<\/div>\n\t\t\t\t<\/div>\n\t\t<div data-particle_enable=\"false\" data-particle-mobile-disabled=\"false\" class=\"wd-negative-gap elementor-element elementor-element-5e93ed6 e-flex e-con-boxed e-con e-parent\" data-id=\"5e93ed6\" data-element_type=\"container\" data-e-type=\"container\">\n\t\t\t\t\t<div class=\"e-con-inner\">\n\t\t<div data-particle_enable=\"false\" data-particle-mobile-disabled=\"false\" class=\"elementor-element elementor-element-5ed4873 e-con-full e-flex e-con e-child\" data-id=\"5ed4873\" data-element_type=\"container\" data-e-type=\"container\">\n\t\t\t\t<div class=\"elementor-element elementor-element-adbe4bc elementor-hidden-desktop elementor-hidden-tablet elementor-hidden-mobile elementor-widget elementor-widget-eael-creative-button\" data-id=\"adbe4bc\" data-element_type=\"widget\" data-e-type=\"widget\" data-widget_type=\"eael-creative-button.default\">\n\t\t\t\t<div class=\"elementor-widget-container\">\n\t\t\t\t\t        <div class=\"eael-creative-button-wrapper\">\n\n            <a class=\"eael-creative-button eael-creative-button--default eael-cb-icon-position-\" href=\"https:\/\/www.facebook.com\/mayantop.store?locale=es_LA\" data-text=\"Go!\" target=\"_blank\" rel=\"noopener\">\n            \t    \n                <div class=\"creative-button-inner\">\n\n                    \n                    <span class=\"cretive-button-text\">\ud074\ub9ad\ud558\uc138\uc694!<\/span>\n\n                                    <\/div>\n\t                        <\/a>\n        <\/div>\n        \t\t\t\t<\/div>\n\t\t\t\t<\/div>\n\t\t\t\t<\/div>\n\t\t<div data-particle_enable=\"false\" data-particle-mobile-disabled=\"false\" class=\"elementor-element elementor-element-13ff538 e-con-full e-flex e-con e-child\" data-id=\"13ff538\" data-element_type=\"container\" data-e-type=\"container\">\n\t\t\t\t<\/div>\n\t\t\t\t\t<\/div>\n\t\t\t\t<\/div>\n\t\t\t\t<\/div>\n\t\t","protected":false},"excerpt":{"rendered":"<p>This wishlist is empty. You don&#8217;t have any products in the wishlist yet. You will find a lot of interesting<\/p>\n","protected":false},"author":1,"featured_media":0,"parent":0,"menu_order":0,"comment_status":"closed","ping_status":"closed","template":"","meta":{"_joinchat":[],"footnotes":""},"class_list":["post-56733","page","type-page","status-publish","hentry"],"jetpack-related-posts":[{"id":118,"url":"https:\/\/mayantop.com\/wishlist\/","url_meta":{"origin":56733,"position":0},"title":"Wishlist  | Mayantop Store","author":"Nicolas Rios","date":"2022\ub144 12\uc6d4 01\uc77c","format":false,"excerpt":"My account Dashboard Orders Gift Cards Downloads Addresses Account details Wishlist My payment means Logout English Espa\u00f1ol (Spanish) Fran\u00e7ais (French) Deutsch (German) This wishlist is empty. You don't have any products in the wishlist yet. You will find a lot of interesting products on our \"Shop\" page. Return to shop\u2026","rel":"","context":"\uc720\uc0ac\ud55c \uac8c\uc2dc\ubb3c","block_context":{"text":"\uc720\uc0ac\ud55c \uac8c\uc2dc\ubb3c","link":""},"img":{"alt_text":"wishlist","src":"https:\/\/i0.wp.com\/mayantop.com\/wp-content\/uploads\/2024\/01\/salud-mental.jpg?resize=350%2C200&ssl=1","width":350,"height":200,"srcset":"https:\/\/i0.wp.com\/mayantop.com\/wp-content\/uploads\/2024\/01\/salud-mental.jpg?resize=350%2C200&ssl=1 1x, https:\/\/i0.wp.com\/mayantop.com\/wp-content\/uploads\/2024\/01\/salud-mental.jpg?resize=525%2C300&ssl=1 1.5x, https:\/\/i0.wp.com\/mayantop.com\/wp-content\/uploads\/2024\/01\/salud-mental.jpg?resize=700%2C400&ssl=1 2x"},"classes":[]},{"id":34101,"url":"https:\/\/mayantop.com\/de\/wunschzettel-mayantop\/","url_meta":{"origin":56733,"position":1},"title":"Wunschzettel | Mayantop Store","author":"Nicolas Rios","date":"2022\ub144 12\uc6d4 01\uc77c","format":false,"excerpt":"My account Dashboard Bestellungen Gift Cards Downloads Adresse Kontodetails Wishlist Meine Zahlungsmittel Logout Deutsch English (Englisch) Espa\u00f1ol (Spanisch) Fran\u00e7ais (Franz\u00f6sisch) This wishlist is empty. You don't have any products in the wishlist yet. You will find a lot of interesting products on our \"Shop\" page. Return to shop Subtitle text\u2026","rel":"","context":"\uc720\uc0ac\ud55c \uac8c\uc2dc\ubb3c","block_context":{"text":"\uc720\uc0ac\ud55c \uac8c\uc2dc\ubb3c","link":""},"img":{"alt_text":"wishlist - Wunschzettel","src":"https:\/\/i0.wp.com\/mayantop.com\/wp-content\/uploads\/2024\/01\/salud-mental.jpg?resize=350%2C200&ssl=1","width":350,"height":200,"srcset":"https:\/\/i0.wp.com\/mayantop.com\/wp-content\/uploads\/2024\/01\/salud-mental.jpg?resize=350%2C200&ssl=1 1x, https:\/\/i0.wp.com\/mayantop.com\/wp-content\/uploads\/2024\/01\/salud-mental.jpg?resize=525%2C300&ssl=1 1.5x, https:\/\/i0.wp.com\/mayantop.com\/wp-content\/uploads\/2024\/01\/salud-mental.jpg?resize=700%2C400&ssl=1 2x"},"classes":[]},{"id":34099,"url":"https:\/\/mayantop.com\/es\/lista-de-deseos-mayantop\/","url_meta":{"origin":56733,"position":2},"title":"Lista de deseos | Mayantop Store","author":"Nicolas Rios","date":"2022\ub144 12\uc6d4 01\uc77c","format":false,"excerpt":"My account Dashboard Orders Gift Cards Downloads Addresses Account details Wishlist My payment means Logout English Espa\u00f1ol (Spanish) Fran\u00e7ais (French) Deutsch (German) This wishlist is empty. You don't have any products in the wishlist yet. You will find a lot of interesting products on our \"Shop\" page. Return to shop\u2026","rel":"","context":"\uc720\uc0ac\ud55c \uac8c\uc2dc\ubb3c","block_context":{"text":"\uc720\uc0ac\ud55c \uac8c\uc2dc\ubb3c","link":""},"img":{"alt_text":"wishlist - Wunschzettel - Lista de deseos","src":"https:\/\/i0.wp.com\/mayantop.com\/wp-content\/uploads\/2024\/01\/salud-mental.jpg?resize=350%2C200&ssl=1","width":350,"height":200,"srcset":"https:\/\/i0.wp.com\/mayantop.com\/wp-content\/uploads\/2024\/01\/salud-mental.jpg?resize=350%2C200&ssl=1 1x, https:\/\/i0.wp.com\/mayantop.com\/wp-content\/uploads\/2024\/01\/salud-mental.jpg?resize=525%2C300&ssl=1 1.5x, https:\/\/i0.wp.com\/mayantop.com\/wp-content\/uploads\/2024\/01\/salud-mental.jpg?resize=700%2C400&ssl=1 2x"},"classes":[]},{"id":34100,"url":"https:\/\/mayantop.com\/fr\/liste-de-souhaits-mayantop\/","url_meta":{"origin":56733,"position":3},"title":"Liste de Souhaits | Mayantop Store","author":"Nicolas Rios","date":"2022\ub144 12\uc6d4 01\uc77c","format":false,"excerpt":"My account Tableau de bord Commandes Gift Cards T\u00e9l\u00e9chargements Adresses D\u00e9tails du compte Wishlist Mes moyens de paiement Logout Fran\u00e7ais English (Anglais) Espa\u00f1ol (Espagnol) Deutsch (Allemand) This wishlist is empty. You don't have any products in the wishlist yet. You will find a lot of interesting products on our \"Shop\"\u2026","rel":"","context":"\uc720\uc0ac\ud55c \uac8c\uc2dc\ubb3c","block_context":{"text":"\uc720\uc0ac\ud55c \uac8c\uc2dc\ubb3c","link":""},"img":{"alt_text":"Liste de Souhaits","src":"https:\/\/i0.wp.com\/mayantop.com\/wp-content\/uploads\/2024\/01\/salud-mental.jpg?resize=350%2C200&ssl=1","width":350,"height":200,"srcset":"https:\/\/i0.wp.com\/mayantop.com\/wp-content\/uploads\/2024\/01\/salud-mental.jpg?resize=350%2C200&ssl=1 1x, https:\/\/i0.wp.com\/mayantop.com\/wp-content\/uploads\/2024\/01\/salud-mental.jpg?resize=525%2C300&ssl=1 1.5x, https:\/\/i0.wp.com\/mayantop.com\/wp-content\/uploads\/2024\/01\/salud-mental.jpg?resize=700%2C400&ssl=1 2x"},"classes":[]},{"id":56704,"url":"https:\/\/mayantop.com\/ar\/%d9%82%d8%a7%d8%a6%d9%85%d8%a9-%d8%a7%d9%84%d8%b1%d8%ba%d8%a8%d8%a7%d8%aa-%d9%85%d8%aa%d8%ac%d8%b1-%d9%85%d8%a7%d9%8a%d8%a7%d9%86%d8%aa%d9%88%d8%a8\/","url_meta":{"origin":56733,"position":4},"title":"\u0642\u0627\u0626\u0645\u0629 \u0627\u0644\u0631\u063a\u0628\u0627\u062a | \u0645\u062a\u062c\u0631 \u0645\u0627\u064a\u0627\u0646\u062a\u0648\u0628","author":"Nicolas Rios","date":"2022\ub144 12\uc6d4 01\uc77c","format":false,"excerpt":"This wishlist is empty. You don't have any products in the wishlist yet. You will find a lot of interesting products on our \"Shop\" page. Return to shop \u0645\u062b\u0627\u0644 \u0646\u0635 \u0627\u0644\u0639\u0646\u0648\u0627\u0646 \u0627\u0644\u0641\u0631\u0639\u064a \u0642\u0627\u0626\u0645\u0629 \u0627\u0644\u0623\u0645\u0646\u064a\u0627\u062a \u0627\u0646\u0642\u0631 \u0641\u0648\u0642 \u0644\u064a!","rel":"","context":"\uc720\uc0ac\ud55c \uac8c\uc2dc\ubb3c","block_context":{"text":"\uc720\uc0ac\ud55c \uac8c\uc2dc\ubb3c","link":""},"img":{"alt_text":"wishlist - Wunschzettel - Lista de deseos","src":"https:\/\/i0.wp.com\/mayantop.com\/wp-content\/uploads\/2024\/01\/salud-mental.jpg?resize=350%2C200&ssl=1","width":350,"height":200,"srcset":"https:\/\/i0.wp.com\/mayantop.com\/wp-content\/uploads\/2024\/01\/salud-mental.jpg?resize=350%2C200&ssl=1 1x, https:\/\/i0.wp.com\/mayantop.com\/wp-content\/uploads\/2024\/01\/salud-mental.jpg?resize=525%2C300&ssl=1 1.5x, https:\/\/i0.wp.com\/mayantop.com\/wp-content\/uploads\/2024\/01\/salud-mental.jpg?resize=700%2C400&ssl=1 2x"},"classes":[]},{"id":56693,"url":"https:\/\/mayantop.com\/hi\/%e0%a4%87%e0%a4%9a%e0%a5%8d%e0%a4%9b%e0%a4%be-%e0%a4%b8%e0%a5%82%e0%a4%9a%e0%a5%80-%e0%a4%ae%e0%a4%be%e0%a4%af%e0%a4%be%e0%a4%a8%e0%a4%9f%e0%a5%89%e0%a4%aa-%e0%a4%b8%e0%a5%8d%e0%a4%9f%e0%a5%8b\/","url_meta":{"origin":56733,"position":5},"title":"\u0907\u091a\u094d\u091b\u093e \u0938\u0942\u091a\u0940 | \u092e\u093e\u092f\u093e\u0928\u091f\u0949\u092a \u0938\u094d\u091f\u094b\u0930","author":"Nicolas Rios","date":"2022\ub144 12\uc6d4 01\uc77c","format":false,"excerpt":"This wishlist is empty. You don't have any products in the wishlist yet. You will find a lot of interesting products on our \"Shop\" page. Return to shop \u0909\u092a\u0936\u0940\u0930\u094d\u0937\u0915 \u092a\u093e\u0920 \u0909\u0926\u093e\u0939\u0930\u0923 \u0907\u091a\u094d\u091b\u093e-\u0938\u0942\u091a\u0940 \u092e\u0941\u091d\u0947 \u0915\u094d\u0932\u093f\u0915 \u0915\u0930\u0947\u0902!","rel":"","context":"\uc720\uc0ac\ud55c \uac8c\uc2dc\ubb3c","block_context":{"text":"\uc720\uc0ac\ud55c \uac8c\uc2dc\ubb3c","link":""},"img":{"alt_text":"wishlist - Wunschzettel - Lista de deseos","src":"https:\/\/i0.wp.com\/mayantop.com\/wp-content\/uploads\/2024\/01\/salud-mental.jpg?resize=350%2C200&ssl=1","width":350,"height":200,"srcset":"https:\/\/i0.wp.com\/mayantop.com\/wp-content\/uploads\/2024\/01\/salud-mental.jpg?resize=350%2C200&ssl=1 1x, https:\/\/i0.wp.com\/mayantop.com\/wp-content\/uploads\/2024\/01\/salud-mental.jpg?resize=525%2C300&ssl=1 1.5x, https:\/\/i0.wp.com\/mayantop.com\/wp-content\/uploads\/2024\/01\/salud-mental.jpg?resize=700%2C400&ssl=1 2x"},"classes":[]}],"jetpack_sharing_enabled":true,"_links":{"self":[{"href":"https:\/\/mayantop.com\/ko\/wp-json\/wp\/v2\/pages\/56733","targetHints":{"allow":["GET"]}}],"collection":[{"href":"https:\/\/mayantop.com\/ko\/wp-json\/wp\/v2\/pages"}],"about":[{"href":"https:\/\/mayantop.com\/ko\/wp-json\/wp\/v2\/types\/page"}],"author":[{"embeddable":true,"href":"https:\/\/mayantop.com\/ko\/wp-json\/wp\/v2\/users\/1"}],"replies":[{"embeddable":true,"href":"https:\/\/mayantop.com\/ko\/wp-json\/wp\/v2\/comments?post=56733"}],"version-history":[{"count":1,"href":"https:\/\/mayantop.com\/ko\/wp-json\/wp\/v2\/pages\/56733\/revisions"}],"predecessor-version":[{"id":56735,"href":"https:\/\/mayantop.com\/ko\/wp-json\/wp\/v2\/pages\/56733\/revisions\/56735"}],"wp:attachment":[{"href":"https:\/\/mayantop.com\/ko\/wp-json\/wp\/v2\/media?parent=56733"}],"curies":[{"name":"wp","href":"https:\/\/api.w.org\/{rel}","templated":true}]}}