{"id":61366,"date":"2021-12-07T17:03:37","date_gmt":"2021-12-07T22:03:37","guid":{"rendered":"https:\/\/mayantop.com\/products\/%e3%82%b3%e3%83%91%e3%83%ab%e3%82%a4%e3%83%b3%e3%82%bb%e3%83%b3%e3%82%b9-1kg-%e3%83%97%e3%83%ad%e3%83%86%e3%82%a3%e3%82%a6%e3%83%a0%e3%83%bb%e3%82%ad%e3%83%a5%e3%83%bc%e3%83%99%e3%83%b3%e3%82%bb"},"modified":"2025-09-24T13:20:13","modified_gmt":"2025-09-24T18:20:13","slug":"%e3%82%b3%e3%83%91%e3%83%ab%e3%82%a4%e3%83%b3%e3%82%bb%e3%83%b3%e3%82%b9-1kg-%e3%83%97%e3%83%ad%e3%83%86%e3%82%a3%e3%82%a6%e3%83%a0%e3%83%bb%e3%82%ad%e3%83%a5%e3%83%bc%e3%83%99%e3%83%b3%e3%82%bb","status":"publish","type":"product","link":"https:\/\/mayantop.com\/ja\/\u88fd\u54c1\/%e3%82%b3%e3%83%91%e3%83%ab%e3%82%a4%e3%83%b3%e3%82%bb%e3%83%b3%e3%82%b9-1kg-%e3%83%97%e3%83%ad%e3%83%86%e3%82%a3%e3%82%a6%e3%83%a0%e3%83%bb%e3%82%ad%e3%83%a5%e3%83%bc%e3%83%99%e3%83%b3%e3%82%bb\/","title":{"rendered":"\u30b3\u30d1\u30eb\u30a4\u30f3\u30bb\u30f3\u30b9\/ 1\u30ad\u30ed - (\u30d7\u30ed\u30c6\u30a3\u30a6\u30e0\u30fb\u30ad\u30e5\u30fc\u30d9\u30f3\u30bb) - 100%\u30d4\u30e5\u30a2\u30ec\u30b8\u30f3"},"content":{"rendered":"<h2><strong>Copal\u30f3\u30bb\u30f3\u30b9\u30fb\u30d5\u30a9\u30fc\u30bb\u30fc\u30eb\uff08Protium Cubense\uff09\uff1a\u30a2\u30de\u30be\u30f3\u306e\u8056\u306a\u308b\u30a2\u30ed\u30de\u30bb\u30e9\u30d4\u30fc<\/strong><\/h2>\n<h3><\/h3>\n<h3><strong>\u5546\u54c1\u306e\u8aac\u660e<\/strong><\/h3>\n<p>\u30a2\u30de\u30be\u30f3\u306e\u71b1\u5e2f\u96e8\u6797\u306b\u53e4\u304f\u304b\u3089\u4f1d\u308f\u308b\u53e1\u667a\u3092\u3001\u30d7\u30ed\u30c6\u30a3\u30a6\u30e0\u30fb\u30ad\u30e5\u30fc\u30d9\u30f3\u30bb\u306e\u6a39\u8102\u304b\u3089\u62bd\u51fa\u3057\u305f\u30b3\u30d1\u30eb\u30fb\u30a4\u30f3\u30bb\u30f3\u30b9\u3067\u4f53\u9a13\u3057\u3066\u304f\u3060\u3055\u3044\u3002Copal\u6a39\u8102\u306f\u3001\u305d\u306e\u30b9\u30d4\u30ea\u30c1\u30e5\u30a2\u30eb\u306a\u82b3\u9999\u7279\u6027\u306b\u3088\u308a\u3001\u4f55\u4e16\u7d00\u306b\u3082\u308f\u305f\u3063\u3066\u5148\u4f4f\u6c11\u306e\u6587\u5316\u3067\u4f7f\u7528\u3055\u308c\u3066\u304d\u307e\u3057\u305f\u3002\u30a2\u30de\u30be\u30f3\u306e\u4f1d\u7d71\u3068\u5100\u5f0f\u306e\u30a8\u30c3\u30bb\u30f3\u30b9\u3092\u53d7\u3051\u7d99\u3044\u3067\u304a\u308a\u3001\u3042\u306a\u305f\u306e\u30b9\u30d4\u30ea\u30c1\u30e5\u30a2\u30eb\u306a\u4fee\u884c\u3068\u5e78\u798f\u611f\u3092\u9ad8\u3081\u308b\u8cb4\u91cd\u306a\u30a2\u30a4\u30c6\u30e0\u3067\u3059\u3002<\/p>\n<h2><strong>\u88fd\u54c1\u306e\u9577\u6240\u3068\u77ed\u6240\uff1a<\/strong><\/h2>\n<p><strong>\u9577\u6240\u3060\uff1a<\/strong><\/p>\n<ol>\n<li><strong>\u30b9\u30d4\u30ea\u30c1\u30e5\u30a2\u30eb\u306a\u3064\u306a\u304c\u308aCopal<\/strong>\u30f3\u30bb\u30f3\u30b9\u306f\u3001\u30b7\u30e3\u30fc\u30de\u30cb\u30c3\u30af\u306a\u5100\u5f0f\u3001\u7791\u60f3\u3001\u5100\u5f0f\u306b\u304a\u3044\u3066\u3001\u30b9\u30d4\u30ea\u30c1\u30e5\u30a2\u30eb\u306a\u3064\u306a\u304c\u308a\u3092\u9ad8\u3081\u308b\u305f\u3081\u306b\u4f7f\u308f\u308c\u3066\u304d\u305f\u9577\u3044\u6b74\u53f2\u304c\u3042\u308b\u3002<\/li>\n<li><strong>\u30a2\u30ed\u30de\u30c6\u30a3\u30c3\u30af\u30fb\u30d6\u30ea\u30b9\uff1a<\/strong>\u7518\u304f\u9ad8\u63da\u611f\u306e\u3042\u308b\u9999\u308a\u3092\u653e\u3061\u3001\u7a7a\u6c17\u3092\u6d44\u5316\u3057\u3001\u843d\u3061\u7740\u3044\u305f\u96f0\u56f2\u6c17\u3092\u4f5c\u308a\u51fa\u3059\u3002<\/li>\n<li><strong>\u30ca\u30c1\u30e5\u30e9\u30eb\u3067\u30d4\u30e5\u30a2\uff1a<\/strong>\u5f53\u793e\u306e\u30b3\u30fc\u30d1\u30eb\u6a39\u8102\u306f\u6301\u7d9a\u53ef\u80fd\u306a\u65b9\u6cd5\u3067\u8abf\u9054\u3055\u308c\u3001\u5408\u6210\u6dfb\u52a0\u7269\u3084\u5145\u586b\u5264\u306f\u4e00\u5207\u4f7f\u7528\u3057\u3066\u3044\u307e\u305b\u3093\u3002<\/li>\n<li><strong>\u6c17\u5206\u306e\u9ad8\u63da\uff1a<\/strong>\u30b3\u30fc\u30d1\u30eb\u306e\u9999\u308a\u306f\u6c17\u5206\u3092\u9ad8\u63da\u3055\u305b\u3001\u30b9\u30c8\u30ec\u30b9\u3092\u8efd\u6e1b\u3057\u3001\u7cbe\u795e\u7684\u30fb\u611f\u60c5\u7684\u306a\u5e78\u798f\u3092\u4fc3\u9032\u3059\u308b\u3053\u3068\u3067\u77e5\u3089\u308c\u3066\u3044\u308b\u3002<\/li>\n<li><strong>\u591a\u7528\u9014\uff1a<\/strong>\u30a8\u30cd\u30eb\u30ae\u30fc\u306e\u6d44\u5316\u3001\u7a7a\u9593\u306e\u6d44\u5316\u3001\u30b0\u30e9\u30a6\u30f3\u30c7\u30a3\u30f3\u30b0\u306a\u3069\u3001\u3055\u307e\u3056\u307e\u306a\u76ee\u7684\u306b\u4f7f\u7528\u3067\u304d\u308b\u3002<\/li>\n<\/ol>\n<p><strong>\u77ed\u6240\u3060\uff1a<\/strong><\/p>\n<ol>\n<li><strong>\u7159<\/strong>\u30b3\u30d1\u30fc\u30eb\u306e\u304a\u9999\u304b\u3089\u306f\u7159\u304c\u51fa\u308b\u305f\u3081\u3001\u547c\u5438\u5668\u306b\u904e\u654f\u306a\u65b9\u306b\u306f\u9069\u3055\u306a\u3044\u5834\u5408\u304c\u3042\u308a\u307e\u3059\u3002<\/li>\n<li><strong>\u7740\u706b\u6642\u9593\uff1a<\/strong>\u4ed6\u306e\u304a\u9999\u306b\u6bd4\u3079\u3001\u7740\u706b\u306b\u5c11\u3057\u6642\u9593\u304c\u304b\u304b\u308b\u3053\u3068\u304c\u3042\u308a\u307e\u3059\u3002<\/li>\n<\/ol>\n<h2><strong>\u88fd\u54c1\u306b\u4e0e\u3048\u3089\u308c\u305f\u7528\u9014\uff1a<\/strong><\/h2>\n<p><strong>Copal\u30fb\u30a4\u30f3\u30bb\u30f3\u30b9\u306e\u30d1\u30ef\u30fc\u3092\u6d3b\u7528\u3059\u308b<\/strong><\/p>\n<ol>\n<li><strong>\u30b9\u30d4\u30ea\u30c1\u30e5\u30a2\u30eb\u306a\u30d7\u30e9\u30af\u30c6\u30a3\u30b9<\/strong>\u7791\u60f3\u3001\u7948\u308a\u3001\u5100\u5f0f\u306e\u969b\u306b\u30b3\u30fc\u30d1\u30eb\u306e\u304a\u9999\u3092\u4f7f\u3046\u3068\u3001\u96c6\u4e2d\u529b\u304c\u9ad8\u307e\u308a\u3001\u7cbe\u795e\u7684\u306a\u3064\u306a\u304c\u308a\u304c\u6df1\u307e\u308a\u307e\u3059\u3002<\/li>\n<li><strong>\u6d44\u5316\uff1a<\/strong>\u30cd\u30ac\u30c6\u30a3\u30d6\u306a\u30a8\u30cd\u30eb\u30ae\u30fc\u304b\u3089\u5c45\u4f4f\u7a7a\u9593\u3084\u7269\u3001\u30af\u30ea\u30b9\u30bf\u30eb\u3092\u6d44\u5316\u3059\u308b\u305f\u3081\u306b\u71c3\u3084\u3059\u3002<\/li>\n<li><strong>\u30a2\u30ed\u30de\u30c6\u30e9\u30d4\u30fc\uff1a<\/strong>\u30ea\u30e9\u30af\u30bc\u30fc\u30b7\u30e7\u30f3\u3001\u30b9\u30c8\u30ec\u30b9\u89e3\u6d88\u3001\u6c17\u5206\u306e\u9ad8\u63da\u306b\u3002<\/li>\n<li><strong>\u30de\u30a4\u30f3\u30c9\u30d5\u30eb\u30cd\u30b9\uff1a<\/strong>\u30de\u30a4\u30f3\u30c9\u30d5\u30eb\u30cd\u30b9\u306e\u5b9f\u8df5\u306b\u53d6\u308a\u5165\u308c\u3001\u843d\u3061\u7740\u3044\u305f\u96f0\u56f2\u6c17\u3092\u4f5c\u308b\u3002<\/li>\n<li><strong>\u30e8\u30ac\uff1a<\/strong>\u5fc3\u3092\u30af\u30ea\u30a2\u306b\u3057\u3001\u30de\u30a4\u30f3\u30c9\u30d5\u30eb\u30cd\u30b9\u3092\u4fc3\u9032\u3059\u308b\u30b3\u30fc\u30d1\u30eb\u3092\u4f7f\u3063\u3066\u3001\u30e8\u30ac\u30bb\u30c3\u30b7\u30e7\u30f3\u3092\u5145\u5b9f\u3055\u305b\u3088\u3046\u3002<\/li>\n<\/ol>\n<h2><strong>\u4f7f\u3044\u65b9\u306e\u8aac\u660e<\/strong><\/h2>\n<p><strong>Copal\u30fb\u30a4\u30f3\u30bb\u30f3\u30b9\u3067\u30b9\u30d4\u30ea\u30c1\u30e5\u30a2\u30eb\u30fb\u30b8\u30e3\u30fc\u30cb\u30fc\u3092\u9ad8\u3081\u308b<\/strong><\/p>\n<ol>\n<li><strong>\u70b9\u706b\u3059\u308b\uff1a<\/strong>\u30b3\u30fc\u30d1\u30eb\u6a39\u8102\u306e\u4e00\u7aef\u3092\u3001\u304f\u3059\u3076\u308a\u59cb\u3081\u308b\u307e\u3067\u706b\u306b\u304b\u3056\u3059\u3002\u6570\u79d2\u9593\u71c3\u3084\u3059\u3002<\/li>\n<li><strong>\u7f6e\u304f\uff1a<\/strong>\u8010\u71b1\u76bf\u3084\u304a\u9999\u7acb\u3066\u306e\u4e0a\u306b\u3001\u71c3\u3048\u3066\u3044\u308b\u6a39\u8102\u3092\u7f6e\u304f\u3002<\/li>\n<li><strong>\u5b89\u5168\u6027<\/strong>\u30b3\u30fc\u30d1\u30eb\u306e\u304a\u9999\u306f\u5fc5\u305a\u98a8\u901a\u3057\u306e\u826f\u3044\u5834\u6240\u3067\u711a\u304d\u3001\u71c3\u3048\u3084\u3059\u3044\u3082\u306e\u306b\u306f\u8fd1\u3065\u3051\u306a\u3044\u3067\u304f\u3060\u3055\u3044\u3002<\/li>\n<li><strong>\u610f\u56f3<\/strong>\u9999\u3070\u3057\u3044\u7159\u304c\u7a7a\u9593\u3092\u6e80\u305f\u3059\u4e2d\u3001\u5100\u5f0f\u3084\u7791\u60f3\u30bb\u30c3\u30b7\u30e7\u30f3\u306e\u610f\u56f3\u3092\u8a2d\u5b9a\u3059\u308b\u3002<\/li>\n<li><strong>\u6d88\u706b\uff1a<\/strong>\u4f7f\u3044\u7d42\u308f\u3063\u305f\u3089\u3001\u6a39\u8102\u304c\u81ea\u7136\u306b\u71c3\u3048\u5c3d\u304d\u308b\u306e\u3092\u5f85\u3064\u304b\u3001\u305d\u3063\u3068\u606f\u3092\u5439\u304d\u304b\u3051\u3066\u6d88\u3059\u3002<\/li>\n<\/ol>\n<h2><strong>\u4ed6\u306b\u3069\u3093\u306a\u540d\u524d\u3067\u77e5\u3089\u308c\u3066\u3044\u308b\u304b\uff1a<\/strong><\/h2>\n<p><strong>\u5225\u540d\u3068\u547d\u540d\u6cd5<\/strong><\/p>\n<ul>\n<li><strong>\u30d7\u30ed\u30c6\u30a3\u30a6\u30e0\u30fb\u30ad\u30e5\u30fc\u30d9\u30f3\u30bb<\/strong>COPAL INCENSE\u306f\u5b66\u540dProtium Cubense\u3068\u3082\u547c\u3070\u308c\u308b\u3002<\/li>\n<\/ul>\n<h6><strong>\u6ce8\uff1a<\/strong><\/h6>\n<p>\u30de\u30e4\u30f3\u30c8\u30c3\u30d7\u88fd\u54c1\u306f\u3001100\uff05\u5929\u7136\u7531\u6765\u306e\u30d4\u30e5\u30a2\u306a\u72b6\u614b\u3067\u539f\u7523\u5730\u30b3\u30df\u30e5\u30cb\u30c6\u30a3\u304b\u3089\u5165\u624b\u3057\u3001\u8ca9\u58f2\u3057\u3066\u3044\u307e\u3059\u3002\u8fb2\u85ac\u3001\u5316\u5b66\u85ac\u54c1\u3001\u9664\u8349\u5264\u3001\u305d\u306e\u4ed6\u4eba\u5de5\u7684\u306a\u7269\u8cea\u306f\u4e00\u5207\u542b\u307e\u308c\u3066\u3044\u307e\u305b\u3093\u3002<\/p>\n<h6><strong>\u514d\u8cac\u4e8b\u9805<\/strong><\/h6>\n<ul>\n<li>\u3053\u306e\u88fd\u54c1\u306e\u3053\u308c\u3089\u306e\u52b9\u679c\u306f\u3001\u53e4\u4ee3\u306e\u4f1d\u7d71\u533b\u5b66\u306e\u512a\u308c\u305f\u7d50\u679c\u306b\u95a2\u3059\u308b\u7d4c\u9a13\u7684\u306a\u7d4c\u9a13\u306b\u3088\u3063\u3066\u88cf\u4ed8\u3051\u3089\u308c\u3066\u3044\u308b\u3002\u9069\u5207\u306a\u91cf\u306e\u7bc4\u56f2\u5185\u3067\u6295\u4e0e\u3055\u308c\u305f\u5834\u5408\u3001\u6709\u5bb3\u306a\u526f\u4f5c\u7528\u304c\u306a\u3044\u3053\u3068\u3002\u3057\u304b\u3057\u3001\u3053\u3053\u3067\u7279\u5b9a\u3055\u308c\u305f\u60c5\u5831\u306f\u3001\u6c7a\u3057\u3066\u6761\u4f8b\u3084\u51e6\u65b9\u7b8b\u3067\u306f\u3042\u308a\u307e\u305b\u3093\u3002<\/li>\n<li>\u3053\u308c\u3089\u306e\u5929\u7136\u88fd\u54c1\u306e\u4f7f\u7528\u306f\u3001\u533b\u5e2b\u306e\u8a3a\u5bdf\u306b\u53d6\u3063\u3066\u4ee3\u308f\u308b\u3082\u306e\u3067\u306f\u3042\u308a\u307e\u305b\u3093\u3002<\/li>\n<li>\u3059\u3079\u3066\u306e\u88fd\u54c1\u306f\u3001\u5f53\u793e\u306e\u539f\u7523\u56fd\u3067\u306f\u5408\u6cd5\u3067\u3059\u304c\u3001\u4ed5\u5411\u3051\u56fd\u3067\u306e\u5408\u6cd5\u6027\u3092\u8abf\u67fb\u3059\u308b\u306e\u306f\u304a\u5ba2\u69d8\u306e\u8cac\u4efb\u3067\u3059\u3002<\/li>\n<li>\u305d\u3053\u306b\u542b\u307e\u308c\u308b\u8a18\u8ff0\u304a\u3088\u3073\u30a6\u30a7\u30d6\u30b5\u30a4\u30c8\u3078\u306e\u30ea\u30f3\u30af\u306f\u3001FDA\u304a\u3088\u3073\u56fd\u969b\u98df\u54c1\u533b\u85ac\u54c1\u5f53\u5c40\u306b\u3088\u308b\u8a55\u4fa1\u3092\u53d7\u3051\u3066\u3044\u307e\u305b\u3093\u3002<\/li>\n<li>\u3044\u304b\u306a\u308b\u75c5\u6c17\u3084\u75be\u60a3\u306e\u6cbb\u7642\u3001\u4e88\u9632\u3001\u7de9\u548c\u306b\u5bfe\u3059\u308b\u5f53\u793e\u88fd\u54c1\u306e\u80fd\u529b\u307e\u305f\u306f\u52b9\u80fd\u306b\u95a2\u3059\u308b\u533b\u5b66\u7684\u4e3b\u5f35\u3092\u6697\u793a\u3059\u308b\u3082\u306e\u3067\u306f\u3042\u308a\u307e\u305b\u3093\u3002<\/li>\n<li>\u5f53\u793e\u88fd\u54c1\u306e\u4f7f\u7528\u304a\u3088\u3073\u9069\u7528\u306f\u3001\u304a\u5ba2\u69d8\u3054\u81ea\u8eab\u306e\u8cac\u4efb\u3068\u306a\u308a\u307e\u3059\u3002<\/li>\n<\/ul>\n","protected":false},"excerpt":{"rendered":"<p>Copal\u30f3\u30bb\u30f3\u30b9\u30fb\u30d5\u30a9\u30fc\u30bb\u30fc\u30eb\uff08Pro<\/p>\n","protected":false},"featured_media":61368,"comment_status":"open","ping_status":"closed","template":"","meta":{"_joinchat":[],"jetpack_publicize_message":"","jetpack_publicize_feature_enabled":true,"jetpack_social_post_already_shared":true,"jetpack_social_options":{"image_generator_settings":{"template":"highway","default_image_id":0,"font":"","enabled":false},"version":2}},"product_brand":[],"product_cat":[1047,1152],"product_tag":[],"giftcard-category":[],"class_list":{"0":"post-61366","1":"product","2":"type-product","3":"status-publish","4":"has-post-thumbnail","6":"product_cat-dhl","7":"product_cat-1152","8":"product_shipping_class-1052","10":"first","11":"instock","12":"sale","13":"taxable","14":"shipping-taxable","15":"purchasable","16":"product-type-variable"},"jetpack_publicize_connections":[],"jetpack-related-posts":[{"id":40037,"url":"https:\/\/mayantop.com\/fr\/\u88fd\u54c1\/encens-copal-a-vendre-protium-cubense\/","url_meta":{"origin":61366,"position":0},"title":"ENCENS COPAL \/ 1kg - (Protium Cubense) - R\u00e9sine 100% pure","author":"Nicolas Rios","date":"2021\u5e7412\u67087\u65e5","format":false,"excerpt":"ENCENS COPAL EN VENTE (Protium Cubense) : Aromath\u00e9\u2026","rel":"","context":"\u985e\u4f3c\u306e\u30dd\u30b9\u30c8","block_context":{"text":"\u985e\u4f3c\u306e\u30dd\u30b9\u30c8","link":""},"img":{"alt_text":"Copal","src":"https:\/\/i0.wp.com\/mayantop.com\/wp-content\/uploads\/2021\/12\/Copal-1000-X-1000-px.jpg?resize=350%2C200&ssl=1","width":350,"height":200,"srcset":"https:\/\/i0.wp.com\/mayantop.com\/wp-content\/uploads\/2021\/12\/Copal-1000-X-1000-px.jpg?resize=350%2C200&ssl=1 1x, https:\/\/i0.wp.com\/mayantop.com\/wp-content\/uploads\/2021\/12\/Copal-1000-X-1000-px.jpg?resize=525%2C300&ssl=1 1.5x, https:\/\/i0.wp.com\/mayantop.com\/wp-content\/uploads\/2021\/12\/Copal-1000-X-1000-px.jpg?resize=700%2C400&ssl=1 2x"},"classes":[]},{"id":40315,"url":"https:\/\/mayantop.com\/fr\/\u88fd\u54c1\/rape-tabac-copal-a-vente-protium-cubense\/","url_meta":{"origin":61366,"position":1},"title":"RAP\u00c9 TABAC - COPAL - (Protium cubense) - R\u00e9sine v\u00e9g\u00e9tale 100% naturelle","author":"Nicolas Rios","date":"2021\u5e7412\u67087\u65e5","format":false,"excerpt":"RAP\u00c9 TABAC COPAL\u00a0 \u00c0 VENDRE (Protium cubense) &nbsp\u2026","rel":"","context":"\u985e\u4f3c\u306e\u30dd\u30b9\u30c8","block_context":{"text":"\u985e\u4f3c\u306e\u30dd\u30b9\u30c8","link":""},"img":{"alt_text":"Tabac \u00e0 tabac Copal - RAP\u00c9 TABAC COPAL","src":"https:\/\/i0.wp.com\/mayantop.com\/wp-content\/uploads\/2021\/12\/Rape-07-3.jpg?resize=350%2C200&ssl=1","width":350,"height":200,"srcset":"https:\/\/i0.wp.com\/mayantop.com\/wp-content\/uploads\/2021\/12\/Rape-07-3.jpg?resize=350%2C200&ssl=1 1x, https:\/\/i0.wp.com\/mayantop.com\/wp-content\/uploads\/2021\/12\/Rape-07-3.jpg?resize=525%2C300&ssl=1 1.5x, https:\/\/i0.wp.com\/mayantop.com\/wp-content\/uploads\/2021\/12\/Rape-07-3.jpg?resize=700%2C400&ssl=1 2x"},"classes":[]},{"id":1750,"url":"https:\/\/mayantop.com\/\u88fd\u54c1\/copal-incense-for-sale-protium-cubense\/","url_meta":{"origin":61366,"position":2},"title":"COPAL INCENSE \/ 1kg - (Protium Cubense) - 100% Pure Resin","author":"Nicolas Rios","date":"2021\u5e7412\u67087\u65e5","format":false,"excerpt":"COPAL INCENSE FOR SALE (Protium Cubense): Sacred A\u2026","rel":"","context":"7\u4ef6\u306e\u30b3\u30e1\u30f3\u30c8\u4ed8\u304d","block_context":{"text":"7\u4ef6\u306e\u30b3\u30e1\u30f3\u30c8\u4ed8\u304d","link":"https:\/\/mayantop.com\/\u88fd\u54c1\/copal-incense-for-sale-protium-cubense\/#comments"},"img":{"alt_text":"Copal","src":"https:\/\/i0.wp.com\/mayantop.com\/wp-content\/uploads\/2021\/12\/Copal-1000-X-1000-px.jpg?resize=350%2C200&ssl=1","width":350,"height":200,"srcset":"https:\/\/i0.wp.com\/mayantop.com\/wp-content\/uploads\/2021\/12\/Copal-1000-X-1000-px.jpg?resize=350%2C200&ssl=1 1x, https:\/\/i0.wp.com\/mayantop.com\/wp-content\/uploads\/2021\/12\/Copal-1000-X-1000-px.jpg?resize=525%2C300&ssl=1 1.5x, https:\/\/i0.wp.com\/mayantop.com\/wp-content\/uploads\/2021\/12\/Copal-1000-X-1000-px.jpg?resize=700%2C400&ssl=1 2x"},"classes":[]}],"jetpack_sharing_enabled":true,"_links":{"self":[{"href":"https:\/\/mayantop.com\/ja\/wp-json\/wp\/v2\/product\/61366","targetHints":{"allow":["GET"]}}],"collection":[{"href":"https:\/\/mayantop.com\/ja\/wp-json\/wp\/v2\/product"}],"about":[{"href":"https:\/\/mayantop.com\/ja\/wp-json\/wp\/v2\/types\/product"}],"replies":[{"embeddable":true,"href":"https:\/\/mayantop.com\/ja\/wp-json\/wp\/v2\/comments?post=61366"}],"version-history":[{"count":2,"href":"https:\/\/mayantop.com\/ja\/wp-json\/wp\/v2\/product\/61366\/revisions"}],"predecessor-version":[{"id":68653,"href":"https:\/\/mayantop.com\/ja\/wp-json\/wp\/v2\/product\/61366\/revisions\/68653"}],"wp:featuredmedia":[{"embeddable":true,"href":"https:\/\/mayantop.com\/ja\/wp-json\/wp\/v2\/media\/61368"}],"wp:attachment":[{"href":"https:\/\/mayantop.com\/ja\/wp-json\/wp\/v2\/media?parent=61366"}],"wp:term":[{"taxonomy":"product_brand","embeddable":true,"href":"https:\/\/mayantop.com\/ja\/wp-json\/wp\/v2\/product_brand?post=61366"},{"taxonomy":"product_cat","embeddable":true,"href":"https:\/\/mayantop.com\/ja\/wp-json\/wp\/v2\/product_cat?post=61366"},{"taxonomy":"product_tag","embeddable":true,"href":"https:\/\/mayantop.com\/ja\/wp-json\/wp\/v2\/product_tag?post=61366"},{"taxonomy":"giftcard-category","embeddable":true,"href":"https:\/\/mayantop.com\/ja\/wp-json\/wp\/v2\/giftcard-category?post=61366"}],"curies":[{"name":"wp","href":"https:\/\/api.w.org\/{rel}","templated":true}]}}