{"id":61313,"date":"2021-12-07T17:03:43","date_gmt":"2021-12-07T22:03:43","guid":{"rendered":"https:\/\/mayantop.com\/products\/dyooroxao-paste-mix-10gr-at-1kg-%e3%82%af%e3%83%9e%e3%83%a9virola-calophylla-%e3%83%91%e3%82%b7%e3%83%a3%e3%82%abocaina-100"},"modified":"2025-11-04T11:52:42","modified_gmt":"2025-11-04T16:52:42","slug":"dyooroxao%e3%83%9a%e3%83%bc%e3%82%b9%e3%83%88%e3%83%9f%e3%83%83%e3%82%af%e3%82%b9-%e3%82%af%e3%83%9e%e3%83%a9-%e3%83%91%e3%82%b7%e3%83%a3%e3%82%ab","status":"publish","type":"product","link":"https:\/\/mayantop.com\/ja\/\u88fd\u54c1\/dyooroxao%e3%83%9a%e3%83%bc%e3%82%b9%e3%83%88%e3%83%9f%e3%83%83%e3%82%af%e3%82%b9-%e3%82%af%e3%83%9e%e3%83%a9-%e3%83%91%e3%82%b7%e3%83%a3%e3%82%ab\/","title":{"rendered":"DYOOROXAO\u30da\u30fc\u30b9\u30c8\u30df\u30c3\u30af\u30b9 \/ 1kg\u3042\u305f\u308a10gr - (\u30af\u30de\u30e9(Virola calophylla) + \u30d1\u30b7\u30e3\u30ab(Ocaina) - 100"},"content":{"rendered":"<h2><strong>DYOOROXAO\u30da\u30fc\u30b9\u30c8\u30df\u30c3\u30af\u30b9\u8ca9\u58f2 - \u30af\u30de\u30e9\uff08Virola calophylla\uff09\uff0b\u30d1\u30b7\u30e3\u30ab\u65cf\u30aa\u30ab\u30a4\u30ca\uff1a\u8056\u306a\u308b\u30b7\u30ca\u30b8\u30fc<\/strong><\/h2>\n<h2><\/h2>\n<h2><strong>\u5546\u54c1\u306e\u8aac\u660e<\/strong><\/h2>\n<p>\u30a2\u30de\u30be\u30f3\u306e\u71b1\u5e2f\u96e8\u6797\u306e\u53e1\u667a\u3092\u51dd\u7e2e\u3057\u305f\u3001\u30e6\u30cb\u30fc\u30af\u3067\u795e\u8056\u306a\u30d6\u30ec\u30f3\u30c9\u3067\u3059<strong>\u3002<\/strong>\u3053\u306e\u7279\u5225\u306a\u88fd\u54c1\u306f\u30012\u3064\u306e\u5f37\u529b\u306a\u8981\u7d20\u3092\u7d44\u307f\u5408\u308f\u305b\u305f\u3082\u306e\u3067\u3059\uff1a\u30af\u30de\u30e9\uff08Virola calophylla\uff09\u3068\u30d1\u30b7\u30e3\u30ab\u65cf\u30aa\u30ab\u30a4\u30ca\u306e\u4f1d\u7d71\u7684\u306a\u77e5\u8b58\u3067\u3059\u3002\u30c7\u30a3\u30e8\u30ed\u30af\u30b5\u30aa\u30fb\u30da\u30fc\u30b9\u30c8\u30df\u30c3\u30af\u30b9\u306f\u81ea\u7136\u754c\u3078\u306e\u754f\u656c\u306e\u5ff5\u306e\u8c61\u5fb4\u3067\u3042\u308a\u3001\u30a2\u30de\u30be\u30f3\u306e\u5fc3\u3092\u76f4\u63a5\u3042\u306a\u305f\u306b\u304a\u5c4a\u3051\u3057\u307e\u3059\u3002<\/p>\n<h3><strong>\u88fd\u54c1\u306e\u9577\u6240\u3068\u77ed\u6240\uff1a<\/strong><\/h3>\n<p><strong>\u9577\u6240\u3060\uff1a<\/strong><\/p>\n<ol>\n<li><strong>\u795e\u8056\u306a\u308b\u4f1d\u7d71\uff1a<\/strong>Dyooroxao Paste Mix\u306f\u3001\u6df1\u3044\u77e5\u6075\u306e\u6e90\u3067\u3042\u308b\u30d1\u30b7\u30e3\u30ab\u65cf\u30aa\u30ab\u30a4\u30ca\u306e\u795e\u8056\u306a\u4f1d\u7d71\u3092\u5c0a\u91cd\u3057\u3001\u4f53\u73fe\u3057\u3066\u3044\u307e\u3059\u3002<\/li>\n<li><strong>\u81ea\u7136\u306e\u76f8\u4e57\u52b9\u679c\uff1a<\/strong>\u30af\u30de\u30e9\u3068\u30aa\u30ab\u30a4\u30ca\u306e\u77e5\u8b58\u3092\u7d44\u307f\u5408\u308f\u305b\u308b\u3053\u3068\u3067\u3001\u5168\u4f53\u7684\u306a\u7d4c\u9a13\u3092\u9ad8\u3081\u308b\u76f8\u4e57\u52b9\u679c\u304c\u751f\u307e\u308c\u308b\u3002<\/li>\n<li><strong>\u6587\u5316\u7684\u306a\u3064\u306a\u304c\u308a\uff1a<\/strong>\u3053\u306e\u88fd\u54c1\u3092\u4f7f\u7528\u3059\u308b\u3053\u3068\u3067\u3001\u5148\u4f4f\u6c11\u6587\u5316\u3068\u306e\u3064\u306a\u304c\u308a\u3092\u80b2\u307f\u3001\u5f7c\u3089\u306e\u907a\u7523\u3092\u652f\u63f4\u3059\u308b\u3053\u3068\u306b\u306a\u308a\u307e\u3059\u3002<\/li>\n<li><strong>\u30db\u30ea\u30b9\u30c6\u30a3\u30c3\u30af\u30fb\u30a6\u30a7\u30eb\u30cd\u30b9<\/strong>\u30c9\u30e8\u30ed\u30ad\u30b5\u30aa\u30da\u30fc\u30b9\u30c8\u30df\u30c3\u30af\u30b9\u306b\u306f\u3001\u8089\u4f53\u7684\u3001\u611f\u60c5\u7684\u3001\u7cbe\u795e\u7684\u306a\u52b9\u679c\u304c\u671f\u5f85\u3067\u304d\u308b\u3002<\/li>\n<li><strong>\u30a8\u30b3\u30d5\u30ec\u30f3\u30c9\u30ea\u30fc\uff1a<\/strong>\u30a2\u30de\u30be\u30f3\u306e\u71b1\u5e2f\u96e8\u6797\u3092\u4fdd\u8b77\u3059\u308b\u305f\u3081\u3001\u6301\u7d9a\u53ef\u80fd\u306a\u65b9\u6cd5\u3067\u8abf\u9054\u3055\u308c\u3066\u3044\u308b\u3002<\/li>\n<\/ol>\n<p><strong>\u77ed\u6240\u3060\uff1a<\/strong><\/p>\n<ol>\n<li><strong>\u5473\uff1a<\/strong>\u30da\u30fc\u30b9\u30c8\u30df\u30c3\u30af\u30b9\u306e\u5473\u3092\u5f37\u304f\u611f\u3058\u305f\u308a\u3001\u306a\u3058\u307f\u304c\u306a\u3044\u3068\u611f\u3058\u308b\u4eba\u3082\u3044\u308b\u304b\u3082\u3057\u308c\u306a\u3044\u3002<\/li>\n<li><strong>\u6295\u4e0e\u91cf\u306e\u3070\u3089\u3064\u304d\uff1a<\/strong>\u9069\u5207\u306a\u6295\u4e0e\u91cf\u306b\u306f\u500b\u4eba\u5dee\u304c\u3042\u308a\u3001\u500b\u4eba\u7684\u306a\u5b9f\u9a13\u304c\u5fc5\u8981\u3067\u3042\u308b\u3002<\/li>\n<\/ol>\n<h3><strong>\u88fd\u54c1\u306b\u4e0e\u3048\u3089\u308c\u305f\u7528\u9014\uff1a<\/strong><\/h3>\n<p><strong>\u30c9\u30e8\u30ed\u30af\u30b5\u30aa\u30da\u30fc\u30b9\u30c8\u30df\u30c3\u30af\u30b9\u306e\u30d1\u30ef\u30fc\u3092\u53d6\u308a\u5165\u308c\u3088\u3046<\/strong><\/p>\n<ol>\n<li><strong>\u4f1d\u7d71\u7684\u306a\u5100\u5f0f<\/strong>\u30c7\u30a3\u30e8\u30ed\u30af\u30b5\u30aa\u30da\u30fc\u30b9\u30c8\u30df\u30c3\u30af\u30b9\u306f\u3001\u30a2\u30de\u30be\u30f3\u306e\u4f1d\u7d71\u7684\u306a\u5100\u5f0f\u306b\u6b20\u304b\u305b\u306a\u3044\u3082\u306e\u3067\u3001\u970a\u7684\u306a\u6d1e\u5bdf\u3068\u7652\u3057\u306e\u305f\u3081\u306b\u4f7f\u7528\u3055\u308c\u308b\u3053\u3068\u304c\u591a\u3044\u3002<\/li>\n<li><strong>\u7791\u60f3\u306e\u65c5\uff1a<\/strong>\u7791\u60f3\u306e\u7df4\u7fd2\u306b\u53d6\u308a\u5165\u308c\u3066\u3001\u81ea\u7136\u754c\u3068\u306e\u3064\u306a\u304c\u308a\u3092\u6df1\u3081\u307e\u3057\u3087\u3046\u3002<\/li>\n<li><strong>\u30b9\u30d4\u30ea\u30c1\u30e5\u30a2\u30eb\u306a\u6210\u9577<\/strong>\u591a\u304f\u306e\u5229\u7528\u8005\u304c\u3001\u300c\u5982\u8001\u8349\u8cbc\u4ed8\u5264\u300d\u306e\u5c0e\u304d\u306b\u3088\u308a\u3001\u6df1\u3044\u970a\u7684\u4f53\u9a13\u3068\u81ea\u5df1\u306e\u6210\u9577\u3092\u5831\u544a\u3057\u3066\u3044\u308b\u3002<\/li>\n<\/ol>\n<h3><strong>\u4f7f\u3044\u65b9\u306e\u8aac\u660e<\/strong><\/h3>\n<p><strong>\u9903\u5b50\u30df\u30c3\u30af\u30b9\u4f53\u9a13\u30ca\u30d3<\/strong><\/p>\n<ol>\n<li><strong>\u6442\u53d6\u91cf<\/strong>\u901a\u5e38\u8c46\u7c92\u5927\u306e\u5c11\u91cf\u304b\u3089\u59cb\u3081\u3001\u7d4c\u9a13\u306b\u5fdc\u3058\u3066\u9069\u5b9c\u8abf\u7bc0\u3059\u308b\u3002<\/li>\n<li><strong>\u6295\u4e0e<\/strong>\u30c9\u30e8\u30ed\u30ad\u30b5\u30aa\u30da\u30fc\u30b9\u30c8\u30df\u30c3\u30af\u30b9\u306f\u3001\u4f7f\u7528\u76ee\u7684\u306b\u5fdc\u3058\u3066\u7d4c\u53e3\u6295\u4e0e\u307e\u305f\u306f\u5916\u7528\u8edf\u818f\u3068\u3057\u3066\u4f7f\u7528\u3059\u308b\u3053\u3068\u304c\u3067\u304d\u308b\u3002<\/li>\n<li><strong>\u30ac\u30a4\u30c0\u30f3\u30b9<\/strong>\u30a2\u30de\u30be\u30f3\u306e\u4f1d\u7d71\u306b\u7cbe\u901a\u3057\u305f\u30b7\u30e3\u30fc\u30de\u30f3\u3084\u65bd\u8853\u8005\u306e\u6307\u5c0e\u306e\u3082\u3068\u3067\u4f7f\u7528\u3059\u308b\u3053\u3068\u3092\u304a\u52e7\u3081\u3057\u307e\u3059\u3002<\/li>\n<li><strong>\u610f\u56f3\u306e\u8a2d\u5b9a\uff1a<\/strong>\u4f7f\u7528\u524d\u306b\u3001\u3042\u306a\u305f\u306e\u65c5\u306e\u53ef\u80fd\u6027\u3092\u6700\u5927\u9650\u306b\u5f15\u304d\u51fa\u3059\u305f\u3081\u306b\u3001\u660e\u78ba\u3067\u524d\u5411\u304d\u306a\u610f\u56f3\u3092\u8a2d\u5b9a\u3059\u308b\u3002<\/li>\n<\/ol>\n<h3><strong>\u305d\u306e\u4ed6\u306b\u77e5\u3089\u308c\u3066\u3044\u308b\u540d\u524d<\/strong><\/h3>\n<p><strong>\u30c9\u30e8\u30ed\u30ad\u30b5\u30aa\u30da\u30fc\u30b9\u30c8\u30df\u30c3\u30af\u30b9\u306e\u30d0\u30ea\u30a8\u30fc\u30b7\u30e7\u30f3<\/strong><\/p>\n<ul>\n<li><strong>\u30af\u30de\u30e9\u30fb\u30aa\u30ab\u30a4\u30ca\u30d6\u30ec\u30f3\u30c9\uff1a<\/strong>2\u3064\u306e\u4e3b\u8981\u6210\u5206\u3092\u5f37\u8abf\u3002<\/li>\n<li><strong>\u30d1\u30b7\u30e3\u30ab\u30fb\u30a6\u30a3\u30ba\u30c0\u30e0\u30fb\u30da\u30fc\u30b9\u30c8<\/strong>\u30d1\u30b7\u30e3\u30ab\u65cf\u30aa\u30ab\u30a4\u30ca\u306e\u5f71\u97ff\u3092\u8a8d\u8b58\u3059\u308b<\/li>\n<\/ul>\n<h6><strong>\u6ce8\uff1a<\/strong><\/h6>\n<p>\u30de\u30e4\u30f3\u30c8\u30c3\u30d7\u88fd\u54c1\u306f\u3001100\uff05\u5929\u7136\u7531\u6765\u306e\u30d4\u30e5\u30a2\u306a\u72b6\u614b\u3067\u539f\u7523\u5730\u30b3\u30df\u30e5\u30cb\u30c6\u30a3\u304b\u3089\u5165\u624b\u3057\u3001\u8ca9\u58f2\u3057\u3066\u3044\u307e\u3059\u3002\u8fb2\u85ac\u3001\u5316\u5b66\u85ac\u54c1\u3001\u9664\u8349\u5264\u3001\u305d\u306e\u4ed6\u4eba\u5de5\u7684\u306a\u7269\u8cea\u306f\u4e00\u5207\u542b\u307e\u308c\u3066\u3044\u307e\u305b\u3093\u3002<\/p>\n<h6><strong>\u514d\u8cac\u4e8b\u9805<\/strong><\/h6>\n<ul>\n<li>\u3053\u306e\u88fd\u54c1\u306e\u3053\u308c\u3089\u306e\u52b9\u679c\u306f\u3001\u53e4\u4ee3\u306e\u4f1d\u7d71\u533b\u5b66\u306e\u512a\u308c\u305f\u7d50\u679c\u306b\u95a2\u3059\u308b\u7d4c\u9a13\u7684\u306a\u7d4c\u9a13\u306b\u3088\u3063\u3066\u88cf\u4ed8\u3051\u3089\u308c\u3066\u3044\u308b\u3002\u9069\u5207\u306a\u91cf\u306e\u7bc4\u56f2\u5185\u3067\u6295\u4e0e\u3055\u308c\u305f\u5834\u5408\u3001\u6709\u5bb3\u306a\u526f\u4f5c\u7528\u304c\u306a\u3044\u3053\u3068\u3002\u3057\u304b\u3057\u3001\u3053\u3053\u3067\u7279\u5b9a\u3055\u308c\u305f\u60c5\u5831\u306f\u3001\u6c7a\u3057\u3066\u6761\u4f8b\u3084\u51e6\u65b9\u7b8b\u3067\u306f\u3042\u308a\u307e\u305b\u3093\u3002<\/li>\n<li>\u3053\u308c\u3089\u306e\u5929\u7136\u88fd\u54c1\u306e\u4f7f\u7528\u306f\u3001\u533b\u5e2b\u306e\u8a3a\u5bdf\u306b\u53d6\u3063\u3066\u4ee3\u308f\u308b\u3082\u306e\u3067\u306f\u3042\u308a\u307e\u305b\u3093\u3002<\/li>\n<li>\u3059\u3079\u3066\u306e\u88fd\u54c1\u306f\u3001\u5f53\u793e\u306e\u539f\u7523\u56fd\u3067\u306f\u5408\u6cd5\u3067\u3059\u304c\u3001\u4ed5\u5411\u3051\u56fd\u3067\u306e\u5408\u6cd5\u6027\u3092\u8abf\u67fb\u3059\u308b\u306e\u306f\u304a\u5ba2\u69d8\u306e\u8cac\u4efb\u3067\u3059\u3002<\/li>\n<li>\u305d\u3053\u306b\u542b\u307e\u308c\u308b\u8a18\u8ff0\u304a\u3088\u3073\u30a6\u30a7\u30d6\u30b5\u30a4\u30c8\u3078\u306e\u30ea\u30f3\u30af\u306f\u3001FDA\u304a\u3088\u3073\u56fd\u969b\u98df\u54c1\u533b\u85ac\u54c1\u5f53\u5c40\u306b\u3088\u308b\u8a55\u4fa1\u3092\u53d7\u3051\u3066\u3044\u307e\u305b\u3093\u3002<\/li>\n<li>\u3044\u304b\u306a\u308b\u75c5\u6c17\u3084\u75be\u60a3\u306e\u6cbb\u7642\u3001\u4e88\u9632\u3001\u7de9\u548c\u306b\u5bfe\u3059\u308b\u5f53\u793e\u88fd\u54c1\u306e\u80fd\u529b\u307e\u305f\u306f\u52b9\u80fd\u306b\u95a2\u3059\u308b\u533b\u5b66\u7684\u4e3b\u5f35\u3092\u6697\u793a\u3059\u308b\u3082\u306e\u3067\u306f\u3042\u308a\u307e\u305b\u3093\u3002<\/li>\n<li>\u5f53\u793e\u88fd\u54c1\u306e\u4f7f\u7528\u304a\u3088\u3073\u9069\u7528\u306f\u3001\u304a\u5ba2\u69d8\u3054\u81ea\u8eab\u306e\u8cac\u4efb\u3068\u306a\u308a\u307e\u3059\u3002<\/li>\n<\/ul>\n","protected":false},"excerpt":{"rendered":"<p>DYOOROXAO\u30da\u30fc\u30b9\u30c8\u30df\u30c3\u30af\u30b9\u8ca9\u58f2 <\/p>\n","protected":false},"featured_media":61317,"comment_status":"open","ping_status":"closed","template":"","meta":{"_joinchat":[],"jetpack_publicize_message":"","jetpack_publicize_feature_enabled":true,"jetpack_social_post_already_shared":true,"jetpack_social_options":{"image_generator_settings":{"template":"highway","default_image_id":0,"font":"","enabled":false},"version":2}},"product_brand":[],"product_cat":[1047,1093],"product_tag":[],"giftcard-category":[],"class_list":{"0":"post-61313","1":"product","2":"type-product","3":"status-publish","4":"has-post-thumbnail","6":"product_cat-dhl","7":"product_cat-1093","8":"product_shipping_class-1052","10":"first","11":"instock","12":"sale","13":"taxable","14":"shipping-taxable","15":"purchasable","16":"product-type-variable"},"jetpack_publicize_connections":[],"jetpack-related-posts":[{"id":36888,"url":"https:\/\/mayantop.com\/fr\/\u88fd\u54c1\/dyooroxao-pate-melange-cumala-pashaca-extrait\/","url_meta":{"origin":61313,"position":0},"title":"M\u00e9lange de p\u00e2tes DYOOROXAO \/ 10gr \u00e0 1kg - (Cumala (Virola calophylla) + Pashaca Tribu Ocaina) - 100%.","author":"Nicolas Rios","date":"2021\u5e7412\u67087\u65e5","format":false,"excerpt":"M\u00e9lange de p\u00e2tes DYOOROXAO \u00e0 vendre - Cumala (Viro\u2026","rel":"","context":"\u985e\u4f3c\u306e\u30dd\u30b9\u30c8","block_context":{"text":"\u985e\u4f3c\u306e\u30dd\u30b9\u30c8","link":""},"img":{"alt_text":"M\u00e9lange de p\u00e2tes Dyooroxao","src":"https:\/\/i0.wp.com\/mayantop.com\/wp-content\/uploads\/2021\/12\/Paste-14-1000-X-1000-px.jpg?resize=350%2C200&ssl=1","width":350,"height":200,"srcset":"https:\/\/i0.wp.com\/mayantop.com\/wp-content\/uploads\/2021\/12\/Paste-14-1000-X-1000-px.jpg?resize=350%2C200&ssl=1 1x, https:\/\/i0.wp.com\/mayantop.com\/wp-content\/uploads\/2021\/12\/Paste-14-1000-X-1000-px.jpg?resize=525%2C300&ssl=1 1.5x, https:\/\/i0.wp.com\/mayantop.com\/wp-content\/uploads\/2021\/12\/Paste-14-1000-X-1000-px.jpg?resize=700%2C400&ssl=1 2x"},"classes":[]},{"id":1782,"url":"https:\/\/mayantop.com\/\u88fd\u54c1\/dyooroxao-paste-mix-cumala-pashaca-extract\/","url_meta":{"origin":61313,"position":1},"title":"DYOOROXAO PASTE MIX \/ 10gr at 1kg - (Cumala (Virola calophylla) + Pashaca Tribe Ocaina) - 100%","author":"Nicolas Rios","date":"2021\u5e7412\u67087\u65e5","format":false,"excerpt":"DYOOROXAO PASTE MIX FOR SALE - Cumala (Virola calo\u2026","rel":"","context":"8\u4ef6\u306e\u30b3\u30e1\u30f3\u30c8\u4ed8\u304d","block_context":{"text":"8\u4ef6\u306e\u30b3\u30e1\u30f3\u30c8\u4ed8\u304d","link":"https:\/\/mayantop.com\/\u88fd\u54c1\/dyooroxao-paste-mix-cumala-pashaca-extract\/#comments"},"img":{"alt_text":"Dyooroxao Paste Mix","src":"https:\/\/i0.wp.com\/mayantop.com\/wp-content\/uploads\/2021\/12\/Paste-14-1000-X-1000-px.jpg?resize=350%2C200&ssl=1","width":350,"height":200,"srcset":"https:\/\/i0.wp.com\/mayantop.com\/wp-content\/uploads\/2021\/12\/Paste-14-1000-X-1000-px.jpg?resize=350%2C200&ssl=1 1x, https:\/\/i0.wp.com\/mayantop.com\/wp-content\/uploads\/2021\/12\/Paste-14-1000-X-1000-px.jpg?resize=525%2C300&ssl=1 1.5x, https:\/\/i0.wp.com\/mayantop.com\/wp-content\/uploads\/2021\/12\/Paste-14-1000-X-1000-px.jpg?resize=700%2C400&ssl=1 2x"},"classes":[]},{"id":38553,"url":"https:\/\/mayantop.com\/fr\/\u88fd\u54c1\/rape-tabac-dyooroxao-cumala-pashaca-forte\/","url_meta":{"origin":61313,"position":2},"title":"RAP\u00c9 TABAC - DYOOROXAO \/ 5gr \u00e0 100gr \/ - (Cumala + Pashaca) - Extrait de Fr\u00eane Fort et Mystique","author":"Nicolas Rios","date":"2021\u5e7412\u67087\u65e5","format":false,"excerpt":"RAP\u00c9 TABAC DYOOROXAO A VENDRE (Cumala + Pashaca) &\u2026","rel":"","context":"\u985e\u4f3c\u306e\u30dd\u30b9\u30c8","block_context":{"text":"\u985e\u4f3c\u306e\u30dd\u30b9\u30c8","link":""},"img":{"alt_text":"Tabac \u00e0 base de colza Dyooroxao - RAP\u00c9 TABAC DYOOROXAO","src":"https:\/\/i0.wp.com\/mayantop.com\/wp-content\/uploads\/2021\/12\/Rape-04-3.jpg?resize=350%2C200&ssl=1","width":350,"height":200,"srcset":"https:\/\/i0.wp.com\/mayantop.com\/wp-content\/uploads\/2021\/12\/Rape-04-3.jpg?resize=350%2C200&ssl=1 1x, https:\/\/i0.wp.com\/mayantop.com\/wp-content\/uploads\/2021\/12\/Rape-04-3.jpg?resize=525%2C300&ssl=1 1.5x, https:\/\/i0.wp.com\/mayantop.com\/wp-content\/uploads\/2021\/12\/Rape-04-3.jpg?resize=700%2C400&ssl=1 2x"},"classes":[]},{"id":38696,"url":"https:\/\/mayantop.com\/fr\/\u88fd\u54c1\/rape-tabac-cumala-virola-sebifera-poudre\/","url_meta":{"origin":61313,"position":3},"title":"RAP\u00c9 TABAC - CUMALA \/ 5gr \u00e0 100gr \/ - (Virola Sebifera) - Poudre v\u00e9g\u00e9tale 100% naturelle","author":"Nicolas Rios","date":"2021\u5e7412\u67087\u65e5","format":false,"excerpt":"RAP\u00c9 TABAC CUMALA A VENTE (Virola Sebifera) \u00a0\u2026","rel":"","context":"\u985e\u4f3c\u306e\u30dd\u30b9\u30c8","block_context":{"text":"\u985e\u4f3c\u306e\u30dd\u30b9\u30c8","link":""},"img":{"alt_text":"Tabac \u00e0 tabac Cumala - RAP\u00c9 TABAC CUMALA","src":"https:\/\/i0.wp.com\/mayantop.com\/wp-content\/uploads\/2021\/12\/Rape-07-2.jpg?resize=350%2C200&ssl=1","width":350,"height":200,"srcset":"https:\/\/i0.wp.com\/mayantop.com\/wp-content\/uploads\/2021\/12\/Rape-07-2.jpg?resize=350%2C200&ssl=1 1x, https:\/\/i0.wp.com\/mayantop.com\/wp-content\/uploads\/2021\/12\/Rape-07-2.jpg?resize=525%2C300&ssl=1 1.5x, https:\/\/i0.wp.com\/mayantop.com\/wp-content\/uploads\/2021\/12\/Rape-07-2.jpg?resize=700%2C400&ssl=1 2x"},"classes":[]}],"jetpack_sharing_enabled":true,"_links":{"self":[{"href":"https:\/\/mayantop.com\/ja\/wp-json\/wp\/v2\/product\/61313","targetHints":{"allow":["GET"]}}],"collection":[{"href":"https:\/\/mayantop.com\/ja\/wp-json\/wp\/v2\/product"}],"about":[{"href":"https:\/\/mayantop.com\/ja\/wp-json\/wp\/v2\/types\/product"}],"replies":[{"embeddable":true,"href":"https:\/\/mayantop.com\/ja\/wp-json\/wp\/v2\/comments?post=61313"}],"version-history":[{"count":3,"href":"https:\/\/mayantop.com\/ja\/wp-json\/wp\/v2\/product\/61313\/revisions"}],"predecessor-version":[{"id":69306,"href":"https:\/\/mayantop.com\/ja\/wp-json\/wp\/v2\/product\/61313\/revisions\/69306"}],"wp:featuredmedia":[{"embeddable":true,"href":"https:\/\/mayantop.com\/ja\/wp-json\/wp\/v2\/media\/61317"}],"wp:attachment":[{"href":"https:\/\/mayantop.com\/ja\/wp-json\/wp\/v2\/media?parent=61313"}],"wp:term":[{"taxonomy":"product_brand","embeddable":true,"href":"https:\/\/mayantop.com\/ja\/wp-json\/wp\/v2\/product_brand?post=61313"},{"taxonomy":"product_cat","embeddable":true,"href":"https:\/\/mayantop.com\/ja\/wp-json\/wp\/v2\/product_cat?post=61313"},{"taxonomy":"product_tag","embeddable":true,"href":"https:\/\/mayantop.com\/ja\/wp-json\/wp\/v2\/product_tag?post=61313"},{"taxonomy":"giftcard-category","embeddable":true,"href":"https:\/\/mayantop.com\/ja\/wp-json\/wp\/v2\/giftcard-category?post=61313"}],"curies":[{"name":"wp","href":"https:\/\/api.w.org\/{rel}","templated":true}]}}