{"id":61285,"date":"2021-12-07T17:03:55","date_gmt":"2021-12-07T22:03:55","guid":{"rendered":"https:\/\/mayantop.com\/products\/eop-palo-rosa-%e3%82%a8%e3%83%83%e3%82%bb%e3%83%b3%e3%82%b7%e3%83%a3%e3%83%ab%e3%82%aa%e3%82%a4%e3%83%ab-tipuana-tipu"},"modified":"2025-09-19T18:39:07","modified_gmt":"2025-09-19T23:39:07","slug":"%e3%83%91%e3%83%ad%e3%83%bb%e3%83%ad%e3%82%b5-%e3%82%a8%e3%83%83%e3%82%bb%e3%83%b3%e3%82%b7%e3%83%a3%e3%83%ab%e3%82%aa%e3%82%a4%e3%83%ab-tipuana-tipu","status":"publish","type":"product","link":"https:\/\/mayantop.com\/ja\/\u88fd\u54c1\/%e3%83%91%e3%83%ad%e3%83%bb%e3%83%ad%e3%82%b5-%e3%82%a8%e3%83%83%e3%82%bb%e3%83%b3%e3%82%b7%e3%83%a3%e3%83%ab%e3%82%aa%e3%82%a4%e3%83%ab-tipuana-tipu\/","title":{"rendered":"EOP - PALO ROSA \u30a8\u30c3\u30bb\u30f3\u30b7\u30e3\u30eb\u30aa\u30a4\u30eb - (Tipuana tipu)"},"content":{"rendered":"<h2>PALO ROSA \u30a8\u30c3\u30bb\u30f3\u30b7\u30e3\u30eb\u30aa\u30a4\u30eb - (Tipuana tipu)<\/h2>\n<p>\u30d1\u30ed\u30fb\u30ed\u30b5\u306f\u30a2\u30de\u30be\u30f3\u304c\u539f\u7523\u3067\u3001\u305d\u306e\u571f\u5730\u306e\u539f\u4f4f\u6c11\u306f\u3001\u808c\u3092\u7652\u3057\u3001\u518d\u751f\u3055\u305b\u308b\u7279\u6027\u3092\u77e5\u3063\u3066\u3044\u308b\u3002<br \/>\n\u73fe\u5728\u3067\u306f\u30ef\u30b7\u30f3\u30c8\u30f3\u6761\u7d04\u3067\u4fdd\u8b77\u3055\u308c\u3001EOP\u793e\u306b\u3088\u3063\u3066\u6301\u7d9a\u53ef\u80fd\u306a\u65b9\u6cd5\u3067\u4f7f\u7528\u3055\u308c\u3066\u3044\u308b\u3002<br \/>\n\u30a6\u30c3\u30c7\u30a3\u30ce\u30fc\u30c8\u306e\u7e4a\u7d30\u3067\u30d5\u30ed\u30fc\u30e9\u30eb\u306a\u9999\u308a\u3002<br \/>\n\u30a2\u30fc\u30e6\u30eb\u30f4\u30a7\u30fc\u30c0\uff1a\u30f4\u30a1\u30fc\u30bf\u306e\u30a8\u30cd\u30eb\u30ae\u30fc\u3092\u9ad8\u3081\u308b\u3002<\/p>\n<h6><strong>\u6ce8\uff1a<\/strong><\/h6>\n<p>\u30de\u30e4\u30f3\u30c8\u30c3\u30d7\u88fd\u54c1\u306f\u3001100\uff05\u5929\u7136\u7531\u6765\u306e\u30d4\u30e5\u30a2\u306a\u72b6\u614b\u3067\u539f\u7523\u5730\u30b3\u30df\u30e5\u30cb\u30c6\u30a3\u304b\u3089\u5165\u624b\u3057\u3001\u8ca9\u58f2\u3057\u3066\u3044\u307e\u3059\u3002\u8fb2\u85ac\u3001\u5316\u5b66\u85ac\u54c1\u3001\u9664\u8349\u5264\u3001\u305d\u306e\u4ed6\u4eba\u5de5\u7684\u306a\u7269\u8cea\u306f\u4e00\u5207\u542b\u307e\u308c\u3066\u3044\u307e\u305b\u3093\u3002<\/p>\n<h6><strong>\u514d\u8cac\u4e8b\u9805<\/strong><\/h6>\n<ul>\n<li>\u3053\u306e\u88fd\u54c1\u306e\u3053\u308c\u3089\u306e\u52b9\u679c\u306f\u3001\u53e4\u4ee3\u306e\u4f1d\u7d71\u533b\u5b66\u306e\u512a\u308c\u305f\u7d50\u679c\u306b\u95a2\u3059\u308b\u7d4c\u9a13\u7684\u306a\u7d4c\u9a13\u306b\u3088\u3063\u3066\u88cf\u4ed8\u3051\u3089\u308c\u3066\u3044\u308b\u3002\u9069\u5207\u306a\u91cf\u306e\u7bc4\u56f2\u5185\u3067\u6295\u4e0e\u3055\u308c\u305f\u5834\u5408\u3001\u6709\u5bb3\u306a\u526f\u4f5c\u7528\u304c\u306a\u3044\u3053\u3068\u3002\u3057\u304b\u3057\u3001\u3053\u3053\u3067\u7279\u5b9a\u3055\u308c\u305f\u60c5\u5831\u306f\u3001\u6c7a\u3057\u3066\u6761\u4f8b\u3084\u51e6\u65b9\u7b8b\u3067\u306f\u3042\u308a\u307e\u305b\u3093\u3002<\/li>\n<li>\u3053\u308c\u3089\u306e\u5929\u7136\u88fd\u54c1\u306e\u4f7f\u7528\u306f\u3001\u533b\u5e2b\u306e\u8a3a\u5bdf\u306b\u53d6\u3063\u3066\u4ee3\u308f\u308b\u3082\u306e\u3067\u306f\u3042\u308a\u307e\u305b\u3093\u3002<\/li>\n<li>\u3059\u3079\u3066\u306e\u88fd\u54c1\u306f\u3001\u5f53\u793e\u306e\u539f\u7523\u56fd\u3067\u306f\u5408\u6cd5\u3067\u3059\u304c\u3001\u4ed5\u5411\u3051\u56fd\u3067\u306e\u5408\u6cd5\u6027\u3092\u8abf\u67fb\u3059\u308b\u306e\u306f\u304a\u5ba2\u69d8\u306e\u8cac\u4efb\u3067\u3059\u3002<\/li>\n<li>\u305d\u3053\u306b\u542b\u307e\u308c\u308b\u8a18\u8ff0\u304a\u3088\u3073\u30a6\u30a7\u30d6\u30b5\u30a4\u30c8\u3078\u306e\u30ea\u30f3\u30af\u306f\u3001FDA\u304a\u3088\u3073\u56fd\u969b\u98df\u54c1\u533b\u85ac\u54c1\u5f53\u5c40\u306b\u3088\u308b\u8a55\u4fa1\u3092\u53d7\u3051\u3066\u3044\u307e\u305b\u3093\u3002<\/li>\n<li>\u3044\u304b\u306a\u308b\u75c5\u6c17\u3084\u75be\u60a3\u306e\u6cbb\u7642\u3001\u4e88\u9632\u3001\u7de9\u548c\u306b\u5bfe\u3059\u308b\u5f53\u793e\u88fd\u54c1\u306e\u80fd\u529b\u307e\u305f\u306f\u52b9\u80fd\u306b\u95a2\u3059\u308b\u533b\u5b66\u7684\u4e3b\u5f35\u3092\u6697\u793a\u3059\u308b\u3082\u306e\u3067\u306f\u3042\u308a\u307e\u305b\u3093\u3002<\/li>\n<li>\u5f53\u793e\u88fd\u54c1\u306e\u4f7f\u7528\u304a\u3088\u3073\u9069\u7528\u306f\u3001\u304a\u5ba2\u69d8\u3054\u81ea\u8eab\u306e\u8cac\u4efb\u3068\u306a\u308a\u307e\u3059\u3002<\/li>\n<\/ul>\n","protected":false},"excerpt":{"rendered":"<p>PALO ROSA \u30a8\u30c3\u30bb\u30f3\u30b7\u30e3\u30eb\u30aa\u30a4\u30eb<\/p>\n","protected":false},"featured_media":61287,"comment_status":"open","ping_status":"closed","template":"","meta":{"_joinchat":[],"jetpack_publicize_message":"","jetpack_publicize_feature_enabled":true,"jetpack_social_post_already_shared":true,"jetpack_social_options":{"image_generator_settings":{"template":"highway","default_image_id":0,"font":"","enabled":false},"version":2}},"product_brand":[],"product_cat":[1047,1098],"product_tag":[],"giftcard-category":[],"class_list":{"0":"post-61285","1":"product","2":"type-product","3":"status-publish","4":"has-post-thumbnail","6":"product_cat-dhl","7":"product_cat-1098","8":"product_shipping_class-1052","10":"first","11":"instock","12":"sale","13":"taxable","14":"shipping-taxable","15":"purchasable","16":"product-type-simple"},"jetpack_publicize_connections":[],"jetpack-related-posts":[{"id":36786,"url":"https:\/\/mayantop.com\/fr\/\u88fd\u54c1\/palo-rosa-huile-essentielle-tipuana-tipu\/","url_meta":{"origin":61285,"position":0},"title":"EOP - PALO ROSA Huile Essentielle - (Tipuana tipu)","author":"Nicolas Rios","date":"2021\u5e7412\u67087\u65e5","format":false,"excerpt":"Huile essentielle de PALO ROSA - (Tipuana tipu) Le\u2026","rel":"","context":"\u985e\u4f3c\u306e\u30dd\u30b9\u30c8","block_context":{"text":"\u985e\u4f3c\u306e\u30dd\u30b9\u30c8","link":""},"img":{"alt_text":"Palo Rosa","src":"https:\/\/i0.wp.com\/mayantop.com\/wp-content\/uploads\/2021\/12\/Palo-Rosa-1000-X-1000-px.jpg?resize=350%2C200&ssl=1","width":350,"height":200,"srcset":"https:\/\/i0.wp.com\/mayantop.com\/wp-content\/uploads\/2021\/12\/Palo-Rosa-1000-X-1000-px.jpg?resize=350%2C200&ssl=1 1x, https:\/\/i0.wp.com\/mayantop.com\/wp-content\/uploads\/2021\/12\/Palo-Rosa-1000-X-1000-px.jpg?resize=525%2C300&ssl=1 1.5x, https:\/\/i0.wp.com\/mayantop.com\/wp-content\/uploads\/2021\/12\/Palo-Rosa-1000-X-1000-px.jpg?resize=700%2C400&ssl=1 2x"},"classes":[]},{"id":1807,"url":"https:\/\/mayantop.com\/\u88fd\u54c1\/palo-rosa-essential-oil-tipuana-tipu\/","url_meta":{"origin":61285,"position":1},"title":"EOP - PALO ROSA Essential Oil - (Tipuana tipu)","author":"Nicolas Rios","date":"2021\u5e7412\u67087\u65e5","format":false,"excerpt":"PALO ROSA Essential Oil - (Tipuana tipu)\u00a0\u00a0 Palo Ro\u2026","rel":"","context":"7\u4ef6\u306e\u30b3\u30e1\u30f3\u30c8\u4ed8\u304d","block_context":{"text":"7\u4ef6\u306e\u30b3\u30e1\u30f3\u30c8\u4ed8\u304d","link":"https:\/\/mayantop.com\/\u88fd\u54c1\/palo-rosa-essential-oil-tipuana-tipu\/#comments"},"img":{"alt_text":"Palo Rosa","src":"https:\/\/i0.wp.com\/mayantop.com\/wp-content\/uploads\/2021\/12\/Palo-Rosa-1000-X-1000-px.jpg?resize=350%2C200&ssl=1","width":350,"height":200,"srcset":"https:\/\/i0.wp.com\/mayantop.com\/wp-content\/uploads\/2021\/12\/Palo-Rosa-1000-X-1000-px.jpg?resize=350%2C200&ssl=1 1x, https:\/\/i0.wp.com\/mayantop.com\/wp-content\/uploads\/2021\/12\/Palo-Rosa-1000-X-1000-px.jpg?resize=525%2C300&ssl=1 1.5x, https:\/\/i0.wp.com\/mayantop.com\/wp-content\/uploads\/2021\/12\/Palo-Rosa-1000-X-1000-px.jpg?resize=700%2C400&ssl=1 2x"},"classes":[]},{"id":36753,"url":"https:\/\/mayantop.com\/fr\/\u88fd\u54c1\/palo-santo-huile-essentielle-bursera-graveolens\/","url_meta":{"origin":61285,"position":2},"title":"EOP - PALO SANTO Huile Essentielle - (Bursera graveolens)","author":"Nicolas Rios","date":"2021\u5e7412\u67087\u65e5","format":false,"excerpt":"PALO SANTO Huile Essentielle - (Bursera graveolens\u2026","rel":"","context":"\u985e\u4f3c\u306e\u30dd\u30b9\u30c8","block_context":{"text":"\u985e\u4f3c\u306e\u30dd\u30b9\u30c8","link":""},"img":{"alt_text":"Huile de Palo Santo","src":"https:\/\/i0.wp.com\/mayantop.com\/wp-content\/uploads\/2021\/12\/Palo-Santo-Escencia-1000-X-1000-px.jpg?resize=350%2C200&ssl=1","width":350,"height":200,"srcset":"https:\/\/i0.wp.com\/mayantop.com\/wp-content\/uploads\/2021\/12\/Palo-Santo-Escencia-1000-X-1000-px.jpg?resize=350%2C200&ssl=1 1x, https:\/\/i0.wp.com\/mayantop.com\/wp-content\/uploads\/2021\/12\/Palo-Santo-Escencia-1000-X-1000-px.jpg?resize=525%2C300&ssl=1 1.5x, https:\/\/i0.wp.com\/mayantop.com\/wp-content\/uploads\/2021\/12\/Palo-Santo-Escencia-1000-X-1000-px.jpg?resize=700%2C400&ssl=1 2x"},"classes":[]},{"id":1808,"url":"https:\/\/mayantop.com\/\u88fd\u54c1\/palo-santo-oil-essential-bursera-graveolens\/","url_meta":{"origin":61285,"position":3},"title":"EOP - PALO SANTO Essential Oil - (Bursera graveolens)","author":"Nicolas Rios","date":"2021\u5e7412\u67087\u65e5","format":false,"excerpt":"PALO SANTO Essential Oil - (Bursera graveolens)\u00a0 T\u2026","rel":"","context":"7\u4ef6\u306e\u30b3\u30e1\u30f3\u30c8\u4ed8\u304d","block_context":{"text":"7\u4ef6\u306e\u30b3\u30e1\u30f3\u30c8\u4ed8\u304d","link":"https:\/\/mayantop.com\/\u88fd\u54c1\/palo-santo-oil-essential-bursera-graveolens\/#comments"},"img":{"alt_text":"Palo Santo oil","src":"https:\/\/i0.wp.com\/mayantop.com\/wp-content\/uploads\/2021\/12\/Palo-Santo-Escencia-1000-X-1000-px.jpg?resize=350%2C200&ssl=1","width":350,"height":200,"srcset":"https:\/\/i0.wp.com\/mayantop.com\/wp-content\/uploads\/2021\/12\/Palo-Santo-Escencia-1000-X-1000-px.jpg?resize=350%2C200&ssl=1 1x, https:\/\/i0.wp.com\/mayantop.com\/wp-content\/uploads\/2021\/12\/Palo-Santo-Escencia-1000-X-1000-px.jpg?resize=525%2C300&ssl=1 1.5x, https:\/\/i0.wp.com\/mayantop.com\/wp-content\/uploads\/2021\/12\/Palo-Santo-Escencia-1000-X-1000-px.jpg?resize=700%2C400&ssl=1 2x"},"classes":[]},{"id":43650,"url":"https:\/\/mayantop.com\/fr\/\u88fd\u54c1\/tepi-instrument-art-palisangre-pona-ayahuasca-palo-santo-palo-rosa\/","url_meta":{"origin":61285,"position":4},"title":"TEPI Instrument art, fabriqu\u00e9 \u00e0 la main \u00e0 partir de Palisangre, Pona, Ayahuasca, Palo Santo et Palo Rosa.","author":"Nicolas Rios","date":"2024\u5e741\u670823\u65e5","format":false,"excerpt":"TEPI Instrument Art - L\u00e0 o\u00f9 la tradition et la cr\u00e9\u2026","rel":"","context":"\u985e\u4f3c\u306e\u30dd\u30b9\u30c8","block_context":{"text":"\u985e\u4f3c\u306e\u30dd\u30b9\u30c8","link":""},"img":{"alt_text":"\u0915\u093f\u0928\u093e\u0930\u093e","src":"https:\/\/i0.wp.com\/mayantop.com\/wp-content\/uploads\/2024\/01\/products-Tepi_Palo_Santo_1000_X_1000_px.jpg?resize=350%2C200&ssl=1","width":350,"height":200,"srcset":"https:\/\/i0.wp.com\/mayantop.com\/wp-content\/uploads\/2024\/01\/products-Tepi_Palo_Santo_1000_X_1000_px.jpg?resize=350%2C200&ssl=1 1x, https:\/\/i0.wp.com\/mayantop.com\/wp-content\/uploads\/2024\/01\/products-Tepi_Palo_Santo_1000_X_1000_px.jpg?resize=525%2C300&ssl=1 1.5x, https:\/\/i0.wp.com\/mayantop.com\/wp-content\/uploads\/2024\/01\/products-Tepi_Palo_Santo_1000_X_1000_px.jpg?resize=700%2C400&ssl=1 2x"},"classes":[]},{"id":40666,"url":"https:\/\/mayantop.com\/fr\/\u88fd\u54c1\/palo-santo-a-vendre-bursera-graveolens\/","url_meta":{"origin":61285,"position":5},"title":"PALO SANTO \/ 100gr - 1kg \/ - (Bursera Graveolens) - B\u00e2ton sacr\u00e9","author":"Nicolas Rios","date":"2021\u5e7412\u67087\u65e5","format":false,"excerpt":"Palo Santo : Embrasser la tranquillit\u00e9 de Bursera \u2026","rel":"","context":"\u985e\u4f3c\u306e\u30dd\u30b9\u30c8","block_context":{"text":"\u985e\u4f3c\u306e\u30dd\u30b9\u30c8","link":""},"img":{"alt_text":"Palo Santo","src":"https:\/\/i0.wp.com\/mayantop.com\/wp-content\/uploads\/2021\/12\/Palo-Santo-1000-X-1000-px.jpg?resize=350%2C200&ssl=1","width":350,"height":200,"srcset":"https:\/\/i0.wp.com\/mayantop.com\/wp-content\/uploads\/2021\/12\/Palo-Santo-1000-X-1000-px.jpg?resize=350%2C200&ssl=1 1x, https:\/\/i0.wp.com\/mayantop.com\/wp-content\/uploads\/2021\/12\/Palo-Santo-1000-X-1000-px.jpg?resize=525%2C300&ssl=1 1.5x, https:\/\/i0.wp.com\/mayantop.com\/wp-content\/uploads\/2021\/12\/Palo-Santo-1000-X-1000-px.jpg?resize=700%2C400&ssl=1 2x"},"classes":[]}],"jetpack_sharing_enabled":true,"_links":{"self":[{"href":"https:\/\/mayantop.com\/ja\/wp-json\/wp\/v2\/product\/61285","targetHints":{"allow":["GET"]}}],"collection":[{"href":"https:\/\/mayantop.com\/ja\/wp-json\/wp\/v2\/product"}],"about":[{"href":"https:\/\/mayantop.com\/ja\/wp-json\/wp\/v2\/types\/product"}],"replies":[{"embeddable":true,"href":"https:\/\/mayantop.com\/ja\/wp-json\/wp\/v2\/comments?post=61285"}],"version-history":[{"count":3,"href":"https:\/\/mayantop.com\/ja\/wp-json\/wp\/v2\/product\/61285\/revisions"}],"predecessor-version":[{"id":68563,"href":"https:\/\/mayantop.com\/ja\/wp-json\/wp\/v2\/product\/61285\/revisions\/68563"}],"wp:featuredmedia":[{"embeddable":true,"href":"https:\/\/mayantop.com\/ja\/wp-json\/wp\/v2\/media\/61287"}],"wp:attachment":[{"href":"https:\/\/mayantop.com\/ja\/wp-json\/wp\/v2\/media?parent=61285"}],"wp:term":[{"taxonomy":"product_brand","embeddable":true,"href":"https:\/\/mayantop.com\/ja\/wp-json\/wp\/v2\/product_brand?post=61285"},{"taxonomy":"product_cat","embeddable":true,"href":"https:\/\/mayantop.com\/ja\/wp-json\/wp\/v2\/product_cat?post=61285"},{"taxonomy":"product_tag","embeddable":true,"href":"https:\/\/mayantop.com\/ja\/wp-json\/wp\/v2\/product_tag?post=61285"},{"taxonomy":"giftcard-category","embeddable":true,"href":"https:\/\/mayantop.com\/ja\/wp-json\/wp\/v2\/giftcard-category?post=61285"}],"curies":[{"name":"wp","href":"https:\/\/api.w.org\/{rel}","templated":true}]}}