{"id":56741,"date":"2022-12-01T13:33:43","date_gmt":"2022-12-01T18:33:43","guid":{"rendered":"https:\/\/mayantop.com\/%e0%a4%a4%e0%a5%81%e0%a4%b2%e0%a4%a8%e0%a4%be-%e0%a4%95%e0%a4%b0%e0%a5%87%e0%a4%82-mayantop-%e0%a4%b8%e0%a5%8d%e0%a4%9f%e0%a5%8b%e0%a4%b0"},"modified":"2025-06-14T10:07:25","modified_gmt":"2025-06-14T15:07:25","slug":"%e0%a4%a4%e0%a5%81%e0%a4%b2%e0%a4%a8%e0%a4%be-%e0%a4%95%e0%a4%b0%e0%a5%87%e0%a4%82-mayantop-%e0%a4%b8%e0%a5%8d%e0%a4%9f%e0%a5%8b%e0%a4%b0","status":"publish","type":"page","link":"https:\/\/mayantop.com\/hi\/%e0%a4%a4%e0%a5%81%e0%a4%b2%e0%a4%a8%e0%a4%be-%e0%a4%95%e0%a4%b0%e0%a5%87%e0%a4%82-mayantop-%e0%a4%b8%e0%a5%8d%e0%a4%9f%e0%a5%8b%e0%a4%b0\/","title":{"rendered":"\u0924\u0941\u0932\u0928\u093e \u0915\u0930\u0947\u0902 | Mayantop \u0938\u094d\u091f\u094b\u0930"},"content":{"rendered":"\t\t<div data-elementor-type=\"wp-page\" data-elementor-id=\"56741\" class=\"elementor elementor-56741 elementor-108\" data-elementor-post-type=\"page\">\n\t\t\t\t\t\t<section data-particle_enable=\"false\" data-particle-mobile-disabled=\"false\" class=\"wd-negative-gap elementor-section elementor-top-section elementor-element elementor-element-3888c4a elementor-section-boxed elementor-section-height-default elementor-section-height-default\" data-id=\"3888c4a\" data-element_type=\"section\" data-e-type=\"section\">\n\t\t\t\t\t\t<div class=\"elementor-container elementor-column-gap-default\">\n\t\t\t\t\t<div class=\"elementor-column elementor-col-100 elementor-top-column elementor-element elementor-element-a3b54d3\" data-id=\"a3b54d3\" data-element_type=\"column\" data-e-type=\"column\">\n\t\t\t<div class=\"elementor-widget-wrap elementor-element-populated\">\n\t\t\t\t\t\t<div class=\"elementor-element elementor-element-4183600 elementor-widget elementor-widget-wd_compare\" data-id=\"4183600\" data-element_type=\"widget\" data-e-type=\"widget\" data-widget_type=\"wd_compare.default\">\n\t\t\t\t<div class=\"elementor-widget-container\">\n\t\t\t\t\t\t\t<p class=\"wd-empty-compare wd-empty-page\">\n\t\t\tCompare list is empty.\t\t<\/p>\n\t\t\t\t\t<div class=\"wd-empty-page-text\">\n\t\t\t\tNo products added in the compare list. You must add some products to compare them.<br> You will find a lot of interesting products on our \"Shop\" page.\t\t\t<\/div>\n\t\t\t\t<p class=\"return-to-shop\">\n\t\t\t<a class=\"button\" href=\"https:\/\/mayantop.com\/hi\/%e0%a4%b8%e0%a4%ad%e0%a5%80-%e0%a4%89%e0%a4%a4%e0%a5%8d%e0%a4%aa%e0%a4%be%e0%a4%a6-%e0%a4%ae%e0%a4%be%e0%a4%af%e0%a4%be%e0%a4%a8%e0%a4%9f%e0%a5%89%e0%a4%aa-%e0%a4%b8%e0%a5%8d%e0%a4%9f%e0%a5%8b\/\">\n\t\t\t\t\u0926\u0941\u0915\u093e\u0928 \u092a\u0930 \u0932\u094c\u091f\u0947\u0902\t\t\t<\/a>\n\t\t<\/p>\n\t\t\t\t\t\t<\/div>\n\t\t\t\t<\/div>\n\t\t\t\t\t<\/div>\n\t\t<\/div>\n\t\t\t\t\t<\/div>\n\t\t<\/section>\n\t\t<div data-particle_enable=\"false\" data-particle-mobile-disabled=\"false\" class=\"wd-negative-gap elementor-element elementor-element-c38f6c6 elementor-hidden-desktop elementor-hidden-tablet elementor-hidden-mobile e-flex e-con-boxed e-con e-parent\" data-id=\"c38f6c6\" data-element_type=\"container\" data-e-type=\"container\">\n\t\t\t\t\t<div class=\"e-con-inner\">\n\t\t<div data-particle_enable=\"false\" data-particle-mobile-disabled=\"false\" class=\"elementor-element elementor-element-55c87a3 e-con-full e-flex e-con e-child\" data-id=\"55c87a3\" data-element_type=\"container\" data-e-type=\"container\">\n\t\t\t\t<div class=\"elementor-element elementor-element-16cdaa6 wd-width-100 elementor-widget elementor-widget-wd_title\" data-id=\"16cdaa6\" data-element_type=\"widget\" data-e-type=\"widget\" data-widget_type=\"wd_title.default\">\n\t\t\t\t<div class=\"elementor-widget-container\">\n\t\t\t\t\t\t\t<div class=\"title-wrapper wd-set-mb reset-last-child wd-title-color-default wd-title-style-default wd-title-size-default text-center\">\n\n\t\t\t\t\t\t\t\t\t\t\t<div class=\"title-subtitle subtitle-color-default subtitle-style-default wd-fontsize-xs\">\n\t\t\t\t\t\u0909\u092a\u0936\u0940\u0930\u094d\u0937\u0915 \u092a\u093e\u0920 \u0909\u0926\u093e\u0939\u0930\u0923\t\t\t\t<\/div>\n\t\t\t\n\t\t\t<div class=\"liner-continer\">\n\t\t\t\t<h4 class=\"woodmart-title-container title wd-fontsize-l\">\u0924\u0941\u0932\u0928\u093e \u0915\u0930\u0928\u093e<\/h4> \n\t\t\t\t\t\t\t<\/div>\n\n\t\t\t\t\t\t\t<div class=\"title-after_title reset-last-child wd-fontsize-xs\">\n\t\t\t\t\tText after title text example\t\t\t\t<\/div>\n\t\t\t\t\t<\/div>\n\t\t\t\t\t\t<\/div>\n\t\t\t\t<\/div>\n\t\t\t\t<\/div>\n\t\t<div data-particle_enable=\"false\" data-particle-mobile-disabled=\"false\" class=\"elementor-element elementor-element-130e589 e-con-full e-flex e-con e-child\" data-id=\"130e589\" data-element_type=\"container\" data-e-type=\"container\">\n\t\t\t\t<div class=\"elementor-element elementor-element-bd962ce elementor-widget__width-initial elementor-widget elementor-widget-wd_image_or_svg\" data-id=\"bd962ce\" data-element_type=\"widget\" data-e-type=\"widget\" data-widget_type=\"wd_image_or_svg.default\">\n\t\t\t\t<div class=\"elementor-widget-container\">\n\t\t\t\t\t\n\t\t<div class=\"wd-image text-left\">\n\t\t\t\t\t\t\t\t<img loading=\"lazy\" decoding=\"async\" width=\"245\" height=\"239\" src=\"https:\/\/mayantop.com\/wp-content\/uploads\/2023\/09\/mambe2.png\" class=\"attachment-full size-full\" alt=\"compare\" srcset=\"https:\/\/mayantop.com\/wp-content\/uploads\/2023\/09\/mambe2.png 245w, https:\/\/mayantop.com\/wp-content\/uploads\/2023\/09\/mambe2-150x146.png 150w\" sizes=\"auto, (max-width: 245px) 100vw, 245px\" title=\"\">\t\t\t\t\t<\/div>\n\n\t\t\t\t\t\t<\/div>\n\t\t\t\t<\/div>\n\t\t\t\t<\/div>\n\t\t\t\t\t<\/div>\n\t\t\t\t<\/div>\n\t\t<div data-particle_enable=\"false\" data-particle-mobile-disabled=\"false\" class=\"wd-negative-gap elementor-element elementor-element-2e5332d elementor-hidden-desktop elementor-hidden-tablet elementor-hidden-mobile e-flex e-con-boxed e-con e-parent\" data-id=\"2e5332d\" data-element_type=\"container\" data-e-type=\"container\">\n\t\t\t\t\t<div class=\"e-con-inner\">\n\t\t<div data-particle_enable=\"false\" data-particle-mobile-disabled=\"false\" class=\"elementor-element elementor-element-176a3ab e-con-full e-flex e-con e-child\" data-id=\"176a3ab\" data-element_type=\"container\" data-e-type=\"container\">\n\t\t\t\t<div class=\"elementor-element elementor-element-fb79932 elementor-widget elementor-widget-eael-creative-button\" data-id=\"fb79932\" data-element_type=\"widget\" data-e-type=\"widget\" data-widget_type=\"eael-creative-button.default\">\n\t\t\t\t<div class=\"elementor-widget-container\">\n\t\t\t\t\t        <div class=\"eael-creative-button-wrapper\">\n\n            <a class=\"eael-creative-button eael-creative-button--default\" href=\"https:\/\/www.facebook.com\/mayantop.store?locale=es_LA\" data-text=\"\u091c\u093e\u0928\u093e!\" target=\"_blank\" rel=\"noopener\">\n            \t    \n                <div class=\"creative-button-inner\">\n\n                    \n                    <span class=\"cretive-button-text\">\u092e\u0941\u091d\u0947 \u0915\u094d\u0932\u093f\u0915 \u0915\u0930\u0947\u0902!<\/span>\n\n                                    <\/div>\n\t                        <\/a>\n        <\/div>\n        \t\t\t\t<\/div>\n\t\t\t\t<\/div>\n\t\t\t\t<\/div>\n\t\t<div data-particle_enable=\"false\" data-particle-mobile-disabled=\"false\" class=\"elementor-element elementor-element-db641bd e-con-full e-flex e-con e-child\" data-id=\"db641bd\" data-element_type=\"container\" data-e-type=\"container\">\n\t\t\t\t<div class=\"elementor-element elementor-element-1ff856e elementor-widget elementor-widget-heading\" data-id=\"1ff856e\" data-element_type=\"widget\" data-e-type=\"widget\" data-widget_type=\"heading.default\">\n\t\t\t\t<div class=\"elementor-widget-container\">\n\t\t\t\t\t<h2 class=\"elementor-heading-title elementor-size-default\">\u092e\u0947\u0930\u0940 \u092e\u0939\u093e\u0936\u0915\u094d\u0924\u093f \u0939\u0948<br> \u0939\u092e\u093e\u0930\u0940 \u0935\u093f\u0936\u0947\u0937 \u0938\u0947\u0935\u093e\u090f\u0901<\/h2>\t\t\t\t<\/div>\n\t\t\t\t<\/div>\n\t\t\t\t<div class=\"elementor-element elementor-element-1def040 elementor-widget__width-initial color-scheme-inherit text-left elementor-widget elementor-widget-text-editor\" data-id=\"1def040\" data-element_type=\"widget\" data-e-type=\"widget\" data-widget_type=\"text-editor.default\">\n\t\t\t\t<div class=\"elementor-widget-container\">\n\t\t\t\t\t\t\t\t\t<p>\u0935\u0930\u094d\u0924\u092e\u093e\u0928 \u092e\u0947\u0902 \u0939\u092e 01 \u0938\u094d\u0925\u093e\u0928\u0940\u092f \u092a\u0930\u093f\u0935\u093e\u0930 \u0914\u0930 02 \u0905\u0932\u0917-\u0905\u0932\u0917 \u092e\u0942\u0932 \u091c\u0928\u091c\u093e\u0924\u093f\u092f\u094b\u0902 \u0915\u0947 \u0938\u093e\u0925-\u0938\u093e\u0925 \u0905\u0928\u094d\u092f \u091c\u0928\u091c\u093e\u0924\u093f\u092f\u094b\u0902 \u0915\u0947 \u0938\u093e\u0925 \u0915\u093e\u092e \u0915\u0930\u0924\u0947 \u0939\u0948\u0902 \u091c\u093f\u0928\u094d\u0939\u0947\u0902 \u0939\u092e \u091c\u0902\u0917\u0932 \u092e\u0947\u0902 \u0909\u0928\u0915\u0947 \u0938\u092e\u0941\u0926\u093e\u092f\u094b\u0902 \u0938\u0947 \u091c\u094b\u0921\u093c\u0924\u0947 \u0939\u0948\u0902\u0964 \u0939\u092e \u0905\u092a\u0928\u0947 \u0909\u0924\u094d\u092a\u093e\u0926\u094b\u0902 \u0915\u0940 \u0938\u0930\u094d\u0935\u094b\u0924\u094d\u0924\u092e \u0917\u0941\u0923\u0935\u0924\u094d\u0924\u093e \u0915\u0940 \u0917\u093e\u0930\u0902\u091f\u0940 \u0926\u0947\u0924\u0947 \u0939\u0948\u0902, \u0939\u092e \u0905\u092a\u0928\u0947 \u0926\u094d\u0935\u093e\u0930\u093e \u092d\u0947\u091c\u0947 \u091c\u093e\u0928\u0947 \u0935\u093e\u0932\u0947 \u092a\u094d\u0930\u0924\u094d\u092f\u0947\u0915 \u092a\u0948\u0915\u0947\u091c \u092a\u0930 \u092c\u0921\u093c\u0947 \u092a\u094d\u092f\u093e\u0930 \u0938\u0947 \u092a\u094d\u0930\u092f\u093e\u0938 \u0915\u0930\u0924\u0947 \u0939\u0948\u0902, \u0914\u0930 \u0939\u092e \u0907\u0938\u0915\u0947 \u0932\u093f\u090f \u092c\u0939\u0941\u0924 \u0906\u092d\u093e\u0930\u0940 \u0914\u0930 \u0938\u0902\u0924\u0941\u0937\u094d\u091f \u0939\u0948\u0902\u0964<\/p>\t\t\t\t\t\t\t\t<\/div>\n\t\t\t\t<\/div>\n\t\t\t\t<div class=\"elementor-element elementor-element-b5f5cf2 elementor-widget__width-initial color-scheme-inherit text-left elementor-widget elementor-widget-text-editor\" data-id=\"b5f5cf2\" data-element_type=\"widget\" data-e-type=\"widget\" data-widget_type=\"text-editor.default\">\n\t\t\t\t<div class=\"elementor-widget-container\">\n\t\t\t\t\t\t\t\t\t<p>\u0935\u0930\u094d\u0924\u092e\u093e\u0928 \u092e\u0947\u0902 \u0939\u092e 01 \u0938\u094d\u0925\u093e\u0928\u0940\u092f \u092a\u0930\u093f\u0935\u093e\u0930 \u0914\u0930 02 \u0905\u0932\u0917-\u0905\u0932\u0917 \u092e\u0942\u0932 \u091c\u0928\u091c\u093e\u0924\u093f\u092f\u094b\u0902 \u0915\u0947 \u0938\u093e\u0925-\u0938\u093e\u0925 \u0905\u0928\u094d\u092f \u091c\u0928\u091c\u093e\u0924\u093f\u092f\u094b\u0902 \u0915\u0947 \u0938\u093e\u0925 \u0915\u093e\u092e \u0915\u0930\u0924\u0947 \u0939\u0948\u0902 \u091c\u093f\u0928\u094d\u0939\u0947\u0902 \u0939\u092e \u091c\u0902\u0917\u0932 \u092e\u0947\u0902 \u0909\u0928\u0915\u0947 \u0938\u092e\u0941\u0926\u093e\u092f\u094b\u0902 \u0938\u0947 \u091c\u094b\u0921\u093c\u0924\u0947 \u0939\u0948\u0902\u0964 \u0939\u092e \u0905\u092a\u0928\u0947 \u0909\u0924\u094d\u092a\u093e\u0926\u094b\u0902 \u0915\u0940 \u0938\u0930\u094d\u0935\u094b\u0924\u094d\u0924\u092e \u0917\u0941\u0923\u0935\u0924\u094d\u0924\u093e \u0915\u0940 \u0917\u093e\u0930\u0902\u091f\u0940 \u0926\u0947\u0924\u0947 \u0939\u0948\u0902, \u0939\u092e \u0905\u092a\u0928\u0947 \u0926\u094d\u0935\u093e\u0930\u093e \u092d\u0947\u091c\u0947 \u091c\u093e\u0928\u0947 \u0935\u093e\u0932\u0947 \u092a\u094d\u0930\u0924\u094d\u092f\u0947\u0915 \u092a\u0948\u0915\u0947\u091c \u092a\u0930 \u092c\u0921\u093c\u0947 \u092a\u094d\u092f\u093e\u0930 \u0938\u0947 \u092a\u094d\u0930\u092f\u093e\u0938 \u0915\u0930\u0924\u0947 \u0939\u0948\u0902, \u0914\u0930 \u0939\u092e \u0907\u0938\u0915\u0947 \u0932\u093f\u090f \u092c\u0939\u0941\u0924 \u0906\u092d\u093e\u0930\u0940 \u0914\u0930 \u0938\u0902\u0924\u0941\u0937\u094d\u091f \u0939\u0948\u0902\u0964<\/p>\t\t\t\t\t\t\t\t<\/div>\n\t\t\t\t<\/div>\n\t\t\t\t<div class=\"elementor-element elementor-element-9d3d33f elementor-widget__width-initial color-scheme-inherit text-left elementor-widget elementor-widget-text-editor\" data-id=\"9d3d33f\" data-element_type=\"widget\" data-e-type=\"widget\" data-widget_type=\"text-editor.default\">\n\t\t\t\t<div class=\"elementor-widget-container\">\n\t\t\t\t\t\t\t\t\t<p>\u0935\u0930\u094d\u0924\u092e\u093e\u0928 \u092e\u0947\u0902 \u0939\u092e 01 \u0938\u094d\u0925\u093e\u0928\u0940\u092f \u092a\u0930\u093f\u0935\u093e\u0930 \u0914\u0930 02 \u0905\u0932\u0917-\u0905\u0932\u0917 \u092e\u0942\u0932 \u091c\u0928\u091c\u093e\u0924\u093f\u092f\u094b\u0902 \u0915\u0947 \u0938\u093e\u0925-\u0938\u093e\u0925 \u0905\u0928\u094d\u092f \u091c\u0928\u091c\u093e\u0924\u093f\u092f\u094b\u0902 \u0915\u0947 \u0938\u093e\u0925 \u0915\u093e\u092e \u0915\u0930\u0924\u0947 \u0939\u0948\u0902 \u091c\u093f\u0928\u094d\u0939\u0947\u0902 \u0939\u092e \u091c\u0902\u0917\u0932 \u092e\u0947\u0902 \u0909\u0928\u0915\u0947 \u0938\u092e\u0941\u0926\u093e\u092f\u094b\u0902 \u0938\u0947 \u091c\u094b\u0921\u093c\u0924\u0947 \u0939\u0948\u0902\u0964 \u0939\u092e \u0905\u092a\u0928\u0947 \u0909\u0924\u094d\u092a\u093e\u0926\u094b\u0902 \u0915\u0940 \u0938\u0930\u094d\u0935\u094b\u0924\u094d\u0924\u092e \u0917\u0941\u0923\u0935\u0924\u094d\u0924\u093e \u0915\u0940 \u0917\u093e\u0930\u0902\u091f\u0940 \u0926\u0947\u0924\u0947 \u0939\u0948\u0902, \u0939\u092e \u0905\u092a\u0928\u0947 \u0926\u094d\u0935\u093e\u0930\u093e \u092d\u0947\u091c\u0947 \u091c\u093e\u0928\u0947 \u0935\u093e\u0932\u0947 \u092a\u094d\u0930\u0924\u094d\u092f\u0947\u0915 \u092a\u0948\u0915\u0947\u091c \u092a\u0930 \u092c\u0921\u093c\u0947 \u092a\u094d\u092f\u093e\u0930 \u0938\u0947 \u092a\u094d\u0930\u092f\u093e\u0938 \u0915\u0930\u0924\u0947 \u0939\u0948\u0902, \u0914\u0930 \u0939\u092e \u0907\u0938\u0915\u0947 \u0932\u093f\u090f \u092c\u0939\u0941\u0924 \u0906\u092d\u093e\u0930\u0940 \u0914\u0930 \u0938\u0902\u0924\u0941\u0937\u094d\u091f \u0939\u0948\u0902\u0964<\/p>\t\t\t\t\t\t\t\t<\/div>\n\t\t\t\t<\/div>\n\t\t\t\t<\/div>\n\t\t\t\t\t<\/div>\n\t\t\t\t<\/div>\n\t\t\t\t<\/div>\n\t\t","protected":false},"excerpt":{"rendered":"<p>Compare list is empty. No products added in the compare list. You must add some products to compare them. You<\/p>\n","protected":false},"author":1,"featured_media":0,"parent":0,"menu_order":0,"comment_status":"closed","ping_status":"closed","template":"","meta":{"_joinchat":[],"footnotes":""},"class_list":["post-56741","page","type-page","status-publish","hentry"],"jetpack-related-posts":[{"id":108,"url":"https:\/\/mayantop.com\/compare\/","url_meta":{"origin":56741,"position":0},"title":"Compare | Mayantop Store","author":"Nicolas Rios","date":"1 \u0926\u093f\u0938\u092e\u094d\u092c\u0930 2022","format":false,"excerpt":"Compare list is empty. No products added in the compare list. You must add some products to compare them. You will find a lot of interesting products on our \"Shop\" page. Return to shop Subtitle text example compare Text after title text example Click Me! My Superpower Is Our Special\u2026","rel":"","context":"\u0907\u0938\u0940 \u0924\u0930\u0939 \u0915\u0940 \u092a\u094b\u0938\u094d\u091f","block_context":{"text":"\u0907\u0938\u0940 \u0924\u0930\u0939 \u0915\u0940 \u092a\u094b\u0938\u094d\u091f","link":""},"img":{"alt_text":"compare","src":"https:\/\/i0.wp.com\/mayantop.com\/wp-content\/uploads\/2023\/09\/mambe2.png?resize=350%2C200&ssl=1","width":350,"height":200},"classes":[]},{"id":34100,"url":"https:\/\/mayantop.com\/fr\/liste-de-souhaits-mayantop\/","url_meta":{"origin":56741,"position":1},"title":"Liste de Souhaits | Mayantop Store","author":"Nicolas Rios","date":"1 \u0926\u093f\u0938\u092e\u094d\u092c\u0930 2022","format":false,"excerpt":"My account Tableau de bord Commandes Gift Cards T\u00e9l\u00e9chargements Adresses D\u00e9tails du compte Wishlist Mes moyens de paiement Logout Fran\u00e7ais English (Anglais) Espa\u00f1ol (Espagnol) Deutsch (Allemand) This wishlist is empty. You don't have any products in the wishlist yet. You will find a lot of interesting products on our \"Shop\"\u2026","rel":"","context":"\u0907\u0938\u0940 \u0924\u0930\u0939 \u0915\u0940 \u092a\u094b\u0938\u094d\u091f","block_context":{"text":"\u0907\u0938\u0940 \u0924\u0930\u0939 \u0915\u0940 \u092a\u094b\u0938\u094d\u091f","link":""},"img":{"alt_text":"Liste de Souhaits","src":"https:\/\/i0.wp.com\/mayantop.com\/wp-content\/uploads\/2024\/01\/salud-mental.jpg?resize=350%2C200&ssl=1","width":350,"height":200,"srcset":"https:\/\/i0.wp.com\/mayantop.com\/wp-content\/uploads\/2024\/01\/salud-mental.jpg?resize=350%2C200&ssl=1 1x, https:\/\/i0.wp.com\/mayantop.com\/wp-content\/uploads\/2024\/01\/salud-mental.jpg?resize=525%2C300&ssl=1 1.5x, https:\/\/i0.wp.com\/mayantop.com\/wp-content\/uploads\/2024\/01\/salud-mental.jpg?resize=700%2C400&ssl=1 2x"},"classes":[]},{"id":22,"url":"https:\/\/mayantop.com\/mayantop-3\/","url_meta":{"origin":56741,"position":2},"title":"Mayantop","author":"Nicolas Rios","date":"19 \u0905\u0917\u0938\u094d\u0924 2021","format":false,"excerpt":"Enjoy the Best Aromas and Flavors in Mapachos Find Here, the Purest and Freshest Mapacho Shop Now Live the Experience in Premium Indigenous Products Shop great deals on Mapachos, Pure,Big Mazo and more. Shop Now Raise your Experiencewith the Best Offers Find here, San Pedro, Huachuma, in paste and powder.\u2026","rel":"","context":"\u0907\u0938\u0940 \u0924\u0930\u0939 \u0915\u0940 \u092a\u094b\u0938\u094d\u091f","block_context":{"text":"\u0907\u0938\u0940 \u0924\u0930\u0939 \u0915\u0940 \u092a\u094b\u0938\u094d\u091f","link":""},"img":{"alt_text":"","src":"https:\/\/i0.wp.com\/mayantop.com\/wp-content\/uploads\/2024\/02\/RAPE-1-min.jpg?resize=350%2C200&ssl=1","width":350,"height":200,"srcset":"https:\/\/i0.wp.com\/mayantop.com\/wp-content\/uploads\/2024\/02\/RAPE-1-min.jpg?resize=350%2C200&ssl=1 1x, https:\/\/i0.wp.com\/mayantop.com\/wp-content\/uploads\/2024\/02\/RAPE-1-min.jpg?resize=525%2C300&ssl=1 1.5x, https:\/\/i0.wp.com\/mayantop.com\/wp-content\/uploads\/2024\/02\/RAPE-1-min.jpg?resize=700%2C400&ssl=1 2x"},"classes":[]},{"id":118,"url":"https:\/\/mayantop.com\/wishlist\/","url_meta":{"origin":56741,"position":3},"title":"Wishlist  | Mayantop Store","author":"Nicolas Rios","date":"1 \u0926\u093f\u0938\u092e\u094d\u092c\u0930 2022","format":false,"excerpt":"My account Dashboard Orders Gift Cards Downloads Addresses Account details Wishlist My payment means Logout English Espa\u00f1ol (Spanish) Fran\u00e7ais (French) Deutsch (German) This wishlist is empty. You don't have any products in the wishlist yet. You will find a lot of interesting products on our \"Shop\" page. Return to shop\u2026","rel":"","context":"\u0907\u0938\u0940 \u0924\u0930\u0939 \u0915\u0940 \u092a\u094b\u0938\u094d\u091f","block_context":{"text":"\u0907\u0938\u0940 \u0924\u0930\u0939 \u0915\u0940 \u092a\u094b\u0938\u094d\u091f","link":""},"img":{"alt_text":"wishlist","src":"https:\/\/i0.wp.com\/mayantop.com\/wp-content\/uploads\/2024\/01\/salud-mental.jpg?resize=350%2C200&ssl=1","width":350,"height":200,"srcset":"https:\/\/i0.wp.com\/mayantop.com\/wp-content\/uploads\/2024\/01\/salud-mental.jpg?resize=350%2C200&ssl=1 1x, https:\/\/i0.wp.com\/mayantop.com\/wp-content\/uploads\/2024\/01\/salud-mental.jpg?resize=525%2C300&ssl=1 1.5x, https:\/\/i0.wp.com\/mayantop.com\/wp-content\/uploads\/2024\/01\/salud-mental.jpg?resize=700%2C400&ssl=1 2x"},"classes":[]},{"id":34159,"url":"https:\/\/mayantop.com\/fr\/faq-mayantop\/","url_meta":{"origin":56741,"position":4},"title":"FAQ | Mayantop Store","author":"Nicolas Rios","date":"8 \u0926\u093f\u0938\u092e\u094d\u092c\u0930 2021","format":false,"excerpt":"Home FAQS - Mayantop Retour \u00e0 l'accueil INFORMATIONS G\u00c9N\u00c9RALES \u00c0 propos de nous ? Nous sommes une organisation compos\u00e9e de natifs de la ville d\u2019Iquitos, conscients de l\u2019importance m\u00e9dicinale de nombreuses esp\u00e8ces de la flore indig\u00e8ne de notre r\u00e9gion et comme cela fait partie de la culture de beaucoup de\u2026","rel":"","context":"\u0907\u0938\u0940 \u0924\u0930\u0939 \u0915\u0940 \u092a\u094b\u0938\u094d\u091f","block_context":{"text":"\u0907\u0938\u0940 \u0924\u0930\u0939 \u0915\u0940 \u092a\u094b\u0938\u094d\u091f","link":""},"img":{"alt_text":"","src":"https:\/\/i0.wp.com\/mayantop.com\/wp-content\/uploads\/2022\/04\/8ef696ae-rectangle-21.png?resize=350%2C200&ssl=1","width":350,"height":200},"classes":[]},{"id":381,"url":"https:\/\/mayantop.com\/about-us-mayantop\/","url_meta":{"origin":56741,"position":5},"title":"About Us | Mayantop Store","author":"Nicolas Rios","date":"23 \u0905\u0917\u0938\u094d\u0924 2021","format":false,"excerpt":"Home About Us - Mayantop Back To Home About Us Mayantop Discover the essence of the Amazon with Mayantop Welcome to Mayantop, your gateway to a unique e-commerce experience deeply rooted in collaboration with the Kukama and Matses tribes and their rich cultures. Mayantop embodies the essence of this harmonious\u2026","rel":"","context":"\u0907\u0938\u0940 \u0924\u0930\u0939 \u0915\u0940 \u092a\u094b\u0938\u094d\u091f","block_context":{"text":"\u0907\u0938\u0940 \u0924\u0930\u0939 \u0915\u0940 \u092a\u094b\u0938\u094d\u091f","link":""},"img":{"alt_text":"Collection Mayantop9","src":"https:\/\/i0.wp.com\/mayantop.com\/wp-content\/uploads\/2022\/04\/8ef696ae-rectangle-21.png?resize=350%2C200&ssl=1","width":350,"height":200},"classes":[]}],"jetpack_sharing_enabled":true,"_links":{"self":[{"href":"https:\/\/mayantop.com\/hi\/wp-json\/wp\/v2\/pages\/56741","targetHints":{"allow":["GET"]}}],"collection":[{"href":"https:\/\/mayantop.com\/hi\/wp-json\/wp\/v2\/pages"}],"about":[{"href":"https:\/\/mayantop.com\/hi\/wp-json\/wp\/v2\/types\/page"}],"author":[{"embeddable":true,"href":"https:\/\/mayantop.com\/hi\/wp-json\/wp\/v2\/users\/1"}],"replies":[{"embeddable":true,"href":"https:\/\/mayantop.com\/hi\/wp-json\/wp\/v2\/comments?post=56741"}],"version-history":[{"count":2,"href":"https:\/\/mayantop.com\/hi\/wp-json\/wp\/v2\/pages\/56741\/revisions"}],"predecessor-version":[{"id":56746,"href":"https:\/\/mayantop.com\/hi\/wp-json\/wp\/v2\/pages\/56741\/revisions\/56746"}],"wp:attachment":[{"href":"https:\/\/mayantop.com\/hi\/wp-json\/wp\/v2\/media?parent=56741"}],"curies":[{"name":"wp","href":"https:\/\/api.w.org\/{rel}","templated":true}]}}