{"id":40795,"date":"2021-12-07T17:05:07","date_gmt":"2021-12-07T22:05:07","guid":{"rendered":"https:\/\/mayantop.com\/producto\/mucuna-powder-200gr-a-2kg-mucuna-pruriens-herbes-en-poudre-100-naturelles-seeds\/"},"modified":"2025-06-16T14:58:21","modified_gmt":"2025-06-16T19:58:21","slug":"mucuna-poudre-a-vendre-mucuna-pruriens-graines","status":"publish","type":"product","link":"https:\/\/mayantop.com\/fr\/produits\/mucuna-poudre-a-vendre-mucuna-pruriens-graines\/","title":{"rendered":"MUCUNA POUDRE \/ 200gr \u00e0 2kg - (Mucuna Pruriens) - Herbes en poudre 100% naturelles SEEDS"},"content":{"rendered":"<h2>MUCUNA POUDRE- (Mucuna Pruriens) - Herbes en poudre 100% naturelles GRAINES<\/h2>\n<p>Le mucuna est une plante utilis\u00e9e dans diff\u00e9rentes maladies et couramment utilis\u00e9e comme agent carminatif, hypotenseur et hypoglyc\u00e9miant. Ce Mucuna est tr\u00e8s efficace pour traiter la maladie de Parkinson. Il a \u00e9t\u00e9 d\u00e9montr\u00e9 qu&rsquo;il augmentait les niveaux de testost\u00e9rone, favorisait le d\u00e9p\u00f4t de prot\u00e9ines dans les muscles et augmentait la masse et la force musculaires. Les graines, les racines et les soies de ses gousses ont une grande valeur m\u00e9dicinale. C&rsquo;est l&rsquo;ingr\u00e9dient le plus utilis\u00e9 dans de nombreux rem\u00e8des contre l&rsquo;impuissance et pour augmenter la vitalit\u00e9 sexuelle.<\/p>\n<h6><strong>Remarque :<\/strong><\/h6>\n<p>Les produits Mayantop sont obtenus et commercialis\u00e9s \u00e0 l&rsquo;\u00e9tat pur et d&rsquo;origine 100% naturelle aupr\u00e8s des communaut\u00e9s indig\u00e8nes. Ils ne contiennent aucun pesticide, produit chimique, herbicide ou autre substance artificielle.<\/p>\n<h6><strong>Avis de non-responsabilit\u00e9 :<\/strong><\/h6>\n<ul>\n<li>Les effets de ce produit sont confirm\u00e9s par l&rsquo;exp\u00e9rience empirique de la m\u00e9decine traditionnelle ancienne avec d&rsquo;excellents r\u00e9sultats. L&rsquo;absence d&rsquo;effets secondaires nocifs si la dose administr\u00e9e est correcte. Mais les informations identifi\u00e9es ici ne constituent en aucun cas une ordonnance ou une prescription.<\/li>\n<li>L&rsquo;utilisation de ces produits naturels ne remplace pas une consultation m\u00e9dicale.<\/li>\n<li>Tous les produits sont l\u00e9gaux dans notre pays d&rsquo;origine. Il incombe au client de v\u00e9rifier la l\u00e9galit\u00e9 de ces produits dans le pays de destination.<\/li>\n<li>Les d\u00e9clarations et les liens vers les sites web qu&rsquo;il contient n&rsquo;ont pas \u00e9t\u00e9 \u00e9valu\u00e9s par la FDA et les autorit\u00e9s internationales en mati\u00e8re d&rsquo;alimentation et de m\u00e9dicaments.<\/li>\n<li>Ne sont en aucun cas des all\u00e9gations m\u00e9dicales concernant la capacit\u00e9 ou l&rsquo;efficacit\u00e9 de l&rsquo;un de nos produits \u00e0 traiter, pr\u00e9venir ou att\u00e9nuer une maladie ou un malaise.<\/li>\n<li>L&rsquo;utilisation et l&rsquo;application de nos produits rel\u00e8vent de la seule responsabilit\u00e9 du client.<\/li>\n<\/ul>\n","protected":false},"excerpt":{"rendered":"<p>MUCUNA POUDRE- (Mucuna Pruriens) - Herbes en poudre 100% naturelles GRAINES Le mucuna est une plante utilis\u00e9e dans diff\u00e9rentes maladies<\/p>\n","protected":false},"featured_media":22879,"comment_status":"open","ping_status":"closed","template":"","meta":{"_joinchat":[],"jetpack_publicize_message":"","jetpack_publicize_feature_enabled":true,"jetpack_social_post_already_shared":true,"jetpack_social_options":{"image_generator_settings":{"template":"highway","default_image_id":0,"font":"","enabled":false},"version":2}},"product_brand":[],"product_cat":[536,535],"product_tag":[],"giftcard-category":[],"class_list":{"0":"post-40795","1":"product","2":"type-product","3":"status-publish","4":"has-post-thumbnail","6":"product_cat-dhl-ou-fedex-new-arrivals","7":"product_cat-exotiques-herbes-a-vendre","8":"product_shipping_class-expedition-generale","10":"first","11":"instock","12":"sale","13":"taxable","14":"shipping-taxable","15":"purchasable","16":"product-type-variable"},"jetpack_publicize_connections":[],"jetpack-related-posts":[{"id":39360,"url":"https:\/\/mayantop.com\/fr\/produits\/ayahuma-poudre-couroupita-guianensis\/","url_meta":{"origin":40795,"position":0},"title":"AYAHUMA EN POUDRE \/ 200gr \u00e0 2kg - (Couroupita Guianensis) - Herbes en poudre 100% naturel FRUIT","author":"Nicolas Rios","date":"7 d\u00e9cembre 2021","format":false,"excerpt":"POUDRE D'AYAHUMA \u00c0 VENDRE : Une merveille naturelle pour le bien-\u00eatre Description du produit : La POUDRE D'AYAHUMA est un produit phytoth\u00e9rapeutique remarquable d\u00e9riv\u00e9 des graines de l'arbre Ayahuma(Couroupita guianensis). Cette poudre finement moulue renferme la puissance naturelle de l'Ayahuma, un arbre v\u00e9n\u00e9r\u00e9 pour ses usages traditionnels dans les cultures\u2026","rel":"","context":"Poste similaire","block_context":{"text":"Poste similaire","link":""},"img":{"alt_text":"ayahuma","src":"https:\/\/i0.wp.com\/mayantop.com\/wp-content\/uploads\/2021\/12\/POLVO-13.jpg?resize=350%2C200&ssl=1","width":350,"height":200,"srcset":"https:\/\/i0.wp.com\/mayantop.com\/wp-content\/uploads\/2021\/12\/POLVO-13.jpg?resize=350%2C200&ssl=1 1x, https:\/\/i0.wp.com\/mayantop.com\/wp-content\/uploads\/2021\/12\/POLVO-13.jpg?resize=525%2C300&ssl=1 1.5x, https:\/\/i0.wp.com\/mayantop.com\/wp-content\/uploads\/2021\/12\/POLVO-13.jpg?resize=700%2C400&ssl=1 2x"},"classes":[]},{"id":37055,"url":"https:\/\/mayantop.com\/fr\/produits\/poudre-dishanga-a-vendre-laportea-aestuans\/","url_meta":{"origin":40795,"position":1},"title":"ISHANGA EN POUDRE \/ 200gr \u00e0 2kg - (Laportea Aestuans) - Herbes en poudre 100% naturelles PLANTE ENTI\u00c8RE","author":"Nicolas Rios","date":"7 d\u00e9cembre 2021","format":false,"excerpt":"POUDRE D'ISHANGA : D\u00e9couvrir le puissant rem\u00e8de \u00e0 base de plantes - Laportea Aestuans \u00a0 Description du produit La poudre d'Ishanga est un rem\u00e8de naturel \u00e0 base de plantes d\u00e9riv\u00e9 de la plante Laportea Aestuans, \u00e9galement connue sous le nom d'Ishanga. Cette poudre remarquable est reconnue pour ses bienfaits th\u00e9rapeutiques\u2026","rel":"","context":"Poste similaire","block_context":{"text":"Poste similaire","link":""},"img":{"alt_text":"Ishanga","src":"https:\/\/i0.wp.com\/mayantop.com\/wp-content\/uploads\/2021\/12\/POLVO-03-4.jpg?resize=350%2C200&ssl=1","width":350,"height":200,"srcset":"https:\/\/i0.wp.com\/mayantop.com\/wp-content\/uploads\/2021\/12\/POLVO-03-4.jpg?resize=350%2C200&ssl=1 1x, https:\/\/i0.wp.com\/mayantop.com\/wp-content\/uploads\/2021\/12\/POLVO-03-4.jpg?resize=525%2C300&ssl=1 1.5x, https:\/\/i0.wp.com\/mayantop.com\/wp-content\/uploads\/2021\/12\/POLVO-03-4.jpg?resize=700%2C400&ssl=1 2x"},"classes":[]},{"id":36990,"url":"https:\/\/mayantop.com\/fr\/produits\/ipururo-poudre-alchornea-castaneifolia\/","url_meta":{"origin":40795,"position":2},"title":"IPURURO EN POUDRE \/ 200gr \u00e0 2kg - (Alchornea Castaneifolia) - Herbes en poudre 100% naturelles FEUILLES","author":"Nicolas Rios","date":"7 d\u00e9cembre 2021","format":false,"excerpt":"POUDRE D'IPURURO : Exploiter le potentiel de l'Alchornea Castaneifolia \u00a0 Description du produit L'Alchornea Powder est un produit naturel \u00e0 base de plantes, d\u00e9riv\u00e9 des feuilles de l'Alchornea Castaneifolia, r\u00e9put\u00e9 pour son large \u00e9ventail d'applications th\u00e9rapeutiques traditionnelles et potentielles. Plongeons dans l'univers de la poudre d'ipururo pour d\u00e9couvrir ses propri\u00e9t\u00e9s\u2026","rel":"","context":"Poste similaire","block_context":{"text":"Poste similaire","link":""},"img":{"alt_text":"Iporuro","src":"https:\/\/i0.wp.com\/mayantop.com\/wp-content\/uploads\/2021\/12\/POLVO-11-2.jpg?resize=350%2C200&ssl=1","width":350,"height":200,"srcset":"https:\/\/i0.wp.com\/mayantop.com\/wp-content\/uploads\/2021\/12\/POLVO-11-2.jpg?resize=350%2C200&ssl=1 1x, https:\/\/i0.wp.com\/mayantop.com\/wp-content\/uploads\/2021\/12\/POLVO-11-2.jpg?resize=525%2C300&ssl=1 1.5x, https:\/\/i0.wp.com\/mayantop.com\/wp-content\/uploads\/2021\/12\/POLVO-11-2.jpg?resize=700%2C400&ssl=1 2x"},"classes":[]},{"id":37560,"url":"https:\/\/mayantop.com\/fr\/produits\/kion-poudre-zingiber-officinale-herbes-racine\/","url_meta":{"origin":40795,"position":3},"title":"KION EN POUDRE \/ 200gr \u00e0 2kg - (Zingiber Officinale) - Herbes en poudre 100% naturelles RACINE","author":"Nicolas Rios","date":"7 d\u00e9cembre 2021","format":false,"excerpt":"KION POUDRE : Le cadeau de la nature pour la sant\u00e9 et la saveur \u00a0 Description du produit La poudre de kion, d\u00e9riv\u00e9e de la racine de Zingiber Officinale, est un ingr\u00e9dient naturel polyvalent et appr\u00e9ci\u00e9. Cette poudre fine poss\u00e8de une riche histoire d'utilisation culinaire et m\u00e9dicinale, offrant une multitude\u2026","rel":"","context":"Poste similaire","block_context":{"text":"Poste similaire","link":""},"img":{"alt_text":"kion","src":"https:\/\/i0.wp.com\/mayantop.com\/wp-content\/uploads\/2021\/12\/POLVO-10.jpg?resize=350%2C200&ssl=1","width":350,"height":200,"srcset":"https:\/\/i0.wp.com\/mayantop.com\/wp-content\/uploads\/2021\/12\/POLVO-10.jpg?resize=350%2C200&ssl=1 1x, https:\/\/i0.wp.com\/mayantop.com\/wp-content\/uploads\/2021\/12\/POLVO-10.jpg?resize=525%2C300&ssl=1 1.5x, https:\/\/i0.wp.com\/mayantop.com\/wp-content\/uploads\/2021\/12\/POLVO-10.jpg?resize=700%2C400&ssl=1 2x"},"classes":[]},{"id":36686,"url":"https:\/\/mayantop.com\/fr\/produits\/guisador-ou-curcuma-curcuma-longa-poudre\/","url_meta":{"origin":40795,"position":4},"title":"GUISADOR ou CURCUMA EN POUDRE \/ 200gr \u00e0 2kg - (Curcuma Longa) - Herbes en poudre 100% naturelles RACINES","author":"Nicolas Rios","date":"7 d\u00e9cembre 2021","format":false,"excerpt":"GUISADOR ou POUDRE DE CURCUMA : L'\u00e9pice d'or de la nature pour le bien-\u00eatre \u00a0 Description du produit Le Guisador, \u00e9galement connu sous le nom de poudre de curcuma, est une poudre jaune vif d\u00e9riv\u00e9e des racines de la plante Curcuma Longa. Cette \u00e9pice, commun\u00e9ment appel\u00e9e curcuma, est appr\u00e9ci\u00e9e depuis\u2026","rel":"","context":"Poste similaire","block_context":{"text":"Poste similaire","link":""},"img":{"alt_text":"GUISADOR","src":"https:\/\/i0.wp.com\/mayantop.com\/wp-content\/uploads\/2021\/12\/POLVO-9-2.jpg?resize=350%2C200&ssl=1","width":350,"height":200,"srcset":"https:\/\/i0.wp.com\/mayantop.com\/wp-content\/uploads\/2021\/12\/POLVO-9-2.jpg?resize=350%2C200&ssl=1 1x, https:\/\/i0.wp.com\/mayantop.com\/wp-content\/uploads\/2021\/12\/POLVO-9-2.jpg?resize=525%2C300&ssl=1 1.5x, https:\/\/i0.wp.com\/mayantop.com\/wp-content\/uploads\/2021\/12\/POLVO-9-2.jpg?resize=700%2C400&ssl=1 2x"},"classes":[]},{"id":40610,"url":"https:\/\/mayantop.com\/fr\/produits\/oje-poudre-a-vendre-ficus-insipida\/","url_meta":{"origin":40795,"position":5},"title":"POUDRE D&rsquo;OJ\u00c9 \/ 200gr \u00e0 2kg - (Ficus Insipida) - Herbes en poudre 100% naturelles FEUILLES","author":"Nicolas Rios","date":"7 d\u00e9cembre 2021","format":false,"excerpt":"OJ\u00c9 POUDRE : Exploiter le pouvoir du Ficus Insipida \u00a0 Description du produit Voici OJ\u00c9 POUDRE, un produit naturel remarquable d\u00e9riv\u00e9 de l'arbre v\u00e9n\u00e9r\u00e9 Ficus Insipida. Cette poudre fine a le potentiel de transformer votre bien-\u00eatre. OJ\u00c9 POUDRE offre une myriade de bienfaits pour la sant\u00e9, ce qui en fait\u2026","rel":"","context":"Poste similaire","block_context":{"text":"Poste similaire","link":""},"img":{"alt_text":"Poudre d'oj\u00e9","src":"https:\/\/i0.wp.com\/mayantop.com\/wp-content\/uploads\/2021\/12\/POLVO-16-2.jpg?resize=350%2C200&ssl=1","width":350,"height":200,"srcset":"https:\/\/i0.wp.com\/mayantop.com\/wp-content\/uploads\/2021\/12\/POLVO-16-2.jpg?resize=350%2C200&ssl=1 1x, https:\/\/i0.wp.com\/mayantop.com\/wp-content\/uploads\/2021\/12\/POLVO-16-2.jpg?resize=525%2C300&ssl=1 1.5x, https:\/\/i0.wp.com\/mayantop.com\/wp-content\/uploads\/2021\/12\/POLVO-16-2.jpg?resize=700%2C400&ssl=1 2x"},"classes":[]}],"jetpack_sharing_enabled":true,"_links":{"self":[{"href":"https:\/\/mayantop.com\/fr\/wp-json\/wp\/v2\/product\/40795","targetHints":{"allow":["GET"]}}],"collection":[{"href":"https:\/\/mayantop.com\/fr\/wp-json\/wp\/v2\/product"}],"about":[{"href":"https:\/\/mayantop.com\/fr\/wp-json\/wp\/v2\/types\/product"}],"replies":[{"embeddable":true,"href":"https:\/\/mayantop.com\/fr\/wp-json\/wp\/v2\/comments?post=40795"}],"version-history":[{"count":0,"href":"https:\/\/mayantop.com\/fr\/wp-json\/wp\/v2\/product\/40795\/revisions"}],"wp:featuredmedia":[{"embeddable":true,"href":"https:\/\/mayantop.com\/fr\/wp-json\/wp\/v2\/media\/22879"}],"wp:attachment":[{"href":"https:\/\/mayantop.com\/fr\/wp-json\/wp\/v2\/media?parent=40795"}],"wp:term":[{"taxonomy":"product_brand","embeddable":true,"href":"https:\/\/mayantop.com\/fr\/wp-json\/wp\/v2\/product_brand?post=40795"},{"taxonomy":"product_cat","embeddable":true,"href":"https:\/\/mayantop.com\/fr\/wp-json\/wp\/v2\/product_cat?post=40795"},{"taxonomy":"product_tag","embeddable":true,"href":"https:\/\/mayantop.com\/fr\/wp-json\/wp\/v2\/product_tag?post=40795"},{"taxonomy":"giftcard-category","embeddable":true,"href":"https:\/\/mayantop.com\/fr\/wp-json\/wp\/v2\/giftcard-category?post=40795"}],"curies":[{"name":"wp","href":"https:\/\/api.w.org\/{rel}","templated":true}]}}