{"id":40098,"date":"2021-12-07T17:03:35","date_gmt":"2021-12-07T22:03:35","guid":{"rendered":"https:\/\/mayantop.com\/producto\/feuilles-de-coca-30gr-a-2kg-erythroxylum-coca-poudre-the-coca\/"},"modified":"2025-12-09T12:41:42","modified_gmt":"2025-12-09T17:41:42","slug":"acheter-du-the-en-poudre-d-erythroxylum-feuille-de-coca","status":"publish","type":"product","link":"https:\/\/mayantop.com\/fr\/produits\/acheter-du-the-en-poudre-d-erythroxylum-feuille-de-coca\/","title":{"rendered":"FEUILLES DE COCA \/ 30gr \u00e0 2kg \/ - (Erythroxylum coca) Poudre - Th\u00e9 Coca"},"content":{"rendered":"<h2>Feuille de coca (Erythroxylum Coca) - Poudre - Th\u00e9 Coca<\/h2>\n<p>La poudre de coca contient jusqu&rsquo;\u00e0 2 g de calcium par 100 g, ce qui constitue une excellente source de min\u00e9raux et aide en cas de d\u00e9calcification. Il facilite \u00e9galement l&rsquo;oxyg\u00e9nation dans les zones qui manquent cruellement d&rsquo;oxyg\u00e8ne, c&rsquo;est pourquoi on dit qu&rsquo;il aide \u00e0 lutter contre le mal de l&rsquo;altitude. Il contient une s\u00e9rie d&rsquo;acides amin\u00e9s tr\u00e8s importants pour la synth\u00e8se des prot\u00e9ines, qui aident notre corps \u00e0 \u00eatre en meilleure sant\u00e9. Des \u00e9tudes ont \u00e9t\u00e9 men\u00e9es qui prouvent que cette plante naturelle est capable de traiter la d\u00e9pression et de stimuler l&rsquo;\u00e9nergie physique et mentale. Cependant, il doit \u00eatre pris \u00e0 des doses s\u00fbres pour profiter pleinement de ses pouvoirs de gu\u00e9rison.<\/p>\n<h6><strong>Remarque :<\/strong><\/h6>\n<p>Les produits Mayantop sont obtenus et commercialis\u00e9s \u00e0 l&rsquo;\u00e9tat pur et d&rsquo;origine 100% naturelle aupr\u00e8s des communaut\u00e9s indig\u00e8nes. Ils ne contiennent aucun pesticide, produit chimique, herbicide ou autre substance artificielle.<\/p>\n<h6><strong>Avis de non-responsabilit\u00e9 :<\/strong><\/h6>\n<ul>\n<li>Les effets de ce produit sont confirm\u00e9s par l&rsquo;exp\u00e9rience empirique de la m\u00e9decine traditionnelle ancienne avec d&rsquo;excellents r\u00e9sultats. L&rsquo;absence d&rsquo;effets secondaires nocifs si la dose administr\u00e9e est correcte. Mais les informations identifi\u00e9es ici ne constituent en aucun cas une ordonnance ou une prescription.<\/li>\n<li>L&rsquo;utilisation de ces produits naturels ne remplace pas une consultation m\u00e9dicale.<\/li>\n<li>Tous les produits sont l\u00e9gaux dans notre pays d&rsquo;origine. Il incombe au client de v\u00e9rifier la l\u00e9galit\u00e9 de ces produits dans le pays de destination.<\/li>\n<li>Les d\u00e9clarations et les liens vers les sites web qu&rsquo;il contient n&rsquo;ont pas \u00e9t\u00e9 \u00e9valu\u00e9s par la FDA et les autorit\u00e9s internationales en mati\u00e8re d&rsquo;alimentation et de m\u00e9dicaments.<\/li>\n<li>Ne sont en aucun cas des all\u00e9gations m\u00e9dicales concernant la capacit\u00e9 ou l&rsquo;efficacit\u00e9 de l&rsquo;un de nos produits \u00e0 traiter, pr\u00e9venir ou att\u00e9nuer une maladie ou un malaise.<\/li>\n<li>L&rsquo;utilisation et l&rsquo;application de nos produits rel\u00e8vent de la seule responsabilit\u00e9 du client.<\/li>\n<\/ul>\n","protected":false},"excerpt":{"rendered":"<p>Feuille de coca (Erythroxylum Coca) - Poudre - Th\u00e9 Coca La poudre de coca contient jusqu&rsquo;\u00e0 2 g de calcium<\/p>\n","protected":false},"featured_media":17427,"comment_status":"open","ping_status":"closed","template":"","meta":{"_joinchat":[],"jetpack_publicize_message":"","jetpack_publicize_feature_enabled":true,"jetpack_social_post_already_shared":true,"jetpack_social_options":{"image_generator_settings":{"template":"highway","default_image_id":0,"font":"","enabled":false},"version":2}},"product_brand":[],"product_cat":[582,571],"product_tag":[],"giftcard-category":[],"class_list":{"0":"post-40098","1":"product","2":"type-product","3":"status-publish","4":"has-post-thumbnail","6":"product_cat-mambe-coca-fr","7":"product_cat-poste-nacional-fr","8":"product_shipping_class-extrait-en-pate","10":"first","11":"instock","12":"sale","13":"taxable","14":"shipping-taxable","15":"purchasable","16":"product-type-variable"},"jetpack_publicize_connections":[],"jetpack-related-posts":[{"id":51792,"url":"https:\/\/mayantop.com\/fr\/produits\/pate-de-feuilles-de-coca-erythroxylum-vente-100-pure\/","url_meta":{"origin":40098,"position":0},"title":"P\u00c2TE DE FEUILLES DE COCA \/ 10gr \u00e0 10kg \/ - (Erythroxylum Coca) Extrait en p\u00e2te 100% pur","author":"Nicolas Rios","date":"8 mai 2024","format":false,"excerpt":"P\u00c2TE DE FEUILLES DE COCA : la porte d'entr\u00e9e du nectar de la nature P\u00c2TE DE FEUILLES DE COCA : un cadeau des Andes Bienvenue dans le monde de la p\u00e2te de coca, un produit qui incarne l'essence de la feuille de coca v\u00e9n\u00e9r\u00e9e. Dans ce guide complet, nous nous\u2026","rel":"","context":"Poste similaire","block_context":{"text":"Poste similaire","link":""},"img":{"alt_text":"P\u00c2TE DE M\u00c9LANGE D'AYAHUASCA - P\u00c2TE DE FEUILLES DE COCA","src":"https:\/\/i0.wp.com\/mayantop.com\/wp-content\/uploads\/2024\/05\/products-pasteextract-600x600-1.jpg?resize=350%2C200&ssl=1","width":350,"height":200,"srcset":"https:\/\/i0.wp.com\/mayantop.com\/wp-content\/uploads\/2024\/05\/products-pasteextract-600x600-1.jpg?resize=350%2C200&ssl=1 1x, https:\/\/i0.wp.com\/mayantop.com\/wp-content\/uploads\/2024\/05\/products-pasteextract-600x600-1.jpg?resize=525%2C300&ssl=1 1.5x"},"classes":[]},{"id":51506,"url":"https:\/\/mayantop.com\/fr\/produits\/mambe-premium-grande-vente-tribu-bora-feuille-de-coca-cetico-ash-edition-limitee\/","url_meta":{"origin":40098,"position":1},"title":"MAMBE PREMIUM - Tribu Bora \/ 30gr \u00e0 10kg \/ - Feuille de Coca + Cendre de Cetico - EDITION LIMITEE","author":"Nicolas Rios","date":"2 mai 2024","format":false,"excerpt":"MAMBE PREMIUM - Tribe Bora - EDITION LIMITEE \u00c9levez vos sens avec Mambe Premium - Tribe Bora - \u00c9DITION LIMIT\u00c9E Laissez-vous s\u00e9duire par les riches traditions de la tribu Bora avec Mambe Premium - Tribu Bora - \u00c9DITION LIMIT\u00c9E. Fabriqu\u00e9e avec soin et limit\u00e9e dans sa disponibilit\u00e9, cette \u00e9dition sp\u00e9ciale\u2026","rel":"","context":"Poste similaire","block_context":{"text":"Poste similaire","link":""},"img":{"alt_text":"MAMBE-PREMIUM-BORA6","src":"https:\/\/i0.wp.com\/mayantop.com\/wp-content\/uploads\/2024\/05\/MAMBE-PREMIUM-BORA-BORA-1.jpg?resize=350%2C200&ssl=1","width":350,"height":200,"srcset":"https:\/\/i0.wp.com\/mayantop.com\/wp-content\/uploads\/2024\/05\/MAMBE-PREMIUM-BORA-BORA-1.jpg?resize=350%2C200&ssl=1 1x, https:\/\/i0.wp.com\/mayantop.com\/wp-content\/uploads\/2024\/05\/MAMBE-PREMIUM-BORA-BORA-1.jpg?resize=525%2C300&ssl=1 1.5x, https:\/\/i0.wp.com\/mayantop.com\/wp-content\/uploads\/2024\/05\/MAMBE-PREMIUM-BORA-BORA-1.jpg?resize=700%2C400&ssl=1 2x"},"classes":[]},{"id":37626,"url":"https:\/\/mayantop.com\/fr\/produits\/the-energetique-mix-coca-guarana-guayusa\/","url_meta":{"origin":40098,"position":2},"title":"TH\u00c9 \u00c9NERG\u00c9TIQUE - Mix (Coca + Guarana + Guayusa) - Poudre forte","author":"Nicolas Rios","date":"7 d\u00e9cembre 2021","format":false,"excerpt":"TH\u00c9 \u00c9NERG\u00c9TIQUE \u00c0 VENDRE (Coca + Guarana + Guayusa) : Votre booster d'\u00e9nergie naturel \u00a0 Description du produit : Voici notre TH\u00c9 ENERGETIQUE (Coca + Guarana + Guayusa), un m\u00e9lange harmonieux d'ingr\u00e9dients naturels con\u00e7u pour revigorer votre corps et votre esprit. Ce th\u00e9 dynamique associe des feuilles de coca, des\u2026","rel":"","context":"Poste similaire","block_context":{"text":"Poste similaire","link":""},"img":{"alt_text":"TH\u00c9 ENERGETIQUE","src":"https:\/\/i0.wp.com\/mayantop.com\/wp-content\/uploads\/2021\/12\/te-energetico.jpg?resize=350%2C200&ssl=1","width":350,"height":200,"srcset":"https:\/\/i0.wp.com\/mayantop.com\/wp-content\/uploads\/2021\/12\/te-energetico.jpg?resize=350%2C200&ssl=1 1x, https:\/\/i0.wp.com\/mayantop.com\/wp-content\/uploads\/2021\/12\/te-energetico.jpg?resize=525%2C300&ssl=1 1.5x, https:\/\/i0.wp.com\/mayantop.com\/wp-content\/uploads\/2021\/12\/te-energetico.jpg?resize=700%2C400&ssl=1 2x"},"classes":[]},{"id":39897,"url":"https:\/\/mayantop.com\/fr\/produits\/cetico-cendre-poudre-cecropia-membranacea-feuille\/","url_meta":{"origin":40098,"position":3},"title":"POUDRE DE CENDRE CETICO \/ 1kg - (Cecropia Membranacea) FEUILLE 100% Bio","author":"Nicolas Rios","date":"7 d\u00e9cembre 2021","format":false,"excerpt":"POUDRE DE CENDRE CETICO \u00c0 VENDRE (Cecropia Membranacea) : Votre porte d'entr\u00e9e vers le bien-\u00eatre par les plantes Description du produit : D\u00e9couvrez les merveilles naturelles de la for\u00eat amazonienne avec la POUDRE DE CENDRE CETICO. Cette poudre finement moulue provient des feuilles de l'arbre Cecropia Membranacea, \u00e9galement connu sous\u2026","rel":"","context":"Poste similaire","block_context":{"text":"Poste similaire","link":""},"img":{"alt_text":"cetico","src":"https:\/\/i0.wp.com\/mayantop.com\/wp-content\/uploads\/2021\/12\/cetico.jpg?resize=350%2C200&ssl=1","width":350,"height":200,"srcset":"https:\/\/i0.wp.com\/mayantop.com\/wp-content\/uploads\/2021\/12\/cetico.jpg?resize=350%2C200&ssl=1 1x, https:\/\/i0.wp.com\/mayantop.com\/wp-content\/uploads\/2021\/12\/cetico.jpg?resize=525%2C300&ssl=1 1.5x, https:\/\/i0.wp.com\/mayantop.com\/wp-content\/uploads\/2021\/12\/cetico.jpg?resize=700%2C400&ssl=1 2x"},"classes":[]},{"id":39833,"url":"https:\/\/mayantop.com\/fr\/produits\/catuaba-a-vendre-erythroxylum-catuaba\/","url_meta":{"origin":40098,"position":4},"title":"POUDRE DE CATUABA \/ 200gr \u00e0 1kg - (Erythroxylum Catuaba) 100% Pure Racine Naturelle et Biologique","author":"Nicolas Rios","date":"7 d\u00e9cembre 2021","format":false,"excerpt":"POUDRE DE CATUABA EN VENTE (Erythroxylum Catuaba) : Aphrodisiaque naturel et stimulant pour le bien-\u00eatre Description du produit : D\u00e9couvrez la vitalit\u00e9 naturelle et le soutien au bien-\u00eatre offerts par la POUDRE DE CATUABA. Cette poudre finement moulue provient de l'\u00e9corce de l'Erythroxylum Catuaba, un petit arbre originaire de la\u2026","rel":"","context":"Poste similaire","block_context":{"text":"Poste similaire","link":""},"img":{"alt_text":"catuaba","src":"https:\/\/i0.wp.com\/mayantop.com\/wp-content\/uploads\/2021\/12\/catuaba.jpg?resize=350%2C200&ssl=1","width":350,"height":200,"srcset":"https:\/\/i0.wp.com\/mayantop.com\/wp-content\/uploads\/2021\/12\/catuaba.jpg?resize=350%2C200&ssl=1 1x, https:\/\/i0.wp.com\/mayantop.com\/wp-content\/uploads\/2021\/12\/catuaba.jpg?resize=525%2C300&ssl=1 1.5x, https:\/\/i0.wp.com\/mayantop.com\/wp-content\/uploads\/2021\/12\/catuaba.jpg?resize=700%2C400&ssl=1 2x"},"classes":[]},{"id":37609,"url":"https:\/\/mayantop.com\/fr\/produits\/mambe-coca-feuille-cetico-frene-amazonie-naturel\/","url_meta":{"origin":40098,"position":5},"title":"MAMBE \/ 30gr \u00e0 2kg \/ - Feuille de Coca + Cendre de Cetico","author":"Nicolas Rios","date":"7 d\u00e9cembre 2021","format":false,"excerpt":"MAMBE (feuilles de coca et cendres de cetico) : Le cadeau de la nature pour la clart\u00e9 et la connexion \u00a0 Description du produit MAMBE, un m\u00e9lange de feuilles de coca et de cendres de cetico, est un produit naturel remarquable, profond\u00e9ment enracin\u00e9 dans les traditions indig\u00e8nes d'Am\u00e9rique du Sud.\u2026","rel":"","context":"Poste similaire","block_context":{"text":"Poste similaire","link":""},"img":{"alt_text":"mambe","src":"https:\/\/i0.wp.com\/mayantop.com\/wp-content\/uploads\/2021\/12\/mambe-1000-X-1000-px.jpg?resize=350%2C200&ssl=1","width":350,"height":200,"srcset":"https:\/\/i0.wp.com\/mayantop.com\/wp-content\/uploads\/2021\/12\/mambe-1000-X-1000-px.jpg?resize=350%2C200&ssl=1 1x, https:\/\/i0.wp.com\/mayantop.com\/wp-content\/uploads\/2021\/12\/mambe-1000-X-1000-px.jpg?resize=525%2C300&ssl=1 1.5x, https:\/\/i0.wp.com\/mayantop.com\/wp-content\/uploads\/2021\/12\/mambe-1000-X-1000-px.jpg?resize=700%2C400&ssl=1 2x"},"classes":[]}],"jetpack_sharing_enabled":true,"_links":{"self":[{"href":"https:\/\/mayantop.com\/fr\/wp-json\/wp\/v2\/product\/40098","targetHints":{"allow":["GET"]}}],"collection":[{"href":"https:\/\/mayantop.com\/fr\/wp-json\/wp\/v2\/product"}],"about":[{"href":"https:\/\/mayantop.com\/fr\/wp-json\/wp\/v2\/types\/product"}],"replies":[{"embeddable":true,"href":"https:\/\/mayantop.com\/fr\/wp-json\/wp\/v2\/comments?post=40098"}],"version-history":[{"count":0,"href":"https:\/\/mayantop.com\/fr\/wp-json\/wp\/v2\/product\/40098\/revisions"}],"wp:featuredmedia":[{"embeddable":true,"href":"https:\/\/mayantop.com\/fr\/wp-json\/wp\/v2\/media\/17427"}],"wp:attachment":[{"href":"https:\/\/mayantop.com\/fr\/wp-json\/wp\/v2\/media?parent=40098"}],"wp:term":[{"taxonomy":"product_brand","embeddable":true,"href":"https:\/\/mayantop.com\/fr\/wp-json\/wp\/v2\/product_brand?post=40098"},{"taxonomy":"product_cat","embeddable":true,"href":"https:\/\/mayantop.com\/fr\/wp-json\/wp\/v2\/product_cat?post=40098"},{"taxonomy":"product_tag","embeddable":true,"href":"https:\/\/mayantop.com\/fr\/wp-json\/wp\/v2\/product_tag?post=40098"},{"taxonomy":"giftcard-category","embeddable":true,"href":"https:\/\/mayantop.com\/fr\/wp-json\/wp\/v2\/giftcard-category?post=40098"}],"curies":[{"name":"wp","href":"https:\/\/api.w.org\/{rel}","templated":true}]}}