{"id":39485,"date":"2021-12-07T17:02:18","date_gmt":"2021-12-07T22:02:18","guid":{"rendered":"https:\/\/mayantop.com\/producto\/7-roots-powder-200gr-a-1kg-100-pure-natural-and-organic-barks\/"},"modified":"2025-06-14T10:12:36","modified_gmt":"2025-06-14T15:12:36","slug":"7-racines-a-vendre-poudre-racines-ecorces","status":"publish","type":"product","link":"https:\/\/mayantop.com\/fr\/produits\/7-racines-a-vendre-poudre-racines-ecorces\/","title":{"rendered":"POUDRE DE 7 RACINES \/ 200gr \u00e0 1kg - 100% \u00c9CORCES Pures Naturelles et Biologiques"},"content":{"rendered":"<h2><strong>POUDRE DE 7 RACINES \u00c0 VENDRE : D\u00e9couvrir le pouvoir des racines de la nature<\/strong><\/h2>\n<h3><\/h3>\n<h3><strong>Description du produit :<\/strong><\/h3>\n<p>Dans cette pr\u00e9sentation, nous vous proposons la fameuse liqueur amazonienne 7 Racines m\u00e9lang\u00e9e en poudre pour que vous puissiez la pr\u00e9parer. Cependant, il s&rsquo;agit de l&rsquo;une des boissons les plus traditionnelles de notre communaut\u00e9 amazonienne. Il s&rsquo;agit d&rsquo;un aphrodisiaque sp\u00e9cial et naturel de 7 Roots qui sera le stimulus parfait pour avoir les meilleurs rapports sexuels ; id\u00e9al pour les hommes et les femmes qui ont besoin d&rsquo;un puissant coup de pouce. D&rsquo;autre part, il est tr\u00e8s courant de le prendre pour prolonger la jeunesse physique et mentale.<\/p>\n<h3>Voici les principales racines du d\u00e9veloppement de 7 Racines :<\/h3>\n<ul>\n<li>Abuta.<\/li>\n<li>Bolaquiro.<\/li>\n<li>Chuchuhuasi.<\/li>\n<li>Clou de Huasca.<\/li>\n<li>Cumaceba.<\/li>\n<li>Le curcuma.<\/li>\n<li>Fer \u00e0 repasser Caspi.<\/li>\n<li>Huacapurana.<\/li>\n<li>Homme de Huanarpo.<\/li>\n<li>Choisir.<\/li>\n<li>Le gingembre.<\/li>\n<li>Je mourrai.<\/li>\n<li>Murcuhuasca.<\/li>\n<li>Tahuari.<\/li>\n<li>griffe de chat<\/li>\n<\/ul>\n<p><strong>POUDRE DE 7 RACINES<\/strong> est un m\u00e9lange de plantes puissant et polyvalent, \u00e9labor\u00e9 \u00e0 partir de sept racines diff\u00e9rentes aux propri\u00e9t\u00e9s m\u00e9dicinales vari\u00e9es. Ces racines sont soigneusement s\u00e9lectionn\u00e9es et trait\u00e9es pour cr\u00e9er un suppl\u00e9ment en poudre fine qui offre un large \u00e9ventail de bienfaits potentiels pour la sant\u00e9. Chaque racine apporte son lot unique de nutriments et de propri\u00e9t\u00e9s curatives qui font de cette poudre un compl\u00e9ment pr\u00e9cieux \u00e0 votre routine de bien-\u00eatre.<\/p>\n<h3>Conna\u00eetre les principales propri\u00e9t\u00e9s des 7 racines<\/h3>\n<ul>\n<li>Il sert \u00e0 renforcer le syst\u00e8me immunitaire, \u00e0 pr\u00e9venir les rhumes.<\/li>\n<li>Promouvoir l&rsquo;activit\u00e9 physique et mentale chez les hommes et les femmes.<\/li>\n<li>Ils pr\u00e9viennent le vieillissement pr\u00e9matur\u00e9.<\/li>\n<li>Il est utilis\u00e9 pour am\u00e9liorer la concentration mentale.<\/li>\n<li>Augmente le pouvoir de virilit\u00e9 et de r\u00e9sistance.<\/li>\n<\/ul>\n<h3><strong>Avantages et inconv\u00e9nients du produit :<\/strong><\/h3>\n<p><em>Pour :<\/em><\/p>\n<ol>\n<li><strong>Soutien complet \u00e0 la sant\u00e9 :<\/strong> POUDRE DE 7 RACINES combine les bienfaits de sept racines en une seule, offrant un soutien complet pour la sant\u00e9 et le bien-\u00eatre.<\/li>\n<li><strong>Riche en nutriments :<\/strong> les racines utilis\u00e9es dans ce m\u00e9lange sont riches en vitamines, min\u00e9raux et antioxydants, ce qui en fait un v\u00e9ritable concentr\u00e9 de nutriments.<\/li>\n<li><strong>Polyvalent :<\/strong> la forme en poudre permet diverses m\u00e9thodes de consommation, y compris le m\u00e9lange avec des liquides, des smoothies ou l&rsquo;incorporation dans des recettes.<\/li>\n<li><strong>Naturel et pur :<\/strong> Ce produit est fabriqu\u00e9 \u00e0 partir d&rsquo;ingr\u00e9dients naturels sans additifs ni conservateurs.<\/li>\n<\/ol>\n<p><em>Cons :<\/em><\/p>\n<ol>\n<li><strong>Go\u00fbt :<\/strong> Certains utilisateurs peuvent trouver le go\u00fbt de la poudre l\u00e9g\u00e8rement terreux ou amer, ce \u00e0 quoi il faudra peut-\u00eatre s&rsquo;habituer.<\/li>\n<li><strong>Sensibilit\u00e9 individuelle :<\/strong> Bien que g\u00e9n\u00e9ralement bien tol\u00e9r\u00e9es, les r\u00e9actions individuelles aux racines peuvent varier, et il est conseill\u00e9 de commencer par une petite quantit\u00e9.<\/li>\n<\/ol>\n<h3><strong>Utilisations du produit :<\/strong><\/h3>\n<p><em>Bien-\u00eatre holistique<\/em><\/p>\n<ol>\n<li><strong>\u00c9nergie et vitalit\u00e9 :<\/strong> De nombreux utilisateurs int\u00e8grent POUDRE DE 7 RACINES dans leur routine quotidienne pour augmenter leur niveau d&rsquo;\u00e9nergie et leur vitalit\u00e9.<\/li>\n<li><strong>Soutien immunitaire :<\/strong> Les propri\u00e9t\u00e9s immunitaires de ce m\u00e9lange en font un excellent choix pour renforcer les d\u00e9fenses naturelles de l&rsquo;organisme.<\/li>\n<li><strong>Sant\u00e9 digestive :<\/strong> Certaines personnes trouvent un soulagement de l&rsquo;inconfort digestif et une am\u00e9lioration de la sant\u00e9 intestinale en utilisant cette poudre.<\/li>\n<li><strong>R\u00e9duction du stress :<\/strong> Certaines racines du m\u00e9lange sont connues pour leurs propri\u00e9t\u00e9s adaptog\u00e8nes, qui aident l&rsquo;organisme \u00e0 s&rsquo;adapter au stress.<\/li>\n<\/ol>\n<h3><strong>Instructions sur la fa\u00e7on de l&rsquo;utiliser :<\/strong><\/h3>\n<p><em>Consommation flexible<\/em><\/p>\n<ol>\n<li><strong>M\u00e9lange :<\/strong> Ajoutez une cuill\u00e8re \u00e0 caf\u00e9 de POUDRE DE 7 RACINES \u00e0 votre boisson pr\u00e9f\u00e9r\u00e9e, comme de l&rsquo;eau, du jus ou un smoothie.<\/li>\n<li><strong>Cuisine :<\/strong> Incorporez la poudre dans des recettes telles que les soupes, les rago\u00fbts ou les p\u00e2tisseries.<\/li>\n<li><strong>Th\u00e9 traditionnel :<\/strong> Faites infuser la poudre dans de l&rsquo;eau chaude pour obtenir une tisane nourrissante.<\/li>\n<li><strong>Dosage :<\/strong> Commencez par une petite quantit\u00e9 et augmentez progressivement pour trouver votre dosage optimal.<\/li>\n<\/ol>\n<h3>Comment pr\u00e9parer la liqueur des 7 Races ?<\/h3>\n<p>Vous pouvez pr\u00e9parer une liqueur artisanale 7 RACINES \u00e0 partir de n&rsquo;importe quelle racine de votre choix. Dans ce cas, vous utiliserez du ca\u00f1azo, du pisco, de la tequila ou du vin rouge.<br \/>\nN&rsquo;oubliez pas d&rsquo;utiliser du miel des champs et non du miel de supermarch\u00e9.<\/p>\n<h3>Pr\u00e9paration :<\/h3>\n<p>Prendre un verre de 7 RACINES de la bouteille, pour pouvoir entrer dans les cro\u00fbtes, bien m\u00e9langer et ajouter le miel. Conserver dans un endroit frais et peu \u00e9clair\u00e9, agiter les 5 premiers jours deux fois par jour, une fois le matin et une fois le soir. Nous le laisserons ensuite reposer pendant une semaine, pour commencer \u00e0 d\u00e9guster cette liqueur aphrodisiaque riche et m\u00e9dicinale.<\/p>\n<h3><strong>Quels sont les autres noms sous lesquels il est connu ?<\/strong><\/h3>\n<p><em>Autres noms et variantes<\/em><\/p>\n<ol>\n<li><strong>Poudre de sept racines :<\/strong> Une r\u00e9f\u00e9rence directe \u00e0 sa composition \u00e0 sept racines.<\/li>\n<li><strong>Suppl\u00e9ment de m\u00e9lange de racines :<\/strong> D\u00e9crivant sa nature comme une combinaison de divers extraits de racines.<\/li>\n<\/ol>\n<p>&nbsp;<\/p>\n<h6><strong>Remarque :<\/strong><\/h6>\n<p>Les produits Mayantop sont obtenus et commercialis\u00e9s \u00e0 l&rsquo;\u00e9tat pur et d&rsquo;origine 100% naturelle aupr\u00e8s des communaut\u00e9s indig\u00e8nes. Ils ne contiennent aucun pesticide, produit chimique, herbicide ou autre substance artificielle.<\/p>\n<h6><strong>Avis de non-responsabilit\u00e9 :<\/strong><\/h6>\n<ul>\n<li>Les effets de ce produit sont confirm\u00e9s par l&rsquo;exp\u00e9rience empirique de la m\u00e9decine traditionnelle ancienne avec d&rsquo;excellents r\u00e9sultats. L&rsquo;absence d&rsquo;effets secondaires nocifs si la dose administr\u00e9e est correcte. Mais les informations identifi\u00e9es ici ne constituent en aucun cas une ordonnance ou une prescription.<\/li>\n<li>L&rsquo;utilisation de ces produits naturels ne remplace pas une consultation m\u00e9dicale.<\/li>\n<li>Tous les produits sont l\u00e9gaux dans notre pays d&rsquo;origine. Il incombe au client de v\u00e9rifier la l\u00e9galit\u00e9 de ces produits dans le pays de destination.<\/li>\n<li>Les d\u00e9clarations et les liens vers les sites web qu&rsquo;il contient n&rsquo;ont pas \u00e9t\u00e9 \u00e9valu\u00e9s par la FDA et les autorit\u00e9s internationales en mati\u00e8re d&rsquo;alimentation et de m\u00e9dicaments.<\/li>\n<li>Ne sont en aucun cas des all\u00e9gations m\u00e9dicales concernant la capacit\u00e9 ou l&rsquo;efficacit\u00e9 de l&rsquo;un de nos produits \u00e0 traiter, pr\u00e9venir ou att\u00e9nuer une maladie ou un malaise.<\/li>\n<li>L&rsquo;utilisation et l&rsquo;application de nos produits rel\u00e8vent de la seule responsabilit\u00e9 du client.<\/li>\n<\/ul>\n","protected":false},"excerpt":{"rendered":"<p>POUDRE DE 7 RACINES \u00c0 VENDRE : D\u00e9couvrir le pouvoir des racines de la nature Description du produit : Dans<\/p>\n","protected":false},"featured_media":15337,"comment_status":"open","ping_status":"closed","template":"","meta":{"_joinchat":[],"jetpack_publicize_message":"","jetpack_publicize_feature_enabled":true,"jetpack_social_post_already_shared":true,"jetpack_social_options":{"image_generator_settings":{"template":"highway","default_image_id":0,"font":"","enabled":false},"version":2}},"product_brand":[],"product_cat":[556,536],"product_tag":[],"giftcard-category":[],"class_list":{"0":"post-39485","1":"product","2":"type-product","3":"status-publish","4":"has-post-thumbnail","6":"product_cat-aphrodisiaques-ecorces","7":"product_cat-dhl-ou-fedex-new-arrivals","8":"product_shipping_class-expedition-generale","10":"first","11":"instock","12":"sale","13":"taxable","14":"shipping-taxable","15":"purchasable","16":"product-type-variable"},"jetpack_publicize_connections":[],"jetpack-related-posts":[{"id":37560,"url":"https:\/\/mayantop.com\/fr\/produits\/kion-poudre-zingiber-officinale-herbes-racine\/","url_meta":{"origin":39485,"position":0},"title":"KION EN POUDRE \/ 200gr \u00e0 2kg - (Zingiber Officinale) - Herbes en poudre 100% naturelles RACINE","author":"Nicolas Rios","date":"7 d\u00e9cembre 2021","format":false,"excerpt":"KION POUDRE : Le cadeau de la nature pour la sant\u00e9 et la saveur \u00a0 Description du produit La poudre de kion, d\u00e9riv\u00e9e de la racine de Zingiber Officinale, est un ingr\u00e9dient naturel polyvalent et appr\u00e9ci\u00e9. Cette poudre fine poss\u00e8de une riche histoire d'utilisation culinaire et m\u00e9dicinale, offrant une multitude\u2026","rel":"","context":"Poste similaire","block_context":{"text":"Poste similaire","link":""},"img":{"alt_text":"kion","src":"https:\/\/i0.wp.com\/mayantop.com\/wp-content\/uploads\/2021\/12\/POLVO-10.jpg?resize=350%2C200&ssl=1","width":350,"height":200,"srcset":"https:\/\/i0.wp.com\/mayantop.com\/wp-content\/uploads\/2021\/12\/POLVO-10.jpg?resize=350%2C200&ssl=1 1x, https:\/\/i0.wp.com\/mayantop.com\/wp-content\/uploads\/2021\/12\/POLVO-10.jpg?resize=525%2C300&ssl=1 1.5x, https:\/\/i0.wp.com\/mayantop.com\/wp-content\/uploads\/2021\/12\/POLVO-10.jpg?resize=700%2C400&ssl=1 2x"},"classes":[]},{"id":40230,"url":"https:\/\/mayantop.com\/fr\/produits\/valeriana-poudre-valeriana-officinalis\/","url_meta":{"origin":39485,"position":1},"title":"VALERIANA DE POUDRE \/ 200gr \u00e0 2kg - (Valeriana Officinalis) - Herbes en poudre 100% naturelles RACINE","author":"Nicolas Rios","date":"7 d\u00e9cembre 2021","format":false,"excerpt":"VALERIANA DE POUDRE (Valeriana Officinalis): La tranquillit\u00e9 et le bien-\u00eatre Description du produit : La VALERIANA DE POUDRE\u00a0(Valeriana Officinalis), d\u00e9riv\u00e9e de la racine de val\u00e9riane, est un rem\u00e8de naturel appr\u00e9ci\u00e9 depuis des si\u00e8cles. Cette poudre finement moulue offre une approche holistique de la tranquillit\u00e9 et du bien-\u00eatre g\u00e9n\u00e9ral. La poudre\u2026","rel":"","context":"Poste similaire","block_context":{"text":"Poste similaire","link":""},"img":{"alt_text":"Val\u00e9riane","src":"https:\/\/i0.wp.com\/mayantop.com\/wp-content\/uploads\/2021\/12\/POLVO-11-5.jpg?resize=350%2C200&ssl=1","width":350,"height":200,"srcset":"https:\/\/i0.wp.com\/mayantop.com\/wp-content\/uploads\/2021\/12\/POLVO-11-5.jpg?resize=350%2C200&ssl=1 1x, https:\/\/i0.wp.com\/mayantop.com\/wp-content\/uploads\/2021\/12\/POLVO-11-5.jpg?resize=525%2C300&ssl=1 1.5x, https:\/\/i0.wp.com\/mayantop.com\/wp-content\/uploads\/2021\/12\/POLVO-11-5.jpg?resize=700%2C400&ssl=1 2x"},"classes":[]},{"id":40913,"url":"https:\/\/mayantop.com\/fr\/produits\/mimosa-hostilis-poudre-jurema-preta-racine\/","url_meta":{"origin":39485,"position":2},"title":"MIMOSA HOSTILIS EN POUDRE \/ 200gr \u00e0 1kg - (Jurema Preta) - 100% Pure Natural Root","author":"Nicolas Rios","date":"7 d\u00e9cembre 2021","format":false,"excerpt":"POUDRE DE MIMOSA HOSTILIS : Le cadeau de la nature pour le bien-\u00eatre \u00a0 Description du produit Embarquez pour un voyage de bien-\u00eatre naturel avec la POUDRE DE MIMOSA HOSTILIS, un produit polyvalent d\u00e9riv\u00e9 de l'\u00e9corce de l'arbre Jurema Preta. Cette poudre extraordinaire a le potentiel de d\u00e9bloquer toute une\u2026","rel":"","context":"Poste similaire","block_context":{"text":"Poste similaire","link":""},"img":{"alt_text":"Mimosa Hostilis","src":"https:\/\/i0.wp.com\/mayantop.com\/wp-content\/uploads\/2021\/12\/MimosaHostilis.jpg?resize=350%2C200&ssl=1","width":350,"height":200,"srcset":"https:\/\/i0.wp.com\/mayantop.com\/wp-content\/uploads\/2021\/12\/MimosaHostilis.jpg?resize=350%2C200&ssl=1 1x, https:\/\/i0.wp.com\/mayantop.com\/wp-content\/uploads\/2021\/12\/MimosaHostilis.jpg?resize=525%2C300&ssl=1 1.5x, https:\/\/i0.wp.com\/mayantop.com\/wp-content\/uploads\/2021\/12\/MimosaHostilis.jpg?resize=700%2C400&ssl=1 2x"},"classes":[]},{"id":36830,"url":"https:\/\/mayantop.com\/fr\/produits\/cumaceba-poudre-swartzia-polyphila-ecorce\/","url_meta":{"origin":39485,"position":3},"title":"CUMACEBA EN POUDRE \/ 200gr \u00e0 1kg - (Swartzia Polyphila) 100% Pure Ecorce Naturelle","author":"Nicolas Rios","date":"7 d\u00e9cembre 2021","format":false,"excerpt":"POUDRE DE CUMACEBA A VENDRE - Swartzia Polyphila : le tr\u00e9sor naturel de l'Amazonie Description du produit : Voici notre poudre de Cumaceba, un cadeau pr\u00e9cieux du c\u0153ur de la for\u00eat amazonienne, o\u00f9 prosp\u00e8re l'arbre Swartzia Polyphila. Ce remarquable tr\u00e9sor botanique, \u00e9galement connu sous le nom de \"Cumaceba\" dans la\u2026","rel":"","context":"Poste similaire","block_context":{"text":"Poste similaire","link":""},"img":{"alt_text":"cumaceba","src":"https:\/\/i0.wp.com\/mayantop.com\/wp-content\/uploads\/2021\/12\/cumaceba.jpg?resize=350%2C200&ssl=1","width":350,"height":200,"srcset":"https:\/\/i0.wp.com\/mayantop.com\/wp-content\/uploads\/2021\/12\/cumaceba.jpg?resize=350%2C200&ssl=1 1x, https:\/\/i0.wp.com\/mayantop.com\/wp-content\/uploads\/2021\/12\/cumaceba.jpg?resize=525%2C300&ssl=1 1.5x, https:\/\/i0.wp.com\/mayantop.com\/wp-content\/uploads\/2021\/12\/cumaceba.jpg?resize=700%2C400&ssl=1 2x"},"classes":[]},{"id":40166,"url":"https:\/\/mayantop.com\/fr\/produits\/cocona-en-poudre-a-vendre-solanum-sessiliflorum\/","url_meta":{"origin":39485,"position":4},"title":"COCONA EN POUDRE \/ 200gr \u00e0 2kg - (Solanum Sessiliflorum) - Herbes en poudre 100% naturel RACINE","author":"Nicolas Rios","date":"7 d\u00e9cembre 2021","format":false,"excerpt":"POUDRE DE COCONA A VENDRE (Solanum Sessiliflorum) : Le super-fruit exotique d'Amazonie Description du produit : D\u00e9couvrez l'attrait exotique de la for\u00eat amazonienne avec notre POUDRE DE COCONA, fabriqu\u00e9e \u00e0 partir du fruit Solanum Sessiliflorum, \u00e9galement connu sous le nom de \"Cocona\". Cette poudre fine capture l'essence d'un superfruit tropical\u2026","rel":"","context":"Poste similaire","block_context":{"text":"Poste similaire","link":""},"img":{"alt_text":"COCONA","src":"https:\/\/i0.wp.com\/mayantop.com\/wp-content\/uploads\/2021\/12\/POLVO-11.jpg?resize=350%2C200&ssl=1","width":350,"height":200,"srcset":"https:\/\/i0.wp.com\/mayantop.com\/wp-content\/uploads\/2021\/12\/POLVO-11.jpg?resize=350%2C200&ssl=1 1x, https:\/\/i0.wp.com\/mayantop.com\/wp-content\/uploads\/2021\/12\/POLVO-11.jpg?resize=525%2C300&ssl=1 1.5x, https:\/\/i0.wp.com\/mayantop.com\/wp-content\/uploads\/2021\/12\/POLVO-11.jpg?resize=700%2C400&ssl=1 2x"},"classes":[]},{"id":39670,"url":"https:\/\/mayantop.com\/fr\/produits\/abuta-poudre-a-vente-grandifolia-barks\/","url_meta":{"origin":39485,"position":5},"title":"ABUTA EN POUDRE \/ 200gr \u00e0 2kg - (Abuta Grandifolia) - Herbes en poudre 100% naturelles LIANA","author":"Nicolas Rios","date":"7 d\u00e9cembre 2021","format":false,"excerpt":"POUDRE D'ABUTA \u00c0 VENDRE : D\u00e9couvrez les bienfaits naturels de l'Abuta Grandifolia Description du produit : La POUDRE D'ABUTA est un rem\u00e8de naturel \u00e0 base de feuilles et de racines de la plante Abuta Grandifolia. L'abuta, \u00e9galement connu sous le nom de \"Viagra de la for\u00eat tropicale\", est utilis\u00e9 depuis\u2026","rel":"","context":"Poste similaire","block_context":{"text":"Poste similaire","link":""},"img":{"alt_text":"ABUTA","src":"https:\/\/i0.wp.com\/mayantop.com\/wp-content\/uploads\/2021\/12\/POLVO-02.jpg?resize=350%2C200&ssl=1","width":350,"height":200,"srcset":"https:\/\/i0.wp.com\/mayantop.com\/wp-content\/uploads\/2021\/12\/POLVO-02.jpg?resize=350%2C200&ssl=1 1x, https:\/\/i0.wp.com\/mayantop.com\/wp-content\/uploads\/2021\/12\/POLVO-02.jpg?resize=525%2C300&ssl=1 1.5x, https:\/\/i0.wp.com\/mayantop.com\/wp-content\/uploads\/2021\/12\/POLVO-02.jpg?resize=700%2C400&ssl=1 2x"},"classes":[]}],"jetpack_sharing_enabled":true,"_links":{"self":[{"href":"https:\/\/mayantop.com\/fr\/wp-json\/wp\/v2\/product\/39485","targetHints":{"allow":["GET"]}}],"collection":[{"href":"https:\/\/mayantop.com\/fr\/wp-json\/wp\/v2\/product"}],"about":[{"href":"https:\/\/mayantop.com\/fr\/wp-json\/wp\/v2\/types\/product"}],"replies":[{"embeddable":true,"href":"https:\/\/mayantop.com\/fr\/wp-json\/wp\/v2\/comments?post=39485"}],"version-history":[{"count":0,"href":"https:\/\/mayantop.com\/fr\/wp-json\/wp\/v2\/product\/39485\/revisions"}],"wp:featuredmedia":[{"embeddable":true,"href":"https:\/\/mayantop.com\/fr\/wp-json\/wp\/v2\/media\/15337"}],"wp:attachment":[{"href":"https:\/\/mayantop.com\/fr\/wp-json\/wp\/v2\/media?parent=39485"}],"wp:term":[{"taxonomy":"product_brand","embeddable":true,"href":"https:\/\/mayantop.com\/fr\/wp-json\/wp\/v2\/product_brand?post=39485"},{"taxonomy":"product_cat","embeddable":true,"href":"https:\/\/mayantop.com\/fr\/wp-json\/wp\/v2\/product_cat?post=39485"},{"taxonomy":"product_tag","embeddable":true,"href":"https:\/\/mayantop.com\/fr\/wp-json\/wp\/v2\/product_tag?post=39485"},{"taxonomy":"giftcard-category","embeddable":true,"href":"https:\/\/mayantop.com\/fr\/wp-json\/wp\/v2\/giftcard-category?post=39485"}],"curies":[{"name":"wp","href":"https:\/\/api.w.org\/{rel}","templated":true}]}}