{"id":39386,"date":"2021-12-07T17:02:51","date_gmt":"2021-12-07T22:02:51","guid":{"rendered":"https:\/\/mayantop.com\/producto\/azucar-huayo-en-poudre-200gr-a-2kg-hymenaea-courbaril-herbes-en-poudre-100-naturelles-bark\/"},"modified":"2025-06-16T13:59:13","modified_gmt":"2025-06-16T18:59:13","slug":"azucar-huayo-a-vendre-hymenaea-courbaril","status":"publish","type":"product","link":"https:\/\/mayantop.com\/fr\/produits\/azucar-huayo-a-vendre-hymenaea-courbaril\/","title":{"rendered":"AZUCAR HUAYO EN POUDRE \/ 200gr \u00e0 2kg - (Hymenaea Courbaril) - Herbes en poudre 100% Naturelles BARK"},"content":{"rendered":"<h2>AZUCAR HUAYO POWDER- (Hymenaea Courbaril) - Herbes en poudre 100% naturel BARK<\/h2>\n<p>L&rsquo;Azucar Huayo est une plante de l&rsquo;Amazonie, qui pousse g\u00e9n\u00e9ralement dans des endroits o\u00f9 il n&rsquo;y a pas d&rsquo;eau, et qui peut rester longtemps sans eau. Il a une grande r\u00e9sistance. Ses deux principales propri\u00e9t\u00e9s sont antidiarrh\u00e9iques et antirhumatismales. L&rsquo;Azucar Huayo a \u00e9galement des propri\u00e9t\u00e9s nutritionnelles, son fruit est \u00e0 usage m\u00e9dicinal, c&rsquo;est aussi un pesticide, gr\u00e2ce \u00e0 sa capacit\u00e9 \u00e0 g\u00e9n\u00e9rer des toxines contre les insectes, c&rsquo;est aussi un tr\u00e8s bon compagnon dans la c\u00e9r\u00e9monie de l&rsquo;ayahuasca.<\/p>\n<h6><strong>Remarque :<\/strong><\/h6>\n<p>Les produits Mayantop sont obtenus et commercialis\u00e9s \u00e0 l&rsquo;\u00e9tat pur et d&rsquo;origine 100% naturelle aupr\u00e8s des communaut\u00e9s indig\u00e8nes. Ils ne contiennent aucun pesticide, produit chimique, herbicide ou autre substance artificielle.<\/p>\n<h6><strong>Avis de non-responsabilit\u00e9 :<\/strong><\/h6>\n<ul>\n<li>Les effets de ce produit sont confirm\u00e9s par l&rsquo;exp\u00e9rience empirique de la m\u00e9decine traditionnelle ancienne avec d&rsquo;excellents r\u00e9sultats. L&rsquo;absence d&rsquo;effets secondaires nocifs si la dose administr\u00e9e est correcte. Mais les informations identifi\u00e9es ici ne constituent en aucun cas une ordonnance ou une prescription.<\/li>\n<li>L&rsquo;utilisation de ces produits naturels ne remplace pas une consultation m\u00e9dicale.<\/li>\n<li>Tous les produits sont l\u00e9gaux dans notre pays d&rsquo;origine. Il incombe au client de v\u00e9rifier la l\u00e9galit\u00e9 de ces produits dans le pays de destination.<\/li>\n<li>Les d\u00e9clarations et les liens vers les sites web qu&rsquo;il contient n&rsquo;ont pas \u00e9t\u00e9 \u00e9valu\u00e9s par la FDA et les autorit\u00e9s internationales en mati\u00e8re d&rsquo;alimentation et de m\u00e9dicaments.<\/li>\n<li>Ne sont en aucun cas des all\u00e9gations m\u00e9dicales concernant la capacit\u00e9 ou l&rsquo;efficacit\u00e9 de l&rsquo;un de nos produits \u00e0 traiter, pr\u00e9venir ou att\u00e9nuer une maladie ou un malaise.<\/li>\n<li>L&rsquo;utilisation et l&rsquo;application de nos produits rel\u00e8vent de la seule responsabilit\u00e9 du client.<\/li>\n<\/ul>\n","protected":false},"excerpt":{"rendered":"<p>AZUCAR HUAYO POWDER- (Hymenaea Courbaril) - Herbes en poudre 100% naturel BARK L&rsquo;Azucar Huayo est une plante de l&rsquo;Amazonie, qui<\/p>\n","protected":false},"featured_media":21339,"comment_status":"open","ping_status":"closed","template":"","meta":{"_joinchat":[],"jetpack_publicize_message":"","jetpack_publicize_feature_enabled":true,"jetpack_social_post_already_shared":true,"jetpack_social_options":{"image_generator_settings":{"template":"highway","default_image_id":0,"font":"","enabled":false},"version":2}},"product_brand":[],"product_cat":[536,535],"product_tag":[],"giftcard-category":[],"class_list":{"0":"post-39386","1":"product","2":"type-product","3":"status-publish","4":"has-post-thumbnail","6":"product_cat-dhl-ou-fedex-new-arrivals","7":"product_cat-exotiques-herbes-a-vendre","8":"product_shipping_class-expedition-generale","10":"first","11":"instock","12":"sale","13":"taxable","14":"shipping-taxable","15":"purchasable","16":"product-type-variable"},"jetpack_publicize_connections":[],"jetpack-related-posts":[{"id":39320,"url":"https:\/\/mayantop.com\/es\/produits\/azucar-huayo-en-venta-hymenaea-courbaril\/","url_meta":{"origin":39386,"position":0},"title":"AZUCAR HUAYO EN POLVO \/ 200gr a 2kg - (Hymenaea Courbaril) - Hierbas en Polvo 100% CORTEZA Natural","author":"Nicolas Rios","date":"7 d\u00e9cembre 2021","format":false,"excerpt":"AZUCAR HUAYO EN POLVO- (Hymenaea Courbaril) - Hierbas en Polvo 100% CORTEZA Natural El Az\u00facar Huayo es una planta del Amazonas, principalmente suele crecer en lugares donde no hay agua, puede estar sin agua durante mucho tiempo. Tiene una gran resistencia. Sus dos propiedades principales son antidiarreicas y antirreum\u00e1ticas. El\u2026","rel":"","context":"Poste similaire","block_context":{"text":"Poste similaire","link":""},"img":{"alt_text":"azucar huayo","src":"https:\/\/i0.wp.com\/mayantop.com\/wp-content\/uploads\/2021\/12\/POLVO-14.jpg?resize=350%2C200&ssl=1","width":350,"height":200,"srcset":"https:\/\/i0.wp.com\/mayantop.com\/wp-content\/uploads\/2021\/12\/POLVO-14.jpg?resize=350%2C200&ssl=1 1x, https:\/\/i0.wp.com\/mayantop.com\/wp-content\/uploads\/2021\/12\/POLVO-14.jpg?resize=525%2C300&ssl=1 1.5x, https:\/\/i0.wp.com\/mayantop.com\/wp-content\/uploads\/2021\/12\/POLVO-14.jpg?resize=700%2C400&ssl=1 2x"},"classes":[]},{"id":1516,"url":"https:\/\/mayantop.com\/produits\/azucar-huayo-for-sale-hymenaea-courbaril\/","url_meta":{"origin":39386,"position":1},"title":"AZUCAR HUAYO POWDER \/ 200gr at 2kg - (Hymenaea Courbaril) - Herbs Powdered 100% Natural BARK","author":"Nicolas Rios","date":"7 d\u00e9cembre 2021","format":false,"excerpt":"AZUCAR HUAYO POWDER- (Hymenaea Courbaril) - Herbs Powdered 100% Natural BARK The Azucar Huayo is a plant from the Amazon, mainly it usually grows in places where there is no water, it can be without water for a long time. It has a great resistance. Its two main properties are\u2026","rel":"","context":"Avec 8 commentaires","block_context":{"text":"Avec 8 commentaires","link":"https:\/\/mayantop.com\/produits\/azucar-huayo-for-sale-hymenaea-courbaril\/#comments"},"img":{"alt_text":"azucar huayo","src":"https:\/\/i0.wp.com\/mayantop.com\/wp-content\/uploads\/2021\/12\/POLVO-14.jpg?resize=350%2C200&ssl=1","width":350,"height":200,"srcset":"https:\/\/i0.wp.com\/mayantop.com\/wp-content\/uploads\/2021\/12\/POLVO-14.jpg?resize=350%2C200&ssl=1 1x, https:\/\/i0.wp.com\/mayantop.com\/wp-content\/uploads\/2021\/12\/POLVO-14.jpg?resize=525%2C300&ssl=1 1.5x, https:\/\/i0.wp.com\/mayantop.com\/wp-content\/uploads\/2021\/12\/POLVO-14.jpg?resize=700%2C400&ssl=1 2x"},"classes":[]},{"id":36686,"url":"https:\/\/mayantop.com\/fr\/produits\/guisador-ou-curcuma-curcuma-longa-poudre\/","url_meta":{"origin":39386,"position":2},"title":"GUISADOR ou CURCUMA EN POUDRE \/ 200gr \u00e0 2kg - (Curcuma Longa) - Herbes en poudre 100% naturelles RACINES","author":"Nicolas Rios","date":"7 d\u00e9cembre 2021","format":false,"excerpt":"GUISADOR ou POUDRE DE CURCUMA : L'\u00e9pice d'or de la nature pour le bien-\u00eatre \u00a0 Description du produit Le Guisador, \u00e9galement connu sous le nom de poudre de curcuma, est une poudre jaune vif d\u00e9riv\u00e9e des racines de la plante Curcuma Longa. Cette \u00e9pice, commun\u00e9ment appel\u00e9e curcuma, est appr\u00e9ci\u00e9e depuis\u2026","rel":"","context":"Poste similaire","block_context":{"text":"Poste similaire","link":""},"img":{"alt_text":"GUISADOR","src":"https:\/\/i0.wp.com\/mayantop.com\/wp-content\/uploads\/2021\/12\/POLVO-9-2.jpg?resize=350%2C200&ssl=1","width":350,"height":200,"srcset":"https:\/\/i0.wp.com\/mayantop.com\/wp-content\/uploads\/2021\/12\/POLVO-9-2.jpg?resize=350%2C200&ssl=1 1x, https:\/\/i0.wp.com\/mayantop.com\/wp-content\/uploads\/2021\/12\/POLVO-9-2.jpg?resize=525%2C300&ssl=1 1.5x, https:\/\/i0.wp.com\/mayantop.com\/wp-content\/uploads\/2021\/12\/POLVO-9-2.jpg?resize=700%2C400&ssl=1 2x"},"classes":[]},{"id":37261,"url":"https:\/\/mayantop.com\/fr\/produits\/huacapurana-poudre-campsiandra-angustifolia\/","url_meta":{"origin":39386,"position":3},"title":"HUACAPURANA EN POUDRE \/ 200gr \u00e0 2kg - (Campsiandra Angustifolia) - Herbes en poudre 100% Naturelles BARK","author":"Nicolas Rios","date":"7 d\u00e9cembre 2021","format":false,"excerpt":"POUDRE DE HUACAPURANA : Le cadeau de la nature \u00e0 partir de Campsiandra Angustifolia \u00a0 Description du produit La poudre de Huacapurana est un extrait naturel de plantes d\u00e9riv\u00e9 de l'\u00e9corce de l'arbre Campsiandra Angustifolia, originaire de la for\u00eat amazonienne. Ce produit est reconnu pour ses bienfaits potentiels sur la\u2026","rel":"","context":"Poste similaire","block_context":{"text":"Poste similaire","link":""},"img":{"alt_text":"Huacapurana","src":"https:\/\/i0.wp.com\/mayantop.com\/wp-content\/uploads\/2021\/12\/POLVO-08-1.jpg?resize=350%2C200&ssl=1","width":350,"height":200,"srcset":"https:\/\/i0.wp.com\/mayantop.com\/wp-content\/uploads\/2021\/12\/POLVO-08-1.jpg?resize=350%2C200&ssl=1 1x, https:\/\/i0.wp.com\/mayantop.com\/wp-content\/uploads\/2021\/12\/POLVO-08-1.jpg?resize=525%2C300&ssl=1 1.5x, https:\/\/i0.wp.com\/mayantop.com\/wp-content\/uploads\/2021\/12\/POLVO-08-1.jpg?resize=700%2C400&ssl=1 2x"},"classes":[]},{"id":40795,"url":"https:\/\/mayantop.com\/fr\/produits\/mucuna-poudre-a-vendre-mucuna-pruriens-graines\/","url_meta":{"origin":39386,"position":4},"title":"MUCUNA POUDRE \/ 200gr \u00e0 2kg - (Mucuna Pruriens) - Herbes en poudre 100% naturelles SEEDS","author":"Nicolas Rios","date":"7 d\u00e9cembre 2021","format":false,"excerpt":"MUCUNA POUDRE- (Mucuna Pruriens) - Herbes en poudre 100% naturelles GRAINES Le mucuna est une plante utilis\u00e9e dans diff\u00e9rentes maladies et couramment utilis\u00e9e comme agent carminatif, hypotenseur et hypoglyc\u00e9miant. Ce Mucuna est tr\u00e8s efficace pour traiter la maladie de Parkinson. Il a \u00e9t\u00e9 d\u00e9montr\u00e9 qu'il augmentait les niveaux de testost\u00e9rone,\u2026","rel":"","context":"Poste similaire","block_context":{"text":"Poste similaire","link":""},"img":{"alt_text":"MUCUNA","src":"https:\/\/i0.wp.com\/mayantop.com\/wp-content\/uploads\/2021\/12\/POLVO-9-3.jpg?resize=350%2C200&ssl=1","width":350,"height":200,"srcset":"https:\/\/i0.wp.com\/mayantop.com\/wp-content\/uploads\/2021\/12\/POLVO-9-3.jpg?resize=350%2C200&ssl=1 1x, https:\/\/i0.wp.com\/mayantop.com\/wp-content\/uploads\/2021\/12\/POLVO-9-3.jpg?resize=525%2C300&ssl=1 1.5x, https:\/\/i0.wp.com\/mayantop.com\/wp-content\/uploads\/2021\/12\/POLVO-9-3.jpg?resize=700%2C400&ssl=1 2x"},"classes":[]},{"id":37055,"url":"https:\/\/mayantop.com\/fr\/produits\/poudre-dishanga-a-vendre-laportea-aestuans\/","url_meta":{"origin":39386,"position":5},"title":"ISHANGA EN POUDRE \/ 200gr \u00e0 2kg - (Laportea Aestuans) - Herbes en poudre 100% naturelles PLANTE ENTI\u00c8RE","author":"Nicolas Rios","date":"7 d\u00e9cembre 2021","format":false,"excerpt":"POUDRE D'ISHANGA : D\u00e9couvrir le puissant rem\u00e8de \u00e0 base de plantes - Laportea Aestuans \u00a0 Description du produit La poudre d'Ishanga est un rem\u00e8de naturel \u00e0 base de plantes d\u00e9riv\u00e9 de la plante Laportea Aestuans, \u00e9galement connue sous le nom d'Ishanga. Cette poudre remarquable est reconnue pour ses bienfaits th\u00e9rapeutiques\u2026","rel":"","context":"Poste similaire","block_context":{"text":"Poste similaire","link":""},"img":{"alt_text":"Ishanga","src":"https:\/\/i0.wp.com\/mayantop.com\/wp-content\/uploads\/2021\/12\/POLVO-03-4.jpg?resize=350%2C200&ssl=1","width":350,"height":200,"srcset":"https:\/\/i0.wp.com\/mayantop.com\/wp-content\/uploads\/2021\/12\/POLVO-03-4.jpg?resize=350%2C200&ssl=1 1x, https:\/\/i0.wp.com\/mayantop.com\/wp-content\/uploads\/2021\/12\/POLVO-03-4.jpg?resize=525%2C300&ssl=1 1.5x, https:\/\/i0.wp.com\/mayantop.com\/wp-content\/uploads\/2021\/12\/POLVO-03-4.jpg?resize=700%2C400&ssl=1 2x"},"classes":[]}],"jetpack_sharing_enabled":true,"_links":{"self":[{"href":"https:\/\/mayantop.com\/fr\/wp-json\/wp\/v2\/product\/39386","targetHints":{"allow":["GET"]}}],"collection":[{"href":"https:\/\/mayantop.com\/fr\/wp-json\/wp\/v2\/product"}],"about":[{"href":"https:\/\/mayantop.com\/fr\/wp-json\/wp\/v2\/types\/product"}],"replies":[{"embeddable":true,"href":"https:\/\/mayantop.com\/fr\/wp-json\/wp\/v2\/comments?post=39386"}],"version-history":[{"count":0,"href":"https:\/\/mayantop.com\/fr\/wp-json\/wp\/v2\/product\/39386\/revisions"}],"wp:featuredmedia":[{"embeddable":true,"href":"https:\/\/mayantop.com\/fr\/wp-json\/wp\/v2\/media\/21339"}],"wp:attachment":[{"href":"https:\/\/mayantop.com\/fr\/wp-json\/wp\/v2\/media?parent=39386"}],"wp:term":[{"taxonomy":"product_brand","embeddable":true,"href":"https:\/\/mayantop.com\/fr\/wp-json\/wp\/v2\/product_brand?post=39386"},{"taxonomy":"product_cat","embeddable":true,"href":"https:\/\/mayantop.com\/fr\/wp-json\/wp\/v2\/product_cat?post=39386"},{"taxonomy":"product_tag","embeddable":true,"href":"https:\/\/mayantop.com\/fr\/wp-json\/wp\/v2\/product_tag?post=39386"},{"taxonomy":"giftcard-category","embeddable":true,"href":"https:\/\/mayantop.com\/fr\/wp-json\/wp\/v2\/giftcard-category?post=39386"}],"curies":[{"name":"wp","href":"https:\/\/api.w.org\/{rel}","templated":true}]}}