{"id":38478,"date":"2021-12-07T17:05:48","date_gmt":"2021-12-07T22:05:48","guid":{"rendered":"https:\/\/mayantop.com\/producto\/rape-snuff-macambo-5gr-a-100gr-theobroma-bicolor-ecorce-de-frene-naturelle-et-forte\/"},"modified":"2025-06-16T14:36:12","modified_gmt":"2025-06-16T19:36:12","slug":"rape-tabac-macambo-vente-theobroma-bicolor","status":"publish","type":"product","link":"https:\/\/mayantop.com\/fr\/produits\/rape-tabac-macambo-vente-theobroma-bicolor\/","title":{"rendered":"RAP\u00c9 TABAC - MACAMBO \/ 5gr \u00e0 100gr \/ - (Theobroma Bicolor) - Ecorce de Fr\u00eane Naturelle et Forte"},"content":{"rendered":"<h2>RAP\u00c9 TABAC MACAMBO - (Theobroma Bicolor) - \u00c9corce de fr\u00eane naturelle et forte<\/h2>\n<p>Tabac \u00e0 tabac Macambo<\/p>\n<p><strong>COMPOSITION<\/strong>: Tabaco, ceniza de las semillas del Macambo.<\/p>\n<p><strong>INTENSIT\u00c9 :<\/strong> Moyenne.<\/p>\n<p><strong>UTILISATION :<\/strong> augmente l&rsquo;\u00e9nergie et am\u00e9liore l&rsquo;humeur.<\/p>\n<p><strong>USAGES M\u00c9DICAUX :<\/strong> Il fait ressentir des \u00e9lans d&rsquo;amour, il donne du bonheur, il d\u00e9tend, il est tr\u00e8s apaisant. \u00ab\u00a0Rap\u00e9 tabac Macambo\u00a0\u00bb.<\/p>\n<p><strong>CANDIDATURE<\/strong><\/p>\n<p>Tabac \u00e0 tabac Macambo Placez l&rsquo;extr\u00e9mit\u00e9 courte de la pipe dans votre bouche et soufflez une fois rapidement et avec suffisamment de force pour d\u00e9poser la poudre de la pipe dans la cavit\u00e9 nasale. \u00ab\u00a0Rap\u00e9 tabac Macambo\u00a0\u00bb.<\/p>\n<h6><strong>Remarque :<\/strong><\/h6>\n<p>Les produits Mayantop sont obtenus et commercialis\u00e9s \u00e0 l&rsquo;\u00e9tat pur et d&rsquo;origine 100% naturelle aupr\u00e8s des communaut\u00e9s indig\u00e8nes. Ils ne contiennent aucun pesticide, produit chimique, herbicide ou autre substance artificielle.<\/p>\n<h6><strong>Avis de non-responsabilit\u00e9 :<\/strong><\/h6>\n<ul>\n<li>Les effets de ce produit sont confirm\u00e9s par l&rsquo;exp\u00e9rience empirique de la m\u00e9decine traditionnelle ancienne avec d&rsquo;excellents r\u00e9sultats. L&rsquo;absence d&rsquo;effets secondaires nocifs si la dose administr\u00e9e est correcte. Mais les informations identifi\u00e9es ici ne constituent en aucun cas une ordonnance ou une prescription.<\/li>\n<li>L&rsquo;utilisation de ces produits naturels ne remplace pas une consultation m\u00e9dicale.<\/li>\n<li>Tous les produits sont l\u00e9gaux dans notre pays d&rsquo;origine. Il incombe au client de v\u00e9rifier la l\u00e9galit\u00e9 de ces produits dans le pays de destination.<\/li>\n<li>Les d\u00e9clarations et les liens vers les sites web qu&rsquo;il contient n&rsquo;ont pas \u00e9t\u00e9 \u00e9valu\u00e9s par la FDA et les autorit\u00e9s internationales en mati\u00e8re d&rsquo;alimentation et de m\u00e9dicaments.<\/li>\n<li>Ne sont en aucun cas des all\u00e9gations m\u00e9dicales concernant la capacit\u00e9 ou l&rsquo;efficacit\u00e9 de l&rsquo;un de nos produits \u00e0 traiter, pr\u00e9venir ou att\u00e9nuer une maladie ou un malaise.<\/li>\n<li>L&rsquo;utilisation et l&rsquo;application de nos produits rel\u00e8vent de la seule responsabilit\u00e9 du client.<\/li>\n<\/ul>\n","protected":false},"excerpt":{"rendered":"<p>RAP\u00c9 TABAC MACAMBO - (Theobroma Bicolor) - \u00c9corce de fr\u00eane naturelle et forte Tabac \u00e0 tabac Macambo COMPOSITION: Tabaco, ceniza<\/p>\n","protected":false},"featured_media":19319,"comment_status":"open","ping_status":"closed","template":"","meta":{"_joinchat":[],"jetpack_publicize_message":"","jetpack_publicize_feature_enabled":true,"jetpack_social_post_already_shared":true,"jetpack_social_options":{"image_generator_settings":{"template":"highway","default_image_id":0,"font":"","enabled":false},"version":2}},"product_brand":[],"product_cat":[536,577],"product_tag":[],"giftcard-category":[],"class_list":{"0":"post-38478","1":"product","2":"type-product","3":"status-publish","4":"has-post-thumbnail","6":"product_cat-dhl-ou-fedex-new-arrivals","7":"product_cat-rape-a-vendre","8":"product_shipping_class-expedition-generale","10":"first","11":"instock","12":"sale","13":"taxable","14":"shipping-taxable","15":"purchasable","16":"product-type-variable"},"jetpack_publicize_connections":[],"jetpack-related-posts":[{"id":38526,"url":"https:\/\/mayantop.com\/fr\/produits\/rape-tabac-copoazu-theobroma-grandiflorum\/","url_meta":{"origin":38478,"position":0},"title":"RAP\u00c9 TABAC - COPOAZ\u00da \/ 5gr \u00e0 100gr \/ - (Theobroma Grandiflorum) - \u00c9corce de Fr\u00eane Naturelle et Forte","author":"Nicolas Rios","date":"7 d\u00e9cembre 2021","format":false,"excerpt":"RAP\u00c9 TABAC COPOAZU \u00e0 vendre (Theobroma Grandiflorum) Description du produit : RAPE TABAC COPOAZ\u00da est un m\u00e9lange unique de tabac \u00e0 priser fabriqu\u00e9 \u00e0 partir de graines de Theobroma grandiflorum, commun\u00e9ment appel\u00e9 Cupua\u00e7u. Ce tabac \u00e0 priser finement pulv\u00e9ris\u00e9 est r\u00e9put\u00e9 pour son ar\u00f4me particulier et ses effets th\u00e9rapeutiques potentiels.\u2026","rel":"","context":"Poste similaire","block_context":{"text":"Poste similaire","link":""},"img":{"alt_text":"Tabac \u00e0 priser Copoazu - RAP\u00c9 TABAC COPOAZU","src":"https:\/\/i0.wp.com\/mayantop.com\/wp-content\/uploads\/2021\/12\/Rape-06-2.jpg?resize=350%2C200&ssl=1","width":350,"height":200,"srcset":"https:\/\/i0.wp.com\/mayantop.com\/wp-content\/uploads\/2021\/12\/Rape-06-2.jpg?resize=350%2C200&ssl=1 1x, https:\/\/i0.wp.com\/mayantop.com\/wp-content\/uploads\/2021\/12\/Rape-06-2.jpg?resize=525%2C300&ssl=1 1.5x, https:\/\/i0.wp.com\/mayantop.com\/wp-content\/uploads\/2021\/12\/Rape-06-2.jpg?resize=700%2C400&ssl=1 2x"},"classes":[]},{"id":40350,"url":"https:\/\/mayantop.com\/fr\/produits\/rape-tabac-cacao-a-vente-theobroma-cacao\/","url_meta":{"origin":38478,"position":1},"title":"RAP\u00c9 TABAC - CACAO \/ 5gr \u00e0 100gr \/ - (Theobroma cacao) - Ecorce de fr\u00eane naturelle et forte","author":"Nicolas Rios","date":"7 d\u00e9cembre 2021","format":false,"excerpt":"RAP\u00c9 TABAC CACAO A VENDRE (Theobroma cacao) \u00a0 Description du produit : RAP\u00c9 TABAC CACAO est un tabac \u00e0 priser unique et aromatique fabriqu\u00e9 en Amazonie \u00e0 partir de poudre fine de Theobroma cacao, \u00e9galement connu sous le nom de cacaoyer. Ce tabac \u00e0 priser est profond\u00e9ment ancr\u00e9 dans les\u2026","rel":"","context":"Poste similaire","block_context":{"text":"Poste similaire","link":""},"img":{"alt_text":"Tabac de colza Cacao -RAP\u00c9 TABAC CACAO","src":"https:\/\/i0.wp.com\/mayantop.com\/wp-content\/uploads\/2021\/12\/Rape-07-4.jpg?resize=350%2C200&ssl=1","width":350,"height":200,"srcset":"https:\/\/i0.wp.com\/mayantop.com\/wp-content\/uploads\/2021\/12\/Rape-07-4.jpg?resize=350%2C200&ssl=1 1x, https:\/\/i0.wp.com\/mayantop.com\/wp-content\/uploads\/2021\/12\/Rape-07-4.jpg?resize=525%2C300&ssl=1 1.5x, https:\/\/i0.wp.com\/mayantop.com\/wp-content\/uploads\/2021\/12\/Rape-07-4.jpg?resize=700%2C400&ssl=1 2x"},"classes":[]},{"id":38391,"url":"https:\/\/mayantop.com\/fr\/produits\/rape-tabac-guaba-vente-inga-edulis-frene-ecorce\/","url_meta":{"origin":38478,"position":2},"title":"RAP\u00c9 TABAC - GUABA \/ 5gr \u00e0 100gr \/ - (Inga Edulis) - Ecorce de Fr\u00eane Naturelle et Forte","author":"Nicolas Rios","date":"7 d\u00e9cembre 2021","format":false,"excerpt":"RAP\u00c9 TABAC GUABA \u00c0 VENDRE (Inga Edulis) \u00a0 Description du produit : RAP\u00c9 TABAC GUABA est un tabac \u00e0 priser sacr\u00e9 connu pour son utilisation traditionnelle dans les cultures indig\u00e8nes d'Amazonie. Fabriqu\u00e9 \u00e0 partir des graines de la plante Inga Edulis, ce tabac \u00e0 priser finement pulv\u00e9ris\u00e9 est utilis\u00e9 depuis\u2026","rel":"","context":"Poste similaire","block_context":{"text":"Poste similaire","link":""},"img":{"alt_text":"Racine de tabac \u00e0 priser Guaba - RAP\u00c9 TABAC GUABA","src":"https:\/\/i0.wp.com\/mayantop.com\/wp-content\/uploads\/2021\/12\/Rape-06-1.jpg?resize=350%2C200&ssl=1","width":350,"height":200,"srcset":"https:\/\/i0.wp.com\/mayantop.com\/wp-content\/uploads\/2021\/12\/Rape-06-1.jpg?resize=350%2C200&ssl=1 1x, https:\/\/i0.wp.com\/mayantop.com\/wp-content\/uploads\/2021\/12\/Rape-06-1.jpg?resize=525%2C300&ssl=1 1.5x, https:\/\/i0.wp.com\/mayantop.com\/wp-content\/uploads\/2021\/12\/Rape-06-1.jpg?resize=700%2C400&ssl=1 2x"},"classes":[]},{"id":38626,"url":"https:\/\/mayantop.com\/fr\/produits\/rape-snuff-tabac-frene-plante-poudre-genesis\/","url_meta":{"origin":38478,"position":3},"title":"RAP\u00c9 SNUFF - TABAC + FR\u00caNE + POUDRE DE PLANTES \/ 5gr \u00e0 100gr \/ - Rap\u00e9 Genesis Base Mix","author":"Nicolas Rios","date":"7 d\u00e9cembre 2021","format":false,"excerpt":"RAP\u00c9 SNUFF TABAC FR\u00caNE \u00c0 VENDRE (Rap\u00e9 Genesis Base Mix) \u00a0 Description du produit : RAP\u00c9 SNUFF TABAC FR\u00caNE\u00a0est un m\u00e9lange unique et sacr\u00e9 de tabac \u00e0 priser cr\u00e9\u00e9 \u00e0 partir d'un m\u00e9lange de feuilles de tabac finement broy\u00e9es et de cendres, souvent issues d'arbres ou de plantes m\u00e9dicinales sp\u00e9cifiques.\u2026","rel":"","context":"Poste similaire","block_context":{"text":"Poste similaire","link":""},"img":{"alt_text":"Tabac \u00e0 priser Cendres de tabac + Poudre de plantes -RAP\u00c9 SNUFF TABAC FR\u00caNE","src":"https:\/\/i0.wp.com\/mayantop.com\/wp-content\/uploads\/2021\/12\/Rape-03-1.jpg?resize=350%2C200&ssl=1","width":350,"height":200,"srcset":"https:\/\/i0.wp.com\/mayantop.com\/wp-content\/uploads\/2021\/12\/Rape-03-1.jpg?resize=350%2C200&ssl=1 1x, https:\/\/i0.wp.com\/mayantop.com\/wp-content\/uploads\/2021\/12\/Rape-03-1.jpg?resize=525%2C300&ssl=1 1.5x, https:\/\/i0.wp.com\/mayantop.com\/wp-content\/uploads\/2021\/12\/Rape-03-1.jpg?resize=700%2C400&ssl=1 2x"},"classes":[]},{"id":40381,"url":"https:\/\/mayantop.com\/fr\/produits\/rape-tabac-capirona-calycophyllum-spruceanum\/","url_meta":{"origin":38478,"position":4},"title":"RAP\u00c9 TABAC - CAPIRONA \/ 5gr \u00e0 100gr \/ - (Calycophyllum Spruceanum) - \u00c9corce de fr\u00eane naturelle et forte","author":"Nicolas Rios","date":"7 d\u00e9cembre 2021","format":false,"excerpt":"RAP\u00c9 TABAC CAPIRONA \u00c0 VENDRE (Calycophyllum Spruceanum) \u00a0 Description du produit : RAP\u00c9 TABAC CAPIRONA est un tabac \u00e0 priser sacr\u00e9 fabriqu\u00e9 \u00e0 partir de l'\u00e9corce pulv\u00e9ris\u00e9e de l'arbre Calycophyllum Spruceanum, \u00e9galement connu sous le nom de Capirona. Originaire de la for\u00eat amazonienne, le Capirona est profond\u00e9ment enracin\u00e9 dans les\u2026","rel":"","context":"Poste similaire","block_context":{"text":"Poste similaire","link":""},"img":{"alt_text":"Tabac \u00e0 base de colza Capirona - RAP\u00c9 TABAC CAPIRONA","src":"https:\/\/i0.wp.com\/mayantop.com\/wp-content\/uploads\/2021\/12\/Rape-02-2.jpg?resize=350%2C200&ssl=1","width":350,"height":200,"srcset":"https:\/\/i0.wp.com\/mayantop.com\/wp-content\/uploads\/2021\/12\/Rape-02-2.jpg?resize=350%2C200&ssl=1 1x, https:\/\/i0.wp.com\/mayantop.com\/wp-content\/uploads\/2021\/12\/Rape-02-2.jpg?resize=525%2C300&ssl=1 1.5x, https:\/\/i0.wp.com\/mayantop.com\/wp-content\/uploads\/2021\/12\/Rape-02-2.jpg?resize=700%2C400&ssl=1 2x"},"classes":[]},{"id":38553,"url":"https:\/\/mayantop.com\/fr\/produits\/rape-tabac-dyooroxao-cumala-pashaca-forte\/","url_meta":{"origin":38478,"position":5},"title":"RAP\u00c9 TABAC - DYOOROXAO \/ 5gr \u00e0 100gr \/ - (Cumala + Pashaca) - Extrait de Fr\u00eane Fort et Mystique","author":"Nicolas Rios","date":"7 d\u00e9cembre 2021","format":false,"excerpt":"RAP\u00c9 TABAC DYOOROXAO A VENDRE (Cumala + Pashaca) \u00a0 Description du produit : RAP\u00c9 TABAC DYOOROXAO est un m\u00e9lange de tabac \u00e0 priser unique et sacr\u00e9, \u00e9labor\u00e9 \u00e0 partir d'une combinaison de Cumala et de Pashaca, deux ingr\u00e9dients botaniques puissants. Ce tabac \u00e0 priser finement pulv\u00e9ris\u00e9 est r\u00e9put\u00e9 pour ses\u2026","rel":"","context":"Poste similaire","block_context":{"text":"Poste similaire","link":""},"img":{"alt_text":"Tabac \u00e0 base de colza Dyooroxao - RAP\u00c9 TABAC DYOOROXAO","src":"https:\/\/i0.wp.com\/mayantop.com\/wp-content\/uploads\/2021\/12\/Rape-04-3.jpg?resize=350%2C200&ssl=1","width":350,"height":200,"srcset":"https:\/\/i0.wp.com\/mayantop.com\/wp-content\/uploads\/2021\/12\/Rape-04-3.jpg?resize=350%2C200&ssl=1 1x, https:\/\/i0.wp.com\/mayantop.com\/wp-content\/uploads\/2021\/12\/Rape-04-3.jpg?resize=525%2C300&ssl=1 1.5x, https:\/\/i0.wp.com\/mayantop.com\/wp-content\/uploads\/2021\/12\/Rape-04-3.jpg?resize=700%2C400&ssl=1 2x"},"classes":[]}],"jetpack_sharing_enabled":true,"_links":{"self":[{"href":"https:\/\/mayantop.com\/fr\/wp-json\/wp\/v2\/product\/38478","targetHints":{"allow":["GET"]}}],"collection":[{"href":"https:\/\/mayantop.com\/fr\/wp-json\/wp\/v2\/product"}],"about":[{"href":"https:\/\/mayantop.com\/fr\/wp-json\/wp\/v2\/types\/product"}],"replies":[{"embeddable":true,"href":"https:\/\/mayantop.com\/fr\/wp-json\/wp\/v2\/comments?post=38478"}],"version-history":[{"count":0,"href":"https:\/\/mayantop.com\/fr\/wp-json\/wp\/v2\/product\/38478\/revisions"}],"wp:featuredmedia":[{"embeddable":true,"href":"https:\/\/mayantop.com\/fr\/wp-json\/wp\/v2\/media\/19319"}],"wp:attachment":[{"href":"https:\/\/mayantop.com\/fr\/wp-json\/wp\/v2\/media?parent=38478"}],"wp:term":[{"taxonomy":"product_brand","embeddable":true,"href":"https:\/\/mayantop.com\/fr\/wp-json\/wp\/v2\/product_brand?post=38478"},{"taxonomy":"product_cat","embeddable":true,"href":"https:\/\/mayantop.com\/fr\/wp-json\/wp\/v2\/product_cat?post=38478"},{"taxonomy":"product_tag","embeddable":true,"href":"https:\/\/mayantop.com\/fr\/wp-json\/wp\/v2\/product_tag?post=38478"},{"taxonomy":"giftcard-category","embeddable":true,"href":"https:\/\/mayantop.com\/fr\/wp-json\/wp\/v2\/giftcard-category?post=38478"}],"curies":[{"name":"wp","href":"https:\/\/api.w.org\/{rel}","templated":true}]}}