{"id":36786,"date":"2021-12-07T17:03:55","date_gmt":"2021-12-07T22:03:55","guid":{"rendered":"https:\/\/mayantop.com\/producto\/eop-palo-rosa-huile-essentielle-tipuana-tipu\/"},"modified":"2025-06-16T14:29:48","modified_gmt":"2025-06-16T19:29:48","slug":"palo-rosa-huile-essentielle-tipuana-tipu","status":"publish","type":"product","link":"https:\/\/mayantop.com\/fr\/produits\/palo-rosa-huile-essentielle-tipuana-tipu\/","title":{"rendered":"EOP - PALO ROSA Huile Essentielle - (Tipuana tipu)"},"content":{"rendered":"<h2>Huile essentielle de PALO ROSA - (Tipuana tipu)  <strong> <\/strong><\/h2>\n<p>Le Palo Rosa est originaire de l&rsquo;Amazonie, les indig\u00e8nes de la r\u00e9gion connaissent ses propri\u00e9t\u00e9s curatives et r\u00e9g\u00e9n\u00e9ratrices de la peau. Elle est actuellement utilis\u00e9e dans l&rsquo;aromath\u00e9rapie moderne et tr\u00e8s appr\u00e9ci\u00e9e dans l&rsquo;industrie cosm\u00e9tique.<br \/>\nAujourd&rsquo;hui prot\u00e9g\u00e9e par la CITES, son utilisation est travaill\u00e9e de mani\u00e8re durable par EOP.<br \/>\nAr\u00f4me d\u00e9licat et floral avec des notes bois\u00e9es.<br \/>\nAyurveda : Augmente l&rsquo;\u00e9nergie du Vata.<\/p>\n<h6><strong>Remarque :<\/strong><\/h6>\n<p>Les produits Mayantop sont obtenus et commercialis\u00e9s \u00e0 l&rsquo;\u00e9tat pur et d&rsquo;origine 100% naturelle aupr\u00e8s des communaut\u00e9s indig\u00e8nes. Ils ne contiennent aucun pesticide, produit chimique, herbicide ou autre substance artificielle.<\/p>\n<h6><strong>Avis de non-responsabilit\u00e9 :<\/strong><\/h6>\n<ul>\n<li>Les effets de ce produit sont confirm\u00e9s par l&rsquo;exp\u00e9rience empirique de la m\u00e9decine traditionnelle ancienne avec d&rsquo;excellents r\u00e9sultats. L&rsquo;absence d&rsquo;effets secondaires nocifs si la dose administr\u00e9e est correcte. Mais les informations identifi\u00e9es ici ne constituent en aucun cas une ordonnance ou une prescription.<\/li>\n<li>L&rsquo;utilisation de ces produits naturels ne remplace pas une consultation m\u00e9dicale.<\/li>\n<li>Tous les produits sont l\u00e9gaux dans notre pays d&rsquo;origine. Il incombe au client de v\u00e9rifier la l\u00e9galit\u00e9 de ces produits dans le pays de destination.<\/li>\n<li>Les d\u00e9clarations et les liens vers les sites web qu&rsquo;il contient n&rsquo;ont pas \u00e9t\u00e9 \u00e9valu\u00e9s par la FDA et les autorit\u00e9s internationales en mati\u00e8re d&rsquo;alimentation et de m\u00e9dicaments.<\/li>\n<li>Ne sont en aucun cas des all\u00e9gations m\u00e9dicales concernant la capacit\u00e9 ou l&rsquo;efficacit\u00e9 de l&rsquo;un de nos produits \u00e0 traiter, pr\u00e9venir ou att\u00e9nuer une maladie ou un malaise.<\/li>\n<li>L&rsquo;utilisation et l&rsquo;application de nos produits rel\u00e8vent de la seule responsabilit\u00e9 du client.<\/li>\n<\/ul>\n","protected":false},"excerpt":{"rendered":"<p>Huile essentielle de PALO ROSA - (Tipuana tipu) Le Palo Rosa est originaire de l&rsquo;Amazonie, les indig\u00e8nes de la r\u00e9gion<\/p>\n","protected":false},"featured_media":17889,"comment_status":"open","ping_status":"closed","template":"","meta":{"_joinchat":[],"jetpack_publicize_message":"","jetpack_publicize_feature_enabled":true,"jetpack_social_post_already_shared":true,"jetpack_social_options":{"image_generator_settings":{"template":"highway","default_image_id":0,"font":"","enabled":false},"version":2}},"product_brand":[],"product_cat":[536,550],"product_tag":[],"giftcard-category":[],"class_list":{"0":"post-36786","1":"product","2":"type-product","3":"status-publish","4":"has-post-thumbnail","6":"product_cat-dhl-ou-fedex-new-arrivals","7":"product_cat-huiles-essences-a-vendre","8":"product_shipping_class-expedition-generale","10":"first","11":"instock","12":"sale","13":"taxable","14":"shipping-taxable","15":"purchasable","16":"product-type-simple"},"jetpack_publicize_connections":[],"jetpack-related-posts":[{"id":36753,"url":"https:\/\/mayantop.com\/fr\/produits\/palo-santo-huile-essentielle-bursera-graveolens\/","url_meta":{"origin":36786,"position":0},"title":"EOP - PALO SANTO Huile Essentielle - (Bursera graveolens)","author":"Nicolas Rios","date":"7 d\u00e9cembre 2021","format":false,"excerpt":"PALO SANTO Huile Essentielle - (Bursera graveolens) L'arbre de \"Palo Santo huile \" ou Palo Santo a une histoire ancestrale qui remonte aux cultures pr\u00e9-incas, traditionnellement utilis\u00e9e pour chasser les mauvaises ondes et comme \u00e9l\u00e9ment important dans les c\u00e9r\u00e9monies religieuses. Il am\u00e9liore l'humeur, prot\u00e8ge, purifie et cr\u00e9e un environnement harmonieux.\u2026","rel":"","context":"Poste similaire","block_context":{"text":"Poste similaire","link":""},"img":{"alt_text":"Huile de Palo Santo","src":"https:\/\/i0.wp.com\/mayantop.com\/wp-content\/uploads\/2021\/12\/Palo-Santo-Escencia-1000-X-1000-px.jpg?resize=350%2C200&ssl=1","width":350,"height":200,"srcset":"https:\/\/i0.wp.com\/mayantop.com\/wp-content\/uploads\/2021\/12\/Palo-Santo-Escencia-1000-X-1000-px.jpg?resize=350%2C200&ssl=1 1x, https:\/\/i0.wp.com\/mayantop.com\/wp-content\/uploads\/2021\/12\/Palo-Santo-Escencia-1000-X-1000-px.jpg?resize=525%2C300&ssl=1 1.5x, https:\/\/i0.wp.com\/mayantop.com\/wp-content\/uploads\/2021\/12\/Palo-Santo-Escencia-1000-X-1000-px.jpg?resize=700%2C400&ssl=1 2x"},"classes":[]},{"id":36845,"url":"https:\/\/mayantop.com\/es\/produits\/palo-rosa-en-esencia-de-aceite-tipuana-tipu\/","url_meta":{"origin":36786,"position":1},"title":"EOP - Aceite esencial de PALO ROSA - (Tipuana tipu)","author":"Nicolas Rios","date":"7 d\u00e9cembre 2021","format":false,"excerpt":"Aceite esencial de PALO ROSA - (Tipuana tipu) El Palo Rosa es originario del Amazonas, los nativos de la zona conocen sus propiedades curativas y regeneradoras de la piel. Actualmente se utiliza en la aromaterapia moderna y es muy apreciado en la industria cosm\u00e9tica. Hoy protegido por la CITES, su\u2026","rel":"","context":"Poste similaire","block_context":{"text":"Poste similaire","link":""},"img":{"alt_text":"Palo Rosa","src":"https:\/\/i0.wp.com\/mayantop.com\/wp-content\/uploads\/2021\/12\/Palo-Rosa-1000-X-1000-px.jpg?resize=350%2C200&ssl=1","width":350,"height":200,"srcset":"https:\/\/i0.wp.com\/mayantop.com\/wp-content\/uploads\/2021\/12\/Palo-Rosa-1000-X-1000-px.jpg?resize=350%2C200&ssl=1 1x, https:\/\/i0.wp.com\/mayantop.com\/wp-content\/uploads\/2021\/12\/Palo-Rosa-1000-X-1000-px.jpg?resize=525%2C300&ssl=1 1.5x, https:\/\/i0.wp.com\/mayantop.com\/wp-content\/uploads\/2021\/12\/Palo-Rosa-1000-X-1000-px.jpg?resize=700%2C400&ssl=1 2x"},"classes":[]},{"id":36910,"url":"https:\/\/mayantop.com\/fr\/produits\/inka-muna-huile-essentielle-minthostachys-mollis\/","url_meta":{"origin":36786,"position":2},"title":"EOP - INKA MU\u00d1A Huile Essentielle - (Minthostachys mollis)","author":"Nicolas Rios","date":"7 d\u00e9cembre 2021","format":false,"excerpt":"INKA MU\u00d1A Huile Essentielle - (Minthostachys mollis) Inka Mu\u00f1a Il produit une sensation de fra\u00eecheur qui revigore le corps et clarifie l'esprit sans provoquer de refroidissement. Rafra\u00eechit les environnements et \u00e9limine les mauvaises odeurs. Traditionnellement utilis\u00e9e comme digestif et contre le mal des montagnes (soroche), elle \u00e9tait une plante importante\u2026","rel":"","context":"Poste similaire","block_context":{"text":"Poste similaire","link":""},"img":{"alt_text":"inka mu\u00f1a","src":"https:\/\/i0.wp.com\/mayantop.com\/wp-content\/uploads\/2021\/12\/Muna-escencia-1000-X-1000-px.jpg?resize=350%2C200&ssl=1","width":350,"height":200,"srcset":"https:\/\/i0.wp.com\/mayantop.com\/wp-content\/uploads\/2021\/12\/Muna-escencia-1000-X-1000-px.jpg?resize=350%2C200&ssl=1 1x, https:\/\/i0.wp.com\/mayantop.com\/wp-content\/uploads\/2021\/12\/Muna-escencia-1000-X-1000-px.jpg?resize=525%2C300&ssl=1 1.5x, https:\/\/i0.wp.com\/mayantop.com\/wp-content\/uploads\/2021\/12\/Muna-escencia-1000-X-1000-px.jpg?resize=700%2C400&ssl=1 2x"},"classes":[]},{"id":36829,"url":"https:\/\/mayantop.com\/de\/produits\/palo-rosa-aetherisches-oel-tipuana-tipu\/","url_meta":{"origin":36786,"position":3},"title":"EOP - PALO ROSA \u00c4therisches \u00d6l - (Tipuana tipu)","author":"Nicolas Rios","date":"7 d\u00e9cembre 2021","format":false,"excerpt":"PALO ROSA \u00c4therisches \u00d6l - (Tipuana tipu) Palo Rosa stammt urspr\u00fcnglich aus dem Amazonasgebiet, die Eingeborenen kennen seine heilenden und regenerierenden Eigenschaften f\u00fcr die Haut. Er wird heute in der modernen Aromatherapie verwendet und in der Kosmetikindustrie sehr gesch\u00e4tzt. Heute ist er durch CITES gesch\u00fctzt, seine Verwendung wird von EOP\u2026","rel":"","context":"Poste similaire","block_context":{"text":"Poste similaire","link":""},"img":{"alt_text":"Palo Rosa","src":"https:\/\/i0.wp.com\/mayantop.com\/wp-content\/uploads\/2021\/12\/Palo-Rosa-1000-X-1000-px.jpg?resize=350%2C200&ssl=1","width":350,"height":200,"srcset":"https:\/\/i0.wp.com\/mayantop.com\/wp-content\/uploads\/2021\/12\/Palo-Rosa-1000-X-1000-px.jpg?resize=350%2C200&ssl=1 1x, https:\/\/i0.wp.com\/mayantop.com\/wp-content\/uploads\/2021\/12\/Palo-Rosa-1000-X-1000-px.jpg?resize=525%2C300&ssl=1 1.5x, https:\/\/i0.wp.com\/mayantop.com\/wp-content\/uploads\/2021\/12\/Palo-Rosa-1000-X-1000-px.jpg?resize=700%2C400&ssl=1 2x"},"classes":[]},{"id":39588,"url":"https:\/\/mayantop.com\/fr\/produits\/aguaje-huile-essentielle-mauritie-flexuosa\/","url_meta":{"origin":36786,"position":4},"title":"AGUAJE Huile Essentielle - (Mauritia Flexuosa) \/ 100% bio non dilu\u00e9e","author":"Nicolas Rios","date":"7 d\u00e9cembre 2021","format":false,"excerpt":"AGUAJE Huile Essentielle EN VENTE : Nourrir et revitaliser avec Mauritia Flexuosa Description du produit : L'AGUAJE Huile Essentielle, issue du fruit du palmier Mauritia Flexuosa, est un \u00e9lixir puissant et naturel. Cette huile, \u00e9galement connue sous le nom de burahem, peut \u00eatre d\u00e9crite comme un liquide riche, de couleur\u2026","rel":"","context":"Poste similaire","block_context":{"text":"Poste similaire","link":""},"img":{"alt_text":"AGUAJE Huile essentielle","src":"https:\/\/i0.wp.com\/mayantop.com\/wp-content\/uploads\/2021\/12\/Agiaje-1000-X-1000-px.jpg?resize=350%2C200&ssl=1","width":350,"height":200,"srcset":"https:\/\/i0.wp.com\/mayantop.com\/wp-content\/uploads\/2021\/12\/Agiaje-1000-X-1000-px.jpg?resize=350%2C200&ssl=1 1x, https:\/\/i0.wp.com\/mayantop.com\/wp-content\/uploads\/2021\/12\/Agiaje-1000-X-1000-px.jpg?resize=525%2C300&ssl=1 1.5x, https:\/\/i0.wp.com\/mayantop.com\/wp-content\/uploads\/2021\/12\/Agiaje-1000-X-1000-px.jpg?resize=700%2C400&ssl=1 2x"},"classes":[]},{"id":40665,"url":"https:\/\/mayantop.com\/fr\/produits\/oje-hoje-huile-essentielle-ficus-insipida\/","url_meta":{"origin":36786,"position":5},"title":"OJ\u00c9 * HOJ\u00c9 Huile Essentielle - (Ficus Insipida) \/ 100% pure non dilu\u00e9e","author":"Nicolas Rios","date":"7 d\u00e9cembre 2021","format":false,"excerpt":"OJ\u00c9 * HOJ\u00c9 Huile Essentielle : Le pouvoir de gu\u00e9rison du Ficus Insipida \u00a0 Description du produit D\u00e9couvrez les extraordinaires propri\u00e9t\u00e9s curatives de l'huile essentielle\u00a0 OJ\u00c9, un \u00e9lixir naturel d\u00e9riv\u00e9 de l'arbre v\u00e9n\u00e9r\u00e9 Ficus Insipida. Cette huile essentielle est un concentr\u00e9 d'\u00e9nergie holistique qui peut transformer votre bien-\u00eatre. Explorez les\u2026","rel":"","context":"Poste similaire","block_context":{"text":"Poste similaire","link":""},"img":{"alt_text":"oje hoje","src":"https:\/\/i0.wp.com\/mayantop.com\/wp-content\/uploads\/2021\/12\/oje-hoje.png?resize=350%2C200&ssl=1","width":350,"height":200,"srcset":"https:\/\/i0.wp.com\/mayantop.com\/wp-content\/uploads\/2021\/12\/oje-hoje.png?resize=350%2C200&ssl=1 1x, https:\/\/i0.wp.com\/mayantop.com\/wp-content\/uploads\/2021\/12\/oje-hoje.png?resize=525%2C300&ssl=1 1.5x, https:\/\/i0.wp.com\/mayantop.com\/wp-content\/uploads\/2021\/12\/oje-hoje.png?resize=700%2C400&ssl=1 2x"},"classes":[]}],"jetpack_sharing_enabled":true,"_links":{"self":[{"href":"https:\/\/mayantop.com\/fr\/wp-json\/wp\/v2\/product\/36786","targetHints":{"allow":["GET"]}}],"collection":[{"href":"https:\/\/mayantop.com\/fr\/wp-json\/wp\/v2\/product"}],"about":[{"href":"https:\/\/mayantop.com\/fr\/wp-json\/wp\/v2\/types\/product"}],"replies":[{"embeddable":true,"href":"https:\/\/mayantop.com\/fr\/wp-json\/wp\/v2\/comments?post=36786"}],"version-history":[{"count":1,"href":"https:\/\/mayantop.com\/fr\/wp-json\/wp\/v2\/product\/36786\/revisions"}],"predecessor-version":[{"id":56440,"href":"https:\/\/mayantop.com\/fr\/wp-json\/wp\/v2\/product\/36786\/revisions\/56440"}],"wp:featuredmedia":[{"embeddable":true,"href":"https:\/\/mayantop.com\/fr\/wp-json\/wp\/v2\/media\/17889"}],"wp:attachment":[{"href":"https:\/\/mayantop.com\/fr\/wp-json\/wp\/v2\/media?parent=36786"}],"wp:term":[{"taxonomy":"product_brand","embeddable":true,"href":"https:\/\/mayantop.com\/fr\/wp-json\/wp\/v2\/product_brand?post=36786"},{"taxonomy":"product_cat","embeddable":true,"href":"https:\/\/mayantop.com\/fr\/wp-json\/wp\/v2\/product_cat?post=36786"},{"taxonomy":"product_tag","embeddable":true,"href":"https:\/\/mayantop.com\/fr\/wp-json\/wp\/v2\/product_tag?post=36786"},{"taxonomy":"giftcard-category","embeddable":true,"href":"https:\/\/mayantop.com\/fr\/wp-json\/wp\/v2\/giftcard-category?post=36786"}],"curies":[{"name":"wp","href":"https:\/\/api.w.org\/{rel}","templated":true}]}}