{"id":36753,"date":"2021-12-07T17:03:56","date_gmt":"2021-12-07T22:03:56","guid":{"rendered":"https:\/\/mayantop.com\/producto\/eop-huile-essentielle-de-palo-santo-bursera-graveolens\/"},"modified":"2025-06-16T14:29:28","modified_gmt":"2025-06-16T19:29:28","slug":"palo-santo-huile-essentielle-bursera-graveolens","status":"publish","type":"product","link":"https:\/\/mayantop.com\/fr\/produits\/palo-santo-huile-essentielle-bursera-graveolens\/","title":{"rendered":"EOP - PALO SANTO Huile Essentielle - (Bursera graveolens)"},"content":{"rendered":"<h2><strong>PALO SANTO Huile Essentielle - (Bursera graveolens) <\/strong><\/h2>\n<p>L&rsquo;arbre de \u00ab\u00a0Palo Santo huile \u00a0\u00bb ou Palo Santo a une histoire ancestrale qui remonte aux cultures pr\u00e9-incas, traditionnellement utilis\u00e9e pour chasser les mauvaises ondes et comme \u00e9l\u00e9ment important dans les c\u00e9r\u00e9monies religieuses.<\/p>\n<p>Il am\u00e9liore l&rsquo;humeur, prot\u00e8ge, purifie et cr\u00e9e un environnement harmonieux. Palo Santo huile Il est recommand\u00e9 de l&rsquo;utiliser dans les cours de yoga ou de m\u00e9ditation.<\/p>\n<p>Ayurveda : \u00c9quilibre le vent et aide donc \u00e0 traiter les probl\u00e8mes caus\u00e9s par les doshas Vata et Kapha.<\/p>\n<h6><strong>Remarque :<\/strong><\/h6>\n<p>Les produits Mayantop sont obtenus et commercialis\u00e9s \u00e0 l&rsquo;\u00e9tat pur et d&rsquo;origine 100% naturelle aupr\u00e8s des communaut\u00e9s indig\u00e8nes. Ils ne contiennent aucun pesticide, produit chimique, herbicide ou autre substance artificielle.<\/p>\n<h6><strong>Avis de non-responsabilit\u00e9 :<\/strong><\/h6>\n<ul>\n<li>Les effets de ce produit sont confirm\u00e9s par l&rsquo;exp\u00e9rience empirique de la m\u00e9decine traditionnelle ancienne avec d&rsquo;excellents r\u00e9sultats. L&rsquo;absence d&rsquo;effets secondaires nocifs si la dose administr\u00e9e est correcte. Mais les informations identifi\u00e9es ici ne constituent en aucun cas une ordonnance ou une prescription.<\/li>\n<li>L&rsquo;utilisation de ces produits naturels ne remplace pas une consultation m\u00e9dicale.<\/li>\n<li>Tous les produits sont l\u00e9gaux dans notre pays d&rsquo;origine. Il incombe au client de v\u00e9rifier la l\u00e9galit\u00e9 de ces produits dans le pays de destination.<\/li>\n<li>Les d\u00e9clarations et les liens vers les sites web qu&rsquo;il contient n&rsquo;ont pas \u00e9t\u00e9 \u00e9valu\u00e9s par la FDA et les autorit\u00e9s internationales en mati\u00e8re d&rsquo;alimentation et de m\u00e9dicaments.<\/li>\n<li>Ne sont en aucun cas des all\u00e9gations m\u00e9dicales concernant la capacit\u00e9 ou l&rsquo;efficacit\u00e9 de l&rsquo;un de nos produits \u00e0 traiter, pr\u00e9venir ou att\u00e9nuer une maladie ou un malaise.<\/li>\n<li>L&rsquo;utilisation et l&rsquo;application de nos produits rel\u00e8vent de la seule responsabilit\u00e9 du client.<\/li>\n<\/ul>\n","protected":false},"excerpt":{"rendered":"<p>PALO SANTO Huile Essentielle - (Bursera graveolens) L&rsquo;arbre de \u00ab\u00a0Palo Santo huile \u00a0\u00bb ou Palo Santo a une histoire ancestrale<\/p>\n","protected":false},"featured_media":17801,"comment_status":"open","ping_status":"closed","template":"","meta":{"_joinchat":[],"jetpack_publicize_message":"","jetpack_publicize_feature_enabled":true,"jetpack_social_post_already_shared":true,"jetpack_social_options":{"image_generator_settings":{"template":"highway","default_image_id":0,"font":"","enabled":false},"version":2}},"product_brand":[],"product_cat":[536,550],"product_tag":[],"giftcard-category":[],"class_list":{"0":"post-36753","1":"product","2":"type-product","3":"status-publish","4":"has-post-thumbnail","6":"product_cat-dhl-ou-fedex-new-arrivals","7":"product_cat-huiles-essences-a-vendre","8":"product_shipping_class-expedition-generale","10":"first","11":"instock","12":"taxable","13":"shipping-taxable","14":"purchasable","15":"product-type-simple"},"jetpack_publicize_connections":[],"jetpack-related-posts":[{"id":40666,"url":"https:\/\/mayantop.com\/fr\/produits\/palo-santo-a-vendre-bursera-graveolens\/","url_meta":{"origin":36753,"position":0},"title":"PALO SANTO \/ 100gr - 1kg \/ - (Bursera Graveolens) - B\u00e2ton sacr\u00e9","author":"Nicolas Rios","date":"7 d\u00e9cembre 2021","format":false,"excerpt":"Palo Santo : Embrasser la tranquillit\u00e9 de Bursera Graveolens \u00a0 Description du produit Entrez dans un monde de s\u00e9r\u00e9nit\u00e9 avec le Palo Santo, un tr\u00e9sor parfum\u00e9 provenant de l'arbre mystique Bursera Graveolens. Ce bois sacr\u00e9 est appr\u00e9ci\u00e9 depuis des si\u00e8cles pour ses propri\u00e9t\u00e9s apaisantes et sa signification spirituelle. Palo Santo\u2026","rel":"","context":"Poste similaire","block_context":{"text":"Poste similaire","link":""},"img":{"alt_text":"Palo Santo","src":"https:\/\/i0.wp.com\/mayantop.com\/wp-content\/uploads\/2021\/12\/Palo-Santo-1000-X-1000-px.jpg?resize=350%2C200&ssl=1","width":350,"height":200,"srcset":"https:\/\/i0.wp.com\/mayantop.com\/wp-content\/uploads\/2021\/12\/Palo-Santo-1000-X-1000-px.jpg?resize=350%2C200&ssl=1 1x, https:\/\/i0.wp.com\/mayantop.com\/wp-content\/uploads\/2021\/12\/Palo-Santo-1000-X-1000-px.jpg?resize=525%2C300&ssl=1 1.5x, https:\/\/i0.wp.com\/mayantop.com\/wp-content\/uploads\/2021\/12\/Palo-Santo-1000-X-1000-px.jpg?resize=700%2C400&ssl=1 2x"},"classes":[]},{"id":36786,"url":"https:\/\/mayantop.com\/fr\/produits\/palo-rosa-huile-essentielle-tipuana-tipu\/","url_meta":{"origin":36753,"position":1},"title":"EOP - PALO ROSA Huile Essentielle - (Tipuana tipu)","author":"Nicolas Rios","date":"7 d\u00e9cembre 2021","format":false,"excerpt":"Huile essentielle de PALO ROSA - (Tipuana tipu) Le Palo Rosa est originaire de l'Amazonie, les indig\u00e8nes de la r\u00e9gion connaissent ses propri\u00e9t\u00e9s curatives et r\u00e9g\u00e9n\u00e9ratrices de la peau. Elle est actuellement utilis\u00e9e dans l'aromath\u00e9rapie moderne et tr\u00e8s appr\u00e9ci\u00e9e dans l'industrie cosm\u00e9tique. Aujourd'hui prot\u00e9g\u00e9e par la CITES, son utilisation est\u2026","rel":"","context":"Poste similaire","block_context":{"text":"Poste similaire","link":""},"img":{"alt_text":"Palo Rosa","src":"https:\/\/i0.wp.com\/mayantop.com\/wp-content\/uploads\/2021\/12\/Palo-Rosa-1000-X-1000-px.jpg?resize=350%2C200&ssl=1","width":350,"height":200,"srcset":"https:\/\/i0.wp.com\/mayantop.com\/wp-content\/uploads\/2021\/12\/Palo-Rosa-1000-X-1000-px.jpg?resize=350%2C200&ssl=1 1x, https:\/\/i0.wp.com\/mayantop.com\/wp-content\/uploads\/2021\/12\/Palo-Rosa-1000-X-1000-px.jpg?resize=525%2C300&ssl=1 1.5x, https:\/\/i0.wp.com\/mayantop.com\/wp-content\/uploads\/2021\/12\/Palo-Rosa-1000-X-1000-px.jpg?resize=700%2C400&ssl=1 2x"},"classes":[]},{"id":37598,"url":"https:\/\/mayantop.com\/fr\/produits\/kuripe-palo-santo-collier-pona-applicateur\/","url_meta":{"origin":36753,"position":2},"title":"COLLIER KURIPE PALO SANTO - Fabriqu\u00e9 \u00e0 la main avec de l&rsquo;Ayahuasca et du Pona, Article sp\u00e9cial pour l&rsquo;applicateur Rap\u00e9.","author":"Nicolas Rios","date":"7 d\u00e9cembre 2021","format":false,"excerpt":"COLLIER KURIPE PALO SANTO : Une Cr\u00e9ation Artisanale Unique d'Ayahuasca et Pona \u00a0 Description du produit Le collier Kuripe Palo Santo est une pi\u00e8ce unique qui allie le pouvoir spirituel du bois de Palo Santo, de la liane Ayahuasca et des graines de Pona pour cr\u00e9er un accessoire sacr\u00e9 et\u2026","rel":"","context":"Poste similaire","block_context":{"text":"Poste similaire","link":""},"img":{"alt_text":"KURIPE PALO SANTO","src":"https:\/\/i0.wp.com\/mayantop.com\/wp-content\/uploads\/2021\/12\/collar-kuripe-palo-santo-3.jpg?resize=350%2C200&ssl=1","width":350,"height":200,"srcset":"https:\/\/i0.wp.com\/mayantop.com\/wp-content\/uploads\/2021\/12\/collar-kuripe-palo-santo-3.jpg?resize=350%2C200&ssl=1 1x, https:\/\/i0.wp.com\/mayantop.com\/wp-content\/uploads\/2021\/12\/collar-kuripe-palo-santo-3.jpg?resize=525%2C300&ssl=1 1.5x, https:\/\/i0.wp.com\/mayantop.com\/wp-content\/uploads\/2021\/12\/collar-kuripe-palo-santo-3.jpg?resize=700%2C400&ssl=1 2x"},"classes":[]},{"id":39588,"url":"https:\/\/mayantop.com\/fr\/produits\/aguaje-huile-essentielle-mauritie-flexuosa\/","url_meta":{"origin":36753,"position":3},"title":"AGUAJE Huile Essentielle - (Mauritia Flexuosa) \/ 100% bio non dilu\u00e9e","author":"Nicolas Rios","date":"7 d\u00e9cembre 2021","format":false,"excerpt":"AGUAJE Huile Essentielle EN VENTE : Nourrir et revitaliser avec Mauritia Flexuosa Description du produit : L'AGUAJE Huile Essentielle, issue du fruit du palmier Mauritia Flexuosa, est un \u00e9lixir puissant et naturel. Cette huile, \u00e9galement connue sous le nom de burahem, peut \u00eatre d\u00e9crite comme un liquide riche, de couleur\u2026","rel":"","context":"Poste similaire","block_context":{"text":"Poste similaire","link":""},"img":{"alt_text":"AGUAJE Huile essentielle","src":"https:\/\/i0.wp.com\/mayantop.com\/wp-content\/uploads\/2021\/12\/Agiaje-1000-X-1000-px.jpg?resize=350%2C200&ssl=1","width":350,"height":200,"srcset":"https:\/\/i0.wp.com\/mayantop.com\/wp-content\/uploads\/2021\/12\/Agiaje-1000-X-1000-px.jpg?resize=350%2C200&ssl=1 1x, https:\/\/i0.wp.com\/mayantop.com\/wp-content\/uploads\/2021\/12\/Agiaje-1000-X-1000-px.jpg?resize=525%2C300&ssl=1 1.5x, https:\/\/i0.wp.com\/mayantop.com\/wp-content\/uploads\/2021\/12\/Agiaje-1000-X-1000-px.jpg?resize=700%2C400&ssl=1 2x"},"classes":[]},{"id":36910,"url":"https:\/\/mayantop.com\/fr\/produits\/inka-muna-huile-essentielle-minthostachys-mollis\/","url_meta":{"origin":36753,"position":4},"title":"EOP - INKA MU\u00d1A Huile Essentielle - (Minthostachys mollis)","author":"Nicolas Rios","date":"7 d\u00e9cembre 2021","format":false,"excerpt":"INKA MU\u00d1A Huile Essentielle - (Minthostachys mollis) Inka Mu\u00f1a Il produit une sensation de fra\u00eecheur qui revigore le corps et clarifie l'esprit sans provoquer de refroidissement. Rafra\u00eechit les environnements et \u00e9limine les mauvaises odeurs. Traditionnellement utilis\u00e9e comme digestif et contre le mal des montagnes (soroche), elle \u00e9tait une plante importante\u2026","rel":"","context":"Poste similaire","block_context":{"text":"Poste similaire","link":""},"img":{"alt_text":"inka mu\u00f1a","src":"https:\/\/i0.wp.com\/mayantop.com\/wp-content\/uploads\/2021\/12\/Muna-escencia-1000-X-1000-px.jpg?resize=350%2C200&ssl=1","width":350,"height":200,"srcset":"https:\/\/i0.wp.com\/mayantop.com\/wp-content\/uploads\/2021\/12\/Muna-escencia-1000-X-1000-px.jpg?resize=350%2C200&ssl=1 1x, https:\/\/i0.wp.com\/mayantop.com\/wp-content\/uploads\/2021\/12\/Muna-escencia-1000-X-1000-px.jpg?resize=525%2C300&ssl=1 1.5x, https:\/\/i0.wp.com\/mayantop.com\/wp-content\/uploads\/2021\/12\/Muna-escencia-1000-X-1000-px.jpg?resize=700%2C400&ssl=1 2x"},"classes":[]},{"id":39562,"url":"https:\/\/mayantop.com\/fr\/produits\/andiroba-huile-essentielle-carapa-guianensis\/","url_meta":{"origin":36753,"position":5},"title":"ANDIROBA Huile Essentielle - (Carapa Guianensis) \/ 100% Bio non dilu\u00e9e","author":"Nicolas Rios","date":"7 d\u00e9cembre 2021","format":false,"excerpt":"ANDIROBA Huile Essentielle EN VENTE : L'\u00e9lixir de gu\u00e9rison de la nature - Carapa Guianensis Description du produit : L'huile essentielle d'ANDIROBA est un \u00e9lixir pr\u00e9cieux issu des graines de l'arbre Carapa Guianensis. Cette huile est r\u00e9put\u00e9e pour ses multiples applications dans les rem\u00e8des naturels, les cosm\u00e9tiques et l'aromath\u00e9rapie. Son\u2026","rel":"","context":"Poste similaire","block_context":{"text":"Poste similaire","link":""},"img":{"alt_text":"Andiroba","src":"https:\/\/i0.wp.com\/mayantop.com\/wp-content\/uploads\/2021\/12\/Andiroba-1000-X-1000-px.jpg?resize=350%2C200&ssl=1","width":350,"height":200,"srcset":"https:\/\/i0.wp.com\/mayantop.com\/wp-content\/uploads\/2021\/12\/Andiroba-1000-X-1000-px.jpg?resize=350%2C200&ssl=1 1x, https:\/\/i0.wp.com\/mayantop.com\/wp-content\/uploads\/2021\/12\/Andiroba-1000-X-1000-px.jpg?resize=525%2C300&ssl=1 1.5x, https:\/\/i0.wp.com\/mayantop.com\/wp-content\/uploads\/2021\/12\/Andiroba-1000-X-1000-px.jpg?resize=700%2C400&ssl=1 2x"},"classes":[]}],"jetpack_sharing_enabled":true,"_links":{"self":[{"href":"https:\/\/mayantop.com\/fr\/wp-json\/wp\/v2\/product\/36753","targetHints":{"allow":["GET"]}}],"collection":[{"href":"https:\/\/mayantop.com\/fr\/wp-json\/wp\/v2\/product"}],"about":[{"href":"https:\/\/mayantop.com\/fr\/wp-json\/wp\/v2\/types\/product"}],"replies":[{"embeddable":true,"href":"https:\/\/mayantop.com\/fr\/wp-json\/wp\/v2\/comments?post=36753"}],"version-history":[{"count":0,"href":"https:\/\/mayantop.com\/fr\/wp-json\/wp\/v2\/product\/36753\/revisions"}],"wp:featuredmedia":[{"embeddable":true,"href":"https:\/\/mayantop.com\/fr\/wp-json\/wp\/v2\/media\/17801"}],"wp:attachment":[{"href":"https:\/\/mayantop.com\/fr\/wp-json\/wp\/v2\/media?parent=36753"}],"wp:term":[{"taxonomy":"product_brand","embeddable":true,"href":"https:\/\/mayantop.com\/fr\/wp-json\/wp\/v2\/product_brand?post=36753"},{"taxonomy":"product_cat","embeddable":true,"href":"https:\/\/mayantop.com\/fr\/wp-json\/wp\/v2\/product_cat?post=36753"},{"taxonomy":"product_tag","embeddable":true,"href":"https:\/\/mayantop.com\/fr\/wp-json\/wp\/v2\/product_tag?post=36753"},{"taxonomy":"giftcard-category","embeddable":true,"href":"https:\/\/mayantop.com\/fr\/wp-json\/wp\/v2\/giftcard-category?post=36753"}],"curies":[{"name":"wp","href":"https:\/\/api.w.org\/{rel}","templated":true}]}}