{"id":34100,"date":"2022-12-01T13:36:28","date_gmt":"2022-12-01T18:36:28","guid":{"rendered":"https:\/\/mayantop.com\/liste-de-souhaits-boutique-mayantop\/"},"modified":"2024-09-12T02:02:13","modified_gmt":"2024-09-12T07:02:13","slug":"liste-de-souhaits-mayantop","status":"publish","type":"page","link":"https:\/\/mayantop.com\/fr\/liste-de-souhaits-mayantop\/","title":{"rendered":"Liste de Souhaits | Mayantop Store"},"content":{"rendered":"\t\t<div data-elementor-type=\"wp-page\" data-elementor-id=\"34100\" class=\"elementor elementor-34100 elementor-118\" data-elementor-post-type=\"page\">\n\t\t\t\t\t\t<section data-particle_enable=\"false\" data-particle-mobile-disabled=\"false\" class=\"wd-negative-gap elementor-section elementor-top-section elementor-element elementor-element-f8863df elementor-section-boxed elementor-section-height-default elementor-section-height-default\" data-id=\"f8863df\" data-element_type=\"section\" data-e-type=\"section\">\n\t\t\t\t\t\t<div class=\"elementor-container elementor-column-gap-default\">\n\t\t\t\t\t<div class=\"elementor-column elementor-col-100 elementor-top-column elementor-element elementor-element-521f086\" data-id=\"521f086\" data-element_type=\"column\" data-e-type=\"column\">\n\t\t\t<div class=\"elementor-widget-wrap elementor-element-populated\">\n\t\t\t\t\t\t<div class=\"elementor-element elementor-element-e2ed285 elementor-widget elementor-widget-wd_wishlist\" data-id=\"e2ed285\" data-element_type=\"widget\" data-e-type=\"widget\" data-widget_type=\"wd_wishlist.default\">\n\t\t\t\t<div class=\"elementor-widget-container\">\n\t\t\t\t\t\t\t\n\t\t\n\n\t\t\t\t<div class=\"\" >\n\t\t\t\t\t\t<div class=\"wd-wishlist-content\">\n\t\t\t\t\t\t\t\t\t\t\t\n\t\t<p class=\"wd-empty-wishlist wd-empty-page\">\n\t\t\tThis wishlist is empty.\t\t<\/p>\n\n\t\t\t\t\t<div class=\"wd-empty-page-text\">\n\t\t\t\tYou don't have any products in the wishlist yet. <br> You will find a lot of interesting products on our \"Shop\" page.\t\t\t<\/div>\n\t\t\n\t\t\n\t\t\t\t\t<p class=\"return-to-shop\">\n\t\t\t\t<a class=\"button\" href=\"https:\/\/mayantop.com\/fr\/tous-les-produits\/\">\n\t\t\t\t\tRetourner \u00e0 la boutique\t\t\t\t<\/a>\n\t\t\t<\/p>\n\t\t\t\t\t\t\t\t\t\t\t<\/div>\n\t\t\t\t<\/div>\n\t\t\t\t\t\t<\/div>\n\t\t\t\t<\/div>\n\t\t\t\t\t<\/div>\n\t\t<\/div>\n\t\t\t\t\t<\/div>\n\t\t<\/section>\n\t\t<div data-particle_enable=\"false\" data-particle-mobile-disabled=\"false\" class=\"wd-negative-gap elementor-element elementor-element-631fbcd elementor-hidden-desktop elementor-hidden-tablet elementor-hidden-mobile e-flex e-con-boxed e-con e-parent\" data-id=\"631fbcd\" data-element_type=\"container\" data-e-type=\"container\">\n\t\t\t\t\t<div class=\"e-con-inner\">\n\t\t<div data-particle_enable=\"false\" data-particle-mobile-disabled=\"false\" class=\"elementor-element elementor-element-f835e0a e-con-full e-flex e-con e-child\" data-id=\"f835e0a\" data-element_type=\"container\" data-e-type=\"container\">\n\t\t\t\t<div class=\"elementor-element elementor-element-a1fff0f wd-width-100 elementor-widget elementor-widget-wd_title\" data-id=\"a1fff0f\" data-element_type=\"widget\" data-e-type=\"widget\" data-widget_type=\"wd_title.default\">\n\t\t\t\t<div class=\"elementor-widget-container\">\n\t\t\t\t\t\t\t<div class=\"title-wrapper wd-set-mb reset-last-child wd-title-color-default wd-title-style-default wd-title-size-default text-center\">\n\n\t\t\t\n\t\t\t<div class=\"liner-continer\">\n\t\t\t\t<h4 class=\"woodmart-title-container title wd-fontsize-l\">Liste de Souhaits<\/h4> \n\t\t\t\t\t\t\t<\/div>\n\n\t\t\t\t\t<\/div>\n\t\t\t\t\t\t<\/div>\n\t\t\t\t<\/div>\n\t\t\t\t<\/div>\n\t\t<div data-particle_enable=\"false\" data-particle-mobile-disabled=\"false\" class=\"elementor-element elementor-element-c8b539c e-con-full e-flex e-con e-child\" data-id=\"c8b539c\" data-element_type=\"container\" data-e-type=\"container\">\n\t\t\t\t<div class=\"elementor-element elementor-element-5b09df8 elementor-widget elementor-widget-wd_image_or_svg\" data-id=\"5b09df8\" data-element_type=\"widget\" data-e-type=\"widget\" data-widget_type=\"wd_image_or_svg.default\">\n\t\t\t\t<div class=\"elementor-widget-container\">\n\t\t\t\t\t\n\t\t<div class=\"wd-image text-left\">\n\t\t\t\t\t\t\t\t<img loading=\"lazy\" decoding=\"async\" width=\"700\" height=\"400\" src=\"https:\/\/mayantop.com\/wp-content\/uploads\/2024\/01\/salud-mental.jpg\" class=\"attachment-full size-full\" alt=\"Liste de Souhaits\" srcset=\"https:\/\/mayantop.com\/wp-content\/uploads\/2024\/01\/salud-mental.jpg 700w, https:\/\/mayantop.com\/wp-content\/uploads\/2024\/01\/salud-mental-150x86.jpg 150w, https:\/\/mayantop.com\/wp-content\/uploads\/2024\/01\/salud-mental-300x171.jpg 300w\" sizes=\"auto, (max-width: 700px) 100vw, 700px\" title=\"\">\t\t\t\t\t<\/div>\n\n\t\t\t\t\t\t<\/div>\n\t\t\t\t<\/div>\n\t\t\t\t<\/div>\n\t\t\t\t\t<\/div>\n\t\t\t\t<\/div>\n\t\t\t\t<\/div>\n\t\t","protected":false},"excerpt":{"rendered":"<p>My account Tableau de bord Commandes Gift Cards T\u00e9l\u00e9chargements Adresses D\u00e9tails du compte Wishlist Mes moyens de paiement Logout Fran\u00e7ais<\/p>\n","protected":false},"author":1,"featured_media":0,"parent":0,"menu_order":0,"comment_status":"closed","ping_status":"closed","template":"","meta":{"_joinchat":[],"footnotes":""},"class_list":["post-34100","page","type-page","status-publish","hentry"],"jetpack-related-posts":[{"id":34175,"url":"https:\/\/mayantop.com\/fr\/a-propos-de-nous-mayantop\/","url_meta":{"origin":34100,"position":0},"title":"A Propos de Nous | Mayantop Store","author":"Nicolas Rios","date":"23 ao\u00fbt 2021","format":false,"excerpt":"Home \u00c0 propos de nous - Mayantop Retour \u00e0 l'accueil \u00c0 propos de nous Mayantop D\u00e9couvrez l'essence de l'Amazonie avec Mayantop Bienvenue \u00e0 Mayantop, votre porte d'entr\u00e9e vers une exp\u00e9rience unique de commerce \u00e9lectronique profond\u00e9ment enracin\u00e9e dans la collaboration avec les tribus Kukama et Matses et leurs riches cultures. Mayantop\u2026","rel":"","context":"Poste similaire","block_context":{"text":"Poste similaire","link":""},"img":{"alt_text":"Collection Mayantop9","src":"https:\/\/i0.wp.com\/mayantop.com\/wp-content\/uploads\/2022\/04\/8ef696ae-rectangle-21.png?resize=350%2C200&ssl=1","width":350,"height":200},"classes":[]},{"id":34132,"url":"https:\/\/mayantop.com\/fr\/conditions-dutilisation-mayantop\/","url_meta":{"origin":34100,"position":1},"title":"Conditions D&rsquo;utilisation | Mayantop Store","author":"Nicolas Rios","date":"28 avril 2022","format":false,"excerpt":"Accueil Conditions d'utilisation - Mayantop Retour \u00e0 l'accueil Conditions d'utilisation de ce site web exploit\u00e9 par Mayantop. Sur l'ensemble du site, les termes \"nous\", \"notre\" et \"nos\" font r\u00e9f\u00e9rence \u00e0 Mayantop. This Mayantop propose ce site web, y compris toutes les informations, tous les outils et tous les services disponibles\u2026","rel":"","context":"Poste similaire","block_context":{"text":"Poste similaire","link":""},"img":{"alt_text":"Collection Mayantop9","src":"https:\/\/i0.wp.com\/mayantop.com\/wp-content\/uploads\/2022\/04\/8ef696ae-rectangle-21.png?resize=350%2C200&ssl=1","width":350,"height":200},"classes":[]},{"id":34152,"url":"https:\/\/mayantop.com\/fr\/politique-de-confidentialite-mayantop\/","url_meta":{"origin":34100,"position":2},"title":"Politique de Confidentialit\u00e9 | Mayantop Store","author":"Nicolas Rios","date":"28 avril 2022","format":false,"excerpt":"Accueil Politique de confidentialit\u00e9 | Mayantop Retour \u00e0 l'accueil La politique de confidentialit\u00e9 d\u00e9crit la mani\u00e8re dont Mayantop.com (le \"site\" ou \"nous\") recueille, utilise et divulgue vos informations personnelles lorsque vous visitez ou effectuez un achat sur le site. Collecte d'informations personnelles Lorsque vous visitez le site, nous recueillons certaines\u2026","rel":"","context":"Poste similaire","block_context":{"text":"Poste similaire","link":""},"img":{"alt_text":"Collection Mayantop9","src":"https:\/\/i0.wp.com\/mayantop.com\/wp-content\/uploads\/2022\/04\/8ef696ae-rectangle-21.png?resize=350%2C200&ssl=1","width":350,"height":200},"classes":[]},{"id":34149,"url":"https:\/\/mayantop.com\/es\/politica-de-envios-mayantop\/","url_meta":{"origin":34100,"position":3},"title":"Pol\u00edtica de Env\u00edos | Mayantop Store","author":"Nicolas Rios","date":"28 avril 2022","format":false,"excerpt":"Home Pol\u00edtica de env\u00edos - Mayantop Volver al inicio Mayantop: Tu puerta de acceso a la cultura ind\u00edgena con env\u00edos sin problemas Mayantop no es una plataforma de comercio electr\u00f3nico cualquiera; somos una pasarela cultural que colabora con orgullo con las tribus ocaina y kapanawa. Nuestra misi\u00f3n es compartir con\u2026","rel":"","context":"Poste similaire","block_context":{"text":"Poste similaire","link":""},"img":{"alt_text":"Collection Mayantop9","src":"https:\/\/i0.wp.com\/mayantop.com\/wp-content\/uploads\/2022\/04\/8ef696ae-rectangle-21.png?resize=350%2C200&ssl=1","width":350,"height":200},"classes":[]},{"id":34248,"url":"https:\/\/mayantop.com\/fr\/critiques-mayantop\/","url_meta":{"origin":34100,"position":4},"title":"Critiques | Mayantop Store","author":"Nicolas Rios","date":"6 novembre 2023","format":false,"excerpt":"Home Critiques - Mayantop Retour \u00e0 l'accueil Commentaires Critiques cliquez Ici vous trouverez comment faire des critiques v\u00e9rifi\u00e9es de vos commandes et ainsi savoir ce que nos clients pensent. Exprimez votre opinion sur la fa\u00e7on dont nos produits changent votre vie ! \u00c0 propos de nous Mayantop D\u00e9couvrez l'essence de\u2026","rel":"","context":"Poste similaire","block_context":{"text":"Poste similaire","link":""},"img":{"alt_text":"","src":"https:\/\/i0.wp.com\/mayantop.com\/wp-content\/uploads\/2022\/04\/8ef696ae-rectangle-21.png?resize=350%2C200&ssl=1","width":350,"height":200},"classes":[]},{"id":34158,"url":"https:\/\/mayantop.com\/fr\/suivi-du-colis-mayantop\/","url_meta":{"origin":34100,"position":5},"title":"Suivi du Colis | Mayantop Store","author":"Nicolas Rios","date":"3 novembre 2023","format":false,"excerpt":"Startseite Suivi du colis - Mayantop Retour \u00e0 l'accueil Suivi du colis Vous trouverez ici comment suivre votre colis et ainsi conna\u00eetre l'acheminement de votre commande. Obtenir des mises \u00e0 jour en temps r\u00e9el. Suivez votre colis en toute s\u00e9curit\u00e9 ! PISTE \u00a0 Notre collection pr\u00e9f\u00e9r\u00e9e \u00c0 propos de nous\u2026","rel":"","context":"Poste similaire","block_context":{"text":"Poste similaire","link":""},"img":{"alt_text":"","src":"https:\/\/i0.wp.com\/mayantop.com\/wp-content\/uploads\/2022\/04\/8ef696ae-rectangle-21.png?resize=350%2C200&ssl=1","width":350,"height":200},"classes":[]}],"jetpack_sharing_enabled":true,"_links":{"self":[{"href":"https:\/\/mayantop.com\/fr\/wp-json\/wp\/v2\/pages\/34100","targetHints":{"allow":["GET"]}}],"collection":[{"href":"https:\/\/mayantop.com\/fr\/wp-json\/wp\/v2\/pages"}],"about":[{"href":"https:\/\/mayantop.com\/fr\/wp-json\/wp\/v2\/types\/page"}],"author":[{"embeddable":true,"href":"https:\/\/mayantop.com\/fr\/wp-json\/wp\/v2\/users\/1"}],"replies":[{"embeddable":true,"href":"https:\/\/mayantop.com\/fr\/wp-json\/wp\/v2\/comments?post=34100"}],"version-history":[{"count":0,"href":"https:\/\/mayantop.com\/fr\/wp-json\/wp\/v2\/pages\/34100\/revisions"}],"wp:attachment":[{"href":"https:\/\/mayantop.com\/fr\/wp-json\/wp\/v2\/media?parent=34100"}],"curies":[{"name":"wp","href":"https:\/\/api.w.org\/{rel}","templated":true}]}}