{"id":40815,"date":"2021-12-07T17:05:07","date_gmt":"2021-12-07T22:05:07","guid":{"rendered":"https:\/\/mayantop.com\/producto\/mucuna-en-polvo-200gr-a-2kg-mucuna-pruriens-hierbas-en-polvo-100-natural-semillas\/"},"modified":"2025-06-16T14:58:21","modified_gmt":"2025-06-16T19:58:21","slug":"mucuna-en-polvo-en-venta-semillas-de-mucuna-pruriens","status":"publish","type":"product","link":"https:\/\/mayantop.com\/es\/productos\/mucuna-en-polvo-en-venta-semillas-de-mucuna-pruriens\/","title":{"rendered":"MUCUNA EN POLVO \/ 200gr a 2kg - (Mucuna Pruriens) - Hierbas en Polvo 100% Natural SEMILLAS"},"content":{"rendered":"<h2>MUCUNA EN POLVO- (Mucuna Pruriens) - Hierbas en Polvo 100% Natural SEMILLAS<\/h2>\n<p>La mucuna es una planta utilizada en diferentes enfermedades y se emplea habitualmente como agente carminativo, hipotensor e hipoglucemiante. Esta Mucuna es muy eficaz en el tratamiento de la enfermedad de Parkinson. Se ha demostrado que aumenta los niveles de testosterona, favorece el dep\u00f3sito de prote\u00ednas en los m\u00fasculos y aumenta la masa muscular y la fuerza. Las semillas, las ra\u00edces y las cerdas de sus vainas tienen un gran valor medicinal. Es el ingrediente m\u00e1s utilizado en muchos remedios contra la impotencia y para aumentar la vitalidad sexual.<\/p>\n<h6><strong>Nota:<\/strong><\/h6>\n<p>Los productos Mayantop son obtenidos y comercializados en estado puro y de origen 100% natural a comunidades nativas. No contienen ning\u00fan tipo de pesticida, qu\u00edmico, herbicida ni ninguna otra sustancia que sea artificial.<\/p>\n<h6><strong>Descargo de responsabilidad:<\/strong><\/h6>\n<ul>\n<li>Estos efectos de este producto est\u00e1n respaldados por la experiencia emp\u00edrica de la medicina tradicional milenaria con excelentes resultados. La ausencia de efectos secundarios nocivos si se administra en la dosis correcta. Pero la informaci\u00f3n identificada aqu\u00ed no es de ninguna manera una ordenanza o prescripci\u00f3n.<\/li>\n<li>El uso de estos productos naturales no sustituye a una consulta m\u00e9dica.<\/li>\n<li>Todos los productos son legales en nuestro pa\u00eds de origen, es responsabilidad del cliente investigar la legalidad del mismo en el pa\u00eds de destino.<\/li>\n<li>Las declaraciones y enlaces a sitios web que contiene no han sido evaluados por la FDA ni por las autoridades internacionales de alimentos y medicamentos.<\/li>\n<li>De ninguna manera implican afirmaciones m\u00e9dicas sobre la capacidad o eficacia de cualquiera de nuestros productos para tratar, prevenir o mitigar cualquier enfermedad o dolencia.<\/li>\n<li>El uso y la aplicaci\u00f3n de nuestros productos son responsabilidad exclusiva del cliente.<\/li>\n<\/ul>\n","protected":false},"excerpt":{"rendered":"<p>MUCUNA EN POLVO- (Mucuna Pruriens) - Hierbas en Polvo 100% Natural SEMILLAS La mucuna es una planta utilizada en diferentes<\/p>\n","protected":false},"featured_media":22892,"comment_status":"open","ping_status":"closed","template":"","meta":{"_joinchat":[],"jetpack_publicize_message":"","jetpack_publicize_feature_enabled":true,"jetpack_social_post_already_shared":true,"jetpack_social_options":{"image_generator_settings":{"template":"highway","default_image_id":0,"font":"","enabled":false},"version":2}},"product_brand":[],"product_cat":[544,543],"product_tag":[],"giftcard-category":[],"class_list":{"0":"post-40815","1":"product","2":"type-product","3":"status-publish","4":"has-post-thumbnail","6":"product_cat-dhl-o-fedex","7":"product_cat-hierbas-exoticas-venta","8":"product_shipping_class-envios-generales","10":"first","11":"instock","12":"sale","13":"taxable","14":"shipping-taxable","15":"purchasable","16":"product-type-variable"},"jetpack_publicize_connections":[],"jetpack-related-posts":[{"id":39433,"url":"https:\/\/mayantop.com\/es\/productos\/ayahuma-en-polovo-couroupita-guianensis\/","url_meta":{"origin":40815,"position":0},"title":"AYAHUMA EN POLVO \/ 200gr a 2kg - (Couroupita Guianensis) - Hierbas en Polvo 100% Natural FRUTA","author":"Nicolas Rios","date":"7 de diciembre de 2021","format":false,"excerpt":"AYAHUMA EN POLVO EN VENTA: Una maravilla natural para el bienestar Descripci\u00f3n del Producto: El POLVO DE AYAHUMA es un extraordinario producto a base de plantas derivado de las semillas del \u00e1rbol de Ayahuma(Couroupita guianensis). Este polvo finamente molido encierra la potencia natural de la Ayahuma, un \u00e1rbol venerado por\u2026","rel":"","context":"Puesto similar","block_context":{"text":"Puesto similar","link":""},"img":{"alt_text":"ayahuma","src":"https:\/\/i0.wp.com\/mayantop.com\/wp-content\/uploads\/2021\/12\/POLVO-13.jpg?resize=350%2C200&ssl=1","width":350,"height":200,"srcset":"https:\/\/i0.wp.com\/mayantop.com\/wp-content\/uploads\/2021\/12\/POLVO-13.jpg?resize=350%2C200&ssl=1 1x, https:\/\/i0.wp.com\/mayantop.com\/wp-content\/uploads\/2021\/12\/POLVO-13.jpg?resize=525%2C300&ssl=1 1.5x, https:\/\/i0.wp.com\/mayantop.com\/wp-content\/uploads\/2021\/12\/POLVO-13.jpg?resize=700%2C400&ssl=1 2x"},"classes":[]},{"id":39852,"url":"https:\/\/mayantop.com\/es\/productos\/casho-en-polvo-anacardium-occidentale\/","url_meta":{"origin":40815,"position":1},"title":"CASHO o MARA\u00d1ON EN POLVO \/ 200gr a 2kg - (Anacardium Occidentale) - Hierbas en Polvo 100% Natural","author":"Nicolas Rios","date":"7 de diciembre de 2021","format":false,"excerpt":"VENTA DE POLVO DE CASHO o MARA\u00d1\u00d3N (Anacardium Occidentale): Un tesoro de la naturaleza rico en nutrientes Descripci\u00f3n del Producto: Descubra la riqueza natural del anacardo con nuestro POLVO DE CASHO o MARA\u00d1\u00d3N. Este extraordinario polvo se obtiene de las semillas del \u00e1rbol Anacardium Occidentale, tambi\u00e9n conocido como anacardo o\u2026","rel":"","context":"Puesto similar","block_context":{"text":"Puesto similar","link":""},"img":{"alt_text":"CASHO","src":"https:\/\/i0.wp.com\/mayantop.com\/wp-content\/uploads\/2021\/12\/POLVO-01.jpg?resize=350%2C200&ssl=1","width":350,"height":200,"srcset":"https:\/\/i0.wp.com\/mayantop.com\/wp-content\/uploads\/2021\/12\/POLVO-01.jpg?resize=350%2C200&ssl=1 1x, https:\/\/i0.wp.com\/mayantop.com\/wp-content\/uploads\/2021\/12\/POLVO-01.jpg?resize=525%2C300&ssl=1 1.5x, https:\/\/i0.wp.com\/mayantop.com\/wp-content\/uploads\/2021\/12\/POLVO-01.jpg?resize=700%2C400&ssl=1 2x"},"classes":[]},{"id":39504,"url":"https:\/\/mayantop.com\/es\/productos\/achiote-en-polvo-en-venta-bixa-orellana-hierbas\/","url_meta":{"origin":40815,"position":2},"title":"ACHIOTE EN POLVO \/ 200gr a 2kg - (Bixa Orellana) - Hierbas en Polvo 100% Natural HOJAS","author":"Nicolas Rios","date":"7 de diciembre de 2021","format":false,"excerpt":"ACHIOTE EN POLVO EN VENTA: Explorando la versatilidad de Bixa Orellana Descripci\u00f3n del Producto: El ACHIOTE EN POLVO es un polvo fino de color naranja rojizo que se obtiene de las semillas de la Bixa Orellana, un arbusto tropical originario de Am\u00e9rica Central y del Sur. Tambi\u00e9n conocida como achiote,\u2026","rel":"","context":"Puesto similar","block_context":{"text":"Puesto similar","link":""},"img":{"alt_text":"ACHIOTE","src":"https:\/\/i0.wp.com\/mayantop.com\/wp-content\/uploads\/2021\/12\/POLVO-9.jpg?resize=350%2C200&ssl=1","width":350,"height":200,"srcset":"https:\/\/i0.wp.com\/mayantop.com\/wp-content\/uploads\/2021\/12\/POLVO-9.jpg?resize=350%2C200&ssl=1 1x, https:\/\/i0.wp.com\/mayantop.com\/wp-content\/uploads\/2021\/12\/POLVO-9.jpg?resize=525%2C300&ssl=1 1.5x, https:\/\/i0.wp.com\/mayantop.com\/wp-content\/uploads\/2021\/12\/POLVO-9.jpg?resize=700%2C400&ssl=1 2x"},"classes":[]},{"id":40540,"url":"https:\/\/mayantop.com\/es\/productos\/pinon-blanco-en-polvo-en-venta-jatropha-curcas\/","url_meta":{"origin":40815,"position":3},"title":"PI\u00d1ON BLANCO EN POLVO \/ 200gr a 2kg - (Jatropha Curcas) - Hierbas en Polvo 100% Natural Hojas y Corteza","author":"Nicolas Rios","date":"7 de diciembre de 2021","format":false,"excerpt":"PI\u00d1\u00d3N BLANCO EN POLVO ( JATROPHA CURCAS) Descripci\u00f3n del Producto: PI\u00d1ON BLANCO, conocido cient\u00edficamente como Jatropha Curcas, es una planta vers\u00e1til y valiosa con una amplia gama de aplicaciones. Este arbusto de hoja perenne o \u00e1rbol peque\u00f1o es originario de Am\u00e9rica Central, pero se ha extendido a diversas regiones tropicales\u2026","rel":"","context":"Puesto similar","block_context":{"text":"Puesto similar","link":""},"img":{"alt_text":"Pi\u00f1\u00f3n Blanco","src":"https:\/\/i0.wp.com\/mayantop.com\/wp-content\/uploads\/2021\/12\/POLVO-02-2.jpg?resize=350%2C200&ssl=1","width":350,"height":200,"srcset":"https:\/\/i0.wp.com\/mayantop.com\/wp-content\/uploads\/2021\/12\/POLVO-02-2.jpg?resize=350%2C200&ssl=1 1x, https:\/\/i0.wp.com\/mayantop.com\/wp-content\/uploads\/2021\/12\/POLVO-02-2.jpg?resize=525%2C300&ssl=1 1.5x, https:\/\/i0.wp.com\/mayantop.com\/wp-content\/uploads\/2021\/12\/POLVO-02-2.jpg?resize=700%2C400&ssl=1 2x"},"classes":[]},{"id":37436,"url":"https:\/\/mayantop.com\/es\/productos\/lupuna-en-polvo-chorisia-integrifolia-corteza\/","url_meta":{"origin":40815,"position":4},"title":"LUPUNA EN POLVO \/ 200gr a 2kg - (Chorisia Integrifolia) - Hierbas en Polvo 100% Natural BARK","author":"Nicolas Rios","date":"7 de diciembre de 2021","format":false,"excerpt":"POLVO DE LUPUNA: El secreto de la naturaleza para el bienestar \u00a0 Descripci\u00f3n del producto La lupuna en polvo, derivada de las semillas del \u00e1rbol Chorisia Integrifolia, es una joya oculta en el mundo de los superalimentos. Originario de la selva amaz\u00f3nica, este polvo \u00fanico ha sido utilizado durante siglos\u2026","rel":"","context":"Puesto similar","block_context":{"text":"Puesto similar","link":""},"img":{"alt_text":"Lupuna","src":"https:\/\/i0.wp.com\/mayantop.com\/wp-content\/uploads\/2021\/12\/POLVO-09-1.jpg?resize=350%2C200&ssl=1","width":350,"height":200,"srcset":"https:\/\/i0.wp.com\/mayantop.com\/wp-content\/uploads\/2021\/12\/POLVO-09-1.jpg?resize=350%2C200&ssl=1 1x, https:\/\/i0.wp.com\/mayantop.com\/wp-content\/uploads\/2021\/12\/POLVO-09-1.jpg?resize=525%2C300&ssl=1 1.5x, https:\/\/i0.wp.com\/mayantop.com\/wp-content\/uploads\/2021\/12\/POLVO-09-1.jpg?resize=700%2C400&ssl=1 2x"},"classes":[]},{"id":37098,"url":"https:\/\/mayantop.com\/es\/productos\/huasai-en-polvo-para-venta-euterpe-oleracea\/","url_meta":{"origin":40815,"position":5},"title":"HUASAI EN POLVO \/ 200gr a 2kg - (Euterpe Oleracea) - Hierbas en Polvo 100% Ra\u00edz Natural","author":"Nicolas Rios","date":"7 de diciembre de 2021","format":false,"excerpt":"Huasai en Polvo: El Superalimento Euterpe Oleracea \u00a0 Descripci\u00f3n del producto El Polvo de Huasai es un potente nutriente derivado de la palmera Euterpe oleracea, com\u00fanmente conocida como palmera de acai. Esta fruta de color p\u00farpura oscuro es originaria de la selva amaz\u00f3nica y se ha ganado el reconocimiento mundial\u2026","rel":"","context":"Puesto similar","block_context":{"text":"Puesto similar","link":""},"img":{"alt_text":"huasai","src":"https:\/\/i0.wp.com\/mayantop.com\/wp-content\/uploads\/2021\/12\/POLVO-06.jpg?resize=350%2C200&ssl=1","width":350,"height":200,"srcset":"https:\/\/i0.wp.com\/mayantop.com\/wp-content\/uploads\/2021\/12\/POLVO-06.jpg?resize=350%2C200&ssl=1 1x, https:\/\/i0.wp.com\/mayantop.com\/wp-content\/uploads\/2021\/12\/POLVO-06.jpg?resize=525%2C300&ssl=1 1.5x, https:\/\/i0.wp.com\/mayantop.com\/wp-content\/uploads\/2021\/12\/POLVO-06.jpg?resize=700%2C400&ssl=1 2x"},"classes":[]}],"jetpack_sharing_enabled":true,"_links":{"self":[{"href":"https:\/\/mayantop.com\/es\/wp-json\/wp\/v2\/product\/40815","targetHints":{"allow":["GET"]}}],"collection":[{"href":"https:\/\/mayantop.com\/es\/wp-json\/wp\/v2\/product"}],"about":[{"href":"https:\/\/mayantop.com\/es\/wp-json\/wp\/v2\/types\/product"}],"replies":[{"embeddable":true,"href":"https:\/\/mayantop.com\/es\/wp-json\/wp\/v2\/comments?post=40815"}],"version-history":[{"count":0,"href":"https:\/\/mayantop.com\/es\/wp-json\/wp\/v2\/product\/40815\/revisions"}],"wp:featuredmedia":[{"embeddable":true,"href":"https:\/\/mayantop.com\/es\/wp-json\/wp\/v2\/media\/22892"}],"wp:attachment":[{"href":"https:\/\/mayantop.com\/es\/wp-json\/wp\/v2\/media?parent=40815"}],"wp:term":[{"taxonomy":"product_brand","embeddable":true,"href":"https:\/\/mayantop.com\/es\/wp-json\/wp\/v2\/product_brand?post=40815"},{"taxonomy":"product_cat","embeddable":true,"href":"https:\/\/mayantop.com\/es\/wp-json\/wp\/v2\/product_cat?post=40815"},{"taxonomy":"product_tag","embeddable":true,"href":"https:\/\/mayantop.com\/es\/wp-json\/wp\/v2\/product_tag?post=40815"},{"taxonomy":"giftcard-category","embeddable":true,"href":"https:\/\/mayantop.com\/es\/wp-json\/wp\/v2\/giftcard-category?post=40815"}],"curies":[{"name":"wp","href":"https:\/\/api.w.org\/{rel}","templated":true}]}}