{"id":40169,"date":"2021-12-07T17:03:35","date_gmt":"2021-12-07T22:03:35","guid":{"rendered":"https:\/\/mayantop.com\/producto\/hoja-de-coca-30gr-a-2kg-erythroxylum-coca-polvo-te-de-coca\/"},"modified":"2025-07-11T20:49:24","modified_gmt":"2025-07-12T01:49:24","slug":"comprar-te-de-hoja-de-coca-erythroxylum-en-polvo","status":"publish","type":"product","link":"https:\/\/mayantop.com\/es\/productos\/comprar-te-de-hoja-de-coca-erythroxylum-en-polvo\/","title":{"rendered":"HOJA DE COCA \/ 30gr a 2kg \/ - (Erythroxylum coca) Polvo - T\u00e9 de Coca"},"content":{"rendered":"<h2>Hoja de Coca (Erythroxylum Coca) - Polvo - T\u00e9 de Coca<\/h2>\n<p>La coca en polvo contiene hasta 2 g de calcio por cada 100 g, lo que constituye una excelente fuente de mineral, y ayuda en casos de descalcificaci\u00f3n. Tambi\u00e9n facilita la oxigenaci\u00f3n en zonas muy carentes de ox\u00edgeno, por lo que se dice que ayuda en el mal de altura. Contiene una serie de amino\u00e1cidos muy importantes para la s\u00edntesis de prote\u00ednas, que ayudan a nuestro organismo a estar m\u00e1s sano. Se han realizado estudios que demuestran que esta planta natural tiene capacidad para tratar la depresi\u00f3n y estimular la energ\u00eda f\u00edsica y mental. Sin embargo, debe tomarse en dosis seguras para disfrutar al m\u00e1ximo de sus poderes curativos.<\/p>\n<h6><strong>Nota:<\/strong><\/h6>\n<p>Los productos Mayantop son obtenidos y comercializados en estado puro y de origen 100% natural a comunidades nativas. No contienen ning\u00fan tipo de pesticida, qu\u00edmico, herbicida ni ninguna otra sustancia que sea artificial.<\/p>\n<h6><strong>Descargo de responsabilidad:<\/strong><\/h6>\n<ul>\n<li>Estos efectos de este producto est\u00e1n respaldados por la experiencia emp\u00edrica de la medicina tradicional milenaria con excelentes resultados. La ausencia de efectos secundarios nocivos si se administra en la dosis correcta. Pero la informaci\u00f3n identificada aqu\u00ed no es de ninguna manera una ordenanza o prescripci\u00f3n.<\/li>\n<li>El uso de estos productos naturales no sustituye a una consulta m\u00e9dica.<\/li>\n<li>Todos los productos son legales en nuestro pa\u00eds de origen, es responsabilidad del cliente investigar la legalidad del mismo en el pa\u00eds de destino.<\/li>\n<li>Las declaraciones y enlaces a sitios web que contiene no han sido evaluados por la FDA ni por las autoridades internacionales de alimentos y medicamentos.<\/li>\n<li>De ninguna manera implican afirmaciones m\u00e9dicas sobre la capacidad o eficacia de cualquiera de nuestros productos para tratar, prevenir o mitigar cualquier enfermedad o dolencia.<\/li>\n<li>El uso y la aplicaci\u00f3n de nuestros productos son responsabilidad exclusiva del cliente.<\/li>\n<\/ul>\n","protected":false},"excerpt":{"rendered":"<p>Hoja de Coca (Erythroxylum Coca) - Polvo - T\u00e9 de Coca La coca en polvo contiene hasta 2 g de<\/p>\n","protected":false},"featured_media":17440,"comment_status":"open","ping_status":"closed","template":"","meta":{"_joinchat":[],"jetpack_publicize_message":"","jetpack_publicize_feature_enabled":true,"jetpack_social_post_already_shared":true,"jetpack_social_options":{"image_generator_settings":{"template":"highway","default_image_id":0,"font":"","enabled":false},"version":2}},"product_brand":[],"product_cat":[566,581],"product_tag":[],"giftcard-category":[],"class_list":{"0":"post-40169","1":"product","2":"type-product","3":"status-publish","4":"has-post-thumbnail","6":"product_cat-correo-nacional-mayantop","7":"product_cat-mambe-coca-en-venta","8":"product_shipping_class-extracto-en-pasta","10":"first","11":"instock","12":"sale","13":"taxable","14":"shipping-taxable","15":"purchasable","16":"product-type-variable"},"jetpack_publicize_connections":[],"jetpack-related-posts":[{"id":51794,"url":"https:\/\/mayantop.com\/es\/productos\/pasta-de-hoja-de-coca-erythroxylum-venta-100-pura\/","url_meta":{"origin":40169,"position":0},"title":"PASTA DE HOJA DE COCA \/ 10gr a 10kg \/ - (Erythroxylum Coca) 100% Extracto Puro de Pasta","author":"Nicolas Rios","date":"8 de mayo de 2024","format":false,"excerpt":"PASTA DE HOJA DE COCA: La puerta al n\u00e9ctar de la naturaleza PASTA DE HOJA DE COCA: Un regalo de los Andes Bienvenido al mundo de la PASTA DE HOJA DE COCA, un producto que encarna la esencia de la venerada hoja de coca. En esta completa gu\u00eda, profundizaremos en\u2026","rel":"","context":"Puesto similar","block_context":{"text":"Puesto similar","link":""},"img":{"alt_text":"Ayahuasca Mix - PASTA DE HOJA DE COCA","src":"https:\/\/i0.wp.com\/mayantop.com\/wp-content\/uploads\/2024\/05\/products-pasteextract-600x600-1.jpg?resize=350%2C200&ssl=1","width":350,"height":200,"srcset":"https:\/\/i0.wp.com\/mayantop.com\/wp-content\/uploads\/2024\/05\/products-pasteextract-600x600-1.jpg?resize=350%2C200&ssl=1 1x, https:\/\/i0.wp.com\/mayantop.com\/wp-content\/uploads\/2024\/05\/products-pasteextract-600x600-1.jpg?resize=525%2C300&ssl=1 1.5x"},"classes":[]},{"id":37696,"url":"https:\/\/mayantop.com\/es\/productos\/te-energetico-para-venta-coca-guarana-guayusa\/","url_meta":{"origin":40169,"position":1},"title":"T\u00c9 ENERGETICO - Mix (Coca + Guaran\u00e1 + Guayusa) - Polvo Fuerte","author":"Nicolas Rios","date":"7 de diciembre de 2021","format":false,"excerpt":"T\u00c9 ENERGETICO EN VENTA (Coca + Guaran\u00e1 + Guayusa): Tu Energ\u00eda Natural \u00a0 Descripci\u00f3n del Producto: Presentamos nuestro T\u00c9 ENERG\u00c9TICO (Coca + Guaran\u00e1 + Guayusa), una armoniosa mezcla de ingredientes naturales dise\u00f1ada para vigorizar su cuerpo y su mente. Este din\u00e1mico t\u00e9 combina hojas de coca, semillas de guaran\u00e1 y\u2026","rel":"","context":"Puesto similar","block_context":{"text":"Puesto similar","link":""},"img":{"alt_text":"T\u00c9 ENERG\u00c9TICO","src":"https:\/\/i0.wp.com\/mayantop.com\/wp-content\/uploads\/2021\/12\/te-energetico.jpg?resize=350%2C200&ssl=1","width":350,"height":200,"srcset":"https:\/\/i0.wp.com\/mayantop.com\/wp-content\/uploads\/2021\/12\/te-energetico.jpg?resize=350%2C200&ssl=1 1x, https:\/\/i0.wp.com\/mayantop.com\/wp-content\/uploads\/2021\/12\/te-energetico.jpg?resize=525%2C300&ssl=1 1.5x, https:\/\/i0.wp.com\/mayantop.com\/wp-content\/uploads\/2021\/12\/te-energetico.jpg?resize=700%2C400&ssl=1 2x"},"classes":[]},{"id":37396,"url":"https:\/\/mayantop.com\/es\/productos\/mambe-hoja-de-coca-cetico-fresno-amazonia-natural\/","url_meta":{"origin":40169,"position":2},"title":"MAMBE \/ 30gr a 2kg \/ - Hoja de Coca + Ceniza de Cetico","author":"Nicolas Rios","date":"7 de diciembre de 2021","format":false,"excerpt":"MAMBE (Hoja de Coca y Ceniza de Cetico): El Regalo de la Naturaleza Para la Claridad y la Conexi\u00f3n \u00a0 Descripci\u00f3n del producto MAMBE, una mezcla de hoja de coca y ceniza de cetico, es un producto natural extraordinario profundamente arraigado en las tradiciones ind\u00edgenas sudamericanas. Esta combinaci\u00f3n \u00fanica encarna\u2026","rel":"","context":"Puesto similar","block_context":{"text":"Puesto similar","link":""},"img":{"alt_text":"mambe","src":"https:\/\/i0.wp.com\/mayantop.com\/wp-content\/uploads\/2021\/12\/mambe-1000-X-1000-px.jpg?resize=350%2C200&ssl=1","width":350,"height":200,"srcset":"https:\/\/i0.wp.com\/mayantop.com\/wp-content\/uploads\/2021\/12\/mambe-1000-X-1000-px.jpg?resize=350%2C200&ssl=1 1x, https:\/\/i0.wp.com\/mayantop.com\/wp-content\/uploads\/2021\/12\/mambe-1000-X-1000-px.jpg?resize=525%2C300&ssl=1 1.5x, https:\/\/i0.wp.com\/mayantop.com\/wp-content\/uploads\/2021\/12\/mambe-1000-X-1000-px.jpg?resize=700%2C400&ssl=1 2x"},"classes":[]},{"id":51508,"url":"https:\/\/mayantop.com\/es\/productos\/mambe-premium-gran-venta-tribu-bora-hoja-de-coca-cetico-ash-edicion-limitada\/","url_meta":{"origin":40169,"position":3},"title":"MAMBE PREMIUM - Tribu Bora \/ 30gr a 10kg \/ - Hoja de Coca + Ceniza de Cetico - EDICION LIMITADA","author":"Nicolas Rios","date":"2 de mayo de 2024","format":false,"excerpt":"MAMBE PREMIUM - Tribu Bora - EDICI\u00d3N LIMITADA Eleva tus sentidos con Mambe Premium - Tribu Bora - EDICI\u00d3N LIMITADA Disfruta de las ricas tradiciones de la Tribu Bora con Mambe Premium - Tribu Bora - EDICI\u00d3N LIMITADA. Cuidadosamente elaborada y de disponibilidad limitada, esta edici\u00f3n especial de Mambe ofrece\u2026","rel":"","context":"Puesto similar","block_context":{"text":"Puesto similar","link":""},"img":{"alt_text":"MAMBE-PREMIUM-BORA6","src":"https:\/\/i0.wp.com\/mayantop.com\/wp-content\/uploads\/2024\/05\/MAMBE-PREMIUM-BORA-BORA-1.jpg?resize=350%2C200&ssl=1","width":350,"height":200,"srcset":"https:\/\/i0.wp.com\/mayantop.com\/wp-content\/uploads\/2024\/05\/MAMBE-PREMIUM-BORA-BORA-1.jpg?resize=350%2C200&ssl=1 1x, https:\/\/i0.wp.com\/mayantop.com\/wp-content\/uploads\/2024\/05\/MAMBE-PREMIUM-BORA-BORA-1.jpg?resize=525%2C300&ssl=1 1.5x, https:\/\/i0.wp.com\/mayantop.com\/wp-content\/uploads\/2024\/05\/MAMBE-PREMIUM-BORA-BORA-1.jpg?resize=700%2C400&ssl=1 2x"},"classes":[]},{"id":51459,"url":"https:\/\/mayantop.com\/es\/productos\/mambe-premium-tribu-huitoto-hoja-de-coca-cenizo-cetico-edicion-especial\/","url_meta":{"origin":40169,"position":4},"title":"MAMBE PREMIUM - Tribu Huitoto \/ 30gr a 10kg \/ - Hoja de Coca + Ceniza de Cetico - EDICION ESPECIAL","author":"Nicolas Rios","date":"1 de mayo de 2024","format":false,"excerpt":"MAMBE PREMIUM - Tribu Huitoto - EDICI\u00d3N ESPECIAL Energiza tu esp\u00edritu con Mambe Premium - Tribu Huitoto - EDICI\u00d3N ESPECIAL Mambe Premium - Tribu Huitoto - EDICI\u00d3N ESPECIAL no es s\u00f3lo un producto; es una experiencia. Elaborada con esmero y respeto por la tradici\u00f3n, esta edici\u00f3n especial de Mambe ofrece\u2026","rel":"","context":"Puesto similar","block_context":{"text":"Puesto similar","link":""},"img":{"alt_text":"MAMBE-PREMIUM-HUITOTO2","src":"https:\/\/i0.wp.com\/mayantop.com\/wp-content\/uploads\/2024\/05\/MAMBE-PREMIUM-1000X1000-HUITOTO-3.jpg?resize=350%2C200&ssl=1","width":350,"height":200,"srcset":"https:\/\/i0.wp.com\/mayantop.com\/wp-content\/uploads\/2024\/05\/MAMBE-PREMIUM-1000X1000-HUITOTO-3.jpg?resize=350%2C200&ssl=1 1x, https:\/\/i0.wp.com\/mayantop.com\/wp-content\/uploads\/2024\/05\/MAMBE-PREMIUM-1000X1000-HUITOTO-3.jpg?resize=525%2C300&ssl=1 1.5x, https:\/\/i0.wp.com\/mayantop.com\/wp-content\/uploads\/2024\/05\/MAMBE-PREMIUM-1000X1000-HUITOTO-3.jpg?resize=700%2C400&ssl=1 2x"},"classes":[]},{"id":39810,"url":"https:\/\/mayantop.com\/es\/productos\/catuaba-polvo-erythroxylum-catuaba-100-pura-raiz\/","url_meta":{"origin":40169,"position":5},"title":"CATUABA EN POLVO \/ 200gr a 1kg - (Erythroxylum Catuaba) 100% Pura Ra\u00edz Natural y Org\u00e1nica","author":"Nicolas Rios","date":"7 de diciembre de 2021","format":false,"excerpt":"CATUABA POLVO EN VENTA (Erythroxylum Catuaba): Afrodis\u00edaco de la naturaleza y potenciador del bienestar Descripci\u00f3n del Producto: Experimente la vitalidad natural y el apoyo al bienestar que ofrece CATUABA EN POLVO. Este polvo finamente molido procede de la corteza del \u00e1rbol Erythroxylum Catuaba, un peque\u00f1o \u00e1rbol originario de la selva\u2026","rel":"","context":"Puesto similar","block_context":{"text":"Puesto similar","link":""},"img":{"alt_text":"catuaba","src":"https:\/\/i0.wp.com\/mayantop.com\/wp-content\/uploads\/2021\/12\/catuaba.jpg?resize=350%2C200&ssl=1","width":350,"height":200,"srcset":"https:\/\/i0.wp.com\/mayantop.com\/wp-content\/uploads\/2021\/12\/catuaba.jpg?resize=350%2C200&ssl=1 1x, https:\/\/i0.wp.com\/mayantop.com\/wp-content\/uploads\/2021\/12\/catuaba.jpg?resize=525%2C300&ssl=1 1.5x, https:\/\/i0.wp.com\/mayantop.com\/wp-content\/uploads\/2021\/12\/catuaba.jpg?resize=700%2C400&ssl=1 2x"},"classes":[]}],"jetpack_sharing_enabled":true,"_links":{"self":[{"href":"https:\/\/mayantop.com\/es\/wp-json\/wp\/v2\/product\/40169","targetHints":{"allow":["GET"]}}],"collection":[{"href":"https:\/\/mayantop.com\/es\/wp-json\/wp\/v2\/product"}],"about":[{"href":"https:\/\/mayantop.com\/es\/wp-json\/wp\/v2\/types\/product"}],"replies":[{"embeddable":true,"href":"https:\/\/mayantop.com\/es\/wp-json\/wp\/v2\/comments?post=40169"}],"version-history":[{"count":0,"href":"https:\/\/mayantop.com\/es\/wp-json\/wp\/v2\/product\/40169\/revisions"}],"wp:featuredmedia":[{"embeddable":true,"href":"https:\/\/mayantop.com\/es\/wp-json\/wp\/v2\/media\/17440"}],"wp:attachment":[{"href":"https:\/\/mayantop.com\/es\/wp-json\/wp\/v2\/media?parent=40169"}],"wp:term":[{"taxonomy":"product_brand","embeddable":true,"href":"https:\/\/mayantop.com\/es\/wp-json\/wp\/v2\/product_brand?post=40169"},{"taxonomy":"product_cat","embeddable":true,"href":"https:\/\/mayantop.com\/es\/wp-json\/wp\/v2\/product_cat?post=40169"},{"taxonomy":"product_tag","embeddable":true,"href":"https:\/\/mayantop.com\/es\/wp-json\/wp\/v2\/product_tag?post=40169"},{"taxonomy":"giftcard-category","embeddable":true,"href":"https:\/\/mayantop.com\/es\/wp-json\/wp\/v2\/giftcard-category?post=40169"}],"curies":[{"name":"wp","href":"https:\/\/api.w.org\/{rel}","templated":true}]}}