{"id":39493,"date":"2021-12-07T17:02:18","date_gmt":"2021-12-07T22:02:18","guid":{"rendered":"https:\/\/mayantop.com\/producto\/7-raices-en-polvo-200gr-a-1kg-100-pura-barra-natural-y-organica\/"},"modified":"2025-12-22T21:49:58","modified_gmt":"2025-12-23T02:49:58","slug":"7-raices-para-la-venta-raices-en-polvo-cortezas","status":"publish","type":"product","link":"https:\/\/mayantop.com\/es\/productos\/7-raices-para-la-venta-raices-en-polvo-cortezas\/","title":{"rendered":"7 RA\u00cdCES EN POLVO \/ 200gr a 1kg - 100% PURA CORTEZA NATURAL Y ORG\u00c1NICA"},"content":{"rendered":"<h2><strong>7 RA\u00cdCES EN POLVO A LA VENTA: Liberar el poder de las ra\u00edces de la naturaleza<\/strong><\/h2>\n<h3><\/h3>\n<h3><strong>Descripci\u00f3n del Producto:<\/strong><\/h3>\n<p>En esta presentaci\u00f3n te traemos el famoso licor amaz\u00f3nico 7 Ra\u00edces mezclado en polvo para que puedas prepararlo. Sin embargo, es una de las bebidas m\u00e1s tradicionales de nuestra comunidad amaz\u00f3nica. Es un afrodis\u00edaco especial y natural de 7 Ra\u00edces que ser\u00e1 el est\u00edmulo perfecto para que tengas el mejor sexo; ideal para hombres y mujeres que necesitan un potente est\u00edmulo. Por otro lado, es muy com\u00fan tomarla para prolongar la juventud f\u00edsica y mental.<\/p>\n<h3>He aqu\u00ed las principales ra\u00edces para el desarrollo de 7 Ra\u00edces:<\/h3>\n<ul>\n<li>Abuta.<\/li>\n<li>Bolaquiro.<\/li>\n<li>Chuchuhuasi.<\/li>\n<li>Clavo de Huasca.<\/li>\n<li>Cumaceba.<\/li>\n<li>C\u00farcuma.<\/li>\n<li>Hierro Caspi.<\/li>\n<li>Huacapurana.<\/li>\n<li>Hombre de Huanarpo.<\/li>\n<li>Elige.<\/li>\n<li>Jengibre.<\/li>\n<li>Morir\u00e9.<\/li>\n<li>Murcuhuasca.<\/li>\n<li>Tahuari.<\/li>\n<li>u\u00f1a de gato<\/li>\n<\/ul>\n<p><strong>7 RA\u00cdCES EN POLVO<\/strong>\u00a0es una potente y vers\u00e1til mezcla de hierbas elaborada a partir de siete ra\u00edces diferentes con diversas propiedades medicinales. Estas ra\u00edces se seleccionan y procesan cuidadosamente para crear un suplemento finamente pulverizado que ofrece una amplia gama de beneficios potenciales para la salud. Cada ra\u00edz aporta su conjunto \u00fanico de nutrientes y propiedades curativas para hacer de este polvo una valiosa adici\u00f3n a su rutina de bienestar.<\/p>\n<h3>Conocer las principales propiedades de las 7 ra\u00edces<\/h3>\n<ul>\n<li>Sirve para reforzar el sistema inmunitario y prevenir los resfriados.<\/li>\n<li>Promover la actividad f\u00edsica y mental de hombres y mujeres.<\/li>\n<li>Previenen el envejecimiento prematuro.<\/li>\n<li>Se utiliza para mejorar la concentraci\u00f3n mental.<\/li>\n<li>Aumenta el poder de virilidad y resistencia.<\/li>\n<\/ul>\n<h3><strong>Pros y contras del producto:<\/strong><\/h3>\n<p><em>Ventajas:<\/em><\/p>\n<ol>\n<li><strong>Apoyo integral a la salud:<\/strong> 7 RA\u00cdCES EN POLVO combina los beneficios de siete ra\u00edces en una, proporcionando un apoyo integral para la salud y el bienestar general.<\/li>\n<li><strong>Rica en nutrientes:<\/strong> Las ra\u00edces utilizadas en esta mezcla son ricas en vitaminas, minerales y antioxidantes, por lo que es una fuente de energ\u00eda nutricional.<\/li>\n<li><strong>Vers\u00e1til:<\/strong> La forma en polvo permite diversos m\u00e9todos de consumo, como mezclar con l\u00edquidos, batidos o incorporar a recetas.<\/li>\n<li><strong>Natural y puro:<\/strong> Este producto est\u00e1 elaborado con ingredientes naturales sin aditivos ni conservantes.<\/li>\n<\/ol>\n<p><em>Contras:<\/em><\/p>\n<ol>\n<li><strong>Sabor:<\/strong> Algunos usuarios pueden encontrar el sabor del polvo ligeramente terroso o amargo, lo que podr\u00eda requerir acostumbrarse.<\/li>\n<li><strong>Sensibilidad individual:<\/strong> Aunque en general se toleran bien, las reacciones individuales a las ra\u00edces pueden variar, y es aconsejable empezar con una peque\u00f1a cantidad.<\/li>\n<\/ol>\n<h3><strong>Usos del producto:<\/strong><\/h3>\n<p><em>Bienestar hol\u00edstico<\/em><\/p>\n<ol>\n<li><strong>Energ\u00eda y vitalidad:<\/strong> Muchos usuarios incorporan 7 RA\u00cdCES EN POLVO a su rutina diaria para aumentar sus niveles de energ\u00eda y vitalidad.<\/li>\n<li><strong>Apoyo inmunitario:<\/strong> Las propiedades inmunoestimulantes de la mezcla la convierten en una excelente opci\u00f3n para mejorar las defensas naturales del organismo.<\/li>\n<li><strong>Salud digestiva:<\/strong> Algunas personas encuentran alivio a sus molestias digestivas y mejoran su salud intestinal al utilizar este polvo.<\/li>\n<li><strong>Reducci\u00f3n del estr\u00e9s:<\/strong> Ciertas ra\u00edces de la mezcla son conocidas por sus propiedades adapt\u00f3genas, que ayudan al organismo a adaptarse al estr\u00e9s.<\/li>\n<\/ol>\n<h3><strong>Instrucciones de uso:<\/strong><\/h3>\n<p><em>Consumo flexible<\/em><\/p>\n<ol>\n<li><strong>Mezcla:<\/strong> A\u00f1ade una cucharadita de 7 RA\u00cdCES EN POLVO a tu bebida favorita, como agua, zumo o un batido.<\/li>\n<li><strong>Cocinar:<\/strong> Incorpore el polvo a recetas como sopas, guisos o productos horneados.<\/li>\n<li><strong>T\u00e9 tradicional:<\/strong> Remojar el polvo en agua caliente para crear un t\u00e9 de hierbas enraizamiento.<\/li>\n<li><strong>Dosificaci\u00f3n:<\/strong> Comience con una peque\u00f1a cantidad y aumente gradualmente hasta encontrar su dosis \u00f3ptima.<\/li>\n<\/ol>\n<h3>\u00bfC\u00f3mo preparar el licor 7 Ra\u00edces?<\/h3>\n<p>Puedes elaborar un licor artesanal 7 Ra\u00edces a base de cualquier ra\u00edz de tu elecci\u00f3n, en este caso utilizar\u00e1s ca\u00f1azo, pisco, tequila o vino tinto.<br \/>\nRecuerda utilizar miel de campo, no de supermercado.<\/p>\n<h3>Preparaci\u00f3n:<\/h3>\n<p>Tomar un vaso de 7 Ra\u00edces de la botella, para poder entrar en las cortezas, mezclar bien y a\u00f1adir la miel. Almacenar en un lugar fresco donde no haya mucha luz, agitar los primeros 5 d\u00edas dos veces al d\u00eda, una por la ma\u00f1ana y otra por la noche. Despu\u00e9s lo dejaremos reposar durante 1 semana, para empezar a degustar este rico y medicinal licor afrodis\u00edaco.<\/p>\n<h3><strong>Otros nombres con los que se conoce:<\/strong><\/h3>\n<p><em>Nombres alternativos y variaciones<\/em><\/p>\n<ol>\n<li><strong>Polvo de Siete Ra\u00edces:<\/strong> Una referencia directa a su composici\u00f3n de siete ra\u00edces.<\/li>\n<li><strong>Suplemento de mezcla de ra\u00edces:<\/strong> Describiendo su naturaleza como una combinaci\u00f3n de varios extractos de ra\u00edces.<\/li>\n<\/ol>\n<p>&nbsp;<\/p>\n<h6><strong>Nota:<\/strong><\/h6>\n<p>Los productos Mayantop son obtenidos y comercializados en estado puro y de origen 100% natural a comunidades nativas. No contienen ning\u00fan tipo de pesticida, qu\u00edmico, herbicida ni ninguna otra sustancia que sea artificial.<\/p>\n<h6><strong>Descargo de responsabilidad:<\/strong><\/h6>\n<ul>\n<li>Estos efectos de este producto est\u00e1n respaldados por la experiencia emp\u00edrica de la medicina tradicional milenaria con excelentes resultados. La ausencia de efectos secundarios nocivos si se administra en la dosis correcta. Pero la informaci\u00f3n identificada aqu\u00ed no es de ninguna manera una ordenanza o prescripci\u00f3n.<\/li>\n<li>El uso de estos productos naturales no sustituye a una consulta m\u00e9dica.<\/li>\n<li>Todos los productos son legales en nuestro pa\u00eds de origen, es responsabilidad del cliente investigar la legalidad del mismo en el pa\u00eds de destino.<\/li>\n<li>Las declaraciones y enlaces a sitios web que contiene no han sido evaluados por la FDA ni por las autoridades internacionales de alimentos y medicamentos.<\/li>\n<li>De ninguna manera implican afirmaciones m\u00e9dicas sobre la capacidad o eficacia de cualquiera de nuestros productos para tratar, prevenir o mitigar cualquier enfermedad o dolencia.<\/li>\n<li>El uso y la aplicaci\u00f3n de nuestros productos son responsabilidad exclusiva del cliente.<\/li>\n<\/ul>\n","protected":false},"excerpt":{"rendered":"<p>7 RA\u00cdCES EN POLVO A LA VENTA: Liberar el poder de las ra\u00edces de la naturaleza Descripci\u00f3n del Producto: En<\/p>\n","protected":false},"featured_media":15350,"comment_status":"open","ping_status":"closed","template":"","meta":{"_joinchat":[],"jetpack_publicize_message":"","jetpack_publicize_feature_enabled":true,"jetpack_social_post_already_shared":true,"jetpack_social_options":{"image_generator_settings":{"template":"highway","default_image_id":0,"font":"","enabled":false},"version":2}},"product_brand":[],"product_cat":[559,544],"product_tag":[],"giftcard-category":[],"class_list":{"0":"post-39493","1":"product","2":"type-product","3":"status-publish","4":"has-post-thumbnail","6":"product_cat-cortezas-afrodisiacas","7":"product_cat-dhl-o-fedex","8":"product_shipping_class-envios-generales","10":"first","11":"instock","12":"sale","13":"taxable","14":"shipping-taxable","15":"purchasable","16":"product-type-variable"},"jetpack_publicize_connections":[],"jetpack-related-posts":[{"id":37537,"url":"https:\/\/mayantop.com\/es\/productos\/cortezas-de-kuraca-raices-semillas-para-la-venta\/","url_meta":{"origin":39493,"position":0},"title":"KURACA - CORTEZA + RA\u00cdCES + SEMILLAS \/ 200gr a 1kg - 100% Pura Natural y Ecol\u00f3gica","author":"Nicolas Rios","date":"7 de diciembre de 2021","format":false,"excerpt":"BARRAS DE KURACA (RA\u00cdCES + SEMILLAS): La mezcla secreta de la naturaleza para el bienestar \u00a0 Descripci\u00f3n del producto \"Cortezas de Kuraca (Ra\u00edces + Semillas)\" es una mezcla herbal \u00fanica y potente derivada de la planta sagrada Kuraca. El producto combina el poder tanto de las ra\u00edces como de las\u2026","rel":"","context":"Puesto similar","block_context":{"text":"Puesto similar","link":""},"img":{"alt_text":"kuraca","src":"https:\/\/i0.wp.com\/mayantop.com\/wp-content\/uploads\/2021\/12\/kuraca.jpg?resize=350%2C200&ssl=1","width":350,"height":200,"srcset":"https:\/\/i0.wp.com\/mayantop.com\/wp-content\/uploads\/2021\/12\/kuraca.jpg?resize=350%2C200&ssl=1 1x, https:\/\/i0.wp.com\/mayantop.com\/wp-content\/uploads\/2021\/12\/kuraca.jpg?resize=525%2C300&ssl=1 1.5x, https:\/\/i0.wp.com\/mayantop.com\/wp-content\/uploads\/2021\/12\/kuraca.jpg?resize=700%2C400&ssl=1 2x"},"classes":[]},{"id":39429,"url":"https:\/\/mayantop.com\/es\/productos\/banos-con-plantas-magicas-mezcla-de-hojas-flores-y-raices\/","url_meta":{"origin":39493,"position":1},"title":"BA\u00d1OS CON PLANTAS M\u00c1GICAS (Mezcla de hojas, flores y ra\u00edces)","author":"Nicolas Rios","date":"7 de diciembre de 2021","format":false,"excerpt":"BA\u00d1OS CON PLANTAS M\u00c1GICAS A LA VENTA: Elixir Secreto de la Naturaleza Descripci\u00f3n del Producto: BA\u00d1OS CON PLANTAS M\u00c1GICAS es una experiencia de ba\u00f1o realmente encantadora y natural que aprovecha las propiedades m\u00edsticas de hojas, flores y ra\u00edces del coraz\u00f3n de la naturaleza salvaje. Sum\u00e9rjase en la magia de la\u2026","rel":"","context":"Puesto similar","block_context":{"text":"Puesto similar","link":""},"img":{"alt_text":"BA\u00d1OS CON PLANTAS M\u00c1GICAS","src":"https:\/\/i0.wp.com\/mayantop.com\/wp-content\/uploads\/2021\/12\/BanodePlantasMagicas.jpg?resize=350%2C200&ssl=1","width":350,"height":200,"srcset":"https:\/\/i0.wp.com\/mayantop.com\/wp-content\/uploads\/2021\/12\/BanodePlantasMagicas.jpg?resize=350%2C200&ssl=1 1x, https:\/\/i0.wp.com\/mayantop.com\/wp-content\/uploads\/2021\/12\/BanodePlantasMagicas.jpg?resize=525%2C300&ssl=1 1.5x, https:\/\/i0.wp.com\/mayantop.com\/wp-content\/uploads\/2021\/12\/BanodePlantasMagicas.jpg?resize=700%2C400&ssl=1 2x"},"classes":[]},{"id":39345,"url":"https:\/\/mayantop.com\/es\/productos\/banos-de-limpieza-mezcla-de-hojas-flores-y-raices\/","url_meta":{"origin":39493,"position":2},"title":"BA\u00d1OS DE LIMPIEZA (Mezcla de hojas, flores y ra\u00edces)","author":"Nicolas Rios","date":"7 de diciembre de 2021","format":false,"excerpt":"BA\u00d1OS DE LIMPIEZA EN VENTA: UN ELIXIR DE LIMPIEZA NATURAL\u00a0 Descripci\u00f3n del Producto: BA\u00d1OS DE LIMPIEZA\u00a0es una soluci\u00f3n de limpieza \u00fanica y natural infundida con el poder de las hojas, flores y ra\u00edces del coraz\u00f3n de la naturaleza. Esta mezcla ofrece una forma refrescante y sostenible de mantener pr\u00edstinos sus\u2026","rel":"","context":"Puesto similar","block_context":{"text":"Puesto similar","link":""},"img":{"alt_text":"BA\u00d1OS DE LIMPIEZA","src":"https:\/\/i0.wp.com\/mayantop.com\/wp-content\/uploads\/2021\/12\/BanodeLimpieza.jpg?resize=350%2C200&ssl=1","width":350,"height":200,"srcset":"https:\/\/i0.wp.com\/mayantop.com\/wp-content\/uploads\/2021\/12\/BanodeLimpieza.jpg?resize=350%2C200&ssl=1 1x, https:\/\/i0.wp.com\/mayantop.com\/wp-content\/uploads\/2021\/12\/BanodeLimpieza.jpg?resize=525%2C300&ssl=1 1.5x, https:\/\/i0.wp.com\/mayantop.com\/wp-content\/uploads\/2021\/12\/BanodeLimpieza.jpg?resize=700%2C400&ssl=1 2x"},"classes":[]},{"id":39362,"url":"https:\/\/mayantop.com\/es\/productos\/banos-con-plantas-curativas-mezcla-de-hojas-flores-y-raices\/","url_meta":{"origin":39493,"position":3},"title":"BA\u00d1OS CON PLANTAS CURATIVAS (Mezcla de hojas, flores y ra\u00edces)","author":"Nicolas Rios","date":"7 de diciembre de 2021","format":false,"excerpt":"VENTA DE BA\u00d1OS CON PLANTAS CURATIVAS Elixir calmante de la naturaleza Descripci\u00f3n del Producto: Los BA\u00d1OS CON PLANTAS CURATIVAS ofrecen una experiencia de ba\u00f1o rejuvenecedora y hol\u00edstica, aprovechando el poder de las plantas curativas de la naturaleza. Esta mezcla \u00fanica combina un conjunto de hojas, flores y ra\u00edces cuidadosamente seleccionadas\u2026","rel":"","context":"Puesto similar","block_context":{"text":"Puesto similar","link":""},"img":{"alt_text":"Ba\u00f1os CON PLANTAS curativAs","src":"https:\/\/i0.wp.com\/mayantop.com\/wp-content\/uploads\/2021\/12\/BanosMedicinales2.jpg?resize=350%2C200&ssl=1","width":350,"height":200,"srcset":"https:\/\/i0.wp.com\/mayantop.com\/wp-content\/uploads\/2021\/12\/BanosMedicinales2.jpg?resize=350%2C200&ssl=1 1x, https:\/\/i0.wp.com\/mayantop.com\/wp-content\/uploads\/2021\/12\/BanosMedicinales2.jpg?resize=525%2C300&ssl=1 1.5x, https:\/\/i0.wp.com\/mayantop.com\/wp-content\/uploads\/2021\/12\/BanosMedicinales2.jpg?resize=700%2C400&ssl=1 2x"},"classes":[]},{"id":39301,"url":"https:\/\/mayantop.com\/es\/productos\/banos-de-flores-floracion-hojas-flores-raices\/","url_meta":{"origin":39493,"position":4},"title":"BA\u00d1OS DE FLORES BLOOM (Mezcla de hojas, flores y ra\u00edces)","author":"Nicolas Rios","date":"7 de diciembre de 2021","format":false,"excerpt":"BA\u00d1OS DE FLORES FLORECEN PARA LA VENTA: El regalo tranquilo de la naturaleza Descripci\u00f3n del Producto: BATHS OF FLOWERS BLOOM ofrece una experiencia de ba\u00f1o deliciosa y natural impregnada de la belleza y la esencia de la Madre Naturaleza. Esta mezcla cuidadosamente seleccionada combina una mezcla de hojas, flores y\u2026","rel":"","context":"Puesto similar","block_context":{"text":"Puesto similar","link":""},"img":{"alt_text":"Ba\u00f1os de flores","src":"https:\/\/i0.wp.com\/mayantop.com\/wp-content\/uploads\/2021\/12\/BanodeFlorecimiento.jpg?resize=350%2C200&ssl=1","width":350,"height":200,"srcset":"https:\/\/i0.wp.com\/mayantop.com\/wp-content\/uploads\/2021\/12\/BanodeFlorecimiento.jpg?resize=350%2C200&ssl=1 1x, https:\/\/i0.wp.com\/mayantop.com\/wp-content\/uploads\/2021\/12\/BanodeFlorecimiento.jpg?resize=525%2C300&ssl=1 1.5x, https:\/\/i0.wp.com\/mayantop.com\/wp-content\/uploads\/2021\/12\/BanodeFlorecimiento.jpg?resize=700%2C400&ssl=1 2x"},"classes":[]},{"id":39765,"url":"https:\/\/mayantop.com\/es\/productos\/zarzaparrilla-en-polvo-venta-smilax-asper\/","url_meta":{"origin":39493,"position":5},"title":"ZARZAPARRILLA EN POLVO \/ 200gr a 2kg - (Smilax Aspera) - Hierbas en Polvo 100% Natural RA\u00cdZ","author":"Nicolas Rios","date":"7 de diciembre de 2021","format":false,"excerpt":"ZARZAPARRILLA EN POLVO (Smilax Ornata): Tu compa\u00f1ero de bienestar natural Descripci\u00f3n del Producto: ZARZAPARRILLA EN POLVO (Smilax Ornata): Tu compa\u00f1ero de bienestar natural Presentamos el polvo de zarzaparrilla, derivado de las ra\u00edces de la planta smilax (Smilax Ornata), una maravilla bot\u00e1nica con siglos de sabidur\u00eda herbaria. Este polvo finamente molido\u2026","rel":"","context":"Puesto similar","block_context":{"text":"Puesto similar","link":""},"img":{"alt_text":"Zarzaparrilla en polvo","src":"https:\/\/i0.wp.com\/mayantop.com\/wp-content\/uploads\/2021\/12\/POLVO-14-4.jpg?resize=350%2C200&ssl=1","width":350,"height":200,"srcset":"https:\/\/i0.wp.com\/mayantop.com\/wp-content\/uploads\/2021\/12\/POLVO-14-4.jpg?resize=350%2C200&ssl=1 1x, https:\/\/i0.wp.com\/mayantop.com\/wp-content\/uploads\/2021\/12\/POLVO-14-4.jpg?resize=525%2C300&ssl=1 1.5x, https:\/\/i0.wp.com\/mayantop.com\/wp-content\/uploads\/2021\/12\/POLVO-14-4.jpg?resize=700%2C400&ssl=1 2x"},"classes":[]}],"jetpack_sharing_enabled":true,"_links":{"self":[{"href":"https:\/\/mayantop.com\/es\/wp-json\/wp\/v2\/product\/39493","targetHints":{"allow":["GET"]}}],"collection":[{"href":"https:\/\/mayantop.com\/es\/wp-json\/wp\/v2\/product"}],"about":[{"href":"https:\/\/mayantop.com\/es\/wp-json\/wp\/v2\/types\/product"}],"replies":[{"embeddable":true,"href":"https:\/\/mayantop.com\/es\/wp-json\/wp\/v2\/comments?post=39493"}],"version-history":[{"count":0,"href":"https:\/\/mayantop.com\/es\/wp-json\/wp\/v2\/product\/39493\/revisions"}],"wp:featuredmedia":[{"embeddable":true,"href":"https:\/\/mayantop.com\/es\/wp-json\/wp\/v2\/media\/15350"}],"wp:attachment":[{"href":"https:\/\/mayantop.com\/es\/wp-json\/wp\/v2\/media?parent=39493"}],"wp:term":[{"taxonomy":"product_brand","embeddable":true,"href":"https:\/\/mayantop.com\/es\/wp-json\/wp\/v2\/product_brand?post=39493"},{"taxonomy":"product_cat","embeddable":true,"href":"https:\/\/mayantop.com\/es\/wp-json\/wp\/v2\/product_cat?post=39493"},{"taxonomy":"product_tag","embeddable":true,"href":"https:\/\/mayantop.com\/es\/wp-json\/wp\/v2\/product_tag?post=39493"},{"taxonomy":"giftcard-category","embeddable":true,"href":"https:\/\/mayantop.com\/es\/wp-json\/wp\/v2\/giftcard-category?post=39493"}],"curies":[{"name":"wp","href":"https:\/\/api.w.org\/{rel}","templated":true}]}}