{"id":39320,"date":"2021-12-07T17:02:51","date_gmt":"2021-12-07T22:02:51","guid":{"rendered":"https:\/\/mayantop.com\/producto\/azucar-huayo-polvo-200gr-a-2kg-hymenaea-courbaril-hierbas-en-polvo-100-natural-bark\/"},"modified":"2025-06-16T13:59:13","modified_gmt":"2025-06-16T18:59:13","slug":"azucar-huayo-en-venta-hymenaea-courbaril","status":"publish","type":"product","link":"https:\/\/mayantop.com\/es\/productos\/azucar-huayo-en-venta-hymenaea-courbaril\/","title":{"rendered":"AZUCAR HUAYO EN POLVO \/ 200gr a 2kg - (Hymenaea Courbaril) - Hierbas en Polvo 100% CORTEZA Natural"},"content":{"rendered":"<h2>AZUCAR HUAYO EN POLVO- (Hymenaea Courbaril) - Hierbas en Polvo 100% CORTEZA Natural<\/h2>\n<p>El Az\u00facar Huayo es una planta del Amazonas, principalmente suele crecer en lugares donde no hay agua, puede estar sin agua durante mucho tiempo. Tiene una gran resistencia. Sus dos propiedades principales son antidiarreicas y antirreum\u00e1ticas. El Az\u00facar Huayo tambi\u00e9n tiene propiedades nutricionales, su fruto es de uso medicinal, tambi\u00e9n es un pesticida, debido a su capacidad de generar toxinas contra los insectos, tambi\u00e9n es un muy buen acompa\u00f1ante en la ceremonia de la ayahuasca.<\/p>\n<h6><strong>Nota:<\/strong><\/h6>\n<p>Los productos Mayantop son obtenidos y comercializados en estado puro y de origen 100% natural a comunidades nativas. No contienen ning\u00fan tipo de pesticida, qu\u00edmico, herbicida ni ninguna otra sustancia que sea artificial.<\/p>\n<h6><strong>Descargo de responsabilidad:<\/strong><\/h6>\n<ul>\n<li>Estos efectos de este producto est\u00e1n respaldados por la experiencia emp\u00edrica de la medicina tradicional milenaria con excelentes resultados. La ausencia de efectos secundarios nocivos si se administra en la dosis correcta. Pero la informaci\u00f3n identificada aqu\u00ed no es de ninguna manera una ordenanza o prescripci\u00f3n.<\/li>\n<li>El uso de estos productos naturales no sustituye a una consulta m\u00e9dica.<\/li>\n<li>Todos los productos son legales en nuestro pa\u00eds de origen, es responsabilidad del cliente investigar la legalidad del mismo en el pa\u00eds de destino.<\/li>\n<li>Las declaraciones y enlaces a sitios web que contiene no han sido evaluados por la FDA ni por las autoridades internacionales de alimentos y medicamentos.<\/li>\n<li>De ninguna manera implican afirmaciones m\u00e9dicas sobre la capacidad o eficacia de cualquiera de nuestros productos para tratar, prevenir o mitigar cualquier enfermedad o dolencia.<\/li>\n<li>El uso y la aplicaci\u00f3n de nuestros productos son responsabilidad exclusiva del cliente.<\/li>\n<\/ul>\n","protected":false},"excerpt":{"rendered":"<p>AZUCAR HUAYO EN POLVO- (Hymenaea Courbaril) - Hierbas en Polvo 100% CORTEZA Natural El Az\u00facar Huayo es una planta del<\/p>\n","protected":false},"featured_media":21352,"comment_status":"open","ping_status":"closed","template":"","meta":{"_joinchat":[],"jetpack_publicize_message":"","jetpack_publicize_feature_enabled":true,"jetpack_social_post_already_shared":true,"jetpack_social_options":{"image_generator_settings":{"template":"highway","default_image_id":0,"font":"","enabled":false},"version":2}},"product_brand":[],"product_cat":[544,543],"product_tag":[],"giftcard-category":[],"class_list":{"0":"post-39320","1":"product","2":"type-product","3":"status-publish","4":"has-post-thumbnail","6":"product_cat-dhl-o-fedex","7":"product_cat-hierbas-exoticas-venta","8":"product_shipping_class-envios-generales","10":"first","11":"instock","12":"sale","13":"taxable","14":"shipping-taxable","15":"purchasable","16":"product-type-variable"},"jetpack_publicize_connections":[],"jetpack-related-posts":[{"id":39386,"url":"https:\/\/mayantop.com\/fr\/productos\/azucar-huayo-a-vendre-hymenaea-courbaril\/","url_meta":{"origin":39320,"position":0},"title":"AZUCAR HUAYO EN POUDRE \/ 200gr \u00e0 2kg - (Hymenaea Courbaril) - Herbes en poudre 100% Naturelles BARK","author":"Nicolas Rios","date":"7 de diciembre de 2021","format":false,"excerpt":"AZUCAR HUAYO POWDER- (Hymenaea Courbaril) - Herbes en poudre 100% naturel BARK L'Azucar Huayo est une plante de l'Amazonie, qui pousse g\u00e9n\u00e9ralement dans des endroits o\u00f9 il n'y a pas d'eau, et qui peut rester longtemps sans eau. Il a une grande r\u00e9sistance. Ses deux principales propri\u00e9t\u00e9s sont antidiarrh\u00e9iques et\u2026","rel":"","context":"Puesto similar","block_context":{"text":"Puesto similar","link":""},"img":{"alt_text":"azucar huayo","src":"https:\/\/i0.wp.com\/mayantop.com\/wp-content\/uploads\/2021\/12\/POLVO-14.jpg?resize=350%2C200&ssl=1","width":350,"height":200,"srcset":"https:\/\/i0.wp.com\/mayantop.com\/wp-content\/uploads\/2021\/12\/POLVO-14.jpg?resize=350%2C200&ssl=1 1x, https:\/\/i0.wp.com\/mayantop.com\/wp-content\/uploads\/2021\/12\/POLVO-14.jpg?resize=525%2C300&ssl=1 1.5x, https:\/\/i0.wp.com\/mayantop.com\/wp-content\/uploads\/2021\/12\/POLVO-14.jpg?resize=700%2C400&ssl=1 2x"},"classes":[]},{"id":37212,"url":"https:\/\/mayantop.com\/es\/productos\/huimba-en-polvo-en-venta-ceiba-samauma\/","url_meta":{"origin":39320,"position":1},"title":"HUIMBA EN POLVO \/ 200gr a 2kg - (Ceiba Samauma) - Hierbas en Polvo 100% Natural Corteza","author":"Nicolas Rios","date":"7 de diciembre de 2021","format":false,"excerpt":"Huimba en Polvo: Un Regalo de la Naturaleza Nara el Bienestar \u00a0 Descripci\u00f3n del producto La Huimba en polvo, derivada de la corteza del \u00e1rbol Ceiba Samauma, es un producto natural extraordinario que ofrece multitud de beneficios para la salud. Procedente del coraz\u00f3n de la selva amaz\u00f3nica, este polvo es\u2026","rel":"","context":"Puesto similar","block_context":{"text":"Puesto similar","link":""},"img":{"alt_text":"HUIMBA","src":"https:\/\/i0.wp.com\/mayantop.com\/wp-content\/uploads\/2021\/12\/POLVO-05-1.jpg?resize=350%2C200&ssl=1","width":350,"height":200,"srcset":"https:\/\/i0.wp.com\/mayantop.com\/wp-content\/uploads\/2021\/12\/POLVO-05-1.jpg?resize=350%2C200&ssl=1 1x, https:\/\/i0.wp.com\/mayantop.com\/wp-content\/uploads\/2021\/12\/POLVO-05-1.jpg?resize=525%2C300&ssl=1 1.5x, https:\/\/i0.wp.com\/mayantop.com\/wp-content\/uploads\/2021\/12\/POLVO-05-1.jpg?resize=700%2C400&ssl=1 2x"},"classes":[]},{"id":37432,"url":"https:\/\/mayantop.com\/es\/productos\/compra-malva-en-polvo-en-venta-malva-sylvestris\/","url_meta":{"origin":39320,"position":2},"title":"MALVA EN POLVO \/ 200gr a 2kg - (Malva Sylvestris) - Hierbas en Polvo 100% Natural HOJAS","author":"Nicolas Rios","date":"7 de diciembre de 2021","format":false,"excerpt":"MALVA EN POLVO: Su puerta al bienestar natural \u00a0 Descripci\u00f3n del producto El POLVO DE MALVA, derivado de las hojas secas de la planta Malva Sylvestris, ofrece una gran cantidad de beneficios naturales envasados en un polvo fino y vers\u00e1til. La malva, tambi\u00e9n conocida como malva com\u00fan, ha sido apreciada\u2026","rel":"","context":"Puesto similar","block_context":{"text":"Puesto similar","link":""},"img":{"alt_text":"malva","src":"https:\/\/i0.wp.com\/mayantop.com\/wp-content\/uploads\/2021\/12\/POLVO-04-1.jpg?resize=350%2C200&ssl=1","width":350,"height":200,"srcset":"https:\/\/i0.wp.com\/mayantop.com\/wp-content\/uploads\/2021\/12\/POLVO-04-1.jpg?resize=350%2C200&ssl=1 1x, https:\/\/i0.wp.com\/mayantop.com\/wp-content\/uploads\/2021\/12\/POLVO-04-1.jpg?resize=525%2C300&ssl=1 1.5x, https:\/\/i0.wp.com\/mayantop.com\/wp-content\/uploads\/2021\/12\/POLVO-04-1.jpg?resize=700%2C400&ssl=1 2x"},"classes":[]},{"id":40600,"url":"https:\/\/mayantop.com\/es\/productos\/compra-pacunga-en-polvo-en-venta-bidens-pilosa\/","url_meta":{"origin":39320,"position":3},"title":"PACUNGA EN POLVO \/ 200gr a 2kg - (Bidens Pilosa) - Hierbas en Polvo 100% Natural Hojas y Corteza","author":"Nicolas Rios","date":"7 de diciembre de 2021","format":false,"excerpt":"PACUNGA EN POLVO: Libere el Potencial de la Bidens Pilosa \u00a0 Descripci\u00f3n del producto Descubra el incre\u00edble mundo del Polvo de Pacunga, una joya natural derivada de la planta Bidens Pilosa. Este vers\u00e1til polvo es su puerta de entrada al bienestar hol\u00edstico y ofrece multitud de beneficios. Deje que Pacunga\u2026","rel":"","context":"Puesto similar","block_context":{"text":"Puesto similar","link":""},"img":{"alt_text":"PACUNGA","src":"https:\/\/i0.wp.com\/mayantop.com\/wp-content\/uploads\/2021\/12\/Polvo-18-1.jpg?resize=350%2C200&ssl=1","width":350,"height":200,"srcset":"https:\/\/i0.wp.com\/mayantop.com\/wp-content\/uploads\/2021\/12\/Polvo-18-1.jpg?resize=350%2C200&ssl=1 1x, https:\/\/i0.wp.com\/mayantop.com\/wp-content\/uploads\/2021\/12\/Polvo-18-1.jpg?resize=525%2C300&ssl=1 1.5x, https:\/\/i0.wp.com\/mayantop.com\/wp-content\/uploads\/2021\/12\/Polvo-18-1.jpg?resize=700%2C400&ssl=1 2x"},"classes":[]},{"id":37294,"url":"https:\/\/mayantop.com\/es\/productos\/huacapu-en-polvo-minquartia-guianensis\/","url_meta":{"origin":39320,"position":4},"title":"HUACAPU EN POLVO \/ 200gr a 2kg - (Minquartia Guianensis) - Hierbas en Polvo 100% Corteza Natural","author":"Nicolas Rios","date":"7 de diciembre de 2021","format":false,"excerpt":"POLVO DE HUACAPU: Descubre las maravillas de la Minquartia Guianensis \u00a0 Descripci\u00f3n del producto Huacapu en polvo es un extracto bot\u00e1nico finamente molido derivado de la corteza del \u00e1rbol Minquartia Guianensis, originario de la selva amaz\u00f3nica. Este producto natural es apreciado por sus potenciales propiedades terap\u00e9uticas y es cada vez\u2026","rel":"","context":"Puesto similar","block_context":{"text":"Puesto similar","link":""},"img":{"alt_text":"Huacapu","src":"https:\/\/i0.wp.com\/mayantop.com\/wp-content\/uploads\/2021\/12\/POLVO-17-1.jpg?resize=350%2C200&ssl=1","width":350,"height":200,"srcset":"https:\/\/i0.wp.com\/mayantop.com\/wp-content\/uploads\/2021\/12\/POLVO-17-1.jpg?resize=350%2C200&ssl=1 1x, https:\/\/i0.wp.com\/mayantop.com\/wp-content\/uploads\/2021\/12\/POLVO-17-1.jpg?resize=525%2C300&ssl=1 1.5x, https:\/\/i0.wp.com\/mayantop.com\/wp-content\/uploads\/2021\/12\/POLVO-17-1.jpg?resize=700%2C400&ssl=1 2x"},"classes":[]},{"id":39298,"url":"https:\/\/mayantop.com\/de\/productos\/azucar-huayo-zu-verkauf-hymenaea-courbaril\/","url_meta":{"origin":39320,"position":5},"title":"AZUCAR HUAYO PULVER \/ 200gr at 2kg - (Hymenaea Courbaril) - Kr\u00e4uter Pulver 100% Natural BARK","author":"Nicolas Rios","date":"7 de diciembre de 2021","format":false,"excerpt":"AZUCAR HUAYO PULVER- (Hymenaea Courbaril) - Kr\u00e4uter pulverisiert 100% nat\u00fcrlich BARK Die Azucar Huayo ist eine Pflanze aus dem Amazonasgebiet, die vor allem dort w\u00e4chst, wo es kein Wasser gibt, sie kann lange Zeit ohne Wasser auskommen. Sie hat eine gro\u00dfe Widerstandsf\u00e4higkeit. Seine beiden Haupteigenschaften sind durchfallhemmend und antirheumatisch. Der\u2026","rel":"","context":"Puesto similar","block_context":{"text":"Puesto similar","link":""},"img":{"alt_text":"Azucar Huayo","src":"https:\/\/i0.wp.com\/mayantop.com\/wp-content\/uploads\/2021\/12\/POLVO-14.jpg?resize=350%2C200&ssl=1","width":350,"height":200,"srcset":"https:\/\/i0.wp.com\/mayantop.com\/wp-content\/uploads\/2021\/12\/POLVO-14.jpg?resize=350%2C200&ssl=1 1x, https:\/\/i0.wp.com\/mayantop.com\/wp-content\/uploads\/2021\/12\/POLVO-14.jpg?resize=525%2C300&ssl=1 1.5x, https:\/\/i0.wp.com\/mayantop.com\/wp-content\/uploads\/2021\/12\/POLVO-14.jpg?resize=700%2C400&ssl=1 2x"},"classes":[]}],"jetpack_sharing_enabled":true,"_links":{"self":[{"href":"https:\/\/mayantop.com\/es\/wp-json\/wp\/v2\/product\/39320","targetHints":{"allow":["GET"]}}],"collection":[{"href":"https:\/\/mayantop.com\/es\/wp-json\/wp\/v2\/product"}],"about":[{"href":"https:\/\/mayantop.com\/es\/wp-json\/wp\/v2\/types\/product"}],"replies":[{"embeddable":true,"href":"https:\/\/mayantop.com\/es\/wp-json\/wp\/v2\/comments?post=39320"}],"version-history":[{"count":0,"href":"https:\/\/mayantop.com\/es\/wp-json\/wp\/v2\/product\/39320\/revisions"}],"wp:featuredmedia":[{"embeddable":true,"href":"https:\/\/mayantop.com\/es\/wp-json\/wp\/v2\/media\/21352"}],"wp:attachment":[{"href":"https:\/\/mayantop.com\/es\/wp-json\/wp\/v2\/media?parent=39320"}],"wp:term":[{"taxonomy":"product_brand","embeddable":true,"href":"https:\/\/mayantop.com\/es\/wp-json\/wp\/v2\/product_brand?post=39320"},{"taxonomy":"product_cat","embeddable":true,"href":"https:\/\/mayantop.com\/es\/wp-json\/wp\/v2\/product_cat?post=39320"},{"taxonomy":"product_tag","embeddable":true,"href":"https:\/\/mayantop.com\/es\/wp-json\/wp\/v2\/product_tag?post=39320"},{"taxonomy":"giftcard-category","embeddable":true,"href":"https:\/\/mayantop.com\/es\/wp-json\/wp\/v2\/giftcard-category?post=39320"}],"curies":[{"name":"wp","href":"https:\/\/api.w.org\/{rel}","templated":true}]}}