{"id":38353,"date":"2021-12-07T17:05:48","date_gmt":"2021-12-07T22:05:48","guid":{"rendered":"https:\/\/mayantop.com\/producto\/rape-snuff-macambo-5gr-a-100gr-theobroma-bicolor-corteza-de-fresno-natural-y-fuerte\/"},"modified":"2025-08-01T05:29:57","modified_gmt":"2025-08-01T10:29:57","slug":"rape-snuff-de-macambo-venta-theobroma-bicolor","status":"publish","type":"product","link":"https:\/\/mayantop.com\/es\/productos\/rape-snuff-de-macambo-venta-theobroma-bicolor\/","title":{"rendered":"RAP\u00c9 SNUFF DE MACAMBO \/ 5gr a 100gr \/ - (Theobroma Bicolor) - Corteza de Fresno Natural y Fuerte"},"content":{"rendered":"<h2>RAP\u00c9 SNUFF DE MACAMBO - (Theobroma Bicolor) - Corteza de Fresno Natural y Fuerte<\/h2>\n<p>Rap\u00e9 Snuff Macambo<\/p>\n<p><strong>COMPOSICI\u00d3N<\/strong>: Tabaco, ceniza de las semillas del Macambo.<\/p>\n<p><strong>INTENSIDAD:<\/strong> Media.<\/p>\n<p><strong>USOS:<\/strong> aumenta la energ\u00eda y mejora el estado de \u00e1nimo.<\/p>\n<p><strong>USOS MEDICINALES:<\/strong> hace sentir arrebatos de amor, da felicidad, relaja, es muy calmante.<\/p>\n<p><strong>SOLICITUD<\/strong><\/p>\n<p>Rap\u00e9 Snuff de Macambo Coloque el extremo corto de la pipa en la boca y sople una vez r\u00e1pidamente y con la fuerza suficiente para depositar el polvo de la pipa en la cavidad nasal.<\/p>\n<h6><strong>Nota:<\/strong><\/h6>\n<p>Los productos Mayantop son obtenidos y comercializados en estado puro y de origen 100% natural a comunidades nativas. No contienen ning\u00fan tipo de pesticida, qu\u00edmico, herbicida ni ninguna otra sustancia que sea artificial.<\/p>\n<h6><strong>Descargo de responsabilidad:<\/strong><\/h6>\n<ul>\n<li>Estos efectos de este producto est\u00e1n respaldados por la experiencia emp\u00edrica de la medicina tradicional milenaria con excelentes resultados. La ausencia de efectos secundarios nocivos si se administra en la dosis correcta. Pero la informaci\u00f3n identificada aqu\u00ed no es de ninguna manera una ordenanza o prescripci\u00f3n.<\/li>\n<li>El uso de estos productos naturales no sustituye a una consulta m\u00e9dica.<\/li>\n<li>Todos los productos son legales en nuestro pa\u00eds de origen, es responsabilidad del cliente investigar la legalidad del mismo en el pa\u00eds de destino.<\/li>\n<li>Las declaraciones y enlaces a sitios web que contiene no han sido evaluados por la FDA ni por las autoridades internacionales de alimentos y medicamentos.<\/li>\n<li>De ninguna manera implican afirmaciones m\u00e9dicas sobre la capacidad o eficacia de cualquiera de nuestros productos para tratar, prevenir o mitigar cualquier enfermedad o dolencia.<\/li>\n<li>El uso y la aplicaci\u00f3n de nuestros productos son responsabilidad exclusiva del cliente.<\/li>\n<\/ul>\n","protected":false},"excerpt":{"rendered":"<p>RAP\u00c9 SNUFF DE MACAMBO - (Theobroma Bicolor) - Corteza de Fresno Natural y Fuerte Rap\u00e9 Snuff Macambo COMPOSICI\u00d3N: Tabaco, ceniza<\/p>\n","protected":false},"featured_media":19332,"comment_status":"open","ping_status":"closed","template":"","meta":{"_joinchat":[],"jetpack_publicize_message":"","jetpack_publicize_feature_enabled":true,"jetpack_social_post_already_shared":true,"jetpack_social_options":{"image_generator_settings":{"template":"highway","default_image_id":0,"font":"","enabled":false},"version":2}},"product_brand":[],"product_cat":[544,579],"product_tag":[],"giftcard-category":[],"class_list":{"0":"post-38353","1":"product","2":"type-product","3":"status-publish","4":"has-post-thumbnail","6":"product_cat-dhl-o-fedex","7":"product_cat-rape-es","8":"product_shipping_class-envios-generales","10":"first","11":"instock","12":"sale","13":"taxable","14":"shipping-taxable","15":"purchasable","16":"product-type-variable"},"jetpack_publicize_connections":[],"jetpack-related-posts":[{"id":37400,"url":"https:\/\/mayantop.com\/es\/productos\/macambo-en-venta-theobroma-bicolor-en-polvo\/","url_meta":{"origin":38353,"position":0},"title":"MACAMBO \/ 50gr a 1kg - (Theobroma Bicolor) - Polvo 100 % natural","author":"Nicolas Rios","date":"7 de diciembre de 2021","format":false,"excerpt":"MACAMBO: El tesoro nutricional del Amazonas \u00a0 Descripci\u00f3n del producto Presentamos MACAMBO, un extraordinario superalimento procedente del coraz\u00f3n de la selva amaz\u00f3nica. El MACAMBO, cient\u00edficamente conocido como Theobroma Bicolor, es un verdadero tesoro nutricional. Esta fruta ex\u00f3tica, a menudo denominada \"cacao blanco\", ha sido un secreto bien guardado por las\u2026","rel":"","context":"Puesto similar","block_context":{"text":"Puesto similar","link":""},"img":{"alt_text":"macambo","src":"https:\/\/i0.wp.com\/mayantop.com\/wp-content\/uploads\/2021\/12\/macambo.jpg?resize=350%2C200&ssl=1","width":350,"height":200,"srcset":"https:\/\/i0.wp.com\/mayantop.com\/wp-content\/uploads\/2021\/12\/macambo.jpg?resize=350%2C200&ssl=1 1x, https:\/\/i0.wp.com\/mayantop.com\/wp-content\/uploads\/2021\/12\/macambo.jpg?resize=525%2C300&ssl=1 1.5x, https:\/\/i0.wp.com\/mayantop.com\/wp-content\/uploads\/2021\/12\/macambo.jpg?resize=700%2C400&ssl=1 2x"},"classes":[]},{"id":38689,"url":"https:\/\/mayantop.com\/es\/productos\/rape-snuff-copoazu-theobroma-grandiflorum\/","url_meta":{"origin":38353,"position":1},"title":"RAP\u00c9 SNUFF - COPOAZ\u00da \/ 5gr a 100gr \/ - (Theobroma Grandiflorum) - Corteza de Fresno Natural y Fuerte","author":"Nicolas Rios","date":"7 de diciembre de 2021","format":false,"excerpt":"RAP\u00c9 SNUFF COPOAZ\u00da EN VENTA (Theobroma Grandiflorum) \u00a0 Descripci\u00f3n del Producto: RAP\u00c9 SNUFF COPOAZ\u00da es una mezcla \u00fanica de tabaco elaborada a partir de las semillas de Theobroma grandiflorum, com\u00fanmente conocido como Cupua\u00e7u. Este rap\u00e9 finamente pulverizado es c\u00e9lebre por su aroma caracter\u00edstico y sus potenciales efectos terap\u00e9uticos. Ocupa un\u2026","rel":"","context":"Puesto similar","block_context":{"text":"Puesto similar","link":""},"img":{"alt_text":"Rap\u00e9 snuff Copoazu","src":"https:\/\/i0.wp.com\/mayantop.com\/wp-content\/uploads\/2021\/12\/Rape-06-2.jpg?resize=350%2C200&ssl=1","width":350,"height":200,"srcset":"https:\/\/i0.wp.com\/mayantop.com\/wp-content\/uploads\/2021\/12\/Rape-06-2.jpg?resize=350%2C200&ssl=1 1x, https:\/\/i0.wp.com\/mayantop.com\/wp-content\/uploads\/2021\/12\/Rape-06-2.jpg?resize=525%2C300&ssl=1 1.5x, https:\/\/i0.wp.com\/mayantop.com\/wp-content\/uploads\/2021\/12\/Rape-06-2.jpg?resize=700%2C400&ssl=1 2x"},"classes":[]},{"id":40379,"url":"https:\/\/mayantop.com\/es\/productos\/rape-snuff-cacao-en-venta-theobroma-cacao\/","url_meta":{"origin":38353,"position":2},"title":"RAP\u00c9 SNUFF - CACAO \/ 5gr a 100gr \/ - (Theobroma cacao) - Corteza de Fresno Natural y Fuerte","author":"Nicolas Rios","date":"7 de diciembre de 2021","format":false,"excerpt":"RAPE SNUFF CACAO EN VENTA (Theobroma cacao) \u00a0 Descripci\u00f3n del Producto: RAPE SNUFF CACAO es un tabaco amaz\u00f3nico \u00fanico y arom\u00e1tico elaborado a partir de polvo fino de Theobroma cacao, tambi\u00e9n conocido como el \u00e1rbol del cacao. Este rap\u00e9 est\u00e1 profundamente arraigado en las tradiciones de las culturas ind\u00edgenas de\u2026","rel":"","context":"Puesto similar","block_context":{"text":"Puesto similar","link":""},"img":{"alt_text":"Rap\u00e9 snuff Cacao","src":"https:\/\/i0.wp.com\/mayantop.com\/wp-content\/uploads\/2021\/12\/Rape-07-4.jpg?resize=350%2C200&ssl=1","width":350,"height":200,"srcset":"https:\/\/i0.wp.com\/mayantop.com\/wp-content\/uploads\/2021\/12\/Rape-07-4.jpg?resize=350%2C200&ssl=1 1x, https:\/\/i0.wp.com\/mayantop.com\/wp-content\/uploads\/2021\/12\/Rape-07-4.jpg?resize=525%2C300&ssl=1 1.5x, https:\/\/i0.wp.com\/mayantop.com\/wp-content\/uploads\/2021\/12\/Rape-07-4.jpg?resize=700%2C400&ssl=1 2x"},"classes":[]},{"id":38469,"url":"https:\/\/mayantop.com\/es\/productos\/rape-snuff-guaba-venta-inga-edulis-ceniza-corteza\/","url_meta":{"origin":38353,"position":3},"title":"RAP\u00c9 SNUFF - GUABA \/ 5gr a 100gr \/ - (Inga Edulis) - Corteza de Fresno Natural y Fuerte","author":"Nicolas Rios","date":"7 de diciembre de 2021","format":false,"excerpt":"RAPE SNUFF GUABA EN VENTA (Inga Edulis) \u00a0 Descripci\u00f3n del Producto: RAPE SNUFF GUABA es un rap\u00e9 sagrado conocido por su uso tradicional en las culturas ind\u00edgenas amaz\u00f3nicas. Elaborado a partir de las semillas de la planta Inga Edulis, este rap\u00e9 finamente pulverizado tiene una larga historia de uso en\u2026","rel":"","context":"Puesto similar","block_context":{"text":"Puesto similar","link":""},"img":{"alt_text":"RAP\u00c9 SNUFF GUABA","src":"https:\/\/i0.wp.com\/mayantop.com\/wp-content\/uploads\/2021\/12\/Rape-06-1.jpg?resize=350%2C200&ssl=1","width":350,"height":200,"srcset":"https:\/\/i0.wp.com\/mayantop.com\/wp-content\/uploads\/2021\/12\/Rape-06-1.jpg?resize=350%2C200&ssl=1 1x, https:\/\/i0.wp.com\/mayantop.com\/wp-content\/uploads\/2021\/12\/Rape-06-1.jpg?resize=525%2C300&ssl=1 1.5x, https:\/\/i0.wp.com\/mayantop.com\/wp-content\/uploads\/2021\/12\/Rape-06-1.jpg?resize=700%2C400&ssl=1 2x"},"classes":[]},{"id":38352,"url":"https:\/\/mayantop.com\/es\/productos\/rape-snuff-de-pashaca-schizolobium-parahybum\/","url_meta":{"origin":38353,"position":4},"title":"RAP\u00c9 SNUFF DE PASHACA \/ 5gr a 100gr \/ - (Schizolobium Parahybum) - Corteza de Fresno Natural y Fuerte","author":"Nicolas Rios","date":"7 de diciembre de 2021","format":false,"excerpt":"RAP\u00c9 PASHACA SNUFF EN VENTA (Schizolobium Parahybum) \u00a0 Descripci\u00f3n del Producto: RAP\u00c9 SNUFF DE PASHACA es un rap\u00e9 sagrado y finamente pulverizado elaborado a partir de las hojas y semillas del \u00e1rbol Schizolobium Parahybum. Esta preparaci\u00f3n tradicional amaz\u00f3nica tiene un profundo significado cultural y espiritual entre las comunidades ind\u00edgenas. Es\u2026","rel":"","context":"Puesto similar","block_context":{"text":"Puesto similar","link":""},"img":{"alt_text":"Rape Snuff DE Pashaca","src":"https:\/\/i0.wp.com\/mayantop.com\/wp-content\/uploads\/2021\/12\/Rape-06.jpg?resize=350%2C200&ssl=1","width":350,"height":200,"srcset":"https:\/\/i0.wp.com\/mayantop.com\/wp-content\/uploads\/2021\/12\/Rape-06.jpg?resize=350%2C200&ssl=1 1x, https:\/\/i0.wp.com\/mayantop.com\/wp-content\/uploads\/2021\/12\/Rape-06.jpg?resize=525%2C300&ssl=1 1.5x, https:\/\/i0.wp.com\/mayantop.com\/wp-content\/uploads\/2021\/12\/Rape-06.jpg?resize=700%2C400&ssl=1 2x"},"classes":[]},{"id":38184,"url":"https:\/\/mayantop.com\/es\/productos\/rape-snuff-de-ceniza-de-yopo-anadenanthera-peregrina\/","url_meta":{"origin":38353,"position":5},"title":"RAP\u00c9 SNUFF DE CENIZA DE YOPO \/ 5gr a 100gr \/ - (Anadenanthera Peregrina) - 100 % Natural","author":"Nicolas Rios","date":"7 de diciembre de 2021","format":false,"excerpt":"RAP\u00c9 SNUFF DE CENIZA DE YOPO\u00a0 EN VENTA (Anadenanthera Peregrina) \u00a0 Descripci\u00f3n del Producto: El RAP\u00c9 SNUFF DE CENIZA DE YOPO (Anadenanthera Peregrina) es un preparado de rap\u00e9 tradicional elaborado a partir de las semillas del \u00e1rbol Yopo (Anadenanthera peregrina) combinadas con ceniza. Este producto \u00fanico y culturalmente significativo es\u2026","rel":"","context":"Puesto similar","block_context":{"text":"Puesto similar","link":""},"img":{"alt_text":"RAP\u00c9 SNUFF DE CENIZA DE YOPO","src":"https:\/\/i0.wp.com\/mayantop.com\/wp-content\/uploads\/2021\/12\/Rape-04.jpg?resize=350%2C200&ssl=1","width":350,"height":200,"srcset":"https:\/\/i0.wp.com\/mayantop.com\/wp-content\/uploads\/2021\/12\/Rape-04.jpg?resize=350%2C200&ssl=1 1x, https:\/\/i0.wp.com\/mayantop.com\/wp-content\/uploads\/2021\/12\/Rape-04.jpg?resize=525%2C300&ssl=1 1.5x, https:\/\/i0.wp.com\/mayantop.com\/wp-content\/uploads\/2021\/12\/Rape-04.jpg?resize=700%2C400&ssl=1 2x"},"classes":[]}],"jetpack_sharing_enabled":true,"_links":{"self":[{"href":"https:\/\/mayantop.com\/es\/wp-json\/wp\/v2\/product\/38353","targetHints":{"allow":["GET"]}}],"collection":[{"href":"https:\/\/mayantop.com\/es\/wp-json\/wp\/v2\/product"}],"about":[{"href":"https:\/\/mayantop.com\/es\/wp-json\/wp\/v2\/types\/product"}],"replies":[{"embeddable":true,"href":"https:\/\/mayantop.com\/es\/wp-json\/wp\/v2\/comments?post=38353"}],"version-history":[{"count":0,"href":"https:\/\/mayantop.com\/es\/wp-json\/wp\/v2\/product\/38353\/revisions"}],"wp:featuredmedia":[{"embeddable":true,"href":"https:\/\/mayantop.com\/es\/wp-json\/wp\/v2\/media\/19332"}],"wp:attachment":[{"href":"https:\/\/mayantop.com\/es\/wp-json\/wp\/v2\/media?parent=38353"}],"wp:term":[{"taxonomy":"product_brand","embeddable":true,"href":"https:\/\/mayantop.com\/es\/wp-json\/wp\/v2\/product_brand?post=38353"},{"taxonomy":"product_cat","embeddable":true,"href":"https:\/\/mayantop.com\/es\/wp-json\/wp\/v2\/product_cat?post=38353"},{"taxonomy":"product_tag","embeddable":true,"href":"https:\/\/mayantop.com\/es\/wp-json\/wp\/v2\/product_tag?post=38353"},{"taxonomy":"giftcard-category","embeddable":true,"href":"https:\/\/mayantop.com\/es\/wp-json\/wp\/v2\/giftcard-category?post=38353"}],"curies":[{"name":"wp","href":"https:\/\/api.w.org\/{rel}","templated":true}]}}