{"id":36845,"date":"2021-12-07T17:03:55","date_gmt":"2021-12-07T22:03:55","guid":{"rendered":"https:\/\/mayantop.com\/producto\/eop-aceite-esencial-de-palo-rosa-tipuana-tipu\/"},"modified":"2025-06-16T14:29:48","modified_gmt":"2025-06-16T19:29:48","slug":"palo-rosa-en-esencia-de-aceite-tipuana-tipu","status":"publish","type":"product","link":"https:\/\/mayantop.com\/es\/productos\/palo-rosa-en-esencia-de-aceite-tipuana-tipu\/","title":{"rendered":"EOP - Aceite esencial de PALO ROSA - (Tipuana tipu)"},"content":{"rendered":"<h2>Aceite esencial de PALO ROSA - (Tipuana tipu)  <strong> <\/strong><\/h2>\n<p>El Palo Rosa es originario del Amazonas, los nativos de la zona conocen sus propiedades curativas y regeneradoras de la piel. Actualmente se utiliza en la aromaterapia moderna y es muy apreciado en la industria cosm\u00e9tica.<br \/>\nHoy protegido por la CITES, su uso se trabaja de forma sostenible por EOP.<br \/>\nDelicado aroma floral con notas amaderadas.<br \/>\nAyurveda: Aumenta la energ\u00eda en Vata.<\/p>\n<h6><strong>Nota:<\/strong><\/h6>\n<p>Los productos Mayantop son obtenidos y comercializados en estado puro y de origen 100% natural a comunidades nativas. No contienen ning\u00fan tipo de pesticida, qu\u00edmico, herbicida ni ninguna otra sustancia que sea artificial.<\/p>\n<h6><strong>Descargo de responsabilidad:<\/strong><\/h6>\n<ul>\n<li>Estos efectos de este producto est\u00e1n respaldados por la experiencia emp\u00edrica de la medicina tradicional milenaria con excelentes resultados. La ausencia de efectos secundarios nocivos si se administra en la dosis correcta. Pero la informaci\u00f3n identificada aqu\u00ed no es de ninguna manera una ordenanza o prescripci\u00f3n.<\/li>\n<li>El uso de estos productos naturales no sustituye a una consulta m\u00e9dica.<\/li>\n<li>Todos los productos son legales en nuestro pa\u00eds de origen, es responsabilidad del cliente investigar la legalidad del mismo en el pa\u00eds de destino.<\/li>\n<li>Las declaraciones y enlaces a sitios web que contiene no han sido evaluados por la FDA ni por las autoridades internacionales de alimentos y medicamentos.<\/li>\n<li>De ninguna manera implican afirmaciones m\u00e9dicas sobre la capacidad o eficacia de cualquiera de nuestros productos para tratar, prevenir o mitigar cualquier enfermedad o dolencia.<\/li>\n<li>El uso y la aplicaci\u00f3n de nuestros productos son responsabilidad exclusiva del cliente.<\/li>\n<\/ul>\n","protected":false},"excerpt":{"rendered":"<p>Aceite esencial de PALO ROSA - (Tipuana tipu) El Palo Rosa es originario del Amazonas, los nativos de la zona<\/p>\n","protected":false},"featured_media":17902,"comment_status":"open","ping_status":"closed","template":"","meta":{"_joinchat":[],"jetpack_publicize_message":"","jetpack_publicize_feature_enabled":true,"jetpack_social_post_already_shared":true,"jetpack_social_options":{"image_generator_settings":{"template":"highway","default_image_id":0,"font":"","enabled":false},"version":2}},"product_brand":[],"product_cat":[553,544],"product_tag":[],"giftcard-category":[],"class_list":{"0":"post-36845","1":"product","2":"type-product","3":"status-publish","4":"has-post-thumbnail","6":"product_cat-aceites-esencias-en-venta","7":"product_cat-dhl-o-fedex","8":"product_shipping_class-envios-generales","10":"first","11":"instock","12":"sale","13":"taxable","14":"shipping-taxable","15":"purchasable","16":"product-type-simple"},"jetpack_publicize_connections":[],"jetpack-related-posts":[{"id":36783,"url":"https:\/\/mayantop.com\/es\/productos\/palo-santo-en-esencia-de-aceite-bursera-graveolens\/","url_meta":{"origin":36845,"position":0},"title":"EOP - PALO SANTO - (Bursera graveolens)","author":"Nicolas Rios","date":"7 de diciembre de 2021","format":false,"excerpt":"PALO SANTO EN ESENCIA DE ACEITE - (Bursera graveolens) El \u00e1rbol del \"PALO SANTO EN ESENCIA DE ACEITE\" o Palo Santo tiene una historia ancestral que se remonta a las culturas preincaicas, utilizado tradicionalmente para ahuyentar las malas vibraciones y como elemento importante en las ceremonias religiosas. Mejora el estado\u2026","rel":"","context":"Puesto similar","block_context":{"text":"Puesto similar","link":""},"img":{"alt_text":"PALO SANTO EN ESENCIA DE ACEITE","src":"https:\/\/i0.wp.com\/mayantop.com\/wp-content\/uploads\/2021\/12\/Palo-Santo-Escencia-1000-X-1000-px.jpg?resize=350%2C200&ssl=1","width":350,"height":200,"srcset":"https:\/\/i0.wp.com\/mayantop.com\/wp-content\/uploads\/2021\/12\/Palo-Santo-Escencia-1000-X-1000-px.jpg?resize=350%2C200&ssl=1 1x, https:\/\/i0.wp.com\/mayantop.com\/wp-content\/uploads\/2021\/12\/Palo-Santo-Escencia-1000-X-1000-px.jpg?resize=525%2C300&ssl=1 1.5x, https:\/\/i0.wp.com\/mayantop.com\/wp-content\/uploads\/2021\/12\/Palo-Santo-Escencia-1000-X-1000-px.jpg?resize=700%2C400&ssl=1 2x"},"classes":[]},{"id":36773,"url":"https:\/\/mayantop.com\/es\/productos\/inka-muna-en-esencia-de-aceite-minthostachys-mollis\/","url_meta":{"origin":36845,"position":1},"title":"EOP - Aceite Esencial INKA MU\u00d1A - (Minthostachys mollis)","author":"Nicolas Rios","date":"7 de diciembre de 2021","format":false,"excerpt":"Aceite esencial INKA MU\u00d1A - (Minthostachys mollis) Inka Mu\u00f1a Produce una sensaci\u00f3n refrescante que vigoriza el cuerpo y despeja la mente sin causar fr\u00edo. Refresca los ambientes y elimina los malos olores. Tradicionalmente utilizada como digestivo y contra el mal de altura (soroche), fue una planta importante desde la \u00e9poca\u2026","rel":"","context":"Puesto similar","block_context":{"text":"Puesto similar","link":""},"img":{"alt_text":"inka mu\u00f1a","src":"https:\/\/i0.wp.com\/mayantop.com\/wp-content\/uploads\/2021\/12\/Muna-escencia-1000-X-1000-px.jpg?resize=350%2C200&ssl=1","width":350,"height":200,"srcset":"https:\/\/i0.wp.com\/mayantop.com\/wp-content\/uploads\/2021\/12\/Muna-escencia-1000-X-1000-px.jpg?resize=350%2C200&ssl=1 1x, https:\/\/i0.wp.com\/mayantop.com\/wp-content\/uploads\/2021\/12\/Muna-escencia-1000-X-1000-px.jpg?resize=525%2C300&ssl=1 1.5x, https:\/\/i0.wp.com\/mayantop.com\/wp-content\/uploads\/2021\/12\/Muna-escencia-1000-X-1000-px.jpg?resize=700%2C400&ssl=1 2x"},"classes":[]},{"id":36786,"url":"https:\/\/mayantop.com\/fr\/productos\/palo-rosa-huile-essentielle-tipuana-tipu\/","url_meta":{"origin":36845,"position":2},"title":"EOP - PALO ROSA Huile Essentielle - (Tipuana tipu)","author":"Nicolas Rios","date":"7 de diciembre de 2021","format":false,"excerpt":"Huile essentielle de PALO ROSA - (Tipuana tipu) Le Palo Rosa est originaire de l'Amazonie, les indig\u00e8nes de la r\u00e9gion connaissent ses propri\u00e9t\u00e9s curatives et r\u00e9g\u00e9n\u00e9ratrices de la peau. Elle est actuellement utilis\u00e9e dans l'aromath\u00e9rapie moderne et tr\u00e8s appr\u00e9ci\u00e9e dans l'industrie cosm\u00e9tique. Aujourd'hui prot\u00e9g\u00e9e par la CITES, son utilisation est\u2026","rel":"","context":"Puesto similar","block_context":{"text":"Puesto similar","link":""},"img":{"alt_text":"Palo Rosa","src":"https:\/\/i0.wp.com\/mayantop.com\/wp-content\/uploads\/2021\/12\/Palo-Rosa-1000-X-1000-px.jpg?resize=350%2C200&ssl=1","width":350,"height":200,"srcset":"https:\/\/i0.wp.com\/mayantop.com\/wp-content\/uploads\/2021\/12\/Palo-Rosa-1000-X-1000-px.jpg?resize=350%2C200&ssl=1 1x, https:\/\/i0.wp.com\/mayantop.com\/wp-content\/uploads\/2021\/12\/Palo-Rosa-1000-X-1000-px.jpg?resize=525%2C300&ssl=1 1.5x, https:\/\/i0.wp.com\/mayantop.com\/wp-content\/uploads\/2021\/12\/Palo-Rosa-1000-X-1000-px.jpg?resize=700%2C400&ssl=1 2x"},"classes":[]},{"id":40655,"url":"https:\/\/mayantop.com\/es\/productos\/palo-santo-en-venta-bursera-graveolens\/","url_meta":{"origin":36845,"position":3},"title":"PALO SANTO \/ 100gr - 1kg \/ - (Bursera Graveolens) - Palo Santo","author":"Nicolas Rios","date":"7 de diciembre de 2021","format":false,"excerpt":"Palo Santo: Abrace la tranquilidad de la Bursera Graveolens \u00a0 Descripci\u00f3n del producto Ad\u00e9ntrese en un mundo de serenidad con el Palo Santo, un tesoro arom\u00e1tico procedente del m\u00edstico \u00e1rbol Bursera Graveolens. Esta madera sagrada ha sido apreciada durante siglos por sus propiedades calmantes y su significado espiritual. Palo Santo\u2026","rel":"","context":"Puesto similar","block_context":{"text":"Puesto similar","link":""},"img":{"alt_text":"Palo Santo","src":"https:\/\/i0.wp.com\/mayantop.com\/wp-content\/uploads\/2021\/12\/Palo-Santo-1000-X-1000-px.jpg?resize=350%2C200&ssl=1","width":350,"height":200,"srcset":"https:\/\/i0.wp.com\/mayantop.com\/wp-content\/uploads\/2021\/12\/Palo-Santo-1000-X-1000-px.jpg?resize=350%2C200&ssl=1 1x, https:\/\/i0.wp.com\/mayantop.com\/wp-content\/uploads\/2021\/12\/Palo-Santo-1000-X-1000-px.jpg?resize=525%2C300&ssl=1 1.5x, https:\/\/i0.wp.com\/mayantop.com\/wp-content\/uploads\/2021\/12\/Palo-Santo-1000-X-1000-px.jpg?resize=700%2C400&ssl=1 2x"},"classes":[]},{"id":40684,"url":"https:\/\/mayantop.com\/es\/productos\/aceite-esencial-oje-hoje-ficus-insipida-100-puro-sin-diluir\/","url_meta":{"origin":36845,"position":4},"title":"OJ\u00c9 - HOJ\u00c9 ESENCIA DE ACEITE - (Ficus Insipida) \/ 100% Puro sin Diluir","author":"Nicolas Rios","date":"7 de diciembre de 2021","format":false,"excerpt":"OJ\u00c9 - HOJ\u00c9 ESENCIA DE ACEITE: Libere el Poder Curativo del Ficus Insipida \u00a0 Descripci\u00f3n del producto Experimente las extraordinarias propiedades curativas del OJ\u00c9 - HOJ\u00c9 EN ACEITE, un elixir natural derivado del venerado \u00e1rbol Ficus Insipida. Este aceite esencial es una fuente de energ\u00eda hol\u00edstica que puede transformar su\u2026","rel":"","context":"Puesto similar","block_context":{"text":"Puesto similar","link":""},"img":{"alt_text":"oje hoje","src":"https:\/\/i0.wp.com\/mayantop.com\/wp-content\/uploads\/2021\/12\/oje-hoje.png?resize=350%2C200&ssl=1","width":350,"height":200,"srcset":"https:\/\/i0.wp.com\/mayantop.com\/wp-content\/uploads\/2021\/12\/oje-hoje.png?resize=350%2C200&ssl=1 1x, https:\/\/i0.wp.com\/mayantop.com\/wp-content\/uploads\/2021\/12\/oje-hoje.png?resize=525%2C300&ssl=1 1.5x, https:\/\/i0.wp.com\/mayantop.com\/wp-content\/uploads\/2021\/12\/oje-hoje.png?resize=700%2C400&ssl=1 2x"},"classes":[]},{"id":38282,"url":"https:\/\/mayantop.com\/es\/productos\/sacha-canela-en-polvo-en-venta-ocotea-aciphylla\/","url_meta":{"origin":36845,"position":5},"title":"SACHA CANELA EN POLVO \/ 200gr a 2kg - (Ocotea Aciphylla) - Hierbas en Polvo 100% Natural BARK","author":"Nicolas Rios","date":"7 de diciembre de 2021","format":false,"excerpt":"SACHA CANELA EN VENTA (Ocotea Aciphylla) \u00a0 Descripci\u00f3n del Producto: La SACHA CANELA, cient\u00edficamente conocida como Ocotea Aciphylla, es un extraordinario tesoro bot\u00e1nico que se encuentra en las exuberantes selvas tropicales de Sudam\u00e9rica, especialmente en regiones como la cuenca del Amazonas. Este \u00e1rbol arom\u00e1tico es famoso por sus vers\u00e1tiles aplicaciones\u2026","rel":"","context":"Puesto similar","block_context":{"text":"Puesto similar","link":""},"img":{"alt_text":"Sacha Canela","src":"https:\/\/i0.wp.com\/mayantop.com\/wp-content\/uploads\/2021\/12\/POLVO-13-3.jpg?resize=350%2C200&ssl=1","width":350,"height":200,"srcset":"https:\/\/i0.wp.com\/mayantop.com\/wp-content\/uploads\/2021\/12\/POLVO-13-3.jpg?resize=350%2C200&ssl=1 1x, https:\/\/i0.wp.com\/mayantop.com\/wp-content\/uploads\/2021\/12\/POLVO-13-3.jpg?resize=525%2C300&ssl=1 1.5x, https:\/\/i0.wp.com\/mayantop.com\/wp-content\/uploads\/2021\/12\/POLVO-13-3.jpg?resize=700%2C400&ssl=1 2x"},"classes":[]}],"jetpack_sharing_enabled":true,"_links":{"self":[{"href":"https:\/\/mayantop.com\/es\/wp-json\/wp\/v2\/product\/36845","targetHints":{"allow":["GET"]}}],"collection":[{"href":"https:\/\/mayantop.com\/es\/wp-json\/wp\/v2\/product"}],"about":[{"href":"https:\/\/mayantop.com\/es\/wp-json\/wp\/v2\/types\/product"}],"replies":[{"embeddable":true,"href":"https:\/\/mayantop.com\/es\/wp-json\/wp\/v2\/comments?post=36845"}],"version-history":[{"count":1,"href":"https:\/\/mayantop.com\/es\/wp-json\/wp\/v2\/product\/36845\/revisions"}],"predecessor-version":[{"id":61296,"href":"https:\/\/mayantop.com\/es\/wp-json\/wp\/v2\/product\/36845\/revisions\/61296"}],"wp:featuredmedia":[{"embeddable":true,"href":"https:\/\/mayantop.com\/es\/wp-json\/wp\/v2\/media\/17902"}],"wp:attachment":[{"href":"https:\/\/mayantop.com\/es\/wp-json\/wp\/v2\/media?parent=36845"}],"wp:term":[{"taxonomy":"product_brand","embeddable":true,"href":"https:\/\/mayantop.com\/es\/wp-json\/wp\/v2\/product_brand?post=36845"},{"taxonomy":"product_cat","embeddable":true,"href":"https:\/\/mayantop.com\/es\/wp-json\/wp\/v2\/product_cat?post=36845"},{"taxonomy":"product_tag","embeddable":true,"href":"https:\/\/mayantop.com\/es\/wp-json\/wp\/v2\/product_tag?post=36845"},{"taxonomy":"giftcard-category","embeddable":true,"href":"https:\/\/mayantop.com\/es\/wp-json\/wp\/v2\/giftcard-category?post=36845"}],"curies":[{"name":"wp","href":"https:\/\/api.w.org\/{rel}","templated":true}]}}