{"id":36783,"date":"2021-12-07T17:03:56","date_gmt":"2021-12-07T22:03:56","guid":{"rendered":"https:\/\/mayantop.com\/producto\/eop-aceite-esencial-de-palo-santo-bursera-graveolens\/"},"modified":"2025-06-16T14:29:28","modified_gmt":"2025-06-16T19:29:28","slug":"palo-santo-en-esencia-de-aceite-bursera-graveolens","status":"publish","type":"product","link":"https:\/\/mayantop.com\/es\/productos\/palo-santo-en-esencia-de-aceite-bursera-graveolens\/","title":{"rendered":"EOP - PALO SANTO - (Bursera graveolens)"},"content":{"rendered":"<h2><strong>PALO SANTO EN ESENCIA DE ACEITE - (Bursera graveolens) <\/strong><\/h2>\n<p>El \u00e1rbol del \u00abPALO SANTO EN ESENCIA DE ACEITE\u00bb o Palo Santo tiene una historia ancestral que se remonta a las culturas preincaicas, utilizado tradicionalmente para ahuyentar las malas vibraciones y como elemento importante en las ceremonias religiosas.<\/p>\n<p>Mejora el estado de \u00e1nimo, protege, purifica y consigue un ambiente armonioso. Aceite de Palo Santo Se recomienda su uso en clases de yoga o meditaci\u00f3n.<\/p>\n<p>Ayurveda: Equilibra el viento por lo que ayuda a tratar los problemas causados por los doshas Vata y Kapha.<\/p>\n<h6><strong>Nota:<\/strong><\/h6>\n<p>Los productos Mayantop son obtenidos y comercializados en estado puro y de origen 100% natural a comunidades nativas. No contienen ning\u00fan tipo de pesticida, qu\u00edmico, herbicida ni ninguna otra sustancia que sea artificial.<\/p>\n<h6><strong>Descargo de responsabilidad:<\/strong><\/h6>\n<ul>\n<li>Estos efectos de este producto est\u00e1n respaldados por la experiencia emp\u00edrica de la medicina tradicional milenaria con excelentes resultados. La ausencia de efectos secundarios nocivos si se administra en la dosis correcta. Pero la informaci\u00f3n identificada aqu\u00ed no es de ninguna manera una ordenanza o prescripci\u00f3n.<\/li>\n<li>El uso de estos productos naturales no sustituye a una consulta m\u00e9dica.<\/li>\n<li>Todos los productos son legales en nuestro pa\u00eds de origen, es responsabilidad del cliente investigar la legalidad del mismo en el pa\u00eds de destino.<\/li>\n<li>Las declaraciones y enlaces a sitios web que contiene no han sido evaluados por la FDA ni por las autoridades internacionales de alimentos y medicamentos.<\/li>\n<li>De ninguna manera implican afirmaciones m\u00e9dicas sobre la capacidad o eficacia de cualquiera de nuestros productos para tratar, prevenir o mitigar cualquier enfermedad o dolencia.<\/li>\n<li>El uso y la aplicaci\u00f3n de nuestros productos son responsabilidad exclusiva del cliente.<\/li>\n<\/ul>\n","protected":false},"excerpt":{"rendered":"<p>PALO SANTO EN ESENCIA DE ACEITE - (Bursera graveolens) El \u00e1rbol del \u00abPALO SANTO EN ESENCIA DE ACEITE\u00bb o Palo<\/p>\n","protected":false},"featured_media":17814,"comment_status":"open","ping_status":"closed","template":"","meta":{"_joinchat":[],"jetpack_publicize_message":"","jetpack_publicize_feature_enabled":true,"jetpack_social_post_already_shared":true,"jetpack_social_options":{"image_generator_settings":{"template":"highway","default_image_id":0,"font":"","enabled":false},"version":2}},"product_brand":[],"product_cat":[553,544],"product_tag":[],"giftcard-category":[],"class_list":{"0":"post-36783","1":"product","2":"type-product","3":"status-publish","4":"has-post-thumbnail","6":"product_cat-aceites-esencias-en-venta","7":"product_cat-dhl-o-fedex","8":"product_shipping_class-envios-generales","10":"first","11":"instock","12":"taxable","13":"shipping-taxable","14":"purchasable","15":"product-type-simple"},"jetpack_publicize_connections":[],"jetpack-related-posts":[{"id":40655,"url":"https:\/\/mayantop.com\/es\/productos\/palo-santo-en-venta-bursera-graveolens\/","url_meta":{"origin":36783,"position":0},"title":"PALO SANTO \/ 100gr - 1kg \/ - (Bursera Graveolens) - Palo Santo","author":"Nicolas Rios","date":"7 de diciembre de 2021","format":false,"excerpt":"Palo Santo: Abrace la tranquilidad de la Bursera Graveolens \u00a0 Descripci\u00f3n del producto Ad\u00e9ntrese en un mundo de serenidad con el Palo Santo, un tesoro arom\u00e1tico procedente del m\u00edstico \u00e1rbol Bursera Graveolens. Esta madera sagrada ha sido apreciada durante siglos por sus propiedades calmantes y su significado espiritual. Palo Santo\u2026","rel":"","context":"Puesto similar","block_context":{"text":"Puesto similar","link":""},"img":{"alt_text":"Palo Santo","src":"https:\/\/i0.wp.com\/mayantop.com\/wp-content\/uploads\/2021\/12\/Palo-Santo-1000-X-1000-px.jpg?resize=350%2C200&ssl=1","width":350,"height":200,"srcset":"https:\/\/i0.wp.com\/mayantop.com\/wp-content\/uploads\/2021\/12\/Palo-Santo-1000-X-1000-px.jpg?resize=350%2C200&ssl=1 1x, https:\/\/i0.wp.com\/mayantop.com\/wp-content\/uploads\/2021\/12\/Palo-Santo-1000-X-1000-px.jpg?resize=525%2C300&ssl=1 1.5x, https:\/\/i0.wp.com\/mayantop.com\/wp-content\/uploads\/2021\/12\/Palo-Santo-1000-X-1000-px.jpg?resize=700%2C400&ssl=1 2x"},"classes":[]},{"id":36845,"url":"https:\/\/mayantop.com\/es\/productos\/palo-rosa-en-esencia-de-aceite-tipuana-tipu\/","url_meta":{"origin":36783,"position":1},"title":"EOP - Aceite esencial de PALO ROSA - (Tipuana tipu)","author":"Nicolas Rios","date":"7 de diciembre de 2021","format":false,"excerpt":"Aceite esencial de PALO ROSA - (Tipuana tipu) El Palo Rosa es originario del Amazonas, los nativos de la zona conocen sus propiedades curativas y regeneradoras de la piel. Actualmente se utiliza en la aromaterapia moderna y es muy apreciado en la industria cosm\u00e9tica. Hoy protegido por la CITES, su\u2026","rel":"","context":"Puesto similar","block_context":{"text":"Puesto similar","link":""},"img":{"alt_text":"Palo Rosa","src":"https:\/\/i0.wp.com\/mayantop.com\/wp-content\/uploads\/2021\/12\/Palo-Rosa-1000-X-1000-px.jpg?resize=350%2C200&ssl=1","width":350,"height":200,"srcset":"https:\/\/i0.wp.com\/mayantop.com\/wp-content\/uploads\/2021\/12\/Palo-Rosa-1000-X-1000-px.jpg?resize=350%2C200&ssl=1 1x, https:\/\/i0.wp.com\/mayantop.com\/wp-content\/uploads\/2021\/12\/Palo-Rosa-1000-X-1000-px.jpg?resize=525%2C300&ssl=1 1.5x, https:\/\/i0.wp.com\/mayantop.com\/wp-content\/uploads\/2021\/12\/Palo-Rosa-1000-X-1000-px.jpg?resize=700%2C400&ssl=1 2x"},"classes":[]},{"id":37382,"url":"https:\/\/mayantop.com\/es\/productos\/collar-de-kuripe-de-palo-santo-collar-pona-aplicador\/","url_meta":{"origin":36783,"position":2},"title":"COLLAR DE KURIPE DE PALO SANTO - Hecho a mano con Ayahuasca y Pona, Art\u00edculo especial para aplicador de Rap\u00e9.","author":"Nicolas Rios","date":"7 de diciembre de 2021","format":false,"excerpt":"COLLAR DE KURIPE DE PALO SANTO: Una creaci\u00f3n \u00fanica de Ayahuasca y Pona hecha a mano \u00a0 Descripci\u00f3n del producto El collar de Kuripe de Palo Santo es una pieza \u00fanica que combina el poder espiritual de la madera de Palo Santo, la vid Ayahuasca y las semillas de Pona\u2026","rel":"","context":"Puesto similar","block_context":{"text":"Puesto similar","link":""},"img":{"alt_text":"COLLAR DE KURIPE DE PALO SANTO","src":"https:\/\/i0.wp.com\/mayantop.com\/wp-content\/uploads\/2021\/12\/collar-kuripe-palo-santo-3.jpg?resize=350%2C200&ssl=1","width":350,"height":200,"srcset":"https:\/\/i0.wp.com\/mayantop.com\/wp-content\/uploads\/2021\/12\/collar-kuripe-palo-santo-3.jpg?resize=350%2C200&ssl=1 1x, https:\/\/i0.wp.com\/mayantop.com\/wp-content\/uploads\/2021\/12\/collar-kuripe-palo-santo-3.jpg?resize=525%2C300&ssl=1 1.5x, https:\/\/i0.wp.com\/mayantop.com\/wp-content\/uploads\/2021\/12\/collar-kuripe-palo-santo-3.jpg?resize=700%2C400&ssl=1 2x"},"classes":[]},{"id":39650,"url":"https:\/\/mayantop.com\/es\/productos\/andiroba-en-esencia-de-aceite-carapa-guianensis\/","url_meta":{"origin":36783,"position":3},"title":"ANDIROBA EN ESENCIA DE ACEITE - (Carapa Guianensis) \/ 100% Org\u00e1nico sin diluir","author":"Nicolas Rios","date":"7 de diciembre de 2021","format":false,"excerpt":"ANDIROBA EN ESENCIA DE ACEITE EN VENTA: Elixir Curativo de la Naturaleza - Carapa Guianensis Descripci\u00f3n del Producto: El ANDIROBA EN ESENCIA DE ACEITE\u00a0es un preciado elixir derivado de las semillas del \u00e1rbol Carapa Guianensis. Este aceite es c\u00e9lebre por sus vers\u00e1tiles aplicaciones en remedios naturales, cosm\u00e9tica y aromaterapia. Tiene\u2026","rel":"","context":"Puesto similar","block_context":{"text":"Puesto similar","link":""},"img":{"alt_text":"Andiroba","src":"https:\/\/i0.wp.com\/mayantop.com\/wp-content\/uploads\/2021\/12\/Andiroba-1000-X-1000-px.jpg?resize=350%2C200&ssl=1","width":350,"height":200,"srcset":"https:\/\/i0.wp.com\/mayantop.com\/wp-content\/uploads\/2021\/12\/Andiroba-1000-X-1000-px.jpg?resize=350%2C200&ssl=1 1x, https:\/\/i0.wp.com\/mayantop.com\/wp-content\/uploads\/2021\/12\/Andiroba-1000-X-1000-px.jpg?resize=525%2C300&ssl=1 1.5x, https:\/\/i0.wp.com\/mayantop.com\/wp-content\/uploads\/2021\/12\/Andiroba-1000-X-1000-px.jpg?resize=700%2C400&ssl=1 2x"},"classes":[]},{"id":39668,"url":"https:\/\/mayantop.com\/es\/productos\/aguaje-en-esencia-de-aceite-mauritia-flexuosa\/","url_meta":{"origin":36783,"position":4},"title":"AGUAJE EN ESENCIA DE ACEITE - (Mauritia Flexuosa) \/ 100% Org\u00e1nico sin diluir","author":"Nicolas Rios","date":"7 de diciembre de 2021","format":false,"excerpt":"AGUAJE EN ESENCIA DE ACEITE EN VENTA: Nutrir y Revitalizar con Mauritia Flexuosa Descripci\u00f3n del Producto: El AGUAJE EN ESENCIA DE ACEITE, derivado del fruto de la palmera Mauritia Flexuosa, es un elixir potente y natural. Este aceite, tambi\u00e9n conocido como burahem, puede describirse como un l\u00edquido rico de color\u2026","rel":"","context":"Puesto similar","block_context":{"text":"Puesto similar","link":""},"img":{"alt_text":"AGUAJE EN ESENCIA DE ACEITE","src":"https:\/\/i0.wp.com\/mayantop.com\/wp-content\/uploads\/2021\/12\/Agiaje-1000-X-1000-px.jpg?resize=350%2C200&ssl=1","width":350,"height":200,"srcset":"https:\/\/i0.wp.com\/mayantop.com\/wp-content\/uploads\/2021\/12\/Agiaje-1000-X-1000-px.jpg?resize=350%2C200&ssl=1 1x, https:\/\/i0.wp.com\/mayantop.com\/wp-content\/uploads\/2021\/12\/Agiaje-1000-X-1000-px.jpg?resize=525%2C300&ssl=1 1.5x, https:\/\/i0.wp.com\/mayantop.com\/wp-content\/uploads\/2021\/12\/Agiaje-1000-X-1000-px.jpg?resize=700%2C400&ssl=1 2x"},"classes":[]},{"id":40268,"url":"https:\/\/mayantop.com\/es\/productos\/ungurahui-esencia-en-aceite-oenocarpus-bataua\/","url_meta":{"origin":36783,"position":5},"title":"UNGURAHUI ESENCIA DE ACEITE - (Oenocarpus Bataua) \/ 100% Puro Sin Diluir","author":"Nicolas Rios","date":"7 de diciembre de 2021","format":false,"excerpt":"UNGURAHUI ESENCIA EN ACEITE EN VENTA (Oenocarpus Bataua): El Elixir de la Naturaleza para un Bienestar Radiante \u00a0 Descripci\u00f3n del Producto: Experimente lo \u00faltimo en bienestar natural con nuestro UNGURAHUI ESENCIA EN ACEITE (Oenocarpus Bataua). Derivado del preciado fruto del Oenocarpus Bataua, este aceite esencial es un elixir de la\u2026","rel":"","context":"Puesto similar","block_context":{"text":"Puesto similar","link":""},"img":{"alt_text":"ungurahui oil","src":"https:\/\/i0.wp.com\/mayantop.com\/wp-content\/uploads\/2021\/12\/aceite-de-ungurahui.jpg?resize=350%2C200&ssl=1","width":350,"height":200,"srcset":"https:\/\/i0.wp.com\/mayantop.com\/wp-content\/uploads\/2021\/12\/aceite-de-ungurahui.jpg?resize=350%2C200&ssl=1 1x, https:\/\/i0.wp.com\/mayantop.com\/wp-content\/uploads\/2021\/12\/aceite-de-ungurahui.jpg?resize=525%2C300&ssl=1 1.5x, https:\/\/i0.wp.com\/mayantop.com\/wp-content\/uploads\/2021\/12\/aceite-de-ungurahui.jpg?resize=700%2C400&ssl=1 2x"},"classes":[]}],"jetpack_sharing_enabled":true,"_links":{"self":[{"href":"https:\/\/mayantop.com\/es\/wp-json\/wp\/v2\/product\/36783","targetHints":{"allow":["GET"]}}],"collection":[{"href":"https:\/\/mayantop.com\/es\/wp-json\/wp\/v2\/product"}],"about":[{"href":"https:\/\/mayantop.com\/es\/wp-json\/wp\/v2\/types\/product"}],"replies":[{"embeddable":true,"href":"https:\/\/mayantop.com\/es\/wp-json\/wp\/v2\/comments?post=36783"}],"version-history":[{"count":0,"href":"https:\/\/mayantop.com\/es\/wp-json\/wp\/v2\/product\/36783\/revisions"}],"wp:featuredmedia":[{"embeddable":true,"href":"https:\/\/mayantop.com\/es\/wp-json\/wp\/v2\/media\/17814"}],"wp:attachment":[{"href":"https:\/\/mayantop.com\/es\/wp-json\/wp\/v2\/media?parent=36783"}],"wp:term":[{"taxonomy":"product_brand","embeddable":true,"href":"https:\/\/mayantop.com\/es\/wp-json\/wp\/v2\/product_brand?post=36783"},{"taxonomy":"product_cat","embeddable":true,"href":"https:\/\/mayantop.com\/es\/wp-json\/wp\/v2\/product_cat?post=36783"},{"taxonomy":"product_tag","embeddable":true,"href":"https:\/\/mayantop.com\/es\/wp-json\/wp\/v2\/product_tag?post=36783"},{"taxonomy":"giftcard-category","embeddable":true,"href":"https:\/\/mayantop.com\/es\/wp-json\/wp\/v2\/giftcard-category?post=36783"}],"curies":[{"name":"wp","href":"https:\/\/api.w.org\/{rel}","templated":true}]}}