{"id":36773,"date":"2021-12-07T17:03:55","date_gmt":"2021-12-07T22:03:55","guid":{"rendered":"https:\/\/mayantop.com\/producto\/eop-aceite-esencial-inka-muna-minthostachys-mollis\/"},"modified":"2025-06-16T14:29:55","modified_gmt":"2025-06-16T19:29:55","slug":"inka-muna-en-esencia-de-aceite-minthostachys-mollis","status":"publish","type":"product","link":"https:\/\/mayantop.com\/es\/productos\/inka-muna-en-esencia-de-aceite-minthostachys-mollis\/","title":{"rendered":"EOP - Aceite Esencial INKA MU\u00d1A - (Minthostachys mollis)"},"content":{"rendered":"<h2><strong>Aceite esencial INKA MU\u00d1A - (Minthostachys mollis)  <\/strong><\/h2>\n<p>Inka Mu\u00f1a Produce una sensaci\u00f3n refrescante que vigoriza el cuerpo y despeja la mente sin causar fr\u00edo. Refresca los ambientes y elimina los malos olores. Tradicionalmente utilizada como digestivo y contra el mal de altura (soroche), fue una planta importante desde la \u00e9poca de los incas al utilizarse como insecticida que proteg\u00eda las semillas. Un regalo que perdura.<br \/>\nAyurveda: Equilibrar los doshas Kapha y Vata.<\/p>\n<p><strong>Nota:<\/strong><\/p>\n<p>Los productos Mayantop son obtenidos y comercializados en estado puro y de origen 100% natural a comunidades nativas. No contienen ning\u00fan tipo de pesticida, qu\u00edmico, herbicida ni ninguna otra sustancia que sea artificial.<\/p>\n<p><strong>Descargo de responsabilidad:<\/strong><\/p>\n<ul>\n<li>Estos efectos de este producto est\u00e1n respaldados por la experiencia emp\u00edrica de la medicina tradicional milenaria con excelentes resultados. La ausencia de efectos secundarios nocivos si se administra en la dosis correcta. Pero la informaci\u00f3n identificada aqu\u00ed no es de ninguna manera una ordenanza o prescripci\u00f3n.<\/li>\n<li>El uso de estos productos naturales no sustituye a una consulta m\u00e9dica.<\/li>\n<li>Todos los productos son legales en nuestro pa\u00eds de origen, es responsabilidad del cliente investigar la legalidad del mismo en el pa\u00eds de destino.<\/li>\n<li>Las declaraciones y enlaces a sitios web que contiene no han sido evaluados por la FDA ni por las autoridades internacionales de alimentos y medicamentos.<\/li>\n<li>De ninguna manera implican afirmaciones m\u00e9dicas sobre la capacidad o eficacia de cualquiera de nuestros productos para tratar, prevenir o mitigar cualquier enfermedad o dolencia.<\/li>\n<li>El uso y la aplicaci\u00f3n de nuestros productos son responsabilidad exclusiva del cliente.<\/li>\n<\/ul>\n","protected":false},"excerpt":{"rendered":"<p>Aceite esencial INKA MU\u00d1A - (Minthostachys mollis) Inka Mu\u00f1a Produce una sensaci\u00f3n refrescante que vigoriza el cuerpo y despeja la<\/p>\n","protected":false},"featured_media":17858,"comment_status":"open","ping_status":"closed","template":"","meta":{"_joinchat":[],"jetpack_publicize_message":"","jetpack_publicize_feature_enabled":true,"jetpack_social_post_already_shared":true,"jetpack_social_options":{"image_generator_settings":{"template":"highway","default_image_id":0,"font":"","enabled":false},"version":2}},"product_brand":[],"product_cat":[553,544],"product_tag":[],"giftcard-category":[],"class_list":{"0":"post-36773","1":"product","2":"type-product","3":"status-publish","4":"has-post-thumbnail","6":"product_cat-aceites-esencias-en-venta","7":"product_cat-dhl-o-fedex","8":"product_shipping_class-envios-generales","10":"first","11":"instock","12":"sale","13":"taxable","14":"shipping-taxable","15":"purchasable","16":"product-type-simple"},"jetpack_publicize_connections":[],"jetpack-related-posts":[{"id":36910,"url":"https:\/\/mayantop.com\/fr\/productos\/inka-muna-huile-essentielle-minthostachys-mollis\/","url_meta":{"origin":36773,"position":0},"title":"EOP - INKA MU\u00d1A Huile Essentielle - (Minthostachys mollis)","author":"Nicolas Rios","date":"7 de diciembre de 2021","format":false,"excerpt":"INKA MU\u00d1A Huile Essentielle - (Minthostachys mollis) Inka Mu\u00f1a Il produit une sensation de fra\u00eecheur qui revigore le corps et clarifie l'esprit sans provoquer de refroidissement. Rafra\u00eechit les environnements et \u00e9limine les mauvaises odeurs. Traditionnellement utilis\u00e9e comme digestif et contre le mal des montagnes (soroche), elle \u00e9tait une plante importante\u2026","rel":"","context":"Puesto similar","block_context":{"text":"Puesto similar","link":""},"img":{"alt_text":"inka mu\u00f1a","src":"https:\/\/i0.wp.com\/mayantop.com\/wp-content\/uploads\/2021\/12\/Muna-escencia-1000-X-1000-px.jpg?resize=350%2C200&ssl=1","width":350,"height":200,"srcset":"https:\/\/i0.wp.com\/mayantop.com\/wp-content\/uploads\/2021\/12\/Muna-escencia-1000-X-1000-px.jpg?resize=350%2C200&ssl=1 1x, https:\/\/i0.wp.com\/mayantop.com\/wp-content\/uploads\/2021\/12\/Muna-escencia-1000-X-1000-px.jpg?resize=525%2C300&ssl=1 1.5x, https:\/\/i0.wp.com\/mayantop.com\/wp-content\/uploads\/2021\/12\/Muna-escencia-1000-X-1000-px.jpg?resize=700%2C400&ssl=1 2x"},"classes":[]},{"id":36757,"url":"https:\/\/mayantop.com\/de\/productos\/inka-muna-aetherisches-oel-minthostachys-mollis\/","url_meta":{"origin":36773,"position":1},"title":"EOP - INKA MU\u00d1A \u00c4therisches \u00d6l - (Minthostachys mollis)","author":"Nicolas Rios","date":"7 de diciembre de 2021","format":false,"excerpt":"INKA MU\u00d1A \u00c4therisches \u00d6l - (Minthostachys mollis) Inka Mu\u00f1a Es erzeugt ein erfrischendes Gef\u00fchl, das den K\u00f6rper belebt und den Geist kl\u00e4rt, ohne K\u00e4lte zu verursachen. Erfrischt die Umgebung und beseitigt schlechte Ger\u00fcche. Sie wird traditionell als Verdauungsmittel und gegen die H\u00f6henkrankheit (Soroche) verwendet und war seit der Zeit der\u2026","rel":"","context":"Puesto similar","block_context":{"text":"Puesto similar","link":""},"img":{"alt_text":"Inka Mu\u00f1a","src":"https:\/\/i0.wp.com\/mayantop.com\/wp-content\/uploads\/2021\/12\/Muna-escencia-1000-X-1000-px.jpg?resize=350%2C200&ssl=1","width":350,"height":200,"srcset":"https:\/\/i0.wp.com\/mayantop.com\/wp-content\/uploads\/2021\/12\/Muna-escencia-1000-X-1000-px.jpg?resize=350%2C200&ssl=1 1x, https:\/\/i0.wp.com\/mayantop.com\/wp-content\/uploads\/2021\/12\/Muna-escencia-1000-X-1000-px.jpg?resize=525%2C300&ssl=1 1.5x, https:\/\/i0.wp.com\/mayantop.com\/wp-content\/uploads\/2021\/12\/Muna-escencia-1000-X-1000-px.jpg?resize=700%2C400&ssl=1 2x"},"classes":[]},{"id":39650,"url":"https:\/\/mayantop.com\/es\/productos\/andiroba-en-esencia-de-aceite-carapa-guianensis\/","url_meta":{"origin":36773,"position":2},"title":"ANDIROBA EN ESENCIA DE ACEITE - (Carapa Guianensis) \/ 100% Org\u00e1nico sin diluir","author":"Nicolas Rios","date":"7 de diciembre de 2021","format":false,"excerpt":"ANDIROBA EN ESENCIA DE ACEITE EN VENTA: Elixir Curativo de la Naturaleza - Carapa Guianensis Descripci\u00f3n del Producto: El ANDIROBA EN ESENCIA DE ACEITE\u00a0es un preciado elixir derivado de las semillas del \u00e1rbol Carapa Guianensis. Este aceite es c\u00e9lebre por sus vers\u00e1tiles aplicaciones en remedios naturales, cosm\u00e9tica y aromaterapia. Tiene\u2026","rel":"","context":"Puesto similar","block_context":{"text":"Puesto similar","link":""},"img":{"alt_text":"Andiroba","src":"https:\/\/i0.wp.com\/mayantop.com\/wp-content\/uploads\/2021\/12\/Andiroba-1000-X-1000-px.jpg?resize=350%2C200&ssl=1","width":350,"height":200,"srcset":"https:\/\/i0.wp.com\/mayantop.com\/wp-content\/uploads\/2021\/12\/Andiroba-1000-X-1000-px.jpg?resize=350%2C200&ssl=1 1x, https:\/\/i0.wp.com\/mayantop.com\/wp-content\/uploads\/2021\/12\/Andiroba-1000-X-1000-px.jpg?resize=525%2C300&ssl=1 1.5x, https:\/\/i0.wp.com\/mayantop.com\/wp-content\/uploads\/2021\/12\/Andiroba-1000-X-1000-px.jpg?resize=700%2C400&ssl=1 2x"},"classes":[]},{"id":1805,"url":"https:\/\/mayantop.com\/productos\/inka-muna-essential-oil-minthostachys-mollis\/","url_meta":{"origin":36773,"position":3},"title":"EOP - INKA MU\u00d1A Essential Oil - (Minthostachys mollis)","author":"Nicolas Rios","date":"7 de diciembre de 2021","format":false,"excerpt":"INKA MU\u00d1A Essential Oil - (Minthostachys mollis)\u00a0\u00a0 Inka Mu\u00f1a It produces a refreshing sensation that invigorates the body and clears the mind without causing cold. Refreshes environments and eliminates bad odors. Traditionally used as a digestive and against altitude sickness (soroche), it was an important plant since Inca times when\u2026","rel":"","context":"Con 8 comentarios","block_context":{"text":"Con 8 comentarios","link":"https:\/\/mayantop.com\/productos\/inka-muna-essential-oil-minthostachys-mollis\/#comments"},"img":{"alt_text":"inka mu\u00f1a","src":"https:\/\/i0.wp.com\/mayantop.com\/wp-content\/uploads\/2021\/12\/Muna-escencia-1000-X-1000-px.jpg?resize=350%2C200&ssl=1","width":350,"height":200,"srcset":"https:\/\/i0.wp.com\/mayantop.com\/wp-content\/uploads\/2021\/12\/Muna-escencia-1000-X-1000-px.jpg?resize=350%2C200&ssl=1 1x, https:\/\/i0.wp.com\/mayantop.com\/wp-content\/uploads\/2021\/12\/Muna-escencia-1000-X-1000-px.jpg?resize=525%2C300&ssl=1 1.5x, https:\/\/i0.wp.com\/mayantop.com\/wp-content\/uploads\/2021\/12\/Muna-escencia-1000-X-1000-px.jpg?resize=700%2C400&ssl=1 2x"},"classes":[]},{"id":40268,"url":"https:\/\/mayantop.com\/es\/productos\/ungurahui-esencia-en-aceite-oenocarpus-bataua\/","url_meta":{"origin":36773,"position":4},"title":"UNGURAHUI ESENCIA DE ACEITE - (Oenocarpus Bataua) \/ 100% Puro Sin Diluir","author":"Nicolas Rios","date":"7 de diciembre de 2021","format":false,"excerpt":"UNGURAHUI ESENCIA EN ACEITE EN VENTA (Oenocarpus Bataua): El Elixir de la Naturaleza para un Bienestar Radiante \u00a0 Descripci\u00f3n del Producto: Experimente lo \u00faltimo en bienestar natural con nuestro UNGURAHUI ESENCIA EN ACEITE (Oenocarpus Bataua). Derivado del preciado fruto del Oenocarpus Bataua, este aceite esencial es un elixir de la\u2026","rel":"","context":"Puesto similar","block_context":{"text":"Puesto similar","link":""},"img":{"alt_text":"ungurahui oil","src":"https:\/\/i0.wp.com\/mayantop.com\/wp-content\/uploads\/2021\/12\/aceite-de-ungurahui.jpg?resize=350%2C200&ssl=1","width":350,"height":200,"srcset":"https:\/\/i0.wp.com\/mayantop.com\/wp-content\/uploads\/2021\/12\/aceite-de-ungurahui.jpg?resize=350%2C200&ssl=1 1x, https:\/\/i0.wp.com\/mayantop.com\/wp-content\/uploads\/2021\/12\/aceite-de-ungurahui.jpg?resize=525%2C300&ssl=1 1.5x, https:\/\/i0.wp.com\/mayantop.com\/wp-content\/uploads\/2021\/12\/aceite-de-ungurahui.jpg?resize=700%2C400&ssl=1 2x"},"classes":[]},{"id":40684,"url":"https:\/\/mayantop.com\/es\/productos\/aceite-esencial-oje-hoje-ficus-insipida-100-puro-sin-diluir\/","url_meta":{"origin":36773,"position":5},"title":"OJ\u00c9 - HOJ\u00c9 ESENCIA DE ACEITE - (Ficus Insipida) \/ 100% Puro sin Diluir","author":"Nicolas Rios","date":"7 de diciembre de 2021","format":false,"excerpt":"OJ\u00c9 - HOJ\u00c9 ESENCIA DE ACEITE: Libere el Poder Curativo del Ficus Insipida \u00a0 Descripci\u00f3n del producto Experimente las extraordinarias propiedades curativas del OJ\u00c9 - HOJ\u00c9 EN ACEITE, un elixir natural derivado del venerado \u00e1rbol Ficus Insipida. Este aceite esencial es una fuente de energ\u00eda hol\u00edstica que puede transformar su\u2026","rel":"","context":"Puesto similar","block_context":{"text":"Puesto similar","link":""},"img":{"alt_text":"oje hoje","src":"https:\/\/i0.wp.com\/mayantop.com\/wp-content\/uploads\/2021\/12\/oje-hoje.png?resize=350%2C200&ssl=1","width":350,"height":200,"srcset":"https:\/\/i0.wp.com\/mayantop.com\/wp-content\/uploads\/2021\/12\/oje-hoje.png?resize=350%2C200&ssl=1 1x, https:\/\/i0.wp.com\/mayantop.com\/wp-content\/uploads\/2021\/12\/oje-hoje.png?resize=525%2C300&ssl=1 1.5x, https:\/\/i0.wp.com\/mayantop.com\/wp-content\/uploads\/2021\/12\/oje-hoje.png?resize=700%2C400&ssl=1 2x"},"classes":[]}],"jetpack_sharing_enabled":true,"_links":{"self":[{"href":"https:\/\/mayantop.com\/es\/wp-json\/wp\/v2\/product\/36773","targetHints":{"allow":["GET"]}}],"collection":[{"href":"https:\/\/mayantop.com\/es\/wp-json\/wp\/v2\/product"}],"about":[{"href":"https:\/\/mayantop.com\/es\/wp-json\/wp\/v2\/types\/product"}],"replies":[{"embeddable":true,"href":"https:\/\/mayantop.com\/es\/wp-json\/wp\/v2\/comments?post=36773"}],"version-history":[{"count":1,"href":"https:\/\/mayantop.com\/es\/wp-json\/wp\/v2\/product\/36773\/revisions"}],"predecessor-version":[{"id":61302,"href":"https:\/\/mayantop.com\/es\/wp-json\/wp\/v2\/product\/36773\/revisions\/61302"}],"wp:featuredmedia":[{"embeddable":true,"href":"https:\/\/mayantop.com\/es\/wp-json\/wp\/v2\/media\/17858"}],"wp:attachment":[{"href":"https:\/\/mayantop.com\/es\/wp-json\/wp\/v2\/media?parent=36773"}],"wp:term":[{"taxonomy":"product_brand","embeddable":true,"href":"https:\/\/mayantop.com\/es\/wp-json\/wp\/v2\/product_brand?post=36773"},{"taxonomy":"product_cat","embeddable":true,"href":"https:\/\/mayantop.com\/es\/wp-json\/wp\/v2\/product_cat?post=36773"},{"taxonomy":"product_tag","embeddable":true,"href":"https:\/\/mayantop.com\/es\/wp-json\/wp\/v2\/product_tag?post=36773"},{"taxonomy":"giftcard-category","embeddable":true,"href":"https:\/\/mayantop.com\/es\/wp-json\/wp\/v2\/giftcard-category?post=36773"}],"curies":[{"name":"wp","href":"https:\/\/api.w.org\/{rel}","templated":true}]}}