{"id":34268,"date":"2022-12-01T13:33:43","date_gmt":"2022-12-01T18:33:43","guid":{"rendered":"https:\/\/mayantop.com\/comparar-tienda-mayantop\/"},"modified":"2025-06-14T10:07:09","modified_gmt":"2025-06-14T15:07:09","slug":"comparar-mayantop","status":"publish","type":"page","link":"https:\/\/mayantop.com\/es\/comparar-mayantop\/","title":{"rendered":"Comparar | Tienda Mayantop"},"content":{"rendered":"\t\t<div data-elementor-type=\"wp-page\" data-elementor-id=\"34268\" class=\"elementor elementor-34268 elementor-108\" data-elementor-post-type=\"page\">\n\t\t\t\t\t\t<section data-particle_enable=\"false\" data-particle-mobile-disabled=\"false\" class=\"wd-negative-gap elementor-section elementor-top-section elementor-element elementor-element-3888c4a elementor-section-boxed elementor-section-height-default elementor-section-height-default\" data-id=\"3888c4a\" data-element_type=\"section\" data-e-type=\"section\">\n\t\t\t\t\t\t<div class=\"elementor-container elementor-column-gap-default\">\n\t\t\t\t\t<div class=\"elementor-column elementor-col-100 elementor-top-column elementor-element elementor-element-a3b54d3\" data-id=\"a3b54d3\" data-element_type=\"column\" data-e-type=\"column\">\n\t\t\t<div class=\"elementor-widget-wrap elementor-element-populated\">\n\t\t\t\t\t\t<div class=\"elementor-element elementor-element-4183600 elementor-widget elementor-widget-wd_compare\" data-id=\"4183600\" data-element_type=\"widget\" data-e-type=\"widget\" data-widget_type=\"wd_compare.default\">\n\t\t\t\t<div class=\"elementor-widget-container\">\n\t\t\t\t\t\t\t<p class=\"wd-empty-compare wd-empty-page\">\n\t\t\tCompare list is empty.\t\t<\/p>\n\t\t\t\t\t<div class=\"wd-empty-page-text\">\n\t\t\t\tNo products added in the compare list. You must add some products to compare them.<br> You will find a lot of interesting products on our \"Shop\" page.\t\t\t<\/div>\n\t\t\t\t<p class=\"return-to-shop\">\n\t\t\t<a class=\"button\" href=\"https:\/\/mayantop.com\/es\/todos-los-productos\/\">\n\t\t\t\tVolver a la tienda\t\t\t<\/a>\n\t\t<\/p>\n\t\t\t\t\t\t<\/div>\n\t\t\t\t<\/div>\n\t\t\t\t\t<\/div>\n\t\t<\/div>\n\t\t\t\t\t<\/div>\n\t\t<\/section>\n\t\t<div data-particle_enable=\"false\" data-particle-mobile-disabled=\"false\" class=\"wd-negative-gap elementor-element elementor-element-c38f6c6 elementor-hidden-desktop elementor-hidden-tablet elementor-hidden-mobile e-flex e-con-boxed e-con e-parent\" data-id=\"c38f6c6\" data-element_type=\"container\" data-e-type=\"container\">\n\t\t\t\t\t<div class=\"e-con-inner\">\n\t\t<div data-particle_enable=\"false\" data-particle-mobile-disabled=\"false\" class=\"elementor-element elementor-element-55c87a3 e-con-full e-flex e-con e-child\" data-id=\"55c87a3\" data-element_type=\"container\" data-e-type=\"container\">\n\t\t\t\t<div class=\"elementor-element elementor-element-16cdaa6 wd-width-100 elementor-widget elementor-widget-wd_title\" data-id=\"16cdaa6\" data-element_type=\"widget\" data-e-type=\"widget\" data-widget_type=\"wd_title.default\">\n\t\t\t\t<div class=\"elementor-widget-container\">\n\t\t\t\t\t\t\t<div class=\"title-wrapper wd-set-mb reset-last-child wd-title-color-default wd-title-style-default wd-title-size-default text-center\">\n\n\t\t\t\t\t\t\t\t\t\t\t<div class=\"title-subtitle subtitle-color-default subtitle-style-default wd-fontsize-xs\">\n\t\t\t\t\tEjemplo de texto de subt\u00edtulo\t\t\t\t<\/div>\n\t\t\t\n\t\t\t<div class=\"liner-continer\">\n\t\t\t\t<h4 class=\"woodmart-title-container title wd-fontsize-l\">compara<\/h4> \n\t\t\t\t\t\t\t<\/div>\n\n\t\t\t\t\t\t\t<div class=\"title-after_title reset-last-child wd-fontsize-xs\">\n\t\t\t\t\tText after title text example\t\t\t\t<\/div>\n\t\t\t\t\t<\/div>\n\t\t\t\t\t\t<\/div>\n\t\t\t\t<\/div>\n\t\t\t\t<\/div>\n\t\t<div data-particle_enable=\"false\" data-particle-mobile-disabled=\"false\" class=\"elementor-element elementor-element-130e589 e-con-full e-flex e-con e-child\" data-id=\"130e589\" data-element_type=\"container\" data-e-type=\"container\">\n\t\t\t\t<div class=\"elementor-element elementor-element-bd962ce elementor-widget__width-initial elementor-widget elementor-widget-wd_image_or_svg\" data-id=\"bd962ce\" data-element_type=\"widget\" data-e-type=\"widget\" data-widget_type=\"wd_image_or_svg.default\">\n\t\t\t\t<div class=\"elementor-widget-container\">\n\t\t\t\t\t\n\t\t<div class=\"wd-image text-left\">\n\t\t\t\t\t\t\t\t<img loading=\"lazy\" decoding=\"async\" width=\"245\" height=\"239\" src=\"https:\/\/mayantop.com\/wp-content\/uploads\/2023\/09\/mambe2.png\" class=\"attachment-full size-full\" alt=\"compare\" srcset=\"https:\/\/mayantop.com\/wp-content\/uploads\/2023\/09\/mambe2.png 245w, https:\/\/mayantop.com\/wp-content\/uploads\/2023\/09\/mambe2-150x146.png 150w\" sizes=\"auto, (max-width: 245px) 100vw, 245px\" title=\"\">\t\t\t\t\t<\/div>\n\n\t\t\t\t\t\t<\/div>\n\t\t\t\t<\/div>\n\t\t\t\t<\/div>\n\t\t\t\t\t<\/div>\n\t\t\t\t<\/div>\n\t\t<div data-particle_enable=\"false\" data-particle-mobile-disabled=\"false\" class=\"wd-negative-gap elementor-element elementor-element-2e5332d elementor-hidden-desktop elementor-hidden-tablet elementor-hidden-mobile e-flex e-con-boxed e-con e-parent\" data-id=\"2e5332d\" data-element_type=\"container\" data-e-type=\"container\">\n\t\t\t\t\t<div class=\"e-con-inner\">\n\t\t<div data-particle_enable=\"false\" data-particle-mobile-disabled=\"false\" class=\"elementor-element elementor-element-176a3ab e-con-full e-flex e-con e-child\" data-id=\"176a3ab\" data-element_type=\"container\" data-e-type=\"container\">\n\t\t\t\t<div class=\"elementor-element elementor-element-fb79932 elementor-widget elementor-widget-eael-creative-button\" data-id=\"fb79932\" data-element_type=\"widget\" data-e-type=\"widget\" data-widget_type=\"eael-creative-button.default\">\n\t\t\t\t<div class=\"elementor-widget-container\">\n\t\t\t\t\t        <div class=\"eael-creative-button-wrapper\">\n\n            <a class=\"eael-creative-button eael-creative-button--default\" href=\"https:\/\/www.facebook.com\/mayantop.store?locale=es_LA\" data-text=\"\u00a1Adelante!\" target=\"_blank\" rel=\"noopener\">\n            \t    \n                <div class=\"creative-button-inner\">\n\n                    \n                    <span class=\"cretive-button-text\">Haz clic<\/span>\n\n                                    <\/div>\n\t                        <\/a>\n        <\/div>\n        \t\t\t\t<\/div>\n\t\t\t\t<\/div>\n\t\t\t\t<\/div>\n\t\t<div data-particle_enable=\"false\" data-particle-mobile-disabled=\"false\" class=\"elementor-element elementor-element-db641bd e-con-full e-flex e-con e-child\" data-id=\"db641bd\" data-element_type=\"container\" data-e-type=\"container\">\n\t\t\t\t<div class=\"elementor-element elementor-element-1ff856e elementor-widget elementor-widget-heading\" data-id=\"1ff856e\" data-element_type=\"widget\" data-e-type=\"widget\" data-widget_type=\"heading.default\">\n\t\t\t\t<div class=\"elementor-widget-container\">\n\t\t\t\t\t<h2 class=\"elementor-heading-title elementor-size-default\">Mi superpoder es <br>Nuestros servicios especiales<\/h2>\t\t\t\t<\/div>\n\t\t\t\t<\/div>\n\t\t\t\t<div class=\"elementor-element elementor-element-1def040 elementor-widget__width-initial color-scheme-inherit text-left elementor-widget elementor-widget-text-editor\" data-id=\"1def040\" data-element_type=\"widget\" data-e-type=\"widget\" data-widget_type=\"text-editor.default\">\n\t\t\t\t<div class=\"elementor-widget-container\">\n\t\t\t\t\t\t\t\t\t<p>Actualmente trabajamos con 01 familia local y 02 tribus ind\u00edgenas diferentes adem\u00e1s de las otras tribus que articulamos desde sus comunidades en la selva. Garantizamos la mejor calidad de nuestros productos, nos esforzamos con mucho cari\u00f1o en cada paquete que enviamos, y estamos muy agradecidos y satisfechos por ello.<\/p>\t\t\t\t\t\t\t\t<\/div>\n\t\t\t\t<\/div>\n\t\t\t\t<div class=\"elementor-element elementor-element-b5f5cf2 elementor-widget__width-initial color-scheme-inherit text-left elementor-widget elementor-widget-text-editor\" data-id=\"b5f5cf2\" data-element_type=\"widget\" data-e-type=\"widget\" data-widget_type=\"text-editor.default\">\n\t\t\t\t<div class=\"elementor-widget-container\">\n\t\t\t\t\t\t\t\t\t<p>Actualmente trabajamos con 01 familia local y 02 tribus ind\u00edgenas diferentes adem\u00e1s de las otras tribus que articulamos desde sus comunidades en la selva. Garantizamos la mejor calidad de nuestros productos, nos esforzamos con mucho cari\u00f1o en cada paquete que enviamos, y estamos muy agradecidos y satisfechos por ello.<\/p>\t\t\t\t\t\t\t\t<\/div>\n\t\t\t\t<\/div>\n\t\t\t\t<div class=\"elementor-element elementor-element-9d3d33f elementor-widget__width-initial color-scheme-inherit text-left elementor-widget elementor-widget-text-editor\" data-id=\"9d3d33f\" data-element_type=\"widget\" data-e-type=\"widget\" data-widget_type=\"text-editor.default\">\n\t\t\t\t<div class=\"elementor-widget-container\">\n\t\t\t\t\t\t\t\t\t<p>Actualmente trabajamos con 01 familia local y 02 tribus ind\u00edgenas diferentes adem\u00e1s de las otras tribus que articulamos desde sus comunidades en la selva. Garantizamos la mejor calidad de nuestros productos, nos esforzamos con mucho cari\u00f1o en cada paquete que enviamos, y estamos muy agradecidos y satisfechos por ello.<\/p>\t\t\t\t\t\t\t\t<\/div>\n\t\t\t\t<\/div>\n\t\t\t\t<\/div>\n\t\t\t\t\t<\/div>\n\t\t\t\t<\/div>\n\t\t\t\t<\/div>\n\t\t","protected":false},"excerpt":{"rendered":"<p>Compare list is empty. No products added in the compare list. You must add some products to compare them. You<\/p>\n","protected":false},"author":1,"featured_media":0,"parent":0,"menu_order":0,"comment_status":"closed","ping_status":"closed","template":"","meta":{"_joinchat":[],"footnotes":""},"class_list":["post-34268","page","type-page","status-publish","hentry"],"jetpack-related-posts":[{"id":34110,"url":"https:\/\/mayantop.com\/fr\/comparer-mayantop\/","url_meta":{"origin":34268,"position":0},"title":"Comparer avec la boutique Mayantop","author":"Nicolas Rios","date":"1 de diciembre de 2022","format":false,"excerpt":"Compare list is empty. No products added in the compare list. You must add some products to compare them. You will find a lot of interesting products on our \"Shop\" page. Return to shop Exemple de texte de sous-titre comparer Text after title text example Cliquez sur moi ! Mon\u2026","rel":"","context":"Puesto similar","block_context":{"text":"Puesto similar","link":""},"img":{"alt_text":"compare","src":"https:\/\/i0.wp.com\/mayantop.com\/wp-content\/uploads\/2023\/09\/mambe2.png?resize=350%2C200&ssl=1","width":350,"height":200},"classes":[]},{"id":34130,"url":"https:\/\/mayantop.com\/fr\/contacter-mayantop\/","url_meta":{"origin":34268,"position":1},"title":"Contacter le magasin Mayantop","author":"Nicolas Rios","date":"23 de agosto de 2021","format":false,"excerpt":"Inicio Contact - Mayantop Retour \u00e0 l'accueil Dites bonjour, sur notre support Contactez-nous si vous avez des questions sur le service ou si vous avez besoin de conseils sur l'utilisation de nos produits. Vous pouvez \u00e9galement nous contacter pour tout ce que vous souhaitez. Contact Form DemoFirst NameLast NameEmailSubjectYour MessageSubmit\u2026","rel":"","context":"Puesto similar","block_context":{"text":"Puesto similar","link":""},"img":{"alt_text":"Collection Mayantop9","src":"https:\/\/i0.wp.com\/mayantop.com\/wp-content\/uploads\/2022\/04\/8ef696ae-rectangle-21.png?resize=350%2C200&ssl=1","width":350,"height":200},"classes":[]},{"id":34230,"url":"https:\/\/mayantop.com\/es\/contacto-mayantop\/","url_meta":{"origin":34268,"position":2},"title":"Contacto | Tienda Mayantop","author":"Nicolas Rios","date":"23 de agosto de 2021","format":false,"excerpt":"Inicio Contacto - Mayantop Volver al inicio Saluda, en nuestro soporte P\u00f3ngase en contacto con nosotros si tiene alguna pregunta sobre el servicio o necesita recomendaciones sobre c\u00f3mo utilizar nuestros productos. Tambi\u00e9n puede ponerse en contacto con nosotros para lo que desee. Contact Form DemoFirst NameLast NameEmailSubjectYour MessageSubmit Form Calle\u2026","rel":"","context":"Puesto similar","block_context":{"text":"Puesto similar","link":""},"img":{"alt_text":"Collection Mayantop9","src":"https:\/\/i0.wp.com\/mayantop.com\/wp-content\/uploads\/2022\/04\/8ef696ae-rectangle-21.png?resize=350%2C200&ssl=1","width":350,"height":200},"classes":[]},{"id":34148,"url":"https:\/\/mayantop.com\/es\/nosotros-mayantop\/","url_meta":{"origin":34268,"position":3},"title":"Nosotros | Mayantop Store","author":"Nicolas Rios","date":"23 de agosto de 2021","format":false,"excerpt":"Home Sobre nosotros - Mayantop Volver al inicio Sobre Mayantop Descubre la esencia del Amazonas con Mayantop Bienvenido a Mayantop, su puerta de entrada a una experiencia \u00fanica de comercio electr\u00f3nico profundamente arraigada en la colaboraci\u00f3n con las tribus Kukama y Matses y sus ricas culturas. Mayantop encarna la esencia\u2026","rel":"","context":"Puesto similar","block_context":{"text":"Puesto similar","link":""},"img":{"alt_text":"Collection Mayantop9","src":"https:\/\/i0.wp.com\/mayantop.com\/wp-content\/uploads\/2022\/04\/8ef696ae-rectangle-21.png?resize=350%2C200&ssl=1","width":350,"height":200},"classes":[]},{"id":34175,"url":"https:\/\/mayantop.com\/fr\/a-propos-de-nous-mayantop\/","url_meta":{"origin":34268,"position":4},"title":"A Propos de Nous | Mayantop Store","author":"Nicolas Rios","date":"23 de agosto de 2021","format":false,"excerpt":"Home \u00c0 propos de nous - Mayantop Retour \u00e0 l'accueil \u00c0 propos de nous Mayantop D\u00e9couvrez l'essence de l'Amazonie avec Mayantop Bienvenue \u00e0 Mayantop, votre porte d'entr\u00e9e vers une exp\u00e9rience unique de commerce \u00e9lectronique profond\u00e9ment enracin\u00e9e dans la collaboration avec les tribus Kukama et Matses et leurs riches cultures. Mayantop\u2026","rel":"","context":"Puesto similar","block_context":{"text":"Puesto similar","link":""},"img":{"alt_text":"Collection Mayantop9","src":"https:\/\/i0.wp.com\/mayantop.com\/wp-content\/uploads\/2022\/04\/8ef696ae-rectangle-21.png?resize=350%2C200&ssl=1","width":350,"height":200},"classes":[]},{"id":34149,"url":"https:\/\/mayantop.com\/es\/politica-de-envios-mayantop\/","url_meta":{"origin":34268,"position":5},"title":"Pol\u00edtica de Env\u00edos | Mayantop Store","author":"Nicolas Rios","date":"28 de abril de 2022","format":false,"excerpt":"Home Pol\u00edtica de env\u00edos - Mayantop Volver al inicio Mayantop: Tu puerta de acceso a la cultura ind\u00edgena con env\u00edos sin problemas Mayantop no es una plataforma de comercio electr\u00f3nico cualquiera; somos una pasarela cultural que colabora con orgullo con las tribus ocaina y kapanawa. Nuestra misi\u00f3n es compartir con\u2026","rel":"","context":"Puesto similar","block_context":{"text":"Puesto similar","link":""},"img":{"alt_text":"Collection Mayantop9","src":"https:\/\/i0.wp.com\/mayantop.com\/wp-content\/uploads\/2022\/04\/8ef696ae-rectangle-21.png?resize=350%2C200&ssl=1","width":350,"height":200},"classes":[]}],"jetpack_sharing_enabled":true,"_links":{"self":[{"href":"https:\/\/mayantop.com\/es\/wp-json\/wp\/v2\/pages\/34268","targetHints":{"allow":["GET"]}}],"collection":[{"href":"https:\/\/mayantop.com\/es\/wp-json\/wp\/v2\/pages"}],"about":[{"href":"https:\/\/mayantop.com\/es\/wp-json\/wp\/v2\/types\/page"}],"author":[{"embeddable":true,"href":"https:\/\/mayantop.com\/es\/wp-json\/wp\/v2\/users\/1"}],"replies":[{"embeddable":true,"href":"https:\/\/mayantop.com\/es\/wp-json\/wp\/v2\/comments?post=34268"}],"version-history":[{"count":2,"href":"https:\/\/mayantop.com\/es\/wp-json\/wp\/v2\/pages\/34268\/revisions"}],"predecessor-version":[{"id":56700,"href":"https:\/\/mayantop.com\/es\/wp-json\/wp\/v2\/pages\/34268\/revisions\/56700"}],"wp:attachment":[{"href":"https:\/\/mayantop.com\/es\/wp-json\/wp\/v2\/media?parent=34268"}],"curies":[{"name":"wp","href":"https:\/\/api.w.org\/{rel}","templated":true}]}}