{"id":34099,"date":"2022-12-01T13:36:28","date_gmt":"2022-12-01T18:36:28","guid":{"rendered":"https:\/\/mayantop.com\/lista-de-deseos-tienda-mayantop\/"},"modified":"2024-09-12T02:03:14","modified_gmt":"2024-09-12T07:03:14","slug":"lista-de-deseos-mayantop","status":"publish","type":"page","link":"https:\/\/mayantop.com\/es\/lista-de-deseos-mayantop\/","title":{"rendered":"Lista de deseos | Mayantop Store"},"content":{"rendered":"\t\t<div data-elementor-type=\"wp-page\" data-elementor-id=\"34099\" class=\"elementor elementor-34099 elementor-118\" data-elementor-post-type=\"page\">\n\t\t\t\t\t\t<section data-particle_enable=\"false\" data-particle-mobile-disabled=\"false\" class=\"wd-negative-gap elementor-section elementor-top-section elementor-element elementor-element-f8863df elementor-section-boxed elementor-section-height-default elementor-section-height-default\" data-id=\"f8863df\" data-element_type=\"section\" data-e-type=\"section\">\n\t\t\t\t\t\t<div class=\"elementor-container elementor-column-gap-default\">\n\t\t\t\t\t<div class=\"elementor-column elementor-col-100 elementor-top-column elementor-element elementor-element-521f086\" data-id=\"521f086\" data-element_type=\"column\" data-e-type=\"column\">\n\t\t\t<div class=\"elementor-widget-wrap elementor-element-populated\">\n\t\t\t\t\t\t<div class=\"elementor-element elementor-element-e2ed285 elementor-widget elementor-widget-wd_wishlist\" data-id=\"e2ed285\" data-element_type=\"widget\" data-e-type=\"widget\" data-widget_type=\"wd_wishlist.default\">\n\t\t\t\t<div class=\"elementor-widget-container\">\n\t\t\t\t\t\t\t\n\t\t\n\n\t\t\t\t<div class=\"\" >\n\t\t\t\t\t\t<div class=\"wd-wishlist-content\">\n\t\t\t\t\t\t\t\t\t\t\t\n\t\t<p class=\"wd-empty-wishlist wd-empty-page\">\n\t\t\tThis wishlist is empty.\t\t<\/p>\n\n\t\t\t\t\t<div class=\"wd-empty-page-text\">\n\t\t\t\tYou don't have any products in the wishlist yet. <br> You will find a lot of interesting products on our \"Shop\" page.\t\t\t<\/div>\n\t\t\n\t\t\n\t\t\t\t\t<p class=\"return-to-shop\">\n\t\t\t\t<a class=\"button\" href=\"https:\/\/mayantop.com\/es\/todos-los-productos\/\">\n\t\t\t\t\tVolver a la tienda\t\t\t\t<\/a>\n\t\t\t<\/p>\n\t\t\t\t\t\t\t\t\t\t\t<\/div>\n\t\t\t\t<\/div>\n\t\t\t\t\t\t<\/div>\n\t\t\t\t<\/div>\n\t\t\t\t\t<\/div>\n\t\t<\/div>\n\t\t\t\t\t<\/div>\n\t\t<\/section>\n\t\t<div data-particle_enable=\"false\" data-particle-mobile-disabled=\"false\" class=\"wd-negative-gap elementor-element elementor-element-79dbd65 elementor-hidden-desktop elementor-hidden-tablet elementor-hidden-mobile e-flex e-con-boxed e-con e-parent\" data-id=\"79dbd65\" data-element_type=\"container\" data-e-type=\"container\">\n\t\t\t\t\t<div class=\"e-con-inner\">\n\t\t<div data-particle_enable=\"false\" data-particle-mobile-disabled=\"false\" class=\"elementor-element elementor-element-9332cd5 e-con-full e-flex e-con e-child\" data-id=\"9332cd5\" data-element_type=\"container\" data-e-type=\"container\">\n\t\t\t\t<div class=\"elementor-element elementor-element-854e423 wd-width-100 elementor-widget elementor-widget-wd_title\" data-id=\"854e423\" data-element_type=\"widget\" data-e-type=\"widget\" data-widget_type=\"wd_title.default\">\n\t\t\t\t<div class=\"elementor-widget-container\">\n\t\t\t\t\t\t\t<div class=\"title-wrapper wd-set-mb reset-last-child wd-title-color-default wd-title-style-default wd-title-size-default text-center\">\n\n\t\t\t\t\t\t\t\t\t\t\t<div class=\"title-subtitle subtitle-color-default subtitle-style-default wd-fontsize-xs\">\n\t\t\t\t\tEjemplo de texto de subt\u00edtulo\t\t\t\t<\/div>\n\t\t\t\n\t\t\t<div class=\"liner-continer\">\n\t\t\t\t<h4 class=\"woodmart-title-container title wd-fontsize-l\">lista de deseos<\/h4> \n\t\t\t\t\t\t\t<\/div>\n\n\t\t\t\t\t<\/div>\n\t\t\t\t\t\t<\/div>\n\t\t\t\t<\/div>\n\t\t\t\t<\/div>\n\t\t<div data-particle_enable=\"false\" data-particle-mobile-disabled=\"false\" class=\"elementor-element elementor-element-57a2b68 e-con-full e-flex e-con e-child\" data-id=\"57a2b68\" data-element_type=\"container\" data-e-type=\"container\">\n\t\t\t\t<div class=\"elementor-element elementor-element-a373efc elementor-widget elementor-widget-wd_image_or_svg\" data-id=\"a373efc\" data-element_type=\"widget\" data-e-type=\"widget\" data-widget_type=\"wd_image_or_svg.default\">\n\t\t\t\t<div class=\"elementor-widget-container\">\n\t\t\t\t\t\n\t\t<div class=\"wd-image text-left\">\n\t\t\t\t\t\t\t\t<img loading=\"lazy\" decoding=\"async\" width=\"700\" height=\"400\" src=\"https:\/\/mayantop.com\/wp-content\/uploads\/2024\/01\/salud-mental.jpg\" class=\"attachment-full size-full\" alt=\"wishlist - Wunschzettel - Lista de deseos\" srcset=\"https:\/\/mayantop.com\/wp-content\/uploads\/2024\/01\/salud-mental.jpg 700w, https:\/\/mayantop.com\/wp-content\/uploads\/2024\/01\/salud-mental-150x86.jpg 150w, https:\/\/mayantop.com\/wp-content\/uploads\/2024\/01\/salud-mental-300x171.jpg 300w\" sizes=\"auto, (max-width: 700px) 100vw, 700px\" title=\"\">\t\t\t\t\t<\/div>\n\n\t\t\t\t\t\t<\/div>\n\t\t\t\t<\/div>\n\t\t\t\t<\/div>\n\t\t\t\t\t<\/div>\n\t\t\t\t<\/div>\n\t\t<div data-particle_enable=\"false\" data-particle-mobile-disabled=\"false\" class=\"wd-negative-gap elementor-element elementor-element-5e93ed6 e-flex e-con-boxed e-con e-parent\" data-id=\"5e93ed6\" data-element_type=\"container\" data-e-type=\"container\">\n\t\t\t\t\t<div class=\"e-con-inner\">\n\t\t<div data-particle_enable=\"false\" data-particle-mobile-disabled=\"false\" class=\"elementor-element elementor-element-5ed4873 e-con-full e-flex e-con e-child\" data-id=\"5ed4873\" data-element_type=\"container\" data-e-type=\"container\">\n\t\t\t\t<div class=\"elementor-element elementor-element-adbe4bc elementor-hidden-desktop elementor-hidden-tablet elementor-hidden-mobile elementor-widget elementor-widget-eael-creative-button\" data-id=\"adbe4bc\" data-element_type=\"widget\" data-e-type=\"widget\" data-widget_type=\"eael-creative-button.default\">\n\t\t\t\t<div class=\"elementor-widget-container\">\n\t\t\t\t\t        <div class=\"eael-creative-button-wrapper\">\n\n            <a class=\"eael-creative-button eael-creative-button--default eael-cb-icon-position-\" href=\"https:\/\/www.facebook.com\/mayantop.store?locale=es_LA\" data-text=\"\u00a1Adelante!\" target=\"_blank\" rel=\"noopener\">\n            \t    \n                <div class=\"creative-button-inner\">\n\n                    \n                    <span class=\"cretive-button-text\">Haz clic<\/span>\n\n                                    <\/div>\n\t                        <\/a>\n        <\/div>\n        \t\t\t\t<\/div>\n\t\t\t\t<\/div>\n\t\t\t\t<\/div>\n\t\t<div data-particle_enable=\"false\" data-particle-mobile-disabled=\"false\" class=\"elementor-element elementor-element-13ff538 e-con-full e-flex e-con e-child\" data-id=\"13ff538\" data-element_type=\"container\" data-e-type=\"container\">\n\t\t\t\t<\/div>\n\t\t\t\t\t<\/div>\n\t\t\t\t<\/div>\n\t\t\t\t<\/div>\n\t\t","protected":false},"excerpt":{"rendered":"<p>My account Dashboard Orders Gift Cards Downloads Addresses Account details Wishlist My payment means Logout English Espa\u00f1ol (Spanish) Fran\u00e7ais (French)<\/p>\n","protected":false},"author":1,"featured_media":0,"parent":0,"menu_order":0,"comment_status":"closed","ping_status":"closed","template":"","meta":{"_joinchat":[],"footnotes":""},"class_list":["post-34099","page","type-page","status-publish","hentry"],"jetpack-related-posts":[{"id":10433,"url":"https:\/\/mayantop.com\/my-account\/","url_meta":{"origin":34099,"position":0},"title":"My account","author":"Nicolas Rios","date":"28 de abril de 2022","format":false,"excerpt":"Home My Account - Mayantop Back To Home Dashboard Orders Gift Cards Downloads Addresses Account Details Wishlist My payment means Logout Hello Nicolas Rios My account Dashboard Orders Gift Cards Downloads Addresses Account Details Wishlist My payment means Logout English Espa\u00f1ol (Spanish) Fran\u00e7ais (French) Deutsch (German) Hello Nicolas Rios (not\u2026","rel":"","context":"Puesto similar","block_context":{"text":"Puesto similar","link":""},"img":{"alt_text":"Collection Mayantop9","src":"https:\/\/i0.wp.com\/mayantop.com\/wp-content\/uploads\/2022\/04\/8ef696ae-rectangle-21.png?resize=350%2C200&ssl=1","width":350,"height":200},"classes":[]},{"id":118,"url":"https:\/\/mayantop.com\/wishlist\/","url_meta":{"origin":34099,"position":1},"title":"Wishlist  | Mayantop Store","author":"Nicolas Rios","date":"1 de diciembre de 2022","format":false,"excerpt":"My account Dashboard Orders Gift Cards Downloads Addresses Account details Wishlist My payment means Logout English Espa\u00f1ol (Spanish) Fran\u00e7ais (French) Deutsch (German) This wishlist is empty. You don't have any products in the wishlist yet. You will find a lot of interesting products on our \"Shop\" page. Return to shop\u2026","rel":"","context":"Puesto similar","block_context":{"text":"Puesto similar","link":""},"img":{"alt_text":"wishlist","src":"https:\/\/i0.wp.com\/mayantop.com\/wp-content\/uploads\/2024\/01\/salud-mental.jpg?resize=350%2C200&ssl=1","width":350,"height":200,"srcset":"https:\/\/i0.wp.com\/mayantop.com\/wp-content\/uploads\/2024\/01\/salud-mental.jpg?resize=350%2C200&ssl=1 1x, https:\/\/i0.wp.com\/mayantop.com\/wp-content\/uploads\/2024\/01\/salud-mental.jpg?resize=525%2C300&ssl=1 1.5x, https:\/\/i0.wp.com\/mayantop.com\/wp-content\/uploads\/2024\/01\/salud-mental.jpg?resize=700%2C400&ssl=1 2x"},"classes":[]},{"id":34101,"url":"https:\/\/mayantop.com\/de\/wunschzettel-mayantop\/","url_meta":{"origin":34099,"position":2},"title":"Wunschzettel | Mayantop Store","author":"Nicolas Rios","date":"1 de diciembre de 2022","format":false,"excerpt":"My account Dashboard Bestellungen Gift Cards Downloads Adresse Kontodetails Wishlist Meine Zahlungsmittel Logout Deutsch English (Englisch) Espa\u00f1ol (Spanisch) Fran\u00e7ais (Franz\u00f6sisch) This wishlist is empty. You don't have any products in the wishlist yet. You will find a lot of interesting products on our \"Shop\" page. Return to shop Subtitle text\u2026","rel":"","context":"Puesto similar","block_context":{"text":"Puesto similar","link":""},"img":{"alt_text":"wishlist - Wunschzettel","src":"https:\/\/i0.wp.com\/mayantop.com\/wp-content\/uploads\/2024\/01\/salud-mental.jpg?resize=350%2C200&ssl=1","width":350,"height":200,"srcset":"https:\/\/i0.wp.com\/mayantop.com\/wp-content\/uploads\/2024\/01\/salud-mental.jpg?resize=350%2C200&ssl=1 1x, https:\/\/i0.wp.com\/mayantop.com\/wp-content\/uploads\/2024\/01\/salud-mental.jpg?resize=525%2C300&ssl=1 1.5x, https:\/\/i0.wp.com\/mayantop.com\/wp-content\/uploads\/2024\/01\/salud-mental.jpg?resize=700%2C400&ssl=1 2x"},"classes":[]},{"id":34100,"url":"https:\/\/mayantop.com\/fr\/liste-de-souhaits-mayantop\/","url_meta":{"origin":34099,"position":3},"title":"Liste de Souhaits | Mayantop Store","author":"Nicolas Rios","date":"1 de diciembre de 2022","format":false,"excerpt":"My account Tableau de bord Commandes Gift Cards T\u00e9l\u00e9chargements Adresses D\u00e9tails du compte Wishlist Mes moyens de paiement Logout Fran\u00e7ais English (Anglais) Espa\u00f1ol (Espagnol) Deutsch (Allemand) This wishlist is empty. You don't have any products in the wishlist yet. You will find a lot of interesting products on our \"Shop\"\u2026","rel":"","context":"Puesto similar","block_context":{"text":"Puesto similar","link":""},"img":{"alt_text":"Liste de Souhaits","src":"https:\/\/i0.wp.com\/mayantop.com\/wp-content\/uploads\/2024\/01\/salud-mental.jpg?resize=350%2C200&ssl=1","width":350,"height":200,"srcset":"https:\/\/i0.wp.com\/mayantop.com\/wp-content\/uploads\/2024\/01\/salud-mental.jpg?resize=350%2C200&ssl=1 1x, https:\/\/i0.wp.com\/mayantop.com\/wp-content\/uploads\/2024\/01\/salud-mental.jpg?resize=525%2C300&ssl=1 1.5x, https:\/\/i0.wp.com\/mayantop.com\/wp-content\/uploads\/2024\/01\/salud-mental.jpg?resize=700%2C400&ssl=1 2x"},"classes":[]},{"id":46283,"url":"https:\/\/mayantop.com\/de\/my-account\/","url_meta":{"origin":34099,"position":4},"title":"Mein Konto","author":"Nicolas Rios","date":"28 de abril de 2022","format":false,"excerpt":"Home Mein Konto - Mayantop Zur\u00fcck zu Home Dashboard Bestellungen Gift Cards Downloads Adressen Payment methods Konto Details Wishlist My payment means Logout Login Username or email address\u00a0*Required Password\u00a0*Required Log in Lost your password? Remember me Register Email address\u00a0*Required A link to set a new password will be sent to\u2026","rel":"","context":"Puesto similar","block_context":{"text":"Puesto similar","link":""},"img":{"alt_text":"Collection Mayantop9","src":"https:\/\/i0.wp.com\/mayantop.com\/wp-content\/uploads\/2022\/04\/8ef696ae-rectangle-21.png?resize=350%2C200&ssl=1","width":350,"height":200},"classes":[]},{"id":46284,"url":"https:\/\/mayantop.com\/es\/my-account\/","url_meta":{"origin":34099,"position":5},"title":"Mi cuenta","author":"Nicolas Rios","date":"28 de abril de 2022","format":false,"excerpt":"Home Mi Cuenta - Mayantop Volver al inicio Cuadro de mandos Pedidos Gift Cards Descargas Direcciones Payment methods Detalles de la cuenta Wishlist My payment means Logout Login Username or email address\u00a0*Required Password\u00a0*Required Log in Lost your password? Remember me Register Email address\u00a0*Required A link to set a new password\u2026","rel":"","context":"Puesto similar","block_context":{"text":"Puesto similar","link":""},"img":{"alt_text":"Collection Mayantop9","src":"https:\/\/i0.wp.com\/mayantop.com\/wp-content\/uploads\/2022\/04\/8ef696ae-rectangle-21.png?resize=350%2C200&ssl=1","width":350,"height":200},"classes":[]}],"jetpack_sharing_enabled":true,"_links":{"self":[{"href":"https:\/\/mayantop.com\/es\/wp-json\/wp\/v2\/pages\/34099","targetHints":{"allow":["GET"]}}],"collection":[{"href":"https:\/\/mayantop.com\/es\/wp-json\/wp\/v2\/pages"}],"about":[{"href":"https:\/\/mayantop.com\/es\/wp-json\/wp\/v2\/types\/page"}],"author":[{"embeddable":true,"href":"https:\/\/mayantop.com\/es\/wp-json\/wp\/v2\/users\/1"}],"replies":[{"embeddable":true,"href":"https:\/\/mayantop.com\/es\/wp-json\/wp\/v2\/comments?post=34099"}],"version-history":[{"count":0,"href":"https:\/\/mayantop.com\/es\/wp-json\/wp\/v2\/pages\/34099\/revisions"}],"wp:attachment":[{"href":"https:\/\/mayantop.com\/es\/wp-json\/wp\/v2\/media?parent=34099"}],"curies":[{"name":"wp","href":"https:\/\/api.w.org\/{rel}","templated":true}]}}