{"id":51397,"date":"2024-05-01T12:18:01","date_gmt":"2024-05-01T17:18:01","guid":{"rendered":"https:\/\/mayantop.com\/products\/bufo-toad-venom-1gr-bei-5gr-bufo-alvarius-toad-100-reines-5-meo-dmt-natuerlich"},"modified":"2025-06-16T15:12:27","modified_gmt":"2025-06-16T20:12:27","slug":"bufo-kroete-gift-bufo-alvarius-100-rein-5-natuerlich","status":"publish","type":"product","link":"https:\/\/mayantop.com\/de\/produkte\/bufo-kroete-gift-bufo-alvarius-100-rein-5-natuerlich\/","title":{"rendered":"BUFO TOAD VENOM \/ 1gr bei 5gr - (Bufo Alvarius Toad) 100% reines 5-MeO-DMT nat\u00fcrlich"},"content":{"rendered":"<h2><strong>BUFO TOAD VENOM (Bufo Alvarius Kr\u00f6te) 100% reines 5-MeO-DMT Nat\u00fcrlich<\/strong><\/h2>\n<h2><strong>Wof\u00fcr wird BUFO verwendet?<\/strong><\/h2>\n<ul>\n<li>Bufo Alvarius Kr\u00f6te sondert psychoaktive Substanzen ab.<\/li>\n<li>Es wird in traditionellen indigenen Ritualen verwendet.<\/li>\n<li>Bietet entheogene Erfahrungen f\u00fcr einige Personen.<\/li>\n<li>Ihr Gift enth\u00e4lt 5-MeO-DMT, ein starkes Halluzinogen.<\/li>\n<li>Hat Interesse an alternativen psychedelischen Therapien gewonnen.<\/li>\n<\/ul>\n<h2><strong>Wie Sie es verwenden, Dosierung und Hilfsmittel:<\/strong><\/h2>\n<ul>\n<li>Um die Bufo Alvarius Kr\u00f6te zu verwenden, extrahieren Sie ihr Gift und verdampfen es zur Inhalation, typischerweise in einem zeremoniellen Rahmen.<\/li>\n<li>Die Dosierung variiert, aber es ist wichtig, mit einer kleinen Menge zu beginnen, da sie sehr wirksam ist.<\/li>\n<li>Das Gift der Kr\u00f6te enth\u00e4lt 5-MeO-DMT, das intensive, kurz anhaltende psychedelische Erfahrungen hervorruft.<\/li>\n<li>Einige glauben, dass sie ein therapeutisches Potenzial f\u00fcr die geistige Gesundheit und die spirituelle Erforschung bietet.<\/li>\n<li>Geben Sie der Sicherheit den Vorrang, indem Sie sich von erfahrenen Fachleuten beraten lassen und die gesetzlichen Einschr\u00e4nkungen beachten.<\/li>\n<\/ul>\n<h2><strong>Andere Namen, unter denen sie bekannt ist:<\/strong><\/h2>\n<ul>\n<li>Sonoran W\u00fcstenkr\u00f6te.<\/li>\n<li>Colorado River Kr\u00f6te.<\/li>\n<li>Incilius alvarius.<\/li>\n<li>Bufo alvarius.<\/li>\n<\/ul>\n<h2><strong>Pros (Vorteile):<\/strong><\/h2>\n<ul>\n<li>Bietet intensive, kurze mystische Erfahrungen mit Potenzial f\u00fcr pers\u00f6nliches Wachstum.<\/li>\n<li>Einige Anwender berichten, dass sie weniger Angstzust\u00e4nde, Depressionen und Suchttendenzen haben.<\/li>\n<li>Erforschung des Bewusstseins und spirituelle Einsichten.<\/li>\n<li>M\u00f6gliche therapeutische Anwendungen unter kontrollierten Bedingungen.<\/li>\n<li>Nat\u00fcrliche, nicht-synthetische Quelle von 5-MeO-DMT.<\/li>\n<li>Kulturelle und indigene Bedeutung in Ritualen.<\/li>\n<li>Ausweitung der Forschung \u00fcber seine psychologischen und medizinischen Vorteile.<\/li>\n<\/ul>\n<h2><strong>Nachteile (Warnungen und Sicherheit):<\/strong><\/h2>\n<ul>\n<li>Hohes Risiko von unerw\u00fcnschten Reaktionen aufgrund seiner Potenz.<\/li>\n<li>Gesetzliche Einschr\u00e4nkungen in einigen Regionen; m\u00f6gliche rechtliche Konsequenzen.<\/li>\n<li>Fehlende standardisierte Dosierung und die Gefahr einer \u00dcberdosierung.<\/li>\n<\/ul>\n<h2>Erfordert eine erfahrene Begleitung f\u00fcr eine sichere und verantwortungsvolle Nutzung.<\/h2>\n<p><strong>Anmerkung:<\/strong><\/p>\n<p>Die Mayantop-Produkte werden in ihrem reinen Zustand und zu 100 % nat\u00fcrlichen Ursprungs gewonnen und an die einheimischen Gemeinschaften verkauft. Sie enthalten keine Pestizide, Chemikalien, Herbizide oder andere k\u00fcnstliche Stoffe.<\/p>\n<p><strong>Haftungsausschluss:<\/strong><\/p>\n<ul>\n<li>Alle Produkte sind in unserem Herkunftsland legal, es liegt in der Verantwortung des Kunden, die Legalit\u00e4t im Zielland zu pr\u00fcfen.<\/li>\n<li>Die Anwendung dieser Naturprodukte ersetzt nicht die \u00e4rztliche Beratung.<\/li>\n<li>Sie impliziert in keiner Weise medizinische Behauptungen \u00fcber die F\u00e4higkeit oder Wirksamkeit eines unserer Produkte zur Behandlung, Vorbeugung oder Linderung einer Krankheit oder eines Leidens.<\/li>\n<li>Die Verwendung und Anwendung unserer Produkte liegt in der alleinigen Verantwortung des Kunden.<\/li>\n<li>Diese Wirkungen dieses Produkts werden durch die empirischen Erfahrungen der alten traditionellen Medizin mit hervorragenden Ergebnissen unterst\u00fctzt.<\/li>\n<li>Das Fehlen sch\u00e4dlicher Nebenwirkungen, wenn es in der richtigen Dosis verabreicht wird. Die hier genannten Informationen sind jedoch keineswegs eine Verordnung oder Vorschrift.<\/li>\n<li>Die darin enthaltenen Aussagen und Links zu Websites wurden nicht von der FDA oder internationalen Lebensmittel- und Arzneimittelbeh\u00f6rden bewertet.<\/li>\n<\/ul>\n","protected":false},"excerpt":{"rendered":"<p>BUFO TOAD VENOM (Bufo Alvarius Kr\u00f6te) 100% reines 5-MeO-DMT Nat\u00fcrlich Wof\u00fcr wird BUFO verwendet? Bufo Alvarius Kr\u00f6te sondert psychoaktive Substanzen<\/p>\n","protected":false},"featured_media":51374,"comment_status":"open","ping_status":"closed","template":"","meta":{"_joinchat":[],"jetpack_publicize_message":"","jetpack_publicize_feature_enabled":true,"jetpack_social_post_already_shared":true,"jetpack_social_options":{"image_generator_settings":{"template":"highway","default_image_id":0,"font":"","enabled":false},"version":2}},"product_brand":[],"product_cat":[562,569],"product_tag":[],"giftcard-category":[],"class_list":{"0":"post-51397","1":"product","2":"type-product","3":"status-publish","4":"has-post-thumbnail","6":"product_cat-kambo-zu-verkaufen","7":"product_cat-nationale-post-mayantop","8":"product_shipping_class-pastenauszug","10":"first","11":"instock","12":"sale","13":"taxable","14":"shipping-taxable","15":"purchasable","16":"product-type-variable"},"jetpack_publicize_connections":[],"jetpack-related-posts":[{"id":51371,"url":"https:\/\/mayantop.com\/produkte\/bufo-toad-venom-bufo-alvarius-100-pure-5-natural\/","url_meta":{"origin":51397,"position":0},"title":"BUFO TOAD VENOM \/ 1gr at 5gr - (Bufo Alvarius Toad) 100% Pure 5-MeO-DMT Natural","author":"Nicolas Rios","date":"1. Mai 2024","format":false,"excerpt":"BUFO TOAD VENOM (Bufo Alvarius Toad) 100% Pure 5-MeO-DMT Natural What is BUFO used for? Bufo Alvarius toad secretes psychoactive substances. It's used in traditional indigenous rituals. Provides entheogenic experiences for some individuals. Its venom contains 5-MeO-DMT, a powerful hallucinogen. Has gained interest in alternative psychedelic therapy. How to use\u2026","rel":"","context":"\u00c4hnlicher Beitrag","block_context":{"text":"\u00c4hnlicher Beitrag","link":""},"img":{"alt_text":"","src":"https:\/\/i0.wp.com\/mayantop.com\/wp-content\/uploads\/2024\/05\/BUFO-TOAD-3-1000-X-1000-px-600x600-1.png?resize=350%2C200&ssl=1","width":350,"height":200,"srcset":"https:\/\/i0.wp.com\/mayantop.com\/wp-content\/uploads\/2024\/05\/BUFO-TOAD-3-1000-X-1000-px-600x600-1.png?resize=350%2C200&ssl=1 1x, https:\/\/i0.wp.com\/mayantop.com\/wp-content\/uploads\/2024\/05\/BUFO-TOAD-3-1000-X-1000-px-600x600-1.png?resize=525%2C300&ssl=1 1.5x"},"classes":[]},{"id":51394,"url":"https:\/\/mayantop.com\/fr\/produkte\/bufo-crapaud-venin-bufo-alvarius-100-pure-5-naturel\/","url_meta":{"origin":51397,"position":1},"title":"BUFO TOAD VENOM \/ 1gr \u00e0 5gr - (Bufo Alvarius Toad) 100% pur 5-MeO-DMT Naturel","author":"Nicolas Rios","date":"1. Mai 2024","format":false,"excerpt":"BUFO TOAD VENOM (Bufo Alvarius Toad) 100% pur 5-MeO-DMT Naturel \u00c0 quoi sert BUFO ? Le crapaud Bufo Alvarius s\u00e9cr\u00e8te des substances psychoactives. Il est utilis\u00e9 dans les rituels indig\u00e8nes traditionnels. Permet \u00e0 certains individus de vivre des exp\u00e9riences enth\u00e9og\u00e9niques. Son venin contient du 5-MeO-DMT, un puissant hallucinog\u00e8ne. S'int\u00e9resse aux\u2026","rel":"","context":"\u00c4hnlicher Beitrag","block_context":{"text":"\u00c4hnlicher Beitrag","link":""},"img":{"alt_text":"Veneno de Sapo Bufo a la venta - 100% Puro y Natural","src":"https:\/\/i0.wp.com\/mayantop.com\/wp-content\/uploads\/2024\/05\/BUFO-TOAD-3-1000-X-1000-px-600x600-1.png?resize=350%2C200&ssl=1","width":350,"height":200,"srcset":"https:\/\/i0.wp.com\/mayantop.com\/wp-content\/uploads\/2024\/05\/BUFO-TOAD-3-1000-X-1000-px-600x600-1.png?resize=350%2C200&ssl=1 1x, https:\/\/i0.wp.com\/mayantop.com\/wp-content\/uploads\/2024\/05\/BUFO-TOAD-3-1000-X-1000-px-600x600-1.png?resize=525%2C300&ssl=1 1.5x"},"classes":[]},{"id":51399,"url":"https:\/\/mayantop.com\/es\/produkte\/bufo-veneno-de-sapo-bufo-alvarius-100-puro-5-natural\/","url_meta":{"origin":51397,"position":2},"title":"VENENO DE SAPO BUFO \/ 1gr a 5gr - (Sapo Bufo Alvarius) 100% Puro 5-MeO-DMT Natural","author":"Nicolas Rios","date":"1. Mai 2024","format":false,"excerpt":"VENENO DE SAPO BUFO (Sapo Bufo Alvarius) 100% Puro 5-MeO-DMT Natural \u00bfPara qu\u00e9 se utiliza el BUFO? El sapo Bufo Alvarius segrega sustancias psicoactivas. Se utiliza en rituales ind\u00edgenas tradicionales. Proporciona experiencias enteog\u00e9nicas a algunos individuos. Su veneno contiene 5-MeO-DMT, un potente alucin\u00f3geno. Se ha interesado por la terapia psicod\u00e9lica\u2026","rel":"","context":"\u00c4hnlicher Beitrag","block_context":{"text":"\u00c4hnlicher Beitrag","link":""},"img":{"alt_text":"Veneno de Sapo Bufo a la venta - 100% Puro y Natural","src":"https:\/\/i0.wp.com\/mayantop.com\/wp-content\/uploads\/2024\/05\/BUFO-TOAD-3-1000-X-1000-px-600x600-1.png?resize=350%2C200&ssl=1","width":350,"height":200,"srcset":"https:\/\/i0.wp.com\/mayantop.com\/wp-content\/uploads\/2024\/05\/BUFO-TOAD-3-1000-X-1000-px-600x600-1.png?resize=350%2C200&ssl=1 1x, https:\/\/i0.wp.com\/mayantop.com\/wp-content\/uploads\/2024\/05\/BUFO-TOAD-3-1000-X-1000-px-600x600-1.png?resize=525%2C300&ssl=1 1.5x"},"classes":[]},{"id":37300,"url":"https:\/\/mayantop.com\/de\/produkte\/huambisa-chaliponga-diplopterys-cabrerana\/","url_meta":{"origin":51397,"position":3},"title":"HUAMBISA - Chagropanga POWDER \/ 200gr bei 1kg - (Diplopterys Cabrerana) 100% rein nat\u00fcrlich und biologisch","author":"Nicolas Rios","date":"7. Dezember 2021","format":false,"excerpt":"HUAMBISA - Chagropanga POWDER: Die Entschl\u00fcsselung der Geheimnisse von Diplopterys Cabrerana Beschreibung des Produkts Huambisa, auch bekannt als Chagropanga, ist ein fein gemahlenes Pulver, das aus den Bl\u00e4ttern der im Amazonas-Regenwald beheimateten Pflanze Diplopterys Cabrerana gewonnen wird. Dieser einzigartige Pflanzenextrakt hat eine reiche Kulturgeschichte und wird wegen seiner potenziellen therapeutischen\u2026","rel":"","context":"\u00c4hnlicher Beitrag","block_context":{"text":"\u00c4hnlicher Beitrag","link":""},"img":{"alt_text":"Huambisa","src":"https:\/\/i0.wp.com\/mayantop.com\/wp-content\/uploads\/2021\/12\/Huambisa.jpg?resize=350%2C200&ssl=1","width":350,"height":200,"srcset":"https:\/\/i0.wp.com\/mayantop.com\/wp-content\/uploads\/2021\/12\/Huambisa.jpg?resize=350%2C200&ssl=1 1x, https:\/\/i0.wp.com\/mayantop.com\/wp-content\/uploads\/2021\/12\/Huambisa.jpg?resize=525%2C300&ssl=1 1.5x, https:\/\/i0.wp.com\/mayantop.com\/wp-content\/uploads\/2021\/12\/Huambisa.jpg?resize=700%2C400&ssl=1 2x"},"classes":[]},{"id":64153,"url":"https:\/\/mayantop.com\/ko\/produkte\/%eb%b6%80%ed%8f%ac-%eb%91%90%ea%ba%bc%eb%b9%84-%eb%8f%85-bufo-alvarius\/","url_meta":{"origin":51397,"position":4},"title":"\ubd80\ud3ec \ub450\uaebc\ube44 \ub3c5 \/ 1gr\uc5d0\uc11c 5gr - (\ubd80\ud3ec \uc54c\ubc14\ub9ac\uc6b0\uc2a4 \ub450\uaebc\ube44) 100% \uc21c\uc218 5-MeO-DMT \ucc9c\uc5f0","author":"Nicolas Rios","date":"1. Mai 2024","format":false,"excerpt":"\ubd80\ud3ec \ub450\uaebc\ube44 \ub3c5 (\ubd80\ud3ec \uc54c\ubc14\ub9ac\uc6b0\uc2a4 \ub450\uaebc\ube44) 100% \uc21c\uc218 5-MeO-DMT \ub0b4\ucd94\ub7f4 \ubd80\ud3ec \ub450\uaebc\ube44 \ub3c5 \uc5b4\ub5a4 \uc6a9\ub3c4\ub85c \uc0ac\uc6a9\ub418\ub098\uc694? \ubd80\ud3ec\uc54c\ubc14\ub9ac\uc6b0\uc2a4 \ub450\uaebc\ube44\ub294 \ud5a5\uc815\uc2e0\uc131 \ubb3c\uc9c8\uc744 \ubd84\ube44\ud569\ub2c8\ub2e4. \uc804\ud1b5\uc801\uc778 \uc6d0\uc8fc\ubbfc \uc758\uc2dd\uc5d0 \uc0ac\uc6a9\ub429\ub2c8\ub2e4. \uc77c\ubd80 \uac1c\uc778\uc5d0\uac8c \uc5d4\ud14c\ub85c\uc81c\ub2c9 \uacbd\ud5d8\uc744 \uc81c\uacf5\ud569\ub2c8\ub2e4. \ub3c5\uc5d0\ub294 \uac15\ub825\ud55c \ud658\uac01\uc81c\uc778 5-MeO-DMT\uac00 \ud3ec\ud568\ub418\uc5b4 \uc788\uc2b5\ub2c8\ub2e4. \ub300\uccb4 \uc0ac\uc774\ud0a4\ub378\ub9ad \uc694\ubc95\uc5d0 \uad00\uc2ec\uc744 \uac16\uac8c \ub418\uc5c8\uc2b5\ub2c8\ub2e4. \uc0ac\uc6a9 \ubc29\ubc95, \ubcf5\uc6a9\ub7c9 \ubc0f \uc720\ud2f8\ub9ac\ud2f0: \ubd80\ud3ec \ub450\uaebc\ube44 \ub3c5\u2026","rel":"","context":"\u00c4hnlicher Beitrag","block_context":{"text":"\u00c4hnlicher Beitrag","link":""},"img":{"alt_text":"\u092c\u0941\u092b\u094b \u091f\u0949\u0921 \u0935\u093f\u0937 \ubd80\ud3ec \ub450\uaebc\ube44 \ub3c5","src":"https:\/\/i0.wp.com\/mayantop.com\/wp-content\/uploads\/2024\/05\/BUFO-TOAD-3-1000-X-1000-px-600x600-1.png?resize=350%2C200&ssl=1","width":350,"height":200,"srcset":"https:\/\/i0.wp.com\/mayantop.com\/wp-content\/uploads\/2024\/05\/BUFO-TOAD-3-1000-X-1000-px-600x600-1.png?resize=350%2C200&ssl=1 1x, https:\/\/i0.wp.com\/mayantop.com\/wp-content\/uploads\/2024\/05\/BUFO-TOAD-3-1000-X-1000-px-600x600-1.png?resize=525%2C300&ssl=1 1.5x"},"classes":[]},{"id":38765,"url":"https:\/\/mayantop.com\/de\/produkte\/kaufen-mapacho-rein-nicotiana-rustikal-frisch\/","url_meta":{"origin":51397,"position":5},"title":"MAPACHO REIN (Nicotiana Rustic) - Keine k\u00fcnstlichen Chemikalien - Nat\u00fcrlich und frisch","author":"Nicolas Rios","date":"7. Dezember 2021","format":false,"excerpt":"MAPACHO REIN: Eine nat\u00fcrliche Verbindung zu alten Traditionen \u00a0 Beschreibung des Produkts Begeben Sie sich auf eine Reise durch die Zeit mit MAPACHO REIN, einem heiligen und reinen Angebot, das tief in alten Traditionen verwurzelt ist. Dieses bemerkenswerte Produkt, das aus der Pflanze Nicotiana Rustica gewonnen wird, l\u00e4dt Sie dazu\u2026","rel":"","context":"\u00c4hnlicher Beitrag","block_context":{"text":"\u00c4hnlicher Beitrag","link":""},"img":{"alt_text":"Mapacho Rein","src":"https:\/\/i0.wp.com\/mayantop.com\/wp-content\/uploads\/2021\/12\/Mapacho-Puro-Pequeno.jpg?resize=350%2C200&ssl=1","width":350,"height":200,"srcset":"https:\/\/i0.wp.com\/mayantop.com\/wp-content\/uploads\/2021\/12\/Mapacho-Puro-Pequeno.jpg?resize=350%2C200&ssl=1 1x, https:\/\/i0.wp.com\/mayantop.com\/wp-content\/uploads\/2021\/12\/Mapacho-Puro-Pequeno.jpg?resize=525%2C300&ssl=1 1.5x, https:\/\/i0.wp.com\/mayantop.com\/wp-content\/uploads\/2021\/12\/Mapacho-Puro-Pequeno.jpg?resize=700%2C400&ssl=1 2x"},"classes":[]}],"jetpack_sharing_enabled":true,"_links":{"self":[{"href":"https:\/\/mayantop.com\/de\/wp-json\/wp\/v2\/product\/51397","targetHints":{"allow":["GET"]}}],"collection":[{"href":"https:\/\/mayantop.com\/de\/wp-json\/wp\/v2\/product"}],"about":[{"href":"https:\/\/mayantop.com\/de\/wp-json\/wp\/v2\/types\/product"}],"replies":[{"embeddable":true,"href":"https:\/\/mayantop.com\/de\/wp-json\/wp\/v2\/comments?post=51397"}],"version-history":[{"count":1,"href":"https:\/\/mayantop.com\/de\/wp-json\/wp\/v2\/product\/51397\/revisions"}],"predecessor-version":[{"id":64152,"href":"https:\/\/mayantop.com\/de\/wp-json\/wp\/v2\/product\/51397\/revisions\/64152"}],"wp:featuredmedia":[{"embeddable":true,"href":"https:\/\/mayantop.com\/de\/wp-json\/wp\/v2\/media\/51374"}],"wp:attachment":[{"href":"https:\/\/mayantop.com\/de\/wp-json\/wp\/v2\/media?parent=51397"}],"wp:term":[{"taxonomy":"product_brand","embeddable":true,"href":"https:\/\/mayantop.com\/de\/wp-json\/wp\/v2\/product_brand?post=51397"},{"taxonomy":"product_cat","embeddable":true,"href":"https:\/\/mayantop.com\/de\/wp-json\/wp\/v2\/product_cat?post=51397"},{"taxonomy":"product_tag","embeddable":true,"href":"https:\/\/mayantop.com\/de\/wp-json\/wp\/v2\/product_tag?post=51397"},{"taxonomy":"giftcard-category","embeddable":true,"href":"https:\/\/mayantop.com\/de\/wp-json\/wp\/v2\/giftcard-category?post=51397"}],"curies":[{"name":"wp","href":"https:\/\/api.w.org\/{rel}","templated":true}]}}