{"id":40809,"date":"2021-12-07T17:05:07","date_gmt":"2021-12-07T22:05:07","guid":{"rendered":"https:\/\/mayantop.com\/producto\/mucuna-powder-200gr-bei-2kg-mucuna-pruriens-kraeuter-in-pulverform-100-natuerliche-saemereien\/"},"modified":"2025-06-16T14:58:21","modified_gmt":"2025-06-16T19:58:21","slug":"mucuna-pulver-zum-verkauf-mucuna-pruriens-samen","status":"publish","type":"product","link":"https:\/\/mayantop.com\/de\/produkte\/mucuna-pulver-zum-verkauf-mucuna-pruriens-samen\/","title":{"rendered":"MUCUNA PULVER \/ 200gr bei 2kg - (Mucuna Pruriens) - Kr\u00e4uter in Pulverform 100% nat\u00fcrliche S\u00e4mereien"},"content":{"rendered":"<h2>MUCUNA PULVER- (Mucuna Pruriens) - Kr\u00e4uter in Pulverform 100% nat\u00fcrliche S\u00e4mereien<\/h2>\n<p>Mucuna ist eine Pflanze, die bei verschiedenen Krankheiten eingesetzt wird und allgemein als karminatives, blutdrucksenkendes und blutzuckersenkendes Mittel verwendet wird. Diese Mucuna ist sehr wirksam bei der Behandlung der Parkinson-Krankheit. Es hat sich gezeigt, dass es den Testosteronspiegel erh\u00f6ht, die Eiwei\u00dfablagerung in den Muskeln f\u00f6rdert und die Muskelmasse und -kraft erh\u00f6ht. Die Samen, Wurzeln und die Borsten der Schoten haben einen hohen medizinischen Wert. Es ist der am h\u00e4ufigsten verwendete Inhaltsstoff in vielen Impotenzmitteln und zur Steigerung der sexuellen Vitalit\u00e4t.<\/p>\n<h6><strong>Anmerkung:<\/strong><\/h6>\n<p>Die Produkte von Mayantop werden in reinem Zustand und zu 100 % nat\u00fcrlichen Ursprungs in den einheimischen Gemeinden gewonnen und vermarktet. Sie enthalten keine Pestizide, Chemikalien, Herbizide oder andere k\u00fcnstliche Stoffe.<\/p>\n<h6><strong>Haftungsausschluss:<\/strong><\/h6>\n<ul>\n<li>Diese Wirkungen dieses Produkts werden durch die empirischen Erfahrungen der alten traditionellen Medizin mit hervorragenden Ergebnissen unterst\u00fctzt. Das Fehlen von sch\u00e4dlichen Nebenwirkungen, wenn es in der richtigen Dosis verabreicht wird. Die hier genannten Informationen sind jedoch keineswegs eine Verordnung oder Vorschrift.<\/li>\n<li>Die Anwendung dieser Naturprodukte ersetzt nicht die \u00e4rztliche Beratung.<\/li>\n<li>Alle Produkte sind in unserem Herkunftsland legal, es liegt in der Verantwortung des Kunden, die Legalit\u00e4t im Bestimmungsland zu pr\u00fcfen.<\/li>\n<li>Die darin enthaltenen Aussagen und Links zu Websites wurden von der FDA und internationalen Lebensmittel- und Arzneimittelbeh\u00f6rden nicht bewertet.<\/li>\n<li>In keiner Weise implizieren medizinische Behauptungen \u00fcber die F\u00e4higkeit oder Wirksamkeit eines unserer Produkte zur Behandlung, Vorbeugung oder Linderung von Krankheiten oder Leiden.<\/li>\n<li>Die Verwendung und Anwendung unserer Produkte liegt in der alleinigen Verantwortung des Kunden.<\/li>\n<\/ul>\n","protected":false},"excerpt":{"rendered":"<p>MUCUNA PULVER- (Mucuna Pruriens) - Kr\u00e4uter in Pulverform 100% nat\u00fcrliche S\u00e4mereien Mucuna ist eine Pflanze, die bei verschiedenen Krankheiten eingesetzt<\/p>\n","protected":false},"featured_media":22880,"comment_status":"open","ping_status":"closed","template":"","meta":{"_joinchat":[],"jetpack_publicize_message":"","jetpack_publicize_feature_enabled":true,"jetpack_social_post_already_shared":true,"jetpack_social_options":{"image_generator_settings":{"template":"highway","default_image_id":0,"font":"","enabled":false},"version":2}},"product_brand":[],"product_cat":[539,538],"product_tag":[],"giftcard-category":[],"class_list":{"0":"post-40809","1":"product","2":"type-product","3":"status-publish","4":"has-post-thumbnail","6":"product_cat-dhl-oder-fedex-new-arrivals","7":"product_cat-exotische-krauter","8":"product_shipping_class-allgemeiner-versand","10":"first","11":"instock","12":"sale","13":"taxable","14":"shipping-taxable","15":"purchasable","16":"product-type-variable"},"jetpack_publicize_connections":[],"jetpack-related-posts":[{"id":36723,"url":"https:\/\/mayantop.com\/de\/produkte\/hercampuri-pulver-gentianella-albo-rosea\/","url_meta":{"origin":40809,"position":0},"title":"HERCAMPURI PULVER- (Gentianella Albo-rosea) - Kr\u00e4uter pulverisiert 100% nat\u00fcrlich","author":"Nicolas Rios","date":"7. Dezember 2021","format":false,"excerpt":"HERCAMPURI-PULVER: Erschlie\u00dfen Sie das Potenzial von Gentianella Albo-rosea \u00a0 Beschreibung des Produkts Das Hercampuri-Pulver ist ein fein gemahlener Kr\u00e4uterextrakt, der aus der Pflanze Gentianella Albo-rosea gewonnen wird, die in der Andenregion S\u00fcdamerikas heimisch ist. Dieses botanische Wunderwerk wird seit Generationen wegen seiner potenziellen gesundheitlichen Vorteile und therapeutischen Eigenschaften gesch\u00e4tzt. Das\u2026","rel":"","context":"\u00c4hnlicher Beitrag","block_context":{"text":"\u00c4hnlicher Beitrag","link":""},"img":{"alt_text":"Hercampuri","src":"https:\/\/i0.wp.com\/mayantop.com\/wp-content\/uploads\/2021\/12\/POLVO-16.jpg?resize=350%2C200&ssl=1","width":350,"height":200,"srcset":"https:\/\/i0.wp.com\/mayantop.com\/wp-content\/uploads\/2021\/12\/POLVO-16.jpg?resize=350%2C200&ssl=1 1x, https:\/\/i0.wp.com\/mayantop.com\/wp-content\/uploads\/2021\/12\/POLVO-16.jpg?resize=525%2C300&ssl=1 1.5x, https:\/\/i0.wp.com\/mayantop.com\/wp-content\/uploads\/2021\/12\/POLVO-16.jpg?resize=700%2C400&ssl=1 2x"},"classes":[]},{"id":37275,"url":"https:\/\/mayantop.com\/de\/produkte\/huacapurana-pulver-campsiandra-angustifolia\/","url_meta":{"origin":40809,"position":1},"title":"HUACAPURANA PULVER \/ 200gr bei 2kg - (Campsiandra Angustifolia) - Kr\u00e4uter Pulverisiert 100% Nat\u00fcrliche BARKE","author":"Nicolas Rios","date":"7. Dezember 2021","format":false,"excerpt":"HUACAPURANA PULVER: Das Geschenk der Natur aus Campsiandra Angustifolia \u00a0 Beschreibung des Produkts Huacapurana-Pulver ist ein nat\u00fcrlicher Kr\u00e4uterextrakt, der aus der Rinde des Campsiandra Angustifolia-Baumes gewonnen wird, der im Amazonas-Regenwald beheimatet ist. Dieses Produkt ist wegen seiner potenziellen gesundheitlichen Vorteile und seiner traditionellen Verwendung in den indigenen Gemeinschaften des Amazonasbeckens\u2026","rel":"","context":"\u00c4hnlicher Beitrag","block_context":{"text":"\u00c4hnlicher Beitrag","link":""},"img":{"alt_text":"Huacapurana","src":"https:\/\/i0.wp.com\/mayantop.com\/wp-content\/uploads\/2021\/12\/POLVO-08-1.jpg?resize=350%2C200&ssl=1","width":350,"height":200,"srcset":"https:\/\/i0.wp.com\/mayantop.com\/wp-content\/uploads\/2021\/12\/POLVO-08-1.jpg?resize=350%2C200&ssl=1 1x, https:\/\/i0.wp.com\/mayantop.com\/wp-content\/uploads\/2021\/12\/POLVO-08-1.jpg?resize=525%2C300&ssl=1 1.5x, https:\/\/i0.wp.com\/mayantop.com\/wp-content\/uploads\/2021\/12\/POLVO-08-1.jpg?resize=700%2C400&ssl=1 2x"},"classes":[]},{"id":40240,"url":"https:\/\/mayantop.com\/de\/produkte\/valeriana-pulver-valeriana-officinalis\/","url_meta":{"origin":40809,"position":2},"title":"VALERIANA PULVER \/ 200gr bei 2kg - (Valeriana Officinalis) - Kr\u00e4uter in Pulverform 100% nat\u00fcrliche Wurzel","author":"Nicolas Rios","date":"7. Dezember 2021","format":false,"excerpt":"VALERIANA PULVER (Valeriana Officinalis): F\u00fcr Ruhe und Wohlbefinden Beschreibung des Produkts: VALERIANA PULVER (Valeriana Officinalis), das aus der Baldrianwurzel gewonnen wird, ist ein nat\u00fcrliches Heilmittel, das seit Jahrhunderten gesch\u00e4tzt wird. Dieses fein gemahlene Pulver bietet einen ganzheitlichen Ansatz f\u00fcr Ruhe und allgemeines Wohlbefinden. Valeriana Pulver ist ein Beweis f\u00fcr die\u2026","rel":"","context":"\u00c4hnlicher Beitrag","block_context":{"text":"\u00c4hnlicher Beitrag","link":""},"img":{"alt_text":"Baldrian","src":"https:\/\/i0.wp.com\/mayantop.com\/wp-content\/uploads\/2021\/12\/POLVO-11-5.jpg?resize=350%2C200&ssl=1","width":350,"height":200,"srcset":"https:\/\/i0.wp.com\/mayantop.com\/wp-content\/uploads\/2021\/12\/POLVO-11-5.jpg?resize=350%2C200&ssl=1 1x, https:\/\/i0.wp.com\/mayantop.com\/wp-content\/uploads\/2021\/12\/POLVO-11-5.jpg?resize=525%2C300&ssl=1 1.5x, https:\/\/i0.wp.com\/mayantop.com\/wp-content\/uploads\/2021\/12\/POLVO-11-5.jpg?resize=700%2C400&ssl=1 2x"},"classes":[]},{"id":39896,"url":"https:\/\/mayantop.com\/de\/produkte\/chacruna-pulver-psychotria-viridis-urlaub\/","url_meta":{"origin":40809,"position":3},"title":"CHACRUNA PULVER \/ 200gr bei 1kg - (Psychotria Viridis) - 100% rein nat\u00fcrlich und biologisch","author":"Nicolas Rios","date":"7. Dezember 2021","format":false,"excerpt":"CHACRUNA-PULVER ZU VERKAUFEN (Psychotria Viridis): Eine Reise ins nat\u00fcrliche Wohlbefinden Beschreibung des Produkts: Begeben Sie sich mit CHACRUNA PULVER auf eine Reise in die Welt des nat\u00fcrlichen Wohlbefindens. Dieses fein gemahlene Pulver wird aus den Bl\u00e4ttern der Psychotria Viridis-Pflanze gewonnen, die auch als Chacruna bekannt ist. Chacruna hat eine lange\u2026","rel":"","context":"\u00c4hnlicher Beitrag","block_context":{"text":"\u00c4hnlicher Beitrag","link":""},"img":{"alt_text":"chacruna","src":"https:\/\/i0.wp.com\/mayantop.com\/wp-content\/uploads\/2021\/12\/IMAGEN-1000-X-1000-px.jpg?resize=350%2C200&ssl=1","width":350,"height":200,"srcset":"https:\/\/i0.wp.com\/mayantop.com\/wp-content\/uploads\/2021\/12\/IMAGEN-1000-X-1000-px.jpg?resize=350%2C200&ssl=1 1x, https:\/\/i0.wp.com\/mayantop.com\/wp-content\/uploads\/2021\/12\/IMAGEN-1000-X-1000-px.jpg?resize=525%2C300&ssl=1 1.5x, https:\/\/i0.wp.com\/mayantop.com\/wp-content\/uploads\/2021\/12\/IMAGEN-1000-X-1000-px.jpg?resize=700%2C400&ssl=1 2x"},"classes":[]},{"id":36700,"url":"https:\/\/mayantop.com\/de\/produkte\/guisador-or-curcuma-curcuma-longa-pulver\/","url_meta":{"origin":40809,"position":4},"title":"GUISADOR oder CURCUMA PULVER \/ 200gr bei 2kg - (Curcuma Longa) - Kr\u00e4uter in Pulverform 100% nat\u00fcrliche Wurzel","author":"Nicolas Rios","date":"7. Dezember 2021","format":false,"excerpt":"GUISADOR oder CURCUMA PULVER: Das goldene Gew\u00fcrz der Natur f\u00fcr Wellness \u00a0 Beschreibung des Produkts Guisador, auch bekannt als Kurkumapulver, ist ein leuchtend gelbes Pulver, das aus den Wurzeln der Pflanze Curcuma Longa gewonnen wird. Dieses Gew\u00fcrz, das gemeinhin als Kurkuma bekannt ist, wird seit Jahrhunderten wegen seines unverwechselbaren Geschmacks,\u2026","rel":"","context":"\u00c4hnlicher Beitrag","block_context":{"text":"\u00c4hnlicher Beitrag","link":""},"img":{"alt_text":"GUISADOR","src":"https:\/\/i0.wp.com\/mayantop.com\/wp-content\/uploads\/2021\/12\/POLVO-9-2.jpg?resize=350%2C200&ssl=1","width":350,"height":200,"srcset":"https:\/\/i0.wp.com\/mayantop.com\/wp-content\/uploads\/2021\/12\/POLVO-9-2.jpg?resize=350%2C200&ssl=1 1x, https:\/\/i0.wp.com\/mayantop.com\/wp-content\/uploads\/2021\/12\/POLVO-9-2.jpg?resize=525%2C300&ssl=1 1.5x, https:\/\/i0.wp.com\/mayantop.com\/wp-content\/uploads\/2021\/12\/POLVO-9-2.jpg?resize=700%2C400&ssl=1 2x"},"classes":[]},{"id":39710,"url":"https:\/\/mayantop.com\/de\/produkte\/abuta-pulver-zum-verkauf-grandifolia-rinden\/","url_meta":{"origin":40809,"position":5},"title":"ABUTA PULVER \/ 200gr bei 2kg - (Abuta Grandifolia) - Kr\u00e4uter in Pulverform 100% nat\u00fcrlich LIANA","author":"Nicolas Rios","date":"7. Dezember 2021","format":false,"excerpt":"ABUTA-PULVER ZU VERKAUFEN: Entdecken Sie die nat\u00fcrlichen Vorteile von Abuta Grandifolia Beschreibung des Produkts: ABUTA PULVER\u00a0ist ein nat\u00fcrliches pflanzliches Heilmittel, das aus den Bl\u00e4ttern und Wurzeln der Abuta Grandifolia Pflanze hergestellt wird. Abuta, auch bekannt als Regenwald-Viagra\", wird seit Jahrhunderten von den indigenen V\u00f6lkern des Amazonas-Regenwaldes wegen seiner potenziellen medizinischen\u2026","rel":"","context":"\u00c4hnlicher Beitrag","block_context":{"text":"\u00c4hnlicher Beitrag","link":""},"img":{"alt_text":"ABUTA","src":"https:\/\/i0.wp.com\/mayantop.com\/wp-content\/uploads\/2021\/12\/POLVO-02.jpg?resize=350%2C200&ssl=1","width":350,"height":200,"srcset":"https:\/\/i0.wp.com\/mayantop.com\/wp-content\/uploads\/2021\/12\/POLVO-02.jpg?resize=350%2C200&ssl=1 1x, https:\/\/i0.wp.com\/mayantop.com\/wp-content\/uploads\/2021\/12\/POLVO-02.jpg?resize=525%2C300&ssl=1 1.5x, https:\/\/i0.wp.com\/mayantop.com\/wp-content\/uploads\/2021\/12\/POLVO-02.jpg?resize=700%2C400&ssl=1 2x"},"classes":[]}],"jetpack_sharing_enabled":true,"_links":{"self":[{"href":"https:\/\/mayantop.com\/de\/wp-json\/wp\/v2\/product\/40809","targetHints":{"allow":["GET"]}}],"collection":[{"href":"https:\/\/mayantop.com\/de\/wp-json\/wp\/v2\/product"}],"about":[{"href":"https:\/\/mayantop.com\/de\/wp-json\/wp\/v2\/types\/product"}],"replies":[{"embeddable":true,"href":"https:\/\/mayantop.com\/de\/wp-json\/wp\/v2\/comments?post=40809"}],"version-history":[{"count":0,"href":"https:\/\/mayantop.com\/de\/wp-json\/wp\/v2\/product\/40809\/revisions"}],"wp:featuredmedia":[{"embeddable":true,"href":"https:\/\/mayantop.com\/de\/wp-json\/wp\/v2\/media\/22880"}],"wp:attachment":[{"href":"https:\/\/mayantop.com\/de\/wp-json\/wp\/v2\/media?parent=40809"}],"wp:term":[{"taxonomy":"product_brand","embeddable":true,"href":"https:\/\/mayantop.com\/de\/wp-json\/wp\/v2\/product_brand?post=40809"},{"taxonomy":"product_cat","embeddable":true,"href":"https:\/\/mayantop.com\/de\/wp-json\/wp\/v2\/product_cat?post=40809"},{"taxonomy":"product_tag","embeddable":true,"href":"https:\/\/mayantop.com\/de\/wp-json\/wp\/v2\/product_tag?post=40809"},{"taxonomy":"giftcard-category","embeddable":true,"href":"https:\/\/mayantop.com\/de\/wp-json\/wp\/v2\/giftcard-category?post=40809"}],"curies":[{"name":"wp","href":"https:\/\/api.w.org\/{rel}","templated":true}]}}