{"id":39489,"date":"2021-12-07T17:02:18","date_gmt":"2021-12-07T22:02:18","guid":{"rendered":"https:\/\/mayantop.com\/producto\/7-roots-powder-200gr-bei-1kg-100-reine-natuerliche-und-biologische-barks\/"},"modified":"2025-06-14T10:12:36","modified_gmt":"2025-06-14T15:12:36","slug":"7-wurzeln-zum-verkauf-pulver-wurzelrinden","status":"publish","type":"product","link":"https:\/\/mayantop.com\/de\/produkte\/7-wurzeln-zum-verkauf-pulver-wurzelrinden\/","title":{"rendered":"7 WURZELN PULVER \/ 200gr bei 1kg - 100% reine nat\u00fcrliche und biologische BARKS"},"content":{"rendered":"<h2><strong>7 WURZELN PULVER ZU VERKAUFEN: Die Kraft der Naturwurzeln freisetzen<\/strong><\/h2>\n<h3><\/h3>\n<h3><strong>Beschreibung des Produkts:<\/strong><\/h3>\n<p>In dieser Pr\u00e4sentation stellen wir Ihnen den ber\u00fchmten amazonischen Lik\u00f6r 7 WURZELN in Pulverform vor, damit Sie ihn zubereiten k\u00f6nnen. Es ist jedoch eines der traditionellsten Getr\u00e4nke unserer amazonischen Gemeinschaft. Es ist ein spezielles und nat\u00fcrliches Aphrodisiakum von 7 wurzel, das den perfekten Anreiz f\u00fcr den besten Sex bietet; ideal f\u00fcr M\u00e4nner und Frauen, die einen starken Schub brauchen. Andererseits ist es sehr verbreitet, es einzunehmen, um die k\u00f6rperliche und geistige Jugend zu verl\u00e4ngern.<\/p>\n<h3>Hier sind die wichtigsten Wurzeln f\u00fcr die Entwicklung von 7 wurzel:<\/h3>\n<ul>\n<li>Abuta.<\/li>\n<li>Bolaquiro.<\/li>\n<li>Chuchuhuasi.<\/li>\n<li>Huasca-Nagel.<\/li>\n<li>Cumaceba.<\/li>\n<li>Kurkuma.<\/li>\n<li>Caspi Eisen.<\/li>\n<li>Huacapurana.<\/li>\n<li>M\u00e4nnlich aus Huanarpo.<\/li>\n<li>W\u00e4hlen Sie.<\/li>\n<li>Ingwer.<\/li>\n<li>Ich werde sterben.<\/li>\n<li>Murcuhuasca.<\/li>\n<li>Tahuari.<\/li>\n<li>Katzenkralle<\/li>\n<\/ul>\n<p><strong>7 WURZELN PULVER<\/strong> ist eine wirksame und vielseitige Kr\u00e4utermischung, die aus sieben verschiedenen Wurzeln mit unterschiedlichen medizinischen Eigenschaften hergestellt wird. Diese Wurzeln werden sorgf\u00e4ltig ausgew\u00e4hlt und zu einem fein pulverisierten Nahrungserg\u00e4nzungsmittel verarbeitet, das eine breite Palette an potenziellen gesundheitlichen Vorteilen bietet. Jede Wurzel tr\u00e4gt ihre eigenen N\u00e4hrstoffe und heilenden Eigenschaften bei, die dieses Pulver zu einer wertvollen Erg\u00e4nzung Ihrer Wellness-Routine machen.<\/p>\n<h3>Die wichtigsten Eigenschaften der 7 Wurzeln kennen<\/h3>\n<ul>\n<li>Er dient der St\u00e4rkung des Immunsystems, beugt Erk\u00e4ltungen vor.<\/li>\n<li>F\u00f6rderung der k\u00f6rperlichen und geistigen Aktivit\u00e4t von M\u00e4nnern und Frauen.<\/li>\n<li>Sie verhindern eine vorzeitige Alterung.<\/li>\n<li>Es wird zur Verbesserung der geistigen Konzentration verwendet.<\/li>\n<li>Erh\u00f6ht die Kraft der Potenz und der Widerstandskraft.<\/li>\n<\/ul>\n<h3><strong>Vor- und Nachteile des Produkts:<\/strong><\/h3>\n<p><em>Vorteile:<\/em><\/p>\n<ol>\n<li><strong>Umfassende Unterst\u00fctzung der Gesundheit:<\/strong> 7 WURZELN PULVER vereint die Vorteile von sieben Wurzeln in einem und bietet eine umfassende Unterst\u00fctzung f\u00fcr die allgemeine Gesundheit und das Wohlbefinden.<\/li>\n<li><strong>N\u00e4hrstoffreich:<\/strong> Die in dieser Mischung verwendeten Wurzeln sind reich an Vitaminen, Mineralien und Antioxidantien, was sie zu einem Kraftpaket macht.<\/li>\n<li><strong>Vielseitig:<\/strong> Die pulverisierte Form erm\u00f6glicht verschiedene Verzehrsmethoden, z. B. das Mischen mit Fl\u00fcssigkeiten, Smoothies oder das Einarbeiten in Rezepte.<\/li>\n<li><strong>Nat\u00fcrlich und rein:<\/strong> Dieses Produkt wird aus nat\u00fcrlichen Zutaten ohne Zus\u00e4tze oder Konservierungsstoffe hergestellt.<\/li>\n<\/ol>\n<p><em>Nachteile:<\/em><\/p>\n<ol>\n<li><strong>Geschmack:<\/strong> Manche Anwender empfinden den Geschmack des Pulvers als leicht erdig oder bitter, woran sie sich m\u00f6glicherweise gew\u00f6hnen m\u00fcssen.<\/li>\n<li><strong>Individuelle Empfindlichkeit:<\/strong> Obwohl sie im Allgemeinen gut vertragen werden, kann die Reaktion auf die Wurzeln individuell unterschiedlich ausfallen, und es ist ratsam, mit einer kleinen Menge zu beginnen.<\/li>\n<\/ol>\n<h3><strong>Verwendungszweck des Produkts:<\/strong><\/h3>\n<p><em>Ganzheitliche Wellness<\/em><\/p>\n<ol>\n<li><strong>Energie und Vitalit\u00e4t:<\/strong> Viele Anwender integrieren 7 WURZELN PULVER in ihre t\u00e4gliche Routine, um ihr Energieniveau und ihre Vitalit\u00e4t zu steigern.<\/li>\n<li><strong>Unterst\u00fctzung des Immunsystems:<\/strong> Die immunst\u00e4rkenden Eigenschaften der Mischung machen sie zu einer ausgezeichneten Wahl, um die nat\u00fcrlichen Abwehrkr\u00e4fte des K\u00f6rpers zu st\u00e4rken.<\/li>\n<li><strong>Gesundheit der Verdauung:<\/strong> Manche Menschen finden durch die Einnahme dieses Pulvers Erleichterung bei Verdauungsbeschwerden und eine verbesserte Darmgesundheit.<\/li>\n<li><strong>Stressabbau:<\/strong> Bestimmte Wurzeln in der Mischung sind f\u00fcr ihre adaptogenen Eigenschaften bekannt und helfen dem K\u00f6rper, sich an Stress anzupassen.<\/li>\n<\/ol>\n<h3><strong>Anweisungen zur Verwendung:<\/strong><\/h3>\n<p><em>Flexibler Verbrauch<\/em><\/p>\n<ol>\n<li><strong>Mischen:<\/strong> Geben Sie einen Teel\u00f6ffel 7 WURZELN PULVER in Ihr Lieblingsgetr\u00e4nk, wie Wasser, Saft oder einen Smoothie.<\/li>\n<li><strong>Kochen:<\/strong> Geben Sie das Pulver in Rezepte wie Suppen, Eint\u00f6pfe oder Backwaren.<\/li>\n<li><strong>Traditioneller Tee:<\/strong> Das Pulver wird in hei\u00dfem Wasser aufgegossen und ergibt einen erdenden Kr\u00e4utertee.<\/li>\n<li><strong>Dosierung:<\/strong> Beginnen Sie mit einer kleinen Menge und erh\u00f6hen Sie diese allm\u00e4hlich, um Ihre optimale Dosierung zu finden.<\/li>\n<\/ol>\n<h3>Wie bereitet man den 7-Ra\u00edces-Lik\u00f6r zu?<\/h3>\n<p>Sie k\u00f6nnen einen handwerklichen 7-Ra\u00edces-Lik\u00f6r auf der Basis einer beliebigen Wurzel Ihrer Wahl herstellen, in diesem Fall verwenden Sie Ca\u00f1azo, Pisco, Tequila oder Rotwein.<br \/>\nAchten Sie darauf, dass Sie Feldhonig und keinen Supermarkthonig verwenden.<\/p>\n<h3>Vorbereitung:<\/h3>\n<p>Nehmen Sie ein Glas 7 WURZELN aus der Flasche, um in die Krusten eindringen zu k\u00f6nnen, mischen Sie gut und f\u00fcgen Sie den Honig hinzu. An einem k\u00fchlen, lichtarmen Ort aufbewahren, die ersten 5 Tage zweimal t\u00e4glich sch\u00fctteln, einmal morgens und einmal abends. Dann lassen wir ihn 1 Woche lang ruhen, um diesen reichhaltigen und medizinischen aphrodisierenden Lik\u00f6r zu probieren.<\/p>\n<h3><strong>Unter welchen anderen Namen es bekannt ist:<\/strong><\/h3>\n<p><em>Alternative Namen und Variationen<\/em><\/p>\n<ol>\n<li><strong>Sieben-Wurzeln-Pulver:<\/strong> Ein direkter Hinweis auf seine Sieben-Wurzel-Zusammensetzung.<\/li>\n<li><strong>Wurzelmischung Supplement:<\/strong> Beschreibt seine Natur als eine Kombination aus verschiedenen Wurzelextrakten.<\/li>\n<\/ol>\n<p>&nbsp;<\/p>\n<h6><strong>Anmerkung:<\/strong><\/h6>\n<p>Die Produkte von Mayantop werden in reinem Zustand und zu 100 % nat\u00fcrlichen Ursprungs in den einheimischen Gemeinden gewonnen und vermarktet. Sie enthalten keine Pestizide, Chemikalien, Herbizide oder andere k\u00fcnstliche Stoffe.<\/p>\n<h6><strong>Haftungsausschluss:<\/strong><\/h6>\n<ul>\n<li>Diese Wirkungen dieses Produkts werden durch die empirischen Erfahrungen der alten traditionellen Medizin mit hervorragenden Ergebnissen unterst\u00fctzt. Das Fehlen von sch\u00e4dlichen Nebenwirkungen, wenn es in der richtigen Dosis verabreicht wird. Die hier genannten Informationen sind jedoch keineswegs eine Verordnung oder Vorschrift.<\/li>\n<li>Die Anwendung dieser Naturprodukte ersetzt nicht die \u00e4rztliche Beratung.<\/li>\n<li>Alle Produkte sind in unserem Herkunftsland legal, es liegt in der Verantwortung des Kunden, die Legalit\u00e4t im Bestimmungsland zu pr\u00fcfen.<\/li>\n<li>Die darin enthaltenen Aussagen und Links zu Websites wurden von der FDA und internationalen Lebensmittel- und Arzneimittelbeh\u00f6rden nicht bewertet.<\/li>\n<li>In keiner Weise implizieren medizinische Behauptungen \u00fcber die F\u00e4higkeit oder Wirksamkeit eines unserer Produkte zur Behandlung, Vorbeugung oder Linderung von Krankheiten oder Leiden.<\/li>\n<li>Die Verwendung und Anwendung unserer Produkte liegt in der alleinigen Verantwortung des Kunden.<\/li>\n<\/ul>\n","protected":false},"excerpt":{"rendered":"<p>7 WURZELN PULVER ZU VERKAUFEN: Die Kraft der Naturwurzeln freisetzen Beschreibung des Produkts: In dieser Pr\u00e4sentation stellen wir Ihnen den<\/p>\n","protected":false},"featured_media":15338,"comment_status":"open","ping_status":"closed","template":"","meta":{"_joinchat":[],"jetpack_publicize_message":"","jetpack_publicize_feature_enabled":true,"jetpack_social_post_already_shared":true,"jetpack_social_options":{"image_generator_settings":{"template":"highway","default_image_id":0,"font":"","enabled":false},"version":2}},"product_brand":[],"product_cat":[558,539],"product_tag":[],"giftcard-category":[],"class_list":{"0":"post-39489","1":"product","2":"type-product","3":"status-publish","4":"has-post-thumbnail","6":"product_cat-aphrodisiakum-rinden","7":"product_cat-dhl-oder-fedex-new-arrivals","8":"product_shipping_class-allgemeiner-versand","10":"first","11":"instock","12":"sale","13":"taxable","14":"shipping-taxable","15":"purchasable","16":"product-type-variable"},"jetpack_publicize_connections":[],"jetpack-related-posts":[{"id":39493,"url":"https:\/\/mayantop.com\/es\/produkte\/7-raices-para-la-venta-raices-en-polvo-cortezas\/","url_meta":{"origin":39489,"position":0},"title":"7 RA\u00cdCES EN POLVO \/ 200gr a 1kg - 100% PURA CORTEZA NATURAL Y ORG\u00c1NICA","author":"Nicolas Rios","date":"7. Dezember 2021","format":false,"excerpt":"7 RA\u00cdCES EN POLVO A LA VENTA: Liberar el poder de las ra\u00edces de la naturaleza Descripci\u00f3n del Producto: En esta presentaci\u00f3n te traemos el famoso licor amaz\u00f3nico 7 Ra\u00edces mezclado en polvo para que puedas prepararlo. Sin embargo, es una de las bebidas m\u00e1s tradicionales de nuestra comunidad amaz\u00f3nica.\u2026","rel":"","context":"\u00c4hnlicher Beitrag","block_context":{"text":"\u00c4hnlicher Beitrag","link":""},"img":{"alt_text":"7 RA\u00cdCES","src":"https:\/\/i0.wp.com\/mayantop.com\/wp-content\/uploads\/2021\/12\/7-raices.jpg?resize=350%2C200&ssl=1","width":350,"height":200,"srcset":"https:\/\/i0.wp.com\/mayantop.com\/wp-content\/uploads\/2021\/12\/7-raices.jpg?resize=350%2C200&ssl=1 1x, https:\/\/i0.wp.com\/mayantop.com\/wp-content\/uploads\/2021\/12\/7-raices.jpg?resize=525%2C300&ssl=1 1.5x, https:\/\/i0.wp.com\/mayantop.com\/wp-content\/uploads\/2021\/12\/7-raices.jpg?resize=700%2C400&ssl=1 2x"},"classes":[]},{"id":37659,"url":"https:\/\/mayantop.com\/es\/produkte\/te-adelgazante-en-venta-mix-amor-seco-citricos\/","url_meta":{"origin":39489,"position":1},"title":"T\u00c9 ADELGAZANTE - Mix (Amor Seco + C\u00e1scara Citricos + Retama) - POLVO PODEROSO","author":"Nicolas Rios","date":"7. Dezember 2021","format":false,"excerpt":"T\u00c9 ADELGAZANTE EN VENTA (Amor Seco + C\u00e1scara C\u00edtricos + Retama): Tu camino hacia la salud y el bienestar \u00a0 Descripci\u00f3n del Producto: Presentamos nuestro T\u00c9 ADELGAZANTE (Amor Seco + C\u00e1scara C\u00edtrica + Retama), una potente mezcla de ingredientes naturales dise\u00f1ada para ayudarle en su camino hacia una vida m\u00e1s\u2026","rel":"","context":"\u00c4hnlicher Beitrag","block_context":{"text":"\u00c4hnlicher Beitrag","link":""},"img":{"alt_text":"T\u00e9 adelgazante","src":"https:\/\/i0.wp.com\/mayantop.com\/wp-content\/uploads\/2021\/12\/te-adelgazante.jpg?resize=350%2C200&ssl=1","width":350,"height":200,"srcset":"https:\/\/i0.wp.com\/mayantop.com\/wp-content\/uploads\/2021\/12\/te-adelgazante.jpg?resize=350%2C200&ssl=1 1x, https:\/\/i0.wp.com\/mayantop.com\/wp-content\/uploads\/2021\/12\/te-adelgazante.jpg?resize=525%2C300&ssl=1 1.5x, https:\/\/i0.wp.com\/mayantop.com\/wp-content\/uploads\/2021\/12\/te-adelgazante.jpg?resize=700%2C400&ssl=1 2x"},"classes":[]},{"id":37773,"url":"https:\/\/mayantop.com\/es\/produkte\/te-relajante-en-venta-mix-plantas-peruanas\/","url_meta":{"origin":39489,"position":2},"title":"T\u00c9 RELAJANTE - (Albaquilla + Granadilla + Pampa Or\u00e9gano )","author":"Nicolas Rios","date":"7. Dezember 2021","format":false,"excerpt":"T\u00c9 RELAJANTE EN VENTA (Albaquilla + Granadilla + Pampa Or\u00e9gano): Tu Camino a la Tranquilidad \u00a0 Descripci\u00f3n del Producto: Presentamos nuestro T\u00c9 RELAJANTE (Albaquilla + Granadilla + Pampa Or\u00e9gano), una mezcla de los mejores ingredientes de la naturaleza elaborada para aportar tranquilidad y relajaci\u00f3n a tu vida. Este t\u00e9 calmante\u2026","rel":"","context":"\u00c4hnlicher Beitrag","block_context":{"text":"\u00c4hnlicher Beitrag","link":""},"img":{"alt_text":"T\u00e9 Relajante","src":"https:\/\/i0.wp.com\/mayantop.com\/wp-content\/uploads\/2021\/12\/te-relajante-1.jpg?resize=350%2C200&ssl=1","width":350,"height":200,"srcset":"https:\/\/i0.wp.com\/mayantop.com\/wp-content\/uploads\/2021\/12\/te-relajante-1.jpg?resize=350%2C200&ssl=1 1x, https:\/\/i0.wp.com\/mayantop.com\/wp-content\/uploads\/2021\/12\/te-relajante-1.jpg?resize=525%2C300&ssl=1 1.5x, https:\/\/i0.wp.com\/mayantop.com\/wp-content\/uploads\/2021\/12\/te-relajante-1.jpg?resize=700%2C400&ssl=1 2x"},"classes":[]},{"id":40619,"url":"https:\/\/mayantop.com\/es\/produkte\/compra-paico-en-polvo-dysphania-ambrosioides\/","url_meta":{"origin":39489,"position":3},"title":"PAICO POLVO \/ 200gr a 2kg - (Dysphania Ambrosioides) - Hierbas en Polvo 100% Natural PLANTA ENTERA","author":"Nicolas Rios","date":"7. Dezember 2021","format":false,"excerpt":"PAICO POLVO: Descubra la versatilidad de la Dysphania Ambrosioides \u00a0 Descripci\u00f3n del producto Entre en el mundo del bienestar natural con PAICO POWDER, un extraordinario producto derivado de la venerada planta Dysphania Ambrosioides. Este polvo fino ofrece una multitud de beneficios, por lo que es una valiosa adici\u00f3n a su\u2026","rel":"","context":"\u00c4hnlicher Beitrag","block_context":{"text":"\u00c4hnlicher Beitrag","link":""},"img":{"alt_text":"PAICO","src":"https:\/\/i0.wp.com\/mayantop.com\/wp-content\/uploads\/2021\/12\/POLVO-13-2.jpg?resize=350%2C200&ssl=1","width":350,"height":200,"srcset":"https:\/\/i0.wp.com\/mayantop.com\/wp-content\/uploads\/2021\/12\/POLVO-13-2.jpg?resize=350%2C200&ssl=1 1x, https:\/\/i0.wp.com\/mayantop.com\/wp-content\/uploads\/2021\/12\/POLVO-13-2.jpg?resize=525%2C300&ssl=1 1.5x, https:\/\/i0.wp.com\/mayantop.com\/wp-content\/uploads\/2021\/12\/POLVO-13-2.jpg?resize=700%2C400&ssl=1 2x"},"classes":[]},{"id":37432,"url":"https:\/\/mayantop.com\/es\/produkte\/compra-malva-en-polvo-en-venta-malva-sylvestris\/","url_meta":{"origin":39489,"position":4},"title":"MALVA EN POLVO \/ 200gr a 2kg - (Malva Sylvestris) - Hierbas en Polvo 100% Natural HOJAS","author":"Nicolas Rios","date":"7. Dezember 2021","format":false,"excerpt":"MALVA EN POLVO: Su puerta al bienestar natural \u00a0 Descripci\u00f3n del producto El POLVO DE MALVA, derivado de las hojas secas de la planta Malva Sylvestris, ofrece una gran cantidad de beneficios naturales envasados en un polvo fino y vers\u00e1til. La malva, tambi\u00e9n conocida como malva com\u00fan, ha sido apreciada\u2026","rel":"","context":"\u00c4hnlicher Beitrag","block_context":{"text":"\u00c4hnlicher Beitrag","link":""},"img":{"alt_text":"malva","src":"https:\/\/i0.wp.com\/mayantop.com\/wp-content\/uploads\/2021\/12\/POLVO-04-1.jpg?resize=350%2C200&ssl=1","width":350,"height":200,"srcset":"https:\/\/i0.wp.com\/mayantop.com\/wp-content\/uploads\/2021\/12\/POLVO-04-1.jpg?resize=350%2C200&ssl=1 1x, https:\/\/i0.wp.com\/mayantop.com\/wp-content\/uploads\/2021\/12\/POLVO-04-1.jpg?resize=525%2C300&ssl=1 1.5x, https:\/\/i0.wp.com\/mayantop.com\/wp-content\/uploads\/2021\/12\/POLVO-04-1.jpg?resize=700%2C400&ssl=1 2x"},"classes":[]},{"id":40600,"url":"https:\/\/mayantop.com\/es\/produkte\/compra-pacunga-en-polvo-en-venta-bidens-pilosa\/","url_meta":{"origin":39489,"position":5},"title":"PACUNGA EN POLVO \/ 200gr a 2kg - (Bidens Pilosa) - Hierbas en Polvo 100% Natural Hojas y Corteza","author":"Nicolas Rios","date":"7. Dezember 2021","format":false,"excerpt":"PACUNGA EN POLVO: Libere el Potencial de la Bidens Pilosa \u00a0 Descripci\u00f3n del producto Descubra el incre\u00edble mundo del Polvo de Pacunga, una joya natural derivada de la planta Bidens Pilosa. Este vers\u00e1til polvo es su puerta de entrada al bienestar hol\u00edstico y ofrece multitud de beneficios. Deje que Pacunga\u2026","rel":"","context":"\u00c4hnlicher Beitrag","block_context":{"text":"\u00c4hnlicher Beitrag","link":""},"img":{"alt_text":"PACUNGA","src":"https:\/\/i0.wp.com\/mayantop.com\/wp-content\/uploads\/2021\/12\/Polvo-18-1.jpg?resize=350%2C200&ssl=1","width":350,"height":200,"srcset":"https:\/\/i0.wp.com\/mayantop.com\/wp-content\/uploads\/2021\/12\/Polvo-18-1.jpg?resize=350%2C200&ssl=1 1x, https:\/\/i0.wp.com\/mayantop.com\/wp-content\/uploads\/2021\/12\/Polvo-18-1.jpg?resize=525%2C300&ssl=1 1.5x, https:\/\/i0.wp.com\/mayantop.com\/wp-content\/uploads\/2021\/12\/Polvo-18-1.jpg?resize=700%2C400&ssl=1 2x"},"classes":[]}],"jetpack_sharing_enabled":true,"_links":{"self":[{"href":"https:\/\/mayantop.com\/de\/wp-json\/wp\/v2\/product\/39489","targetHints":{"allow":["GET"]}}],"collection":[{"href":"https:\/\/mayantop.com\/de\/wp-json\/wp\/v2\/product"}],"about":[{"href":"https:\/\/mayantop.com\/de\/wp-json\/wp\/v2\/types\/product"}],"replies":[{"embeddable":true,"href":"https:\/\/mayantop.com\/de\/wp-json\/wp\/v2\/comments?post=39489"}],"version-history":[{"count":0,"href":"https:\/\/mayantop.com\/de\/wp-json\/wp\/v2\/product\/39489\/revisions"}],"wp:featuredmedia":[{"embeddable":true,"href":"https:\/\/mayantop.com\/de\/wp-json\/wp\/v2\/media\/15338"}],"wp:attachment":[{"href":"https:\/\/mayantop.com\/de\/wp-json\/wp\/v2\/media?parent=39489"}],"wp:term":[{"taxonomy":"product_brand","embeddable":true,"href":"https:\/\/mayantop.com\/de\/wp-json\/wp\/v2\/product_brand?post=39489"},{"taxonomy":"product_cat","embeddable":true,"href":"https:\/\/mayantop.com\/de\/wp-json\/wp\/v2\/product_cat?post=39489"},{"taxonomy":"product_tag","embeddable":true,"href":"https:\/\/mayantop.com\/de\/wp-json\/wp\/v2\/product_tag?post=39489"},{"taxonomy":"giftcard-category","embeddable":true,"href":"https:\/\/mayantop.com\/de\/wp-json\/wp\/v2\/giftcard-category?post=39489"}],"curies":[{"name":"wp","href":"https:\/\/api.w.org\/{rel}","templated":true}]}}