{"id":39298,"date":"2021-12-07T17:02:51","date_gmt":"2021-12-07T22:02:51","guid":{"rendered":"https:\/\/mayantop.com\/producto\/azucar-huayo-powder-200gr-at-2kg-hymenaea-courbaril-kraeuter-pulver-100-natural-bark\/"},"modified":"2025-06-16T13:59:13","modified_gmt":"2025-06-16T18:59:13","slug":"azucar-huayo-zu-verkauf-hymenaea-courbaril","status":"publish","type":"product","link":"https:\/\/mayantop.com\/de\/produkte\/azucar-huayo-zu-verkauf-hymenaea-courbaril\/","title":{"rendered":"AZUCAR HUAYO PULVER \/ 200gr at 2kg - (Hymenaea Courbaril) - Kr\u00e4uter Pulver 100% Natural BARK"},"content":{"rendered":"<h2>AZUCAR HUAYO PULVER- (Hymenaea Courbaril) - Kr\u00e4uter pulverisiert 100% nat\u00fcrlich BARK<\/h2>\n<p>Die Azucar Huayo ist eine Pflanze aus dem Amazonasgebiet, die vor allem dort w\u00e4chst, wo es kein Wasser gibt, sie kann lange Zeit ohne Wasser auskommen. Sie hat eine gro\u00dfe Widerstandsf\u00e4higkeit. Seine beiden Haupteigenschaften sind durchfallhemmend und antirheumatisch. Der Azucar Huayo hat auch ern\u00e4hrungsphysiologische Eigenschaften, seine Fr\u00fcchte werden medizinisch verwendet, er ist auch ein Sch\u00e4dlingsbek\u00e4mpfungsmittel, da er in der Lage ist, Giftstoffe gegen Insekten zu erzeugen, und er ist auch ein sehr guter Begleiter bei der Ayahuasca-Zeremonie.<\/p>\n<h6><strong>Anmerkung:<\/strong><\/h6>\n<p>Die Produkte von Mayantop werden in reinem Zustand und zu 100 % nat\u00fcrlichen Ursprungs in den einheimischen Gemeinden gewonnen und vermarktet. Sie enthalten keine Pestizide, Chemikalien, Herbizide oder andere k\u00fcnstliche Stoffe.<\/p>\n<h6><strong>Haftungsausschluss:<\/strong><\/h6>\n<ul>\n<li>Diese Wirkungen dieses Produkts werden durch die empirischen Erfahrungen der alten traditionellen Medizin mit hervorragenden Ergebnissen unterst\u00fctzt. Das Fehlen von sch\u00e4dlichen Nebenwirkungen, wenn es in der richtigen Dosis verabreicht wird. Die hier genannten Informationen sind jedoch keineswegs eine Verordnung oder Vorschrift.<\/li>\n<li>Die Anwendung dieser Naturprodukte ersetzt nicht die \u00e4rztliche Beratung.<\/li>\n<li>Alle Produkte sind in unserem Herkunftsland legal, es liegt in der Verantwortung des Kunden, die Legalit\u00e4t im Bestimmungsland zu pr\u00fcfen.<\/li>\n<li>Die darin enthaltenen Aussagen und Links zu Websites wurden von der FDA und internationalen Lebensmittel- und Arzneimittelbeh\u00f6rden nicht bewertet.<\/li>\n<li>In keiner Weise implizieren medizinische Behauptungen \u00fcber die F\u00e4higkeit oder Wirksamkeit eines unserer Produkte zur Behandlung, Vorbeugung oder Linderung von Krankheiten oder Leiden.<\/li>\n<li>Die Verwendung und Anwendung unserer Produkte liegt in der alleinigen Verantwortung des Kunden.<\/li>\n<\/ul>\n","protected":false},"excerpt":{"rendered":"<p>AZUCAR HUAYO PULVER- (Hymenaea Courbaril) - Kr\u00e4uter pulverisiert 100% nat\u00fcrlich BARK Die Azucar Huayo ist eine Pflanze aus dem Amazonasgebiet,<\/p>\n","protected":false},"featured_media":21340,"comment_status":"open","ping_status":"closed","template":"","meta":{"_joinchat":[],"jetpack_publicize_message":"","jetpack_publicize_feature_enabled":true,"jetpack_social_post_already_shared":true,"jetpack_social_options":{"image_generator_settings":{"template":"highway","default_image_id":0,"font":"","enabled":false},"version":2}},"product_brand":[],"product_cat":[539,538],"product_tag":[],"giftcard-category":[],"class_list":{"0":"post-39298","1":"product","2":"type-product","3":"status-publish","4":"has-post-thumbnail","6":"product_cat-dhl-oder-fedex-new-arrivals","7":"product_cat-exotische-krauter","8":"product_shipping_class-allgemeiner-versand","10":"first","11":"instock","12":"sale","13":"taxable","14":"shipping-taxable","15":"purchasable","16":"product-type-variable"},"jetpack_publicize_connections":[],"jetpack-related-posts":[{"id":36733,"url":"https:\/\/mayantop.com\/de\/produkte\/buy-guayusa-zu-verkauf-ilex-guayusa-pulver\/","url_meta":{"origin":39298,"position":0},"title":"GUAYUSA POWDER \/ 200gr bei 2kg - (Ilex Guayusa) - Kr\u00e4uter Pulverisiert 100% Nat\u00fcrliche Bl\u00e4tter","author":"Nicolas Rios","date":"7. Dezember 2021","format":false,"excerpt":"GUAYUSA-PULVER: Ein nat\u00fcrlicher Energieschub mit Ilex Guayusa \u00a0 Beschreibung des Produkts Guayusa Pulver ist ein fein gemahlener Kr\u00e4uterextrakt, der aus den Bl\u00e4ttern der im Amazonas-Regenwald beheimateten Ilex Guayusa Pflanze gewonnen wird. Dieses Kr\u00e4uterpulver wird seit langem von den indigenen St\u00e4mmen S\u00fcdamerikas verwendet und ist f\u00fcr seine F\u00e4higkeit bekannt, das Energieniveau\u2026","rel":"","context":"\u00c4hnlicher Beitrag","block_context":{"text":"\u00c4hnlicher Beitrag","link":""},"img":{"alt_text":"GUAYUSA","src":"https:\/\/i0.wp.com\/mayantop.com\/wp-content\/uploads\/2021\/12\/POLVO-03-2.jpg?resize=350%2C200&ssl=1","width":350,"height":200,"srcset":"https:\/\/i0.wp.com\/mayantop.com\/wp-content\/uploads\/2021\/12\/POLVO-03-2.jpg?resize=350%2C200&ssl=1 1x, https:\/\/i0.wp.com\/mayantop.com\/wp-content\/uploads\/2021\/12\/POLVO-03-2.jpg?resize=525%2C300&ssl=1 1.5x, https:\/\/i0.wp.com\/mayantop.com\/wp-content\/uploads\/2021\/12\/POLVO-03-2.jpg?resize=700%2C400&ssl=1 2x"},"classes":[]},{"id":37625,"url":"https:\/\/mayantop.com\/de\/produkte\/kaufen-ubos-pulver-zum-verkauf-spondias-mombin\/","url_meta":{"origin":39298,"position":1},"title":"UBOS PULVER \/ 200gr bei 2kg - (Spondias Mombin) - Kr\u00e4uter in Pulverform 100% Natural BARK","author":"Nicolas Rios","date":"7. Dezember 2021","format":false,"excerpt":"UBOS PULVER ZU VERKAUFEN (Spondias Mombin): Die Gaben der Natur erschlie\u00dfen \u00a0 Beschreibung des Produkts: Entdecken Sie den nat\u00fcrlichen Schatz mit unserem UBOS PULVER (Spondias Mombin). Dieses exquisite Pulver wird aus dem tropischen Spondias-Mombin-Baum gewonnen, der f\u00fcr seine reiche Kulturgeschichte und seine zahlreichen gesundheitlichen Vorteile bekannt ist. Das Ubos-Pulver ist\u2026","rel":"","context":"\u00c4hnlicher Beitrag","block_context":{"text":"\u00c4hnlicher Beitrag","link":""},"img":{"alt_text":"Ubos","src":"https:\/\/i0.wp.com\/mayantop.com\/wp-content\/uploads\/2021\/12\/POLVO-16-3.jpg?resize=350%2C200&ssl=1","width":350,"height":200,"srcset":"https:\/\/i0.wp.com\/mayantop.com\/wp-content\/uploads\/2021\/12\/POLVO-16-3.jpg?resize=350%2C200&ssl=1 1x, https:\/\/i0.wp.com\/mayantop.com\/wp-content\/uploads\/2021\/12\/POLVO-16-3.jpg?resize=525%2C300&ssl=1 1.5x, https:\/\/i0.wp.com\/mayantop.com\/wp-content\/uploads\/2021\/12\/POLVO-16-3.jpg?resize=700%2C400&ssl=1 2x"},"classes":[]},{"id":36782,"url":"https:\/\/mayantop.com\/de\/produkte\/guanabana-pulver-annona-muricata-blaetter\/","url_meta":{"origin":39298,"position":2},"title":"GUANABANA PULVER \/ 200gr bei 2kg - (Annona Muricata) - Kr\u00e4uter Pulverisiert 100% Nat\u00fcrliche Bl\u00e4tter","author":"Nicolas Rios","date":"7. Dezember 2021","format":false,"excerpt":"GUANABANA PULVER ZU VERKAUFEN - Annona Muricata: Die tropische Superfrucht in Pulverform Beschreibung des Produkts: Guanabana-Pulver (Annona Muricata), auch bekannt als Graviola- oder Soursop-Pulver, ist eine tropische Superfrucht, die in einer praktischen Pulverform kondensiert ist. Dieses Pulver wird aus der gro\u00dfen, stacheligen gr\u00fcnen Frucht des Guanabana-Baums gewonnen und verk\u00f6rpert die\u2026","rel":"","context":"\u00c4hnlicher Beitrag","block_context":{"text":"\u00c4hnlicher Beitrag","link":""},"img":{"alt_text":"Guanabana","src":"https:\/\/i0.wp.com\/mayantop.com\/wp-content\/uploads\/2021\/12\/POLVO-04.jpg?resize=350%2C200&ssl=1","width":350,"height":200,"srcset":"https:\/\/i0.wp.com\/mayantop.com\/wp-content\/uploads\/2021\/12\/POLVO-04.jpg?resize=350%2C200&ssl=1 1x, https:\/\/i0.wp.com\/mayantop.com\/wp-content\/uploads\/2021\/12\/POLVO-04.jpg?resize=525%2C300&ssl=1 1.5x, https:\/\/i0.wp.com\/mayantop.com\/wp-content\/uploads\/2021\/12\/POLVO-04.jpg?resize=700%2C400&ssl=1 2x"},"classes":[]},{"id":40639,"url":"https:\/\/mayantop.com\/de\/produkte\/kaufen-pacunga-pulver-zum-verkauf-bidens-pilosa\/","url_meta":{"origin":39298,"position":3},"title":"PACUNGA PULVER \/ 200gr bei 2kg - (Bidens Pilosa) - Kr\u00e4uter Pulver 100% nat\u00fcrliche Bl\u00e4tter und Rinde","author":"Nicolas Rios","date":"7. Dezember 2021","format":false,"excerpt":"Pacunga-Pulver: Erschlie\u00dfen Sie das Potenzial von Bidens Pilosa \u00a0 Beschreibung des Produkts Entdecken Sie die unglaubliche Welt des Pacunga-Pulvers, ein nat\u00fcrliches Juwel, das aus der Bidens-Pilosa-Pflanze gewonnen wird. Dieses vielseitige Pulver ist Ihr Tor zum ganzheitlichen Wohlbefinden und bietet eine Vielzahl von Vorteilen. Lassen Sie Pacunga Powder zu Ihrem zuverl\u00e4ssigen\u2026","rel":"","context":"\u00c4hnlicher Beitrag","block_context":{"text":"\u00c4hnlicher Beitrag","link":""},"img":{"alt_text":"PACUNGA","src":"https:\/\/i0.wp.com\/mayantop.com\/wp-content\/uploads\/2021\/12\/Polvo-18-1.jpg?resize=350%2C200&ssl=1","width":350,"height":200,"srcset":"https:\/\/i0.wp.com\/mayantop.com\/wp-content\/uploads\/2021\/12\/Polvo-18-1.jpg?resize=350%2C200&ssl=1 1x, https:\/\/i0.wp.com\/mayantop.com\/wp-content\/uploads\/2021\/12\/Polvo-18-1.jpg?resize=525%2C300&ssl=1 1.5x, https:\/\/i0.wp.com\/mayantop.com\/wp-content\/uploads\/2021\/12\/Polvo-18-1.jpg?resize=700%2C400&ssl=1 2x"},"classes":[]},{"id":39398,"url":"https:\/\/mayantop.com\/de\/produkte\/ayahuma-pulver-couroupita-guianensis\/","url_meta":{"origin":39298,"position":4},"title":"AYAHUMA PULVER \/ 200gr bei 2kg - (Couroupita Guianensis) - Kr\u00e4uter Pulverisiert 100% Nat\u00fcrliche FR\u00dcCHTE","author":"Nicolas Rios","date":"7. Dezember 2021","format":false,"excerpt":"AYAHUMA PULVER ZU VERKAUFEN: Ein nat\u00fcrliches Wunder f\u00fcr Wellness Beschreibung des Produkts: AYAHUMA PULVER\u00a0ist ein bemerkenswertes pflanzliches Produkt, das aus den Samen des Ayahuma-Baumes(Couroupita guianensis) gewonnen wird. Dieses fein gemahlene Pulver enth\u00e4lt die nat\u00fcrliche Potenz von Ayahuma, einem Baum, der in den einheimischen Kulturen f\u00fcr seine traditionellen Anwendungen verehrt wird.\u2026","rel":"","context":"\u00c4hnlicher Beitrag","block_context":{"text":"\u00c4hnlicher Beitrag","link":""},"img":{"alt_text":"ayahuma","src":"https:\/\/i0.wp.com\/mayantop.com\/wp-content\/uploads\/2021\/12\/POLVO-13.jpg?resize=350%2C200&ssl=1","width":350,"height":200,"srcset":"https:\/\/i0.wp.com\/mayantop.com\/wp-content\/uploads\/2021\/12\/POLVO-13.jpg?resize=350%2C200&ssl=1 1x, https:\/\/i0.wp.com\/mayantop.com\/wp-content\/uploads\/2021\/12\/POLVO-13.jpg?resize=525%2C300&ssl=1 1.5x, https:\/\/i0.wp.com\/mayantop.com\/wp-content\/uploads\/2021\/12\/POLVO-13.jpg?resize=700%2C400&ssl=1 2x"},"classes":[]},{"id":40039,"url":"https:\/\/mayantop.com\/de\/produkte\/cocona-pulver-zu-verkauf-solanum-sessiliflorum\/","url_meta":{"origin":39298,"position":5},"title":"COCONA PULVER \/ 200gr bei 2kg - (Solanum Sessiliflorum) - Kr\u00e4uter Pulverisiert 100% Nat\u00fcrliche Wurzel","author":"Nicolas Rios","date":"7. Dezember 2021","format":false,"excerpt":"COCONA PULVER ZU VERKAUFEN (Solanum Sessiliflorum): Die exotische Superfrucht des Amazonas Beschreibung des Produkts: Entdecken Sie die exotische Anziehungskraft des Amazonas-Regenwaldes mit unserem COCONA PULVER, das aus der Solanum Sessiliflorum Frucht, auch bekannt als \"Cocona\", hergestellt wird. Dieses feine Pulver f\u00e4ngt die Essenz einer tropischen Superfrucht ein, die f\u00fcr ihren\u2026","rel":"","context":"\u00c4hnlicher Beitrag","block_context":{"text":"\u00c4hnlicher Beitrag","link":""},"img":{"alt_text":"COCONA","src":"https:\/\/i0.wp.com\/mayantop.com\/wp-content\/uploads\/2021\/12\/POLVO-11.jpg?resize=350%2C200&ssl=1","width":350,"height":200,"srcset":"https:\/\/i0.wp.com\/mayantop.com\/wp-content\/uploads\/2021\/12\/POLVO-11.jpg?resize=350%2C200&ssl=1 1x, https:\/\/i0.wp.com\/mayantop.com\/wp-content\/uploads\/2021\/12\/POLVO-11.jpg?resize=525%2C300&ssl=1 1.5x, https:\/\/i0.wp.com\/mayantop.com\/wp-content\/uploads\/2021\/12\/POLVO-11.jpg?resize=700%2C400&ssl=1 2x"},"classes":[]}],"jetpack_sharing_enabled":true,"_links":{"self":[{"href":"https:\/\/mayantop.com\/de\/wp-json\/wp\/v2\/product\/39298","targetHints":{"allow":["GET"]}}],"collection":[{"href":"https:\/\/mayantop.com\/de\/wp-json\/wp\/v2\/product"}],"about":[{"href":"https:\/\/mayantop.com\/de\/wp-json\/wp\/v2\/types\/product"}],"replies":[{"embeddable":true,"href":"https:\/\/mayantop.com\/de\/wp-json\/wp\/v2\/comments?post=39298"}],"version-history":[{"count":0,"href":"https:\/\/mayantop.com\/de\/wp-json\/wp\/v2\/product\/39298\/revisions"}],"wp:featuredmedia":[{"embeddable":true,"href":"https:\/\/mayantop.com\/de\/wp-json\/wp\/v2\/media\/21340"}],"wp:attachment":[{"href":"https:\/\/mayantop.com\/de\/wp-json\/wp\/v2\/media?parent=39298"}],"wp:term":[{"taxonomy":"product_brand","embeddable":true,"href":"https:\/\/mayantop.com\/de\/wp-json\/wp\/v2\/product_brand?post=39298"},{"taxonomy":"product_cat","embeddable":true,"href":"https:\/\/mayantop.com\/de\/wp-json\/wp\/v2\/product_cat?post=39298"},{"taxonomy":"product_tag","embeddable":true,"href":"https:\/\/mayantop.com\/de\/wp-json\/wp\/v2\/product_tag?post=39298"},{"taxonomy":"giftcard-category","embeddable":true,"href":"https:\/\/mayantop.com\/de\/wp-json\/wp\/v2\/giftcard-category?post=39298"}],"curies":[{"name":"wp","href":"https:\/\/api.w.org\/{rel}","templated":true}]}}