{"id":37506,"date":"2021-12-07T17:04:48","date_gmt":"2021-12-07T22:04:48","guid":{"rendered":"https:\/\/mayantop.com\/producto\/malva-paste-10gr-bei-1kg-malva-sylvestris-100-reiner-pastextrakt\/"},"modified":"2025-06-16T15:01:43","modified_gmt":"2025-06-16T20:01:43","slug":"malva-paste-zum-verkauf-malva-sylvestris","status":"publish","type":"product","link":"https:\/\/mayantop.com\/de\/produkte\/malva-paste-zum-verkauf-malva-sylvestris\/","title":{"rendered":"MALVA PASTE \/ 10gr bei 1kg \/ - (Malva Sylvestris) 100% reiner Pastextrakt"},"content":{"rendered":"<h3><strong>MALVA PASTE: Der Balsam der Natur f\u00fcr Gesundheit und Sch\u00f6nheit<\/strong><\/h3>\n<p>&nbsp;<\/p>\n<h3><strong>Beschreibung des Produkts<\/strong><\/h3>\n<p>Wir stellen Ihnen MALVA PASTE vor, ein vielseitiges und nat\u00fcrliches Heilmittel, das aus der bekannten Pflanze Malva Sylvestris gewonnen wird. Dieses Produkt ist eine wohltuende, pflanzliche Paste mit einer Vielzahl von Anwendungsm\u00f6glichkeiten, die es zu einer wertvollen Erg\u00e4nzung Ihrer Wellness- und Sch\u00f6nheitsroutine macht. Die mit Sorgfalt hergestellte MALVA PASTE enth\u00e4lt die heilenden Eigenschaften der Malva Sylvestris und bietet Ihnen einen ganzheitlichen Ansatz f\u00fcr Ihr Wohlbefinden.<\/p>\n<p>Unsere MALVA PASTE wird zubereitet, um Reinheit und Potenz zu gew\u00e4hrleisten, so dass Sie die Vorteile dieser bemerkenswerten Pflanze voll aussch\u00f6pfen k\u00f6nnen. Ganz gleich, ob Sie auf der Suche nach einer Linderung f\u00fcr Ihre Haut, einem pflanzlichen Heilmittel oder einem nat\u00fcrlichen Sch\u00f6nheitsschub sind, MALVA PASTE bietet eine harmonische Mischung aus Tradition und moderner Wellness.<\/p>\n<h3><strong>Vor- und Nachteile des Produkts<\/strong><\/h3>\n<p><em>Vorteile:<\/em><\/p>\n<ol>\n<li>Vielseitiges Wellness: MALVA PASTE kann zur Hautpflege, zur Linderung von Reizungen und zur Unterst\u00fctzung der allgemeinen Gesundheit verwendet werden.<\/li>\n<li>Nat\u00fcrliche Inhaltsstoffe: Frei von sch\u00e4dlichen Chemikalien oder Zusatzstoffen, um ein reines und sicheres Produkt zu gew\u00e4hrleisten.<\/li>\n<li>Traditionelles Heilmittel: Malva Sylvestris ist in der Kr\u00e4utertradition verwurzelt und wird seit Jahrhunderten f\u00fcr seine heilenden Eigenschaften gesch\u00e4tzt.<\/li>\n<li>Hautnahrung: Bietet Linderung bei leichten Hautreizungen und f\u00f6rdert einen gesunden und strahlenden Teint.<\/li>\n<li>Einfache Anwendung: Bequeme Pastenform f\u00fcr problemlose Anwendung.<\/li>\n<\/ol>\n<p><em>Nachteile:<\/em><\/p>\n<ol>\n<li>Individuelle Empfindlichkeit: Menschen mit Pflanzenallergien sollten bei der Verwendung von MALVA PASTE Vorsicht walten lassen.<\/li>\n<li>Begrenzte wissenschaftliche Nachweise: Die traditionelle Verwendung der Pflanze hat eine lange Tradition, aber die Forschung ist noch dabei, ihr volles Potenzial zu erforschen.<\/li>\n<\/ol>\n<h3><strong>Verwendungszwecke des Produkts<\/strong><\/h3>\n<p>MALVA PASTE dient einer Reihe von Zwecken:<\/p>\n<ol>\n<li><strong>Hautpflege<\/strong>: Tragen Sie MALVA PASTE auf, um kleinere Hautreizungen wie Ausschlag, Juckreiz oder R\u00f6tungen zu lindern.<\/li>\n<li><strong>Pflanzliches Heilmittel<\/strong>: Verwenden Sie es als nat\u00fcrliches Heilmittel zur Unterst\u00fctzung der Verdauungsgesundheit und des allgemeinen Wohlbefindens.<\/li>\n<li><strong>Beauty Boost<\/strong>: Integrieren Sie MALVA PASTE in Ihre Sch\u00f6nheitsroutine f\u00fcr strahlende, gesunde Haut.<\/li>\n<li><strong>Topische Anwendung<\/strong>: Zur Linderung von Beschwerden oder Reizungen auf die betroffenen Stellen auftragen.<\/li>\n<li><strong>Ganzheitliches Wohlbefinden<\/strong>: Verwenden Sie MALVA PASTE als Teil Ihrer ganzheitlichen Wellness-Kur wegen ihrer potenziellen gesundheitlichen Vorteile.<\/li>\n<\/ol>\n<h3><strong>Anweisungen zur Verwendung<\/strong><\/h3>\n<ol>\n<li><strong>Hautpflege<\/strong>: MALVA PASTE sanft auf die betroffenen Hautpartien auftragen. 15-20 Minuten einwirken lassen, dann mit warmem Wasser absp\u00fclen.<\/li>\n<li><strong>Gesundheit der Verdauung<\/strong>: Verzehren Sie eine kleine Menge (wie angegeben) mit Wasser, um das Wohlbefinden der Verdauung zu unterst\u00fctzen.<\/li>\n<li><strong>Sch\u00f6nheitsroutine<\/strong>: Mischen Sie MALVA PASTE mit Ihrem bevorzugten Tr\u00e4ger\u00f6l oder Hautpflegeprodukten, um Ihre t\u00e4gliche Sch\u00f6nheitspflege zu verbessern.<\/li>\n<\/ol>\n<h3><strong>Welche anderen Namen es hat<\/strong><\/h3>\n<p>MALVA PASTE wird auch als &#8222;Common Mallow Paste&#8220; bezeichnet, da sie mit der Pflanze Malva Sylvestris in Verbindung gebracht wird.<\/p>\n<h6><strong>Anmerkung:<\/strong><\/h6>\n<p>Die Produkte von Mayantop werden in reinem Zustand und zu 100 % nat\u00fcrlichen Ursprungs in den einheimischen Gemeinden gewonnen und vermarktet. Sie enthalten keine Pestizide, Chemikalien, Herbizide oder andere k\u00fcnstliche Stoffe.<\/p>\n<h6><strong>Haftungsausschluss:<\/strong><\/h6>\n<ul>\n<li>Diese Wirkungen dieses Produkts werden durch die empirischen Erfahrungen der alten traditionellen Medizin mit hervorragenden Ergebnissen unterst\u00fctzt. Das Fehlen von sch\u00e4dlichen Nebenwirkungen, wenn es in der richtigen Dosis verabreicht wird. Die hier genannten Informationen sind jedoch keineswegs eine Verordnung oder Vorschrift.<\/li>\n<li>Die Anwendung dieser Naturprodukte ersetzt nicht die \u00e4rztliche Beratung.<\/li>\n<li>Alle Produkte sind in unserem Herkunftsland legal, es liegt in der Verantwortung des Kunden, die Legalit\u00e4t im Bestimmungsland zu pr\u00fcfen.<\/li>\n<li>Die darin enthaltenen Aussagen und Links zu Websites wurden von der FDA und internationalen Lebensmittel- und Arzneimittelbeh\u00f6rden nicht bewertet.<\/li>\n<li>In keiner Weise implizieren medizinische Behauptungen \u00fcber die F\u00e4higkeit oder Wirksamkeit eines unserer Produkte zur Behandlung, Vorbeugung oder Linderung von Krankheiten oder Leiden.<\/li>\n<li>Die Verwendung und Anwendung unserer Produkte liegt in der alleinigen Verantwortung des Kunden.<\/li>\n<\/ul>\n","protected":false},"excerpt":{"rendered":"<p>MALVA PASTE: Der Balsam der Natur f\u00fcr Gesundheit und Sch\u00f6nheit &nbsp; Beschreibung des Produkts Wir stellen Ihnen MALVA PASTE vor,<\/p>\n","protected":false},"featured_media":20240,"comment_status":"open","ping_status":"closed","template":"","meta":{"_joinchat":[],"jetpack_publicize_message":"","jetpack_publicize_feature_enabled":true,"jetpack_social_post_already_shared":true,"jetpack_social_options":{"image_generator_settings":{"template":"highway","default_image_id":0,"font":"","enabled":false},"version":2}},"product_brand":[],"product_cat":[539,542],"product_tag":[],"giftcard-category":[],"class_list":{"0":"post-37506","1":"product","2":"type-product","3":"status-publish","4":"has-post-thumbnail","6":"product_cat-dhl-oder-fedex-new-arrivals","7":"product_cat-paste-extrakt-zum-verkauf","8":"product_shipping_class-allgemeiner-versand","10":"first","11":"instock","12":"sale","13":"taxable","14":"shipping-taxable","15":"purchasable","16":"product-type-variable"},"jetpack_publicize_connections":[],"jetpack-related-posts":[{"id":37348,"url":"https:\/\/mayantop.com\/es\/productos\/pasta-de-malva-sylvestris-100-extracto-puro-en-pasta\/","url_meta":{"origin":37506,"position":0},"title":"MALVA EN PASTA \/ 10gr a 1kg \/ - (Malva Sylvestris) 100% Extracto Puro en Pasta","author":"Nicolas Rios","date":"7. Dezember 2021","format":false,"excerpt":"PASTA DE MALVA: B\u00e1lsamo natural para la salud y la belleza \u00a0 Descripci\u00f3n del producto Presentamos la PASTA DE MALVA, un remedio vers\u00e1til y natural obtenido de la famosa planta Malva Sylvestris. Este producto es una pasta calmante a base de hierbas con multitud de aplicaciones, lo que lo convierte\u2026","rel":"","context":"\u00c4hnlicher Beitrag","block_context":{"text":"\u00c4hnlicher Beitrag","link":""},"img":{"alt_text":"Pasta de malva","src":"https:\/\/i0.wp.com\/mayantop.com\/wp-content\/uploads\/2021\/12\/PASTA-01-1.jpg?resize=350%2C200&ssl=1","width":350,"height":200,"srcset":"https:\/\/i0.wp.com\/mayantop.com\/wp-content\/uploads\/2021\/12\/PASTA-01-1.jpg?resize=350%2C200&ssl=1 1x, https:\/\/i0.wp.com\/mayantop.com\/wp-content\/uploads\/2021\/12\/PASTA-01-1.jpg?resize=525%2C300&ssl=1 1.5x, https:\/\/i0.wp.com\/mayantop.com\/wp-content\/uploads\/2021\/12\/PASTA-01-1.jpg?resize=700%2C400&ssl=1 2x"},"classes":[]},{"id":37432,"url":"https:\/\/mayantop.com\/es\/productos\/compra-malva-en-polvo-en-venta-malva-sylvestris\/","url_meta":{"origin":37506,"position":1},"title":"MALVA EN POLVO \/ 200gr a 2kg - (Malva Sylvestris) - Hierbas en Polvo 100% Natural HOJAS","author":"Nicolas Rios","date":"7. Dezember 2021","format":false,"excerpt":"MALVA EN POLVO: Su puerta al bienestar natural \u00a0 Descripci\u00f3n del producto El POLVO DE MALVA, derivado de las hojas secas de la planta Malva Sylvestris, ofrece una gran cantidad de beneficios naturales envasados en un polvo fino y vers\u00e1til. La malva, tambi\u00e9n conocida como malva com\u00fan, ha sido apreciada\u2026","rel":"","context":"\u00c4hnlicher Beitrag","block_context":{"text":"\u00c4hnlicher Beitrag","link":""},"img":{"alt_text":"malva","src":"https:\/\/i0.wp.com\/mayantop.com\/wp-content\/uploads\/2021\/12\/POLVO-04-1.jpg?resize=350%2C200&ssl=1","width":350,"height":200,"srcset":"https:\/\/i0.wp.com\/mayantop.com\/wp-content\/uploads\/2021\/12\/POLVO-04-1.jpg?resize=350%2C200&ssl=1 1x, https:\/\/i0.wp.com\/mayantop.com\/wp-content\/uploads\/2021\/12\/POLVO-04-1.jpg?resize=525%2C300&ssl=1 1.5x, https:\/\/i0.wp.com\/mayantop.com\/wp-content\/uploads\/2021\/12\/POLVO-04-1.jpg?resize=700%2C400&ssl=1 2x"},"classes":[]},{"id":37732,"url":"https:\/\/mayantop.com\/es\/productos\/ubos-en-pasta-para-la-venta-spondias-mombin\/","url_meta":{"origin":37506,"position":2},"title":"UBOS EN PASTA \/ 10gr a 1kg \/ - (Spondias Mombin) 100% Extracto Puro de Pasta","author":"Nicolas Rios","date":"7. Dezember 2021","format":false,"excerpt":"UBOS EN PASTA A LA VENTA (Spondias Mombin): Un manjar tropical y un tesoro para la salud \u00a0 Descripci\u00f3n del Producto: Presentamos nuestra UBOS EN PASTA (Spondias Mombin), una deliciosa fusi\u00f3n de sabor y nutrici\u00f3n. Elaborada a partir del \u00e1rbol tropical Spondias Mombin, esta pasta captura la esencia de la\u2026","rel":"","context":"\u00c4hnlicher Beitrag","block_context":{"text":"\u00c4hnlicher Beitrag","link":""},"img":{"alt_text":"pasta de ubos","src":"https:\/\/i0.wp.com\/mayantop.com\/wp-content\/uploads\/2021\/12\/Pastita-1000-X-1000-px.jpg?resize=350%2C200&ssl=1","width":350,"height":200,"srcset":"https:\/\/i0.wp.com\/mayantop.com\/wp-content\/uploads\/2021\/12\/Pastita-1000-X-1000-px.jpg?resize=350%2C200&ssl=1 1x, https:\/\/i0.wp.com\/mayantop.com\/wp-content\/uploads\/2021\/12\/Pastita-1000-X-1000-px.jpg?resize=525%2C300&ssl=1 1.5x, https:\/\/i0.wp.com\/mayantop.com\/wp-content\/uploads\/2021\/12\/Pastita-1000-X-1000-px.jpg?resize=700%2C400&ssl=1 2x"},"classes":[]},{"id":40778,"url":"https:\/\/mayantop.com\/es\/productos\/mucura-en-pasta-petiveria-paste-extract\/","url_meta":{"origin":37506,"position":3},"title":"PASTA DE MUCURA \/ 10gr a 1kg \/ - (Petiveria) 100% Extracto Puro de Pasta","author":"Nicolas Rios","date":"7. Dezember 2021","format":false,"excerpt":"PASTA DE MUCURA: Libera el potencial de bienestar de la petiveria \u00a0 Descripci\u00f3n del producto Descubra el poder transformador de la PASTA DE MUCURA, un extraordinario producto para la salud obtenido de la venerada planta Petiveria. Esta pasta vers\u00e1til es la clave para obtener una serie de beneficios para la\u2026","rel":"","context":"\u00c4hnlicher Beitrag","block_context":{"text":"\u00c4hnlicher Beitrag","link":""},"img":{"alt_text":"MUCURA EN PASTA","src":"https:\/\/i0.wp.com\/mayantop.com\/wp-content\/uploads\/2021\/12\/PASTA-01.jpg?resize=350%2C200&ssl=1","width":350,"height":200,"srcset":"https:\/\/i0.wp.com\/mayantop.com\/wp-content\/uploads\/2021\/12\/PASTA-01.jpg?resize=350%2C200&ssl=1 1x, https:\/\/i0.wp.com\/mayantop.com\/wp-content\/uploads\/2021\/12\/PASTA-01.jpg?resize=525%2C300&ssl=1 1.5x, https:\/\/i0.wp.com\/mayantop.com\/wp-content\/uploads\/2021\/12\/PASTA-01.jpg?resize=700%2C400&ssl=1 2x"},"classes":[]},{"id":36880,"url":"https:\/\/mayantop.com\/es\/productos\/guanabana-en-pasta-en-venta-annona-muricata\/","url_meta":{"origin":37506,"position":4},"title":"PASTA DE GUANABANA \/ 10gr a 1kg \/ - (Annona Muricata) 100% Extracto Puro de Pasta","author":"Nicolas Rios","date":"7. Dezember 2021","format":false,"excerpt":"GUANABANA EN PASTA EN VENTA - Annona Muricata: Saborea la delicia tropical Descripci\u00f3n del Producto: Presentamos la ex\u00f3tica y deliciosa GUANABANA EN PASTA\u00a0(Annona Muricata), un tesoro tropical que captura la esencia del Caribe. Tambi\u00e9n conocida como graviola o guan\u00e1bana, la guan\u00e1bana es c\u00e9lebre por su sabor \u00fanico y sus posibles\u2026","rel":"","context":"\u00c4hnlicher Beitrag","block_context":{"text":"\u00c4hnlicher Beitrag","link":""},"img":{"alt_text":"GUANABANA EN PASTA","src":"https:\/\/i0.wp.com\/mayantop.com\/wp-content\/uploads\/2021\/12\/PASTA-01-3.jpg?resize=350%2C200&ssl=1","width":350,"height":200,"srcset":"https:\/\/i0.wp.com\/mayantop.com\/wp-content\/uploads\/2021\/12\/PASTA-01-3.jpg?resize=350%2C200&ssl=1 1x, https:\/\/i0.wp.com\/mayantop.com\/wp-content\/uploads\/2021\/12\/PASTA-01-3.jpg?resize=525%2C300&ssl=1 1.5x, https:\/\/i0.wp.com\/mayantop.com\/wp-content\/uploads\/2021\/12\/PASTA-01-3.jpg?resize=700%2C400&ssl=1 2x"},"classes":[]},{"id":40729,"url":"https:\/\/mayantop.com\/es\/productos\/noni-en-pasta-en-venta-morinda-citrifolia\/","url_meta":{"origin":37506,"position":5},"title":"PASTA DE NONI \/ 10gr a 1kg \/ - (Morinda Citrifolia) 100% Extracto Puro de Pasta","author":"Nicolas Rios","date":"7. Dezember 2021","format":false,"excerpt":"PASTA DE NONI: Aprovecha el poder curativo de la Morinda Citrifolia \u00a0 Descripci\u00f3n del producto Experimente las maravillas naturales de la PASTA DE NONI, un extraordinario producto para la salud obtenido de la venerada planta Morinda Citrifolia. Esta pasta rica en nutrientes es un verdadero regalo de la naturaleza, que\u2026","rel":"","context":"\u00c4hnlicher Beitrag","block_context":{"text":"\u00c4hnlicher Beitrag","link":""},"img":{"alt_text":"NONI EN PASTA","src":"https:\/\/i0.wp.com\/mayantop.com\/wp-content\/uploads\/2021\/12\/Paste-1000-X-1000-px-1.jpg?resize=350%2C200&ssl=1","width":350,"height":200,"srcset":"https:\/\/i0.wp.com\/mayantop.com\/wp-content\/uploads\/2021\/12\/Paste-1000-X-1000-px-1.jpg?resize=350%2C200&ssl=1 1x, https:\/\/i0.wp.com\/mayantop.com\/wp-content\/uploads\/2021\/12\/Paste-1000-X-1000-px-1.jpg?resize=525%2C300&ssl=1 1.5x, https:\/\/i0.wp.com\/mayantop.com\/wp-content\/uploads\/2021\/12\/Paste-1000-X-1000-px-1.jpg?resize=700%2C400&ssl=1 2x"},"classes":[]}],"jetpack_sharing_enabled":true,"_links":{"self":[{"href":"https:\/\/mayantop.com\/de\/wp-json\/wp\/v2\/product\/37506","targetHints":{"allow":["GET"]}}],"collection":[{"href":"https:\/\/mayantop.com\/de\/wp-json\/wp\/v2\/product"}],"about":[{"href":"https:\/\/mayantop.com\/de\/wp-json\/wp\/v2\/types\/product"}],"replies":[{"embeddable":true,"href":"https:\/\/mayantop.com\/de\/wp-json\/wp\/v2\/comments?post=37506"}],"version-history":[{"count":0,"href":"https:\/\/mayantop.com\/de\/wp-json\/wp\/v2\/product\/37506\/revisions"}],"wp:featuredmedia":[{"embeddable":true,"href":"https:\/\/mayantop.com\/de\/wp-json\/wp\/v2\/media\/20240"}],"wp:attachment":[{"href":"https:\/\/mayantop.com\/de\/wp-json\/wp\/v2\/media?parent=37506"}],"wp:term":[{"taxonomy":"product_brand","embeddable":true,"href":"https:\/\/mayantop.com\/de\/wp-json\/wp\/v2\/product_brand?post=37506"},{"taxonomy":"product_cat","embeddable":true,"href":"https:\/\/mayantop.com\/de\/wp-json\/wp\/v2\/product_cat?post=37506"},{"taxonomy":"product_tag","embeddable":true,"href":"https:\/\/mayantop.com\/de\/wp-json\/wp\/v2\/product_tag?post=37506"},{"taxonomy":"giftcard-category","embeddable":true,"href":"https:\/\/mayantop.com\/de\/wp-json\/wp\/v2\/giftcard-category?post=37506"}],"curies":[{"name":"wp","href":"https:\/\/api.w.org\/{rel}","templated":true}]}}