{"id":36829,"date":"2021-12-07T17:03:55","date_gmt":"2021-12-07T22:03:55","guid":{"rendered":"https:\/\/mayantop.com\/producto\/eop-palo-rosa-aetherisches-oel-tipuana-tipu\/"},"modified":"2025-06-16T14:29:48","modified_gmt":"2025-06-16T19:29:48","slug":"palo-rosa-aetherisches-oel-tipuana-tipu","status":"publish","type":"product","link":"https:\/\/mayantop.com\/de\/produkte\/palo-rosa-aetherisches-oel-tipuana-tipu\/","title":{"rendered":"EOP - PALO ROSA \u00c4therisches \u00d6l - (Tipuana tipu)"},"content":{"rendered":"<h2>PALO ROSA \u00c4therisches \u00d6l - (Tipuana tipu)  <strong> <\/strong><\/h2>\n<p>Palo Rosa stammt urspr\u00fcnglich aus dem Amazonasgebiet, die Eingeborenen kennen seine heilenden und regenerierenden Eigenschaften f\u00fcr die Haut. Er wird heute in der modernen Aromatherapie verwendet und in der Kosmetikindustrie sehr gesch\u00e4tzt.<br \/>\nHeute ist er durch CITES gesch\u00fctzt, seine Verwendung wird von EOP nachhaltig betrieben.<br \/>\nZartes, blumiges Aroma mit holzigen Noten.<br \/>\nAyurveda: Erh\u00f6ht die Energie bei Vata.<\/p>\n<h6><strong>Anmerkung:<\/strong><\/h6>\n<p>Die Produkte von Mayantop werden in reinem Zustand und zu 100 % nat\u00fcrlichen Ursprungs in den einheimischen Gemeinden gewonnen und vermarktet. Sie enthalten keine Pestizide, Chemikalien, Herbizide oder andere k\u00fcnstliche Stoffe.<\/p>\n<h6><strong>Haftungsausschluss:<\/strong><\/h6>\n<ul>\n<li>Diese Wirkungen dieses Produkts werden durch die empirischen Erfahrungen der alten traditionellen Medizin mit hervorragenden Ergebnissen unterst\u00fctzt. Das Fehlen von sch\u00e4dlichen Nebenwirkungen, wenn es in der richtigen Dosis verabreicht wird. Die hier genannten Informationen sind jedoch keineswegs eine Verordnung oder Vorschrift.<\/li>\n<li>Die Anwendung dieser Naturprodukte ersetzt nicht die \u00e4rztliche Beratung.<\/li>\n<li>Alle Produkte sind in unserem Herkunftsland legal, es liegt in der Verantwortung des Kunden, die Legalit\u00e4t im Bestimmungsland zu pr\u00fcfen.<\/li>\n<li>Die darin enthaltenen Aussagen und Links zu Websites wurden von der FDA und internationalen Lebensmittel- und Arzneimittelbeh\u00f6rden nicht bewertet.<\/li>\n<li>In keiner Weise implizieren medizinische Behauptungen \u00fcber die F\u00e4higkeit oder Wirksamkeit eines unserer Produkte zur Behandlung, Vorbeugung oder Linderung von Krankheiten oder Leiden.<\/li>\n<li>Die Verwendung und Anwendung unserer Produkte liegt in der alleinigen Verantwortung des Kunden.<\/li>\n<\/ul>\n","protected":false},"excerpt":{"rendered":"<p>PALO ROSA \u00c4therisches \u00d6l - (Tipuana tipu) Palo Rosa stammt urspr\u00fcnglich aus dem Amazonasgebiet, die Eingeborenen kennen seine heilenden und<\/p>\n","protected":false},"featured_media":17890,"comment_status":"open","ping_status":"closed","template":"","meta":{"_joinchat":[],"jetpack_publicize_message":"","jetpack_publicize_feature_enabled":true,"jetpack_social_post_already_shared":true,"jetpack_social_options":{"image_generator_settings":{"template":"highway","default_image_id":0,"font":"","enabled":false},"version":2}},"product_brand":[],"product_cat":[539,551],"product_tag":[],"giftcard-category":[],"class_list":{"0":"post-36829","1":"product","2":"type-product","3":"status-publish","4":"has-post-thumbnail","6":"product_cat-dhl-oder-fedex-new-arrivals","7":"product_cat-oele-essenzen-zum-verkauf","8":"product_shipping_class-allgemeiner-versand","10":"first","11":"instock","12":"sale","13":"taxable","14":"shipping-taxable","15":"purchasable","16":"product-type-simple"},"jetpack_publicize_connections":[],"jetpack-related-posts":[{"id":36769,"url":"https:\/\/mayantop.com\/de\/produkte\/palo-santo-oel-aetherisches-bursera-graveolens\/","url_meta":{"origin":36829,"position":0},"title":"EOP - PALO SANTO \u00c4therisches \u00d6l - (Bursera graveolens)","author":"Nicolas Rios","date":"7. Dezember 2021","format":false,"excerpt":"PALO SANTO \u00d6l\u00a0\u00c4therisches - (Bursera graveolens) Der Baum des \"Palo Santo \u00d6l\" oder Palo Santo hat eine lange Geschichte, die bis zu den Pr\u00e4-Inka-Kulturen zur\u00fcckreicht. Er wurde traditionell verwendet, um schlechte Schwingungen zu vertreiben und als wichtiges Element in religi\u00f6sen Zeremonien. Es verbessert die Stimmung, sch\u00fctzt, reinigt und sorgt f\u00fcr\u2026","rel":"","context":"\u00c4hnlicher Beitrag","block_context":{"text":"\u00c4hnlicher Beitrag","link":""},"img":{"alt_text":"Palo Santo \u00d6l","src":"https:\/\/i0.wp.com\/mayantop.com\/wp-content\/uploads\/2021\/12\/Palo-Santo-Escencia-1000-X-1000-px.jpg?resize=350%2C200&ssl=1","width":350,"height":200,"srcset":"https:\/\/i0.wp.com\/mayantop.com\/wp-content\/uploads\/2021\/12\/Palo-Santo-Escencia-1000-X-1000-px.jpg?resize=350%2C200&ssl=1 1x, https:\/\/i0.wp.com\/mayantop.com\/wp-content\/uploads\/2021\/12\/Palo-Santo-Escencia-1000-X-1000-px.jpg?resize=525%2C300&ssl=1 1.5x, https:\/\/i0.wp.com\/mayantop.com\/wp-content\/uploads\/2021\/12\/Palo-Santo-Escencia-1000-X-1000-px.jpg?resize=700%2C400&ssl=1 2x"},"classes":[]},{"id":39631,"url":"https:\/\/mayantop.com\/de\/produkte\/aguaje-aetherisches-oel-mauritia-flexuosa\/","url_meta":{"origin":36829,"position":1},"title":"AGUAJE \u00c4therisches \u00d6l - (Mauritia Flexuosa) \/ 100% unverd\u00fcnnt Bio","author":"Nicolas Rios","date":"7. Dezember 2021","format":false,"excerpt":"AGUAJE \u00c4therisches \u00d6l ZU VERKAUFEN: N\u00e4hren und revitalisieren mit Mauritia Flexuosa Beschreibung des Produkts: Das AGUAJE \u00c4therisches \u00d6l, das aus der Frucht der Mauritia Flexuosa-Palme gewonnen wird, ist ein starkes und nat\u00fcrliches Elixier. Dieses \u00d6l, das auch als Burahem bezeichnet wird, ist eine reichhaltige, bernsteinfarbene Fl\u00fcssigkeit mit einem leicht s\u00fc\u00dfen,\u2026","rel":"","context":"\u00c4hnlicher Beitrag","block_context":{"text":"\u00c4hnlicher Beitrag","link":""},"img":{"alt_text":"AGUAJE \u00c4therisches \u00d6l","src":"https:\/\/i0.wp.com\/mayantop.com\/wp-content\/uploads\/2021\/12\/Agiaje-1000-X-1000-px.jpg?resize=350%2C200&ssl=1","width":350,"height":200,"srcset":"https:\/\/i0.wp.com\/mayantop.com\/wp-content\/uploads\/2021\/12\/Agiaje-1000-X-1000-px.jpg?resize=350%2C200&ssl=1 1x, https:\/\/i0.wp.com\/mayantop.com\/wp-content\/uploads\/2021\/12\/Agiaje-1000-X-1000-px.jpg?resize=525%2C300&ssl=1 1.5x, https:\/\/i0.wp.com\/mayantop.com\/wp-content\/uploads\/2021\/12\/Agiaje-1000-X-1000-px.jpg?resize=700%2C400&ssl=1 2x"},"classes":[]},{"id":37352,"url":"https:\/\/mayantop.com\/de\/produkte\/kuripe-palo-santo-halskette-pona-applikator\/","url_meta":{"origin":36829,"position":2},"title":"KURIPE PALO SANTO HALSKETTE - Handgefertigt mit Ayahuasca und Pona, Spezialartikel f\u00fcr Rap\u00e9-Applikatoren.","author":"Nicolas Rios","date":"7. Dezember 2021","format":false,"excerpt":"KURIPE PALO SANTO HALSKETTE: Einzigartige handgefertigte Ayahuasca und Pona Kreation \u00a0 Beschreibung des Produkts Die Kuripe Palo Santo Halskette ist ein einzigartiges St\u00fcck, das die spirituelle Kraft des Palo Santo Holzes, der Ayahuasca Rebe und der Pona Samen zu einem heiligen und vielseitigen Accessoire vereint. Diese exquisite, handgefertigte Halskette ist\u2026","rel":"","context":"\u00c4hnlicher Beitrag","block_context":{"text":"\u00c4hnlicher Beitrag","link":""},"img":{"alt_text":"KURIPE PALO SANTO","src":"https:\/\/i0.wp.com\/mayantop.com\/wp-content\/uploads\/2021\/12\/collar-kuripe-palo-santo-3.jpg?resize=350%2C200&ssl=1","width":350,"height":200,"srcset":"https:\/\/i0.wp.com\/mayantop.com\/wp-content\/uploads\/2021\/12\/collar-kuripe-palo-santo-3.jpg?resize=350%2C200&ssl=1 1x, https:\/\/i0.wp.com\/mayantop.com\/wp-content\/uploads\/2021\/12\/collar-kuripe-palo-santo-3.jpg?resize=525%2C300&ssl=1 1.5x, https:\/\/i0.wp.com\/mayantop.com\/wp-content\/uploads\/2021\/12\/collar-kuripe-palo-santo-3.jpg?resize=700%2C400&ssl=1 2x"},"classes":[]},{"id":40677,"url":"https:\/\/mayantop.com\/de\/produkte\/oje-hoje-aetherisches-oel-ficus-insipida\/","url_meta":{"origin":36829,"position":3},"title":"OJ\u00c9 * HOJ\u00c9 \u00c4therisches \u00d6l - (Ficus Insipida) \/ 100% rein und unverd\u00fcnnt","author":"Nicolas Rios","date":"7. Dezember 2021","format":false,"excerpt":"OJ\u00c9 * HOJ\u00c9 \u00c4therisches \u00d6l: Entfesseln Sie die Heilkraft von Ficus Insipida \u00a0 Beschreibung des Produkts Erleben Sie die au\u00dfergew\u00f6hnlichen heilenden Eigenschaften des \u00e4therischen \u00d6ls OJ\u00c9, ein nat\u00fcrliches Elixier, das aus dem verehrten Ficus Insipida Baum gewonnen wird. Dieses \u00e4therische \u00d6l ist ein ganzheitliches Kraftpaket, das Ihr Wohlbefinden ver\u00e4ndern kann.\u2026","rel":"","context":"\u00c4hnlicher Beitrag","block_context":{"text":"\u00c4hnlicher Beitrag","link":""},"img":{"alt_text":"oje hoje","src":"https:\/\/i0.wp.com\/mayantop.com\/wp-content\/uploads\/2021\/12\/oje-hoje.png?resize=350%2C200&ssl=1","width":350,"height":200,"srcset":"https:\/\/i0.wp.com\/mayantop.com\/wp-content\/uploads\/2021\/12\/oje-hoje.png?resize=350%2C200&ssl=1 1x, https:\/\/i0.wp.com\/mayantop.com\/wp-content\/uploads\/2021\/12\/oje-hoje.png?resize=525%2C300&ssl=1 1.5x, https:\/\/i0.wp.com\/mayantop.com\/wp-content\/uploads\/2021\/12\/oje-hoje.png?resize=700%2C400&ssl=1 2x"},"classes":[]},{"id":36757,"url":"https:\/\/mayantop.com\/de\/produkte\/inka-muna-aetherisches-oel-minthostachys-mollis\/","url_meta":{"origin":36829,"position":4},"title":"EOP - INKA MU\u00d1A \u00c4therisches \u00d6l - (Minthostachys mollis)","author":"Nicolas Rios","date":"7. Dezember 2021","format":false,"excerpt":"INKA MU\u00d1A \u00c4therisches \u00d6l - (Minthostachys mollis) Inka Mu\u00f1a Es erzeugt ein erfrischendes Gef\u00fchl, das den K\u00f6rper belebt und den Geist kl\u00e4rt, ohne K\u00e4lte zu verursachen. Erfrischt die Umgebung und beseitigt schlechte Ger\u00fcche. Sie wird traditionell als Verdauungsmittel und gegen die H\u00f6henkrankheit (Soroche) verwendet und war seit der Zeit der\u2026","rel":"","context":"\u00c4hnlicher Beitrag","block_context":{"text":"\u00c4hnlicher Beitrag","link":""},"img":{"alt_text":"Inka Mu\u00f1a","src":"https:\/\/i0.wp.com\/mayantop.com\/wp-content\/uploads\/2021\/12\/Muna-escencia-1000-X-1000-px.jpg?resize=350%2C200&ssl=1","width":350,"height":200,"srcset":"https:\/\/i0.wp.com\/mayantop.com\/wp-content\/uploads\/2021\/12\/Muna-escencia-1000-X-1000-px.jpg?resize=350%2C200&ssl=1 1x, https:\/\/i0.wp.com\/mayantop.com\/wp-content\/uploads\/2021\/12\/Muna-escencia-1000-X-1000-px.jpg?resize=525%2C300&ssl=1 1.5x, https:\/\/i0.wp.com\/mayantop.com\/wp-content\/uploads\/2021\/12\/Muna-escencia-1000-X-1000-px.jpg?resize=700%2C400&ssl=1 2x"},"classes":[]},{"id":40644,"url":"https:\/\/mayantop.com\/de\/produkte\/palo-santo-zu-verkauf-bursera-graveolens\/","url_meta":{"origin":36829,"position":5},"title":"PALO SANTO \/ 100gr - 1kg \/ - (Bursera Graveolens) - Heiliger Stock","author":"Nicolas Rios","date":"7. Dezember 2021","format":false,"excerpt":"Palo Santo: Umarmen Sie die Ruhe von Bursera Graveolens \u00a0 Beschreibung des Produkts Treten Sie ein in eine Welt der Gelassenheit mit Palo Santo, einer duftenden Kostbarkeit, die aus dem mystischen Baum Bursera Graveolens stammt. Dieses heilige Holz wird seit Jahrhunderten wegen seiner beruhigenden Eigenschaften und seiner spirituellen Bedeutung gesch\u00e4tzt.\u2026","rel":"","context":"\u00c4hnlicher Beitrag","block_context":{"text":"\u00c4hnlicher Beitrag","link":""},"img":{"alt_text":"Palo Santo","src":"https:\/\/i0.wp.com\/mayantop.com\/wp-content\/uploads\/2021\/12\/Palo-Santo-1000-X-1000-px.jpg?resize=350%2C200&ssl=1","width":350,"height":200,"srcset":"https:\/\/i0.wp.com\/mayantop.com\/wp-content\/uploads\/2021\/12\/Palo-Santo-1000-X-1000-px.jpg?resize=350%2C200&ssl=1 1x, https:\/\/i0.wp.com\/mayantop.com\/wp-content\/uploads\/2021\/12\/Palo-Santo-1000-X-1000-px.jpg?resize=525%2C300&ssl=1 1.5x, https:\/\/i0.wp.com\/mayantop.com\/wp-content\/uploads\/2021\/12\/Palo-Santo-1000-X-1000-px.jpg?resize=700%2C400&ssl=1 2x"},"classes":[]}],"jetpack_sharing_enabled":true,"_links":{"self":[{"href":"https:\/\/mayantop.com\/de\/wp-json\/wp\/v2\/product\/36829","targetHints":{"allow":["GET"]}}],"collection":[{"href":"https:\/\/mayantop.com\/de\/wp-json\/wp\/v2\/product"}],"about":[{"href":"https:\/\/mayantop.com\/de\/wp-json\/wp\/v2\/types\/product"}],"replies":[{"embeddable":true,"href":"https:\/\/mayantop.com\/de\/wp-json\/wp\/v2\/comments?post=36829"}],"version-history":[{"count":1,"href":"https:\/\/mayantop.com\/de\/wp-json\/wp\/v2\/product\/36829\/revisions"}],"predecessor-version":[{"id":61297,"href":"https:\/\/mayantop.com\/de\/wp-json\/wp\/v2\/product\/36829\/revisions\/61297"}],"wp:featuredmedia":[{"embeddable":true,"href":"https:\/\/mayantop.com\/de\/wp-json\/wp\/v2\/media\/17890"}],"wp:attachment":[{"href":"https:\/\/mayantop.com\/de\/wp-json\/wp\/v2\/media?parent=36829"}],"wp:term":[{"taxonomy":"product_brand","embeddable":true,"href":"https:\/\/mayantop.com\/de\/wp-json\/wp\/v2\/product_brand?post=36829"},{"taxonomy":"product_cat","embeddable":true,"href":"https:\/\/mayantop.com\/de\/wp-json\/wp\/v2\/product_cat?post=36829"},{"taxonomy":"product_tag","embeddable":true,"href":"https:\/\/mayantop.com\/de\/wp-json\/wp\/v2\/product_tag?post=36829"},{"taxonomy":"giftcard-category","embeddable":true,"href":"https:\/\/mayantop.com\/de\/wp-json\/wp\/v2\/giftcard-category?post=36829"}],"curies":[{"name":"wp","href":"https:\/\/api.w.org\/{rel}","templated":true}]}}