{"id":36769,"date":"2021-12-07T17:03:56","date_gmt":"2021-12-07T22:03:56","guid":{"rendered":"https:\/\/mayantop.com\/producto\/eop-palo-santo-aetherisches-oel-bursera-graveolens\/"},"modified":"2025-06-16T14:29:28","modified_gmt":"2025-06-16T19:29:28","slug":"palo-santo-oel-aetherisches-bursera-graveolens","status":"publish","type":"product","link":"https:\/\/mayantop.com\/de\/produkte\/palo-santo-oel-aetherisches-bursera-graveolens\/","title":{"rendered":"EOP - PALO SANTO \u00c4therisches \u00d6l - (Bursera graveolens)"},"content":{"rendered":"<h2><strong>PALO SANTO <\/strong><strong>\u00d6l\u00a0<\/strong><strong>\u00c4therisches - (Bursera graveolens) <\/strong><\/h2>\n<p>Der Baum des &#8222;Palo Santo \u00d6l&#8220; oder Palo Santo hat eine lange Geschichte, die bis zu den Pr\u00e4-Inka-Kulturen zur\u00fcckreicht. Er wurde traditionell verwendet, um schlechte Schwingungen zu vertreiben und als wichtiges Element in religi\u00f6sen Zeremonien.<\/p>\n<p>Es verbessert die Stimmung, sch\u00fctzt, reinigt und sorgt f\u00fcr eine harmonische Umgebung. Palo Santo \u00d6l Es wird empfohlen, es in Yoga- oder Meditationskursen zu verwenden.<\/p>\n<p>Ayurveda: Gleicht den Wind aus und hilft so bei Problemen, die durch die Doshas Vata und Kapha verursacht werden.<\/p>\n<h6><strong>Anmerkung:<\/strong><\/h6>\n<p>Die Produkte von Mayantop werden in reinem Zustand und zu 100 % nat\u00fcrlichen Ursprungs in den einheimischen Gemeinden gewonnen und vermarktet. Sie enthalten keine Pestizide, Chemikalien, Herbizide oder andere k\u00fcnstliche Stoffe.<\/p>\n<h6><strong>Haftungsausschluss:<\/strong><\/h6>\n<ul>\n<li>Diese Wirkungen dieses Produkts werden durch die empirischen Erfahrungen der alten traditionellen Medizin mit hervorragenden Ergebnissen unterst\u00fctzt. Das Fehlen von sch\u00e4dlichen Nebenwirkungen, wenn es in der richtigen Dosis verabreicht wird. Die hier genannten Informationen sind jedoch keineswegs eine Verordnung oder Vorschrift.<\/li>\n<li>Die Anwendung dieser Naturprodukte ersetzt nicht die \u00e4rztliche Beratung.<\/li>\n<li>Alle Produkte sind in unserem Herkunftsland legal, es liegt in der Verantwortung des Kunden, die Legalit\u00e4t im Bestimmungsland zu pr\u00fcfen.<\/li>\n<li>Die darin enthaltenen Aussagen und Links zu Websites wurden von der FDA und internationalen Lebensmittel- und Arzneimittelbeh\u00f6rden nicht bewertet.<\/li>\n<li>In keiner Weise implizieren medizinische Behauptungen \u00fcber die F\u00e4higkeit oder Wirksamkeit eines unserer Produkte zur Behandlung, Vorbeugung oder Linderung von Krankheiten oder Leiden.<\/li>\n<li>Die Verwendung und Anwendung unserer Produkte liegt in der alleinigen Verantwortung des Kunden.<\/li>\n<\/ul>\n","protected":false},"excerpt":{"rendered":"<p>PALO SANTO \u00d6l\u00a0\u00c4therisches - (Bursera graveolens) Der Baum des &#8222;Palo Santo \u00d6l&#8220; oder Palo Santo hat eine lange Geschichte, die<\/p>\n","protected":false},"featured_media":17802,"comment_status":"open","ping_status":"closed","template":"","meta":{"_joinchat":[],"jetpack_publicize_message":"","jetpack_publicize_feature_enabled":true,"jetpack_social_post_already_shared":true,"jetpack_social_options":{"image_generator_settings":{"template":"highway","default_image_id":0,"font":"","enabled":false},"version":2}},"product_brand":[],"product_cat":[539,551],"product_tag":[],"giftcard-category":[],"class_list":{"0":"post-36769","1":"product","2":"type-product","3":"status-publish","4":"has-post-thumbnail","6":"product_cat-dhl-oder-fedex-new-arrivals","7":"product_cat-oele-essenzen-zum-verkauf","8":"product_shipping_class-allgemeiner-versand","10":"first","11":"instock","12":"taxable","13":"shipping-taxable","14":"purchasable","15":"product-type-simple"},"jetpack_publicize_connections":[],"jetpack-related-posts":[{"id":40644,"url":"https:\/\/mayantop.com\/de\/produkte\/palo-santo-zu-verkauf-bursera-graveolens\/","url_meta":{"origin":36769,"position":0},"title":"PALO SANTO \/ 100gr - 1kg \/ - (Bursera Graveolens) - Heiliger Stock","author":"Nicolas Rios","date":"7. Dezember 2021","format":false,"excerpt":"Palo Santo: Umarmen Sie die Ruhe von Bursera Graveolens \u00a0 Beschreibung des Produkts Treten Sie ein in eine Welt der Gelassenheit mit Palo Santo, einer duftenden Kostbarkeit, die aus dem mystischen Baum Bursera Graveolens stammt. Dieses heilige Holz wird seit Jahrhunderten wegen seiner beruhigenden Eigenschaften und seiner spirituellen Bedeutung gesch\u00e4tzt.\u2026","rel":"","context":"\u00c4hnlicher Beitrag","block_context":{"text":"\u00c4hnlicher Beitrag","link":""},"img":{"alt_text":"Palo Santo","src":"https:\/\/i0.wp.com\/mayantop.com\/wp-content\/uploads\/2021\/12\/Palo-Santo-1000-X-1000-px.jpg?resize=350%2C200&ssl=1","width":350,"height":200,"srcset":"https:\/\/i0.wp.com\/mayantop.com\/wp-content\/uploads\/2021\/12\/Palo-Santo-1000-X-1000-px.jpg?resize=350%2C200&ssl=1 1x, https:\/\/i0.wp.com\/mayantop.com\/wp-content\/uploads\/2021\/12\/Palo-Santo-1000-X-1000-px.jpg?resize=525%2C300&ssl=1 1.5x, https:\/\/i0.wp.com\/mayantop.com\/wp-content\/uploads\/2021\/12\/Palo-Santo-1000-X-1000-px.jpg?resize=700%2C400&ssl=1 2x"},"classes":[]},{"id":37352,"url":"https:\/\/mayantop.com\/de\/produkte\/kuripe-palo-santo-halskette-pona-applikator\/","url_meta":{"origin":36769,"position":1},"title":"KURIPE PALO SANTO HALSKETTE - Handgefertigt mit Ayahuasca und Pona, Spezialartikel f\u00fcr Rap\u00e9-Applikatoren.","author":"Nicolas Rios","date":"7. Dezember 2021","format":false,"excerpt":"KURIPE PALO SANTO HALSKETTE: Einzigartige handgefertigte Ayahuasca und Pona Kreation \u00a0 Beschreibung des Produkts Die Kuripe Palo Santo Halskette ist ein einzigartiges St\u00fcck, das die spirituelle Kraft des Palo Santo Holzes, der Ayahuasca Rebe und der Pona Samen zu einem heiligen und vielseitigen Accessoire vereint. Diese exquisite, handgefertigte Halskette ist\u2026","rel":"","context":"\u00c4hnlicher Beitrag","block_context":{"text":"\u00c4hnlicher Beitrag","link":""},"img":{"alt_text":"KURIPE PALO SANTO","src":"https:\/\/i0.wp.com\/mayantop.com\/wp-content\/uploads\/2021\/12\/collar-kuripe-palo-santo-3.jpg?resize=350%2C200&ssl=1","width":350,"height":200,"srcset":"https:\/\/i0.wp.com\/mayantop.com\/wp-content\/uploads\/2021\/12\/collar-kuripe-palo-santo-3.jpg?resize=350%2C200&ssl=1 1x, https:\/\/i0.wp.com\/mayantop.com\/wp-content\/uploads\/2021\/12\/collar-kuripe-palo-santo-3.jpg?resize=525%2C300&ssl=1 1.5x, https:\/\/i0.wp.com\/mayantop.com\/wp-content\/uploads\/2021\/12\/collar-kuripe-palo-santo-3.jpg?resize=700%2C400&ssl=1 2x"},"classes":[]},{"id":36829,"url":"https:\/\/mayantop.com\/de\/produkte\/palo-rosa-aetherisches-oel-tipuana-tipu\/","url_meta":{"origin":36769,"position":2},"title":"EOP - PALO ROSA \u00c4therisches \u00d6l - (Tipuana tipu)","author":"Nicolas Rios","date":"7. Dezember 2021","format":false,"excerpt":"PALO ROSA \u00c4therisches \u00d6l - (Tipuana tipu) Palo Rosa stammt urspr\u00fcnglich aus dem Amazonasgebiet, die Eingeborenen kennen seine heilenden und regenerierenden Eigenschaften f\u00fcr die Haut. Er wird heute in der modernen Aromatherapie verwendet und in der Kosmetikindustrie sehr gesch\u00e4tzt. Heute ist er durch CITES gesch\u00fctzt, seine Verwendung wird von EOP\u2026","rel":"","context":"\u00c4hnlicher Beitrag","block_context":{"text":"\u00c4hnlicher Beitrag","link":""},"img":{"alt_text":"Palo Rosa","src":"https:\/\/i0.wp.com\/mayantop.com\/wp-content\/uploads\/2021\/12\/Palo-Rosa-1000-X-1000-px.jpg?resize=350%2C200&ssl=1","width":350,"height":200,"srcset":"https:\/\/i0.wp.com\/mayantop.com\/wp-content\/uploads\/2021\/12\/Palo-Rosa-1000-X-1000-px.jpg?resize=350%2C200&ssl=1 1x, https:\/\/i0.wp.com\/mayantop.com\/wp-content\/uploads\/2021\/12\/Palo-Rosa-1000-X-1000-px.jpg?resize=525%2C300&ssl=1 1.5x, https:\/\/i0.wp.com\/mayantop.com\/wp-content\/uploads\/2021\/12\/Palo-Rosa-1000-X-1000-px.jpg?resize=700%2C400&ssl=1 2x"},"classes":[]},{"id":43656,"url":"https:\/\/mayantop.com\/de\/produkte\/tepi-instrument-kunst-palisangre-pona-ayahuasca-palo-santo-palo-rosa\/","url_meta":{"origin":36769,"position":3},"title":"TEPI Instrumentenkunst, handgefertigt aus Palisangre, Pona, Ayahuasca, Palo Santo und Palo Rosa.","author":"Nicolas Rios","date":"23. Januar 2024","format":false,"excerpt":"TEPI Instrumentenkunst - Wo Tradition und Kreativit\u00e4t aufeinandertreffen Bemerkenswerte Qualit\u00e4t: TEPI Instrumentenkunst - eine harmonische Verbindung von Tradition und kreativem Ausdruck Das Geheimnis von TEPI l\u00fcften Beschreibung: TEPPE Instrument Art ist eine faszinierende Hommage an die k\u00fcnstlerischen und kulturellen Traditionen der indigenen St\u00e4mme im Amazonasgebiet. Dieses einzigartige Instrument ist sowohl\u2026","rel":"","context":"\u00c4hnlicher Beitrag","block_context":{"text":"\u00c4hnlicher Beitrag","link":""},"img":{"alt_text":"\u0915\u093f\u0928\u093e\u0930\u093e","src":"https:\/\/i0.wp.com\/mayantop.com\/wp-content\/uploads\/2024\/01\/products-Tepi_Palo_Santo_1000_X_1000_px.jpg?resize=350%2C200&ssl=1","width":350,"height":200,"srcset":"https:\/\/i0.wp.com\/mayantop.com\/wp-content\/uploads\/2024\/01\/products-Tepi_Palo_Santo_1000_X_1000_px.jpg?resize=350%2C200&ssl=1 1x, https:\/\/i0.wp.com\/mayantop.com\/wp-content\/uploads\/2024\/01\/products-Tepi_Palo_Santo_1000_X_1000_px.jpg?resize=525%2C300&ssl=1 1.5x, https:\/\/i0.wp.com\/mayantop.com\/wp-content\/uploads\/2024\/01\/products-Tepi_Palo_Santo_1000_X_1000_px.jpg?resize=700%2C400&ssl=1 2x"},"classes":[]},{"id":39631,"url":"https:\/\/mayantop.com\/de\/produkte\/aguaje-aetherisches-oel-mauritia-flexuosa\/","url_meta":{"origin":36769,"position":4},"title":"AGUAJE \u00c4therisches \u00d6l - (Mauritia Flexuosa) \/ 100% unverd\u00fcnnt Bio","author":"Nicolas Rios","date":"7. Dezember 2021","format":false,"excerpt":"AGUAJE \u00c4therisches \u00d6l ZU VERKAUFEN: N\u00e4hren und revitalisieren mit Mauritia Flexuosa Beschreibung des Produkts: Das AGUAJE \u00c4therisches \u00d6l, das aus der Frucht der Mauritia Flexuosa-Palme gewonnen wird, ist ein starkes und nat\u00fcrliches Elixier. Dieses \u00d6l, das auch als Burahem bezeichnet wird, ist eine reichhaltige, bernsteinfarbene Fl\u00fcssigkeit mit einem leicht s\u00fc\u00dfen,\u2026","rel":"","context":"\u00c4hnlicher Beitrag","block_context":{"text":"\u00c4hnlicher Beitrag","link":""},"img":{"alt_text":"AGUAJE \u00c4therisches \u00d6l","src":"https:\/\/i0.wp.com\/mayantop.com\/wp-content\/uploads\/2021\/12\/Agiaje-1000-X-1000-px.jpg?resize=350%2C200&ssl=1","width":350,"height":200,"srcset":"https:\/\/i0.wp.com\/mayantop.com\/wp-content\/uploads\/2021\/12\/Agiaje-1000-X-1000-px.jpg?resize=350%2C200&ssl=1 1x, https:\/\/i0.wp.com\/mayantop.com\/wp-content\/uploads\/2021\/12\/Agiaje-1000-X-1000-px.jpg?resize=525%2C300&ssl=1 1.5x, https:\/\/i0.wp.com\/mayantop.com\/wp-content\/uploads\/2021\/12\/Agiaje-1000-X-1000-px.jpg?resize=700%2C400&ssl=1 2x"},"classes":[]},{"id":40261,"url":"https:\/\/mayantop.com\/de\/produkte\/ungurahui-aetherisches-oel-oenocarpus-bataua\/","url_meta":{"origin":36769,"position":5},"title":"UNGURAHUI \u00c4therisches \u00d6l - (Oenocarpus Bataua) \/ 100% rein und unverd\u00fcnnt","author":"Nicolas Rios","date":"7. Dezember 2021","format":false,"excerpt":"UNGURAHUI \u00c4therisches \u00d6l ZU VERKAUFEN (Oenocarpus Bataua): Das Elixier der Natur f\u00fcr strahlendes Wohlbefinden \u00a0 Beschreibung des Produkts: Erleben Sie das ultimative nat\u00fcrliche Wohlbefinden mit unserem \u00e4therischen \u00d6l UNGURAHUI (Oenocarpus Bataua). Dieses \u00e4therische \u00d6l wird aus der wertvollen Frucht Oenocarpus Bataua gewonnen und ist ein Elixier der Natur, das die\u2026","rel":"","context":"\u00c4hnlicher Beitrag","block_context":{"text":"\u00c4hnlicher Beitrag","link":""},"img":{"alt_text":"Aceite de ungurahui","src":"https:\/\/i0.wp.com\/mayantop.com\/wp-content\/uploads\/2021\/12\/aceite-de-ungurahui.jpg?resize=350%2C200&ssl=1","width":350,"height":200,"srcset":"https:\/\/i0.wp.com\/mayantop.com\/wp-content\/uploads\/2021\/12\/aceite-de-ungurahui.jpg?resize=350%2C200&ssl=1 1x, https:\/\/i0.wp.com\/mayantop.com\/wp-content\/uploads\/2021\/12\/aceite-de-ungurahui.jpg?resize=525%2C300&ssl=1 1.5x, https:\/\/i0.wp.com\/mayantop.com\/wp-content\/uploads\/2021\/12\/aceite-de-ungurahui.jpg?resize=700%2C400&ssl=1 2x"},"classes":[]}],"jetpack_sharing_enabled":true,"_links":{"self":[{"href":"https:\/\/mayantop.com\/de\/wp-json\/wp\/v2\/product\/36769","targetHints":{"allow":["GET"]}}],"collection":[{"href":"https:\/\/mayantop.com\/de\/wp-json\/wp\/v2\/product"}],"about":[{"href":"https:\/\/mayantop.com\/de\/wp-json\/wp\/v2\/types\/product"}],"replies":[{"embeddable":true,"href":"https:\/\/mayantop.com\/de\/wp-json\/wp\/v2\/comments?post=36769"}],"version-history":[{"count":0,"href":"https:\/\/mayantop.com\/de\/wp-json\/wp\/v2\/product\/36769\/revisions"}],"wp:featuredmedia":[{"embeddable":true,"href":"https:\/\/mayantop.com\/de\/wp-json\/wp\/v2\/media\/17802"}],"wp:attachment":[{"href":"https:\/\/mayantop.com\/de\/wp-json\/wp\/v2\/media?parent=36769"}],"wp:term":[{"taxonomy":"product_brand","embeddable":true,"href":"https:\/\/mayantop.com\/de\/wp-json\/wp\/v2\/product_brand?post=36769"},{"taxonomy":"product_cat","embeddable":true,"href":"https:\/\/mayantop.com\/de\/wp-json\/wp\/v2\/product_cat?post=36769"},{"taxonomy":"product_tag","embeddable":true,"href":"https:\/\/mayantop.com\/de\/wp-json\/wp\/v2\/product_tag?post=36769"},{"taxonomy":"giftcard-category","embeddable":true,"href":"https:\/\/mayantop.com\/de\/wp-json\/wp\/v2\/giftcard-category?post=36769"}],"curies":[{"name":"wp","href":"https:\/\/api.w.org\/{rel}","templated":true}]}}