{"id":36757,"date":"2021-12-07T17:03:55","date_gmt":"2021-12-07T22:03:55","guid":{"rendered":"https:\/\/mayantop.com\/producto\/eop-inka-muna-aetherisches-oel-minthostachys-mollis\/"},"modified":"2025-06-16T14:29:55","modified_gmt":"2025-06-16T19:29:55","slug":"inka-muna-aetherisches-oel-minthostachys-mollis","status":"publish","type":"product","link":"https:\/\/mayantop.com\/de\/produkte\/inka-muna-aetherisches-oel-minthostachys-mollis\/","title":{"rendered":"EOP - INKA MU\u00d1A \u00c4therisches \u00d6l - (Minthostachys mollis)"},"content":{"rendered":"<h2><strong>INKA MU\u00d1A \u00c4therisches \u00d6l - (Minthostachys mollis)  <\/strong><\/h2>\n<p>Inka Mu\u00f1a Es erzeugt ein erfrischendes Gef\u00fchl, das den K\u00f6rper belebt und den Geist kl\u00e4rt, ohne K\u00e4lte zu verursachen. Erfrischt die Umgebung und beseitigt schlechte Ger\u00fcche. Sie wird traditionell als Verdauungsmittel und gegen die H\u00f6henkrankheit (Soroche) verwendet und war seit der Zeit der Inkas eine wichtige Pflanze, die als Insektizid zum Schutz der Samen verwendet wurde. Ein Geschenk, das anh\u00e4lt.<br \/>\nAyurveda: Das Gleichgewicht der Doshas Kapha und Vata.<\/p>\n<p><strong>Anmerkung:<\/strong><\/p>\n<p>Die Produkte von Mayantop werden in reinem Zustand und zu 100 % nat\u00fcrlichen Ursprungs in den einheimischen Gemeinden gewonnen und vermarktet. Sie enthalten keine Pestizide, Chemikalien, Herbizide oder andere k\u00fcnstliche Stoffe.<\/p>\n<p><strong>Haftungsausschluss:<\/strong><\/p>\n<ul>\n<li>Diese Wirkungen dieses Produkts werden durch die empirischen Erfahrungen der alten traditionellen Medizin mit hervorragenden Ergebnissen unterst\u00fctzt. Das Fehlen von sch\u00e4dlichen Nebenwirkungen, wenn es in der richtigen Dosis verabreicht wird. Die hier genannten Informationen sind jedoch keineswegs eine Verordnung oder Vorschrift.<\/li>\n<li>Die Anwendung dieser Naturprodukte ersetzt nicht die \u00e4rztliche Beratung.<\/li>\n<li>Alle Produkte sind in unserem Herkunftsland legal, es liegt in der Verantwortung des Kunden, die Legalit\u00e4t im Bestimmungsland zu pr\u00fcfen.<\/li>\n<li>Die darin enthaltenen Aussagen und Links zu Websites wurden von der FDA und internationalen Lebensmittel- und Arzneimittelbeh\u00f6rden nicht bewertet.<\/li>\n<li>In keiner Weise implizieren medizinische Behauptungen \u00fcber die F\u00e4higkeit oder Wirksamkeit eines unserer Produkte zur Behandlung, Vorbeugung oder Linderung von Krankheiten oder Leiden.<\/li>\n<li>Die Verwendung und Anwendung unserer Produkte liegt in der alleinigen Verantwortung des Kunden.<\/li>\n<\/ul>\n","protected":false},"excerpt":{"rendered":"<p>INKA MU\u00d1A \u00c4therisches \u00d6l - (Minthostachys mollis) Inka Mu\u00f1a Es erzeugt ein erfrischendes Gef\u00fchl, das den K\u00f6rper belebt und den<\/p>\n","protected":false},"featured_media":17846,"comment_status":"open","ping_status":"closed","template":"","meta":{"_joinchat":[],"jetpack_publicize_message":"","jetpack_publicize_feature_enabled":true,"jetpack_social_post_already_shared":true,"jetpack_social_options":{"image_generator_settings":{"template":"highway","default_image_id":0,"font":"","enabled":false},"version":2}},"product_brand":[],"product_cat":[539,551],"product_tag":[],"giftcard-category":[],"class_list":{"0":"post-36757","1":"product","2":"type-product","3":"status-publish","4":"has-post-thumbnail","6":"product_cat-dhl-oder-fedex-new-arrivals","7":"product_cat-oele-essenzen-zum-verkauf","8":"product_shipping_class-allgemeiner-versand","10":"first","11":"instock","12":"sale","13":"taxable","14":"shipping-taxable","15":"purchasable","16":"product-type-simple"},"jetpack_publicize_connections":[],"jetpack-related-posts":[{"id":37465,"url":"https:\/\/mayantop.com\/de\/produkte\/lucuma-zu-verkauf-pouteria-lucuma-pulver\/","url_meta":{"origin":36757,"position":0},"title":"L\u00daCUMA \/ 50gr bei 1kg - (Pouteria Lucuma) - Pulver 100 % nat\u00fcrlich","author":"Nicolas Rios","date":"7. Dezember 2021","format":false,"excerpt":"LUCUMA: Das goldene Superfood der Natur \u00a0 Beschreibung des Produkts Lucuma, wissenschaftlich bekannt als Pouteria Lucuma, ist ein wahres Geschenk von Mutter Natur. Diese goldene Frucht, die aus den fruchtbaren B\u00f6den S\u00fcdamerikas, insbesondere Perus, stammt, ist wegen ihres k\u00f6stlich s\u00fc\u00dfen, ahorn\u00e4hnlichen Geschmacks sehr beliebt. Lucuma ist ein Symbol f\u00fcr Vitalit\u00e4t\u2026","rel":"","context":"\u00c4hnlicher Beitrag","block_context":{"text":"\u00c4hnlicher Beitrag","link":""},"img":{"alt_text":"lucuma","src":"https:\/\/i0.wp.com\/mayantop.com\/wp-content\/uploads\/2021\/12\/lucuma.jpg?resize=350%2C200&ssl=1","width":350,"height":200,"srcset":"https:\/\/i0.wp.com\/mayantop.com\/wp-content\/uploads\/2021\/12\/lucuma.jpg?resize=350%2C200&ssl=1 1x, https:\/\/i0.wp.com\/mayantop.com\/wp-content\/uploads\/2021\/12\/lucuma.jpg?resize=525%2C300&ssl=1 1.5x, https:\/\/i0.wp.com\/mayantop.com\/wp-content\/uploads\/2021\/12\/lucuma.jpg?resize=700%2C400&ssl=1 2x"},"classes":[]},{"id":36769,"url":"https:\/\/mayantop.com\/de\/produkte\/palo-santo-oel-aetherisches-bursera-graveolens\/","url_meta":{"origin":36757,"position":1},"title":"EOP - PALO SANTO \u00c4therisches \u00d6l - (Bursera graveolens)","author":"Nicolas Rios","date":"7. Dezember 2021","format":false,"excerpt":"PALO SANTO \u00d6l\u00a0\u00c4therisches - (Bursera graveolens) Der Baum des \"Palo Santo \u00d6l\" oder Palo Santo hat eine lange Geschichte, die bis zu den Pr\u00e4-Inka-Kulturen zur\u00fcckreicht. Er wurde traditionell verwendet, um schlechte Schwingungen zu vertreiben und als wichtiges Element in religi\u00f6sen Zeremonien. Es verbessert die Stimmung, sch\u00fctzt, reinigt und sorgt f\u00fcr\u2026","rel":"","context":"\u00c4hnlicher Beitrag","block_context":{"text":"\u00c4hnlicher Beitrag","link":""},"img":{"alt_text":"Palo Santo \u00d6l","src":"https:\/\/i0.wp.com\/mayantop.com\/wp-content\/uploads\/2021\/12\/Palo-Santo-Escencia-1000-X-1000-px.jpg?resize=350%2C200&ssl=1","width":350,"height":200,"srcset":"https:\/\/i0.wp.com\/mayantop.com\/wp-content\/uploads\/2021\/12\/Palo-Santo-Escencia-1000-X-1000-px.jpg?resize=350%2C200&ssl=1 1x, https:\/\/i0.wp.com\/mayantop.com\/wp-content\/uploads\/2021\/12\/Palo-Santo-Escencia-1000-X-1000-px.jpg?resize=525%2C300&ssl=1 1.5x, https:\/\/i0.wp.com\/mayantop.com\/wp-content\/uploads\/2021\/12\/Palo-Santo-Escencia-1000-X-1000-px.jpg?resize=700%2C400&ssl=1 2x"},"classes":[]},{"id":39631,"url":"https:\/\/mayantop.com\/de\/produkte\/aguaje-aetherisches-oel-mauritia-flexuosa\/","url_meta":{"origin":36757,"position":2},"title":"AGUAJE \u00c4therisches \u00d6l - (Mauritia Flexuosa) \/ 100% unverd\u00fcnnt Bio","author":"Nicolas Rios","date":"7. Dezember 2021","format":false,"excerpt":"AGUAJE \u00c4therisches \u00d6l ZU VERKAUFEN: N\u00e4hren und revitalisieren mit Mauritia Flexuosa Beschreibung des Produkts: Das AGUAJE \u00c4therisches \u00d6l, das aus der Frucht der Mauritia Flexuosa-Palme gewonnen wird, ist ein starkes und nat\u00fcrliches Elixier. Dieses \u00d6l, das auch als Burahem bezeichnet wird, ist eine reichhaltige, bernsteinfarbene Fl\u00fcssigkeit mit einem leicht s\u00fc\u00dfen,\u2026","rel":"","context":"\u00c4hnlicher Beitrag","block_context":{"text":"\u00c4hnlicher Beitrag","link":""},"img":{"alt_text":"AGUAJE \u00c4therisches \u00d6l","src":"https:\/\/i0.wp.com\/mayantop.com\/wp-content\/uploads\/2021\/12\/Agiaje-1000-X-1000-px.jpg?resize=350%2C200&ssl=1","width":350,"height":200,"srcset":"https:\/\/i0.wp.com\/mayantop.com\/wp-content\/uploads\/2021\/12\/Agiaje-1000-X-1000-px.jpg?resize=350%2C200&ssl=1 1x, https:\/\/i0.wp.com\/mayantop.com\/wp-content\/uploads\/2021\/12\/Agiaje-1000-X-1000-px.jpg?resize=525%2C300&ssl=1 1.5x, https:\/\/i0.wp.com\/mayantop.com\/wp-content\/uploads\/2021\/12\/Agiaje-1000-X-1000-px.jpg?resize=700%2C400&ssl=1 2x"},"classes":[]},{"id":40261,"url":"https:\/\/mayantop.com\/de\/produkte\/ungurahui-aetherisches-oel-oenocarpus-bataua\/","url_meta":{"origin":36757,"position":3},"title":"UNGURAHUI \u00c4therisches \u00d6l - (Oenocarpus Bataua) \/ 100% rein und unverd\u00fcnnt","author":"Nicolas Rios","date":"7. Dezember 2021","format":false,"excerpt":"UNGURAHUI \u00c4therisches \u00d6l ZU VERKAUFEN (Oenocarpus Bataua): Das Elixier der Natur f\u00fcr strahlendes Wohlbefinden \u00a0 Beschreibung des Produkts: Erleben Sie das ultimative nat\u00fcrliche Wohlbefinden mit unserem \u00e4therischen \u00d6l UNGURAHUI (Oenocarpus Bataua). Dieses \u00e4therische \u00d6l wird aus der wertvollen Frucht Oenocarpus Bataua gewonnen und ist ein Elixier der Natur, das die\u2026","rel":"","context":"\u00c4hnlicher Beitrag","block_context":{"text":"\u00c4hnlicher Beitrag","link":""},"img":{"alt_text":"Aceite de ungurahui","src":"https:\/\/i0.wp.com\/mayantop.com\/wp-content\/uploads\/2021\/12\/aceite-de-ungurahui.jpg?resize=350%2C200&ssl=1","width":350,"height":200,"srcset":"https:\/\/i0.wp.com\/mayantop.com\/wp-content\/uploads\/2021\/12\/aceite-de-ungurahui.jpg?resize=350%2C200&ssl=1 1x, https:\/\/i0.wp.com\/mayantop.com\/wp-content\/uploads\/2021\/12\/aceite-de-ungurahui.jpg?resize=525%2C300&ssl=1 1.5x, https:\/\/i0.wp.com\/mayantop.com\/wp-content\/uploads\/2021\/12\/aceite-de-ungurahui.jpg?resize=700%2C400&ssl=1 2x"},"classes":[]},{"id":40677,"url":"https:\/\/mayantop.com\/de\/produkte\/oje-hoje-aetherisches-oel-ficus-insipida\/","url_meta":{"origin":36757,"position":4},"title":"OJ\u00c9 * HOJ\u00c9 \u00c4therisches \u00d6l - (Ficus Insipida) \/ 100% rein und unverd\u00fcnnt","author":"Nicolas Rios","date":"7. Dezember 2021","format":false,"excerpt":"OJ\u00c9 * HOJ\u00c9 \u00c4therisches \u00d6l: Entfesseln Sie die Heilkraft von Ficus Insipida \u00a0 Beschreibung des Produkts Erleben Sie die au\u00dfergew\u00f6hnlichen heilenden Eigenschaften des \u00e4therischen \u00d6ls OJ\u00c9, ein nat\u00fcrliches Elixier, das aus dem verehrten Ficus Insipida Baum gewonnen wird. Dieses \u00e4therische \u00d6l ist ein ganzheitliches Kraftpaket, das Ihr Wohlbefinden ver\u00e4ndern kann.\u2026","rel":"","context":"\u00c4hnlicher Beitrag","block_context":{"text":"\u00c4hnlicher Beitrag","link":""},"img":{"alt_text":"oje hoje","src":"https:\/\/i0.wp.com\/mayantop.com\/wp-content\/uploads\/2021\/12\/oje-hoje.png?resize=350%2C200&ssl=1","width":350,"height":200,"srcset":"https:\/\/i0.wp.com\/mayantop.com\/wp-content\/uploads\/2021\/12\/oje-hoje.png?resize=350%2C200&ssl=1 1x, https:\/\/i0.wp.com\/mayantop.com\/wp-content\/uploads\/2021\/12\/oje-hoje.png?resize=525%2C300&ssl=1 1.5x, https:\/\/i0.wp.com\/mayantop.com\/wp-content\/uploads\/2021\/12\/oje-hoje.png?resize=700%2C400&ssl=1 2x"},"classes":[]},{"id":40144,"url":"https:\/\/mayantop.com\/de\/produkte\/copaiba-aetherisches-oel-copaifera-officinali\/","url_meta":{"origin":36757,"position":5},"title":"COPAIBA \u00c4therisches \u00d6l - (Copaifera officinali) \/ 100% rein und unverd\u00fcnnt","author":"Nicolas Rios","date":"7. Dezember 2021","format":false,"excerpt":"COPAIBA \u00c4therisches \u00d6l ZU VERKAUFEN (Copaifera officinalis): Das heilende Elixier der Natur Beschreibung des Produkts: Entdecken Sie die unglaubliche Welt des ganzheitlichen Wohlbefindens mit unserem \u00e4therischen \u00d6l COPAIBA, das aus dem Harz des Baumes Copaifera officinalis gewonnen wird. Dieses reine und nat\u00fcrliche \u00d6l ist ein Schatz aus dem Herzen des\u2026","rel":"","context":"\u00c4hnlicher Beitrag","block_context":{"text":"\u00c4hnlicher Beitrag","link":""},"img":{"alt_text":"COPAIBA","src":"https:\/\/i0.wp.com\/mayantop.com\/wp-content\/uploads\/2021\/12\/COPAIBA-1000-X-1000-px.jpg?resize=350%2C200&ssl=1","width":350,"height":200,"srcset":"https:\/\/i0.wp.com\/mayantop.com\/wp-content\/uploads\/2021\/12\/COPAIBA-1000-X-1000-px.jpg?resize=350%2C200&ssl=1 1x, https:\/\/i0.wp.com\/mayantop.com\/wp-content\/uploads\/2021\/12\/COPAIBA-1000-X-1000-px.jpg?resize=525%2C300&ssl=1 1.5x, https:\/\/i0.wp.com\/mayantop.com\/wp-content\/uploads\/2021\/12\/COPAIBA-1000-X-1000-px.jpg?resize=700%2C400&ssl=1 2x"},"classes":[]}],"jetpack_sharing_enabled":true,"_links":{"self":[{"href":"https:\/\/mayantop.com\/de\/wp-json\/wp\/v2\/product\/36757","targetHints":{"allow":["GET"]}}],"collection":[{"href":"https:\/\/mayantop.com\/de\/wp-json\/wp\/v2\/product"}],"about":[{"href":"https:\/\/mayantop.com\/de\/wp-json\/wp\/v2\/types\/product"}],"replies":[{"embeddable":true,"href":"https:\/\/mayantop.com\/de\/wp-json\/wp\/v2\/comments?post=36757"}],"version-history":[{"count":1,"href":"https:\/\/mayantop.com\/de\/wp-json\/wp\/v2\/product\/36757\/revisions"}],"predecessor-version":[{"id":61304,"href":"https:\/\/mayantop.com\/de\/wp-json\/wp\/v2\/product\/36757\/revisions\/61304"}],"wp:featuredmedia":[{"embeddable":true,"href":"https:\/\/mayantop.com\/de\/wp-json\/wp\/v2\/media\/17846"}],"wp:attachment":[{"href":"https:\/\/mayantop.com\/de\/wp-json\/wp\/v2\/media?parent=36757"}],"wp:term":[{"taxonomy":"product_brand","embeddable":true,"href":"https:\/\/mayantop.com\/de\/wp-json\/wp\/v2\/product_brand?post=36757"},{"taxonomy":"product_cat","embeddable":true,"href":"https:\/\/mayantop.com\/de\/wp-json\/wp\/v2\/product_cat?post=36757"},{"taxonomy":"product_tag","embeddable":true,"href":"https:\/\/mayantop.com\/de\/wp-json\/wp\/v2\/product_tag?post=36757"},{"taxonomy":"giftcard-category","embeddable":true,"href":"https:\/\/mayantop.com\/de\/wp-json\/wp\/v2\/giftcard-category?post=36757"}],"curies":[{"name":"wp","href":"https:\/\/api.w.org\/{rel}","templated":true}]}}