{"id":34098,"date":"2022-12-01T13:33:43","date_gmt":"2022-12-01T18:33:43","guid":{"rendered":"https:\/\/mayantop.com\/vergleichen-mayantop-store\/"},"modified":"2025-06-14T10:07:43","modified_gmt":"2025-06-14T15:07:43","slug":"vergleichen-mayantop","status":"publish","type":"page","link":"https:\/\/mayantop.com\/de\/vergleichen-mayantop\/","title":{"rendered":"Vergleichen | Mayantop Store"},"content":{"rendered":"\t\t<div data-elementor-type=\"wp-page\" data-elementor-id=\"34098\" class=\"elementor elementor-34098 elementor-108\" data-elementor-post-type=\"page\">\n\t\t\t\t\t\t<section data-particle_enable=\"false\" data-particle-mobile-disabled=\"false\" class=\"wd-negative-gap elementor-section elementor-top-section elementor-element elementor-element-3888c4a elementor-section-boxed elementor-section-height-default elementor-section-height-default\" data-id=\"3888c4a\" data-element_type=\"section\" data-e-type=\"section\">\n\t\t\t\t\t\t<div class=\"elementor-container elementor-column-gap-default\">\n\t\t\t\t\t<div class=\"elementor-column elementor-col-100 elementor-top-column elementor-element elementor-element-a3b54d3\" data-id=\"a3b54d3\" data-element_type=\"column\" data-e-type=\"column\">\n\t\t\t<div class=\"elementor-widget-wrap elementor-element-populated\">\n\t\t\t\t\t\t<div class=\"elementor-element elementor-element-4183600 elementor-widget elementor-widget-wd_compare\" data-id=\"4183600\" data-element_type=\"widget\" data-e-type=\"widget\" data-widget_type=\"wd_compare.default\">\n\t\t\t\t<div class=\"elementor-widget-container\">\n\t\t\t\t\t\t\t<p class=\"wd-empty-compare wd-empty-page\">\n\t\t\tCompare list is empty.\t\t<\/p>\n\t\t\t\t\t<div class=\"wd-empty-page-text\">\n\t\t\t\tNo products added in the compare list. You must add some products to compare them.<br> You will find a lot of interesting products on our \"Shop\" page.\t\t\t<\/div>\n\t\t\t\t<p class=\"return-to-shop\">\n\t\t\t<a class=\"button\" href=\"https:\/\/mayantop.com\/de\/alles-produkte\/\">\n\t\t\t\tZur\u00fcck zum Shop\t\t\t<\/a>\n\t\t<\/p>\n\t\t\t\t\t\t<\/div>\n\t\t\t\t<\/div>\n\t\t\t\t\t<\/div>\n\t\t<\/div>\n\t\t\t\t\t<\/div>\n\t\t<\/section>\n\t\t<div data-particle_enable=\"false\" data-particle-mobile-disabled=\"false\" class=\"wd-negative-gap elementor-element elementor-element-c38f6c6 elementor-hidden-desktop elementor-hidden-tablet elementor-hidden-mobile e-flex e-con-boxed e-con e-parent\" data-id=\"c38f6c6\" data-element_type=\"container\" data-e-type=\"container\">\n\t\t\t\t\t<div class=\"e-con-inner\">\n\t\t<div data-particle_enable=\"false\" data-particle-mobile-disabled=\"false\" class=\"elementor-element elementor-element-55c87a3 e-con-full e-flex e-con e-child\" data-id=\"55c87a3\" data-element_type=\"container\" data-e-type=\"container\">\n\t\t\t\t<div class=\"elementor-element elementor-element-16cdaa6 wd-width-100 elementor-widget elementor-widget-wd_title\" data-id=\"16cdaa6\" data-element_type=\"widget\" data-e-type=\"widget\" data-widget_type=\"wd_title.default\">\n\t\t\t\t<div class=\"elementor-widget-container\">\n\t\t\t\t\t\t\t<div class=\"title-wrapper wd-set-mb reset-last-child wd-title-color-default wd-title-style-default wd-title-size-default text-center\">\n\n\t\t\t\t\t\t\t\t\t\t\t<div class=\"title-subtitle subtitle-color-default subtitle-style-default wd-fontsize-xs\">\n\t\t\t\t\tBeispiel f\u00fcr einen Untertiteltext\t\t\t\t<\/div>\n\t\t\t\n\t\t\t<div class=\"liner-continer\">\n\t\t\t\t<h4 class=\"woodmart-title-container title wd-fontsize-l\">vergleichen<\/h4> \n\t\t\t\t\t\t\t<\/div>\n\n\t\t\t\t\t\t\t<div class=\"title-after_title reset-last-child wd-fontsize-xs\">\n\t\t\t\t\tText after title text example\t\t\t\t<\/div>\n\t\t\t\t\t<\/div>\n\t\t\t\t\t\t<\/div>\n\t\t\t\t<\/div>\n\t\t\t\t<\/div>\n\t\t<div data-particle_enable=\"false\" data-particle-mobile-disabled=\"false\" class=\"elementor-element elementor-element-130e589 e-con-full e-flex e-con e-child\" data-id=\"130e589\" data-element_type=\"container\" data-e-type=\"container\">\n\t\t\t\t<div class=\"elementor-element elementor-element-bd962ce elementor-widget__width-initial elementor-widget elementor-widget-wd_image_or_svg\" data-id=\"bd962ce\" data-element_type=\"widget\" data-e-type=\"widget\" data-widget_type=\"wd_image_or_svg.default\">\n\t\t\t\t<div class=\"elementor-widget-container\">\n\t\t\t\t\t\n\t\t<div class=\"wd-image text-left\">\n\t\t\t\t\t\t\t\t<img loading=\"lazy\" decoding=\"async\" width=\"245\" height=\"239\" src=\"https:\/\/mayantop.com\/wp-content\/uploads\/2023\/09\/mambe2.png\" class=\"attachment-full size-full\" alt=\"compare\" srcset=\"https:\/\/mayantop.com\/wp-content\/uploads\/2023\/09\/mambe2.png 245w, https:\/\/mayantop.com\/wp-content\/uploads\/2023\/09\/mambe2-150x146.png 150w\" sizes=\"auto, (max-width: 245px) 100vw, 245px\" title=\"\">\t\t\t\t\t<\/div>\n\n\t\t\t\t\t\t<\/div>\n\t\t\t\t<\/div>\n\t\t\t\t<\/div>\n\t\t\t\t\t<\/div>\n\t\t\t\t<\/div>\n\t\t<div data-particle_enable=\"false\" data-particle-mobile-disabled=\"false\" class=\"wd-negative-gap elementor-element elementor-element-2e5332d elementor-hidden-desktop elementor-hidden-tablet elementor-hidden-mobile e-flex e-con-boxed e-con e-parent\" data-id=\"2e5332d\" data-element_type=\"container\" data-e-type=\"container\">\n\t\t\t\t\t<div class=\"e-con-inner\">\n\t\t<div data-particle_enable=\"false\" data-particle-mobile-disabled=\"false\" class=\"elementor-element elementor-element-176a3ab e-con-full e-flex e-con e-child\" data-id=\"176a3ab\" data-element_type=\"container\" data-e-type=\"container\">\n\t\t\t\t<div class=\"elementor-element elementor-element-fb79932 elementor-widget elementor-widget-eael-creative-button\" data-id=\"fb79932\" data-element_type=\"widget\" data-e-type=\"widget\" data-widget_type=\"eael-creative-button.default\">\n\t\t\t\t<div class=\"elementor-widget-container\">\n\t\t\t\t\t        <div class=\"eael-creative-button-wrapper\">\n\n            <a class=\"eael-creative-button eael-creative-button--default eael-cb-icon-position-\" href=\"https:\/\/www.facebook.com\/mayantop.store?locale=es_LA\" data-text=\"Los geht&#039;s!\" target=\"_blank\" rel=\"noopener\">\n            \t    \n                <div class=\"creative-button-inner\">\n\n                    \n                    <span class=\"cretive-button-text\">Klick mich!<\/span>\n\n                                    <\/div>\n\t                        <\/a>\n        <\/div>\n        \t\t\t\t<\/div>\n\t\t\t\t<\/div>\n\t\t\t\t<\/div>\n\t\t<div data-particle_enable=\"false\" data-particle-mobile-disabled=\"false\" class=\"elementor-element elementor-element-db641bd e-con-full e-flex e-con e-child\" data-id=\"db641bd\" data-element_type=\"container\" data-e-type=\"container\">\n\t\t\t\t<div class=\"elementor-element elementor-element-1ff856e elementor-widget elementor-widget-heading\" data-id=\"1ff856e\" data-element_type=\"widget\" data-e-type=\"widget\" data-widget_type=\"heading.default\">\n\t\t\t\t<div class=\"elementor-widget-container\">\n\t\t\t\t\t<h2 class=\"elementor-heading-title elementor-size-default\">Meine Superkraft ist <br>Unsere besonderen Dienstleistungen<\/h2>\t\t\t\t<\/div>\n\t\t\t\t<\/div>\n\t\t\t\t<div class=\"elementor-element elementor-element-1def040 elementor-widget__width-initial color-scheme-inherit text-left elementor-widget elementor-widget-text-editor\" data-id=\"1def040\" data-element_type=\"widget\" data-e-type=\"widget\" data-widget_type=\"text-editor.default\">\n\t\t\t\t<div class=\"elementor-widget-container\">\n\t\t\t\t\t\t\t\t\t<p>Zurzeit arbeiten wir mit 01 einheimischen Familien und 02 verschiedenen indigenen St\u00e4mmen zusammen, zus\u00e4tzlich zu den anderen St\u00e4mmen, die wir aus ihren Gemeinschaften im Dschungel ansprechen. Wir garantieren die beste Qualit\u00e4t unserer Produkte, wir bem\u00fchen uns mit viel Liebe um jedes Paket, das wir versenden, und wir sind sehr dankbar und zufrieden daf\u00fcr.<\/p>\t\t\t\t\t\t\t\t<\/div>\n\t\t\t\t<\/div>\n\t\t\t\t<div class=\"elementor-element elementor-element-b5f5cf2 elementor-widget__width-initial color-scheme-inherit text-left elementor-widget elementor-widget-text-editor\" data-id=\"b5f5cf2\" data-element_type=\"widget\" data-e-type=\"widget\" data-widget_type=\"text-editor.default\">\n\t\t\t\t<div class=\"elementor-widget-container\">\n\t\t\t\t\t\t\t\t\t<p>Zurzeit arbeiten wir mit 01 einheimischen Familien und 02 verschiedenen indigenen St\u00e4mmen zusammen, zus\u00e4tzlich zu den anderen St\u00e4mmen, die wir aus ihren Gemeinschaften im Dschungel ansprechen. Wir garantieren die beste Qualit\u00e4t unserer Produkte, wir bem\u00fchen uns mit viel Liebe um jedes Paket, das wir versenden, und wir sind sehr dankbar und zufrieden daf\u00fcr.<\/p>\t\t\t\t\t\t\t\t<\/div>\n\t\t\t\t<\/div>\n\t\t\t\t<div class=\"elementor-element elementor-element-9d3d33f elementor-widget__width-initial color-scheme-inherit text-left elementor-widget elementor-widget-text-editor\" data-id=\"9d3d33f\" data-element_type=\"widget\" data-e-type=\"widget\" data-widget_type=\"text-editor.default\">\n\t\t\t\t<div class=\"elementor-widget-container\">\n\t\t\t\t\t\t\t\t\t<p>Zurzeit arbeiten wir mit 01 einheimischen Familien und 02 verschiedenen indigenen St\u00e4mmen zusammen, zus\u00e4tzlich zu den anderen St\u00e4mmen, die wir aus ihren Gemeinschaften im Dschungel ansprechen. Wir garantieren die beste Qualit\u00e4t unserer Produkte, wir bem\u00fchen uns mit viel Liebe um jedes Paket, das wir versenden, und wir sind sehr dankbar und zufrieden daf\u00fcr.<\/p>\t\t\t\t\t\t\t\t<\/div>\n\t\t\t\t<\/div>\n\t\t\t\t<\/div>\n\t\t\t\t\t<\/div>\n\t\t\t\t<\/div>\n\t\t\t\t<\/div>\n\t\t","protected":false},"excerpt":{"rendered":"<p>Compare list is empty. No products added in the compare list. You must add some products to compare them. You<\/p>\n","protected":false},"author":1,"featured_media":0,"parent":0,"menu_order":0,"comment_status":"closed","ping_status":"closed","template":"","meta":{"_joinchat":[],"footnotes":""},"class_list":["post-34098","page","type-page","status-publish","hentry"],"jetpack-related-posts":[{"id":34111,"url":"https:\/\/mayantop.com\/de\/auslass-mayantop\/","url_meta":{"origin":34098,"position":0},"title":"Auslass | Mayantop Store","author":"Nicolas Rios","date":"30. November 2022","format":false,"excerpt":"Verkaufsstelle Hier finden Sie preisreduzierte Produkte, bei denen kleinere Sch\u00e4den festgestellt wurden, die die Leistung nicht beeintr\u00e4chtigen. Laptops Weitere Produkte -33% Zur Wunschliste hinzuf\u00fcgen 7 WURZELN PULVER \/ 200gr bei 1kg \u2013 100% reine nat\u00fcrliche und biologische BARKS Aphrodisiakum Rinde, DHL oder FedEx $\u00a020.00 \u2013 $\u00a070.00 SKU: MY-AB027 Ausf\u00fchrung w\u00e4hlen\u2026","rel":"","context":"\u00c4hnlicher Beitrag","block_context":{"text":"\u00c4hnlicher Beitrag","link":""},"img":{"alt_text":"Outlet - Auslass - SALIDAS","src":"https:\/\/i0.wp.com\/mayantop.com\/wp-content\/uploads\/2023\/09\/dn.png?resize=350%2C200&ssl=1","width":350,"height":200,"srcset":"https:\/\/i0.wp.com\/mayantop.com\/wp-content\/uploads\/2023\/09\/dn.png?resize=350%2C200&ssl=1 1x, https:\/\/i0.wp.com\/mayantop.com\/wp-content\/uploads\/2023\/09\/dn.png?resize=525%2C300&ssl=1 1.5x"},"classes":[]},{"id":34117,"url":"https:\/\/mayantop.com\/es\/salidas-mayantop\/","url_meta":{"origin":34098,"position":1},"title":"Salidas | Mayantop Store","author":"Nicolas Rios","date":"30. November 2022","format":false,"excerpt":"Tienda outlet Aqu\u00ed encontrar\u00e1 productos rebajados que presentan da\u00f1os menores que no afectan a su rendimiento. Port\u00e1tiles M\u00e1s productos -33% Zur Wunschliste hinzuf\u00fcgen 7 WURZELN PULVER \/ 200gr bei 1kg \u2013 100% reine nat\u00fcrliche und biologische BARKS Aphrodisiakum Rinde, DHL oder FedEx $\u00a020.00 \u2013 $\u00a070.00 SKU: MY-AB027 Ausf\u00fchrung w\u00e4hlen Dieses\u2026","rel":"","context":"\u00c4hnlicher Beitrag","block_context":{"text":"\u00c4hnlicher Beitrag","link":""},"img":{"alt_text":"Outlet - Auslass - SALIDAS","src":"https:\/\/i0.wp.com\/mayantop.com\/wp-content\/uploads\/2023\/09\/dn.png?resize=350%2C200&ssl=1","width":350,"height":200,"srcset":"https:\/\/i0.wp.com\/mayantop.com\/wp-content\/uploads\/2023\/09\/dn.png?resize=350%2C200&ssl=1 1x, https:\/\/i0.wp.com\/mayantop.com\/wp-content\/uploads\/2023\/09\/dn.png?resize=525%2C300&ssl=1 1.5x"},"classes":[]},{"id":34112,"url":"https:\/\/mayantop.com\/fr\/sortie-mayantop\/","url_meta":{"origin":34098,"position":2},"title":"Sortie | Mayantop Store","author":"Nicolas Rios","date":"30. November 2022","format":false,"excerpt":"Magasin d'usine Vous trouverez ici des produits \u00e0 prix r\u00e9duit qui pr\u00e9sentent des dommages mineurs n'affectant pas les performances. Ordinateurs portables Plus de produits -33% Zur Wunschliste hinzuf\u00fcgen 7 WURZELN PULVER \/ 200gr bei 1kg \u2013 100% reine nat\u00fcrliche und biologische BARKS Aphrodisiakum Rinde, DHL oder FedEx $\u00a020.00 \u2013 $\u00a070.00\u2026","rel":"","context":"\u00c4hnlicher Beitrag","block_context":{"text":"\u00c4hnlicher Beitrag","link":""},"img":{"alt_text":"Outlet - Auslass - SALIDAS","src":"https:\/\/i0.wp.com\/mayantop.com\/wp-content\/uploads\/2023\/09\/dn.png?resize=350%2C200&ssl=1","width":350,"height":200,"srcset":"https:\/\/i0.wp.com\/mayantop.com\/wp-content\/uploads\/2023\/09\/dn.png?resize=350%2C200&ssl=1 1x, https:\/\/i0.wp.com\/mayantop.com\/wp-content\/uploads\/2023\/09\/dn.png?resize=525%2C300&ssl=1 1.5x"},"classes":[]},{"id":33151,"url":"https:\/\/mayantop.com\/tracking-package-mayantop\/","url_meta":{"origin":34098,"position":3},"title":"Tracking Package | Mayantop Store","author":"Nicolas Rios","date":"3. November 2023","format":false,"excerpt":"Startseite Tracking Package - Mayantop Back To Home Tracking Package Here you will find how to track your package and thus know about the transit of your order. Get real-time updates. Track your package safely! TRACK Our favorite collection -33% Zur Wunschliste hinzuf\u00fcgen 7 WURZELN PULVER \/ 200gr bei 1kg\u2026","rel":"","context":"\u00c4hnlicher Beitrag","block_context":{"text":"\u00c4hnlicher Beitrag","link":""},"img":{"alt_text":"Collection Mayantop9","src":"https:\/\/i0.wp.com\/mayantop.com\/wp-content\/uploads\/2022\/04\/8ef696ae-rectangle-21.png?resize=350%2C200&ssl=1","width":350,"height":200},"classes":[]},{"id":34140,"url":"https:\/\/mayantop.com\/es\/seguimiento-del-paquete-mayantop\/","url_meta":{"origin":34098,"position":4},"title":"Seguimiento del Paquete | Mayantop Store","author":"Nicolas Rios","date":"3. November 2023","format":false,"excerpt":"Startseite Seguimiento del paquete - Mayantop Volver al inicio Seguimiento del paquete Aqu\u00ed encontrar\u00e1 c\u00f3mo realizar el seguimiento de su paquete y conocer as\u00ed el tr\u00e1nsito de su pedido. Recibe actualizaciones en tiempo real. Rastree su paquete de forma segura PISTA Nuestra colecci\u00f3n favorita -33% Zur Wunschliste hinzuf\u00fcgen 7 WURZELN\u2026","rel":"","context":"\u00c4hnlicher Beitrag","block_context":{"text":"\u00c4hnlicher Beitrag","link":""},"img":{"alt_text":"","src":"https:\/\/i0.wp.com\/mayantop.com\/wp-content\/uploads\/2022\/04\/8ef696ae-rectangle-21.png?resize=350%2C200&ssl=1","width":350,"height":200},"classes":[]},{"id":34171,"url":"https:\/\/mayantop.com\/de\/paketverfolgung-mayantop\/","url_meta":{"origin":34098,"position":5},"title":"Paketverfolgung | Mayantop Store","author":"Nicolas Rios","date":"3. November 2023","format":false,"excerpt":"Startseite Paketverfolgung - Mayantop Zur\u00fcck zu Home Paketverfolgung Hier erfahren Sie, wie Sie Ihr Paket verfolgen k\u00f6nnen und somit \u00fcber den Versand Ihrer Bestellung informiert sind. Erhalten Sie Echtzeit-Updates. Verfolgen Sie Ihr Paket sicher! TRACK \u00a0 Unsere Lieblingskollektion -33% Zur Wunschliste hinzuf\u00fcgen 7 WURZELN PULVER \/ 200gr bei 1kg \u2013\u2026","rel":"","context":"\u00c4hnlicher Beitrag","block_context":{"text":"\u00c4hnlicher Beitrag","link":""},"img":{"alt_text":"","src":"https:\/\/i0.wp.com\/mayantop.com\/wp-content\/uploads\/2022\/04\/8ef696ae-rectangle-21.png?resize=350%2C200&ssl=1","width":350,"height":200},"classes":[]}],"jetpack_sharing_enabled":true,"_links":{"self":[{"href":"https:\/\/mayantop.com\/de\/wp-json\/wp\/v2\/pages\/34098","targetHints":{"allow":["GET"]}}],"collection":[{"href":"https:\/\/mayantop.com\/de\/wp-json\/wp\/v2\/pages"}],"about":[{"href":"https:\/\/mayantop.com\/de\/wp-json\/wp\/v2\/types\/page"}],"author":[{"embeddable":true,"href":"https:\/\/mayantop.com\/de\/wp-json\/wp\/v2\/users\/1"}],"replies":[{"embeddable":true,"href":"https:\/\/mayantop.com\/de\/wp-json\/wp\/v2\/comments?post=34098"}],"version-history":[{"count":2,"href":"https:\/\/mayantop.com\/de\/wp-json\/wp\/v2\/pages\/34098\/revisions"}],"predecessor-version":[{"id":56775,"href":"https:\/\/mayantop.com\/de\/wp-json\/wp\/v2\/pages\/34098\/revisions\/56775"}],"wp:attachment":[{"href":"https:\/\/mayantop.com\/de\/wp-json\/wp\/v2\/media?parent=34098"}],"curies":[{"name":"wp","href":"https:\/\/api.w.org\/{rel}","templated":true}]}}